{"id":4075,"date":"2021-01-21T16:29:55","date_gmt":"2021-01-21T15:29:55","guid":{"rendered":"https:\/\/en3s.fr\/secudoc\/?page_id=4075"},"modified":"2022-02-02T16:58:41","modified_gmt":"2022-02-02T15:58:41","slug":"4075-2","status":"publish","type":"page","link":"https:\/\/en3s.fr\/secudoc\/produits-documentaires\/publications-en3s\/4075-2\/","title":{"rendered":"LA STRAT\u00c9GIE DE PR\u00c9VENTION ET DE LUTTE CONTRE LA PAUVRET\u00c9 : PLACE ET R\u00d4LE DES ORGANISMES DE S\u00c9CURIT\u00c9 SOCIALE DANS UNE POLITIQUE PUBLIQUE QUI R\u00c9INTERROGE LE MOD\u00c8LE SOCIAL"},"content":{"rendered":"<h3><\/h3>\n<blockquote>\n<p style=\"text-align: left\"><em><a href=\"https:\/\/www.calameo.com\/read\/00431050428961288e2e9\" target=\"_blank\" rel=\"noopener noreferrer\"><img loading=\"lazy\" decoding=\"async\" class=\"alignleft wp-image-4198\" src=\"https:\/\/en3s.fr\/secudoc\/wp-content\/uploads\/sites\/4\/2021\/04\/livret-ra-2020_page_06.jpg\" alt=\"\" width=\"270\" height=\"382\" srcset=\"https:\/\/en3s.fr\/secudoc\/wp-content\/uploads\/sites\/4\/2021\/04\/livret-ra-2020_page_06.jpg 1450w, https:\/\/en3s.fr\/secudoc\/wp-content\/uploads\/sites\/4\/2021\/04\/livret-ra-2020_page_06-768x1085.jpg 768w, https:\/\/en3s.fr\/secudoc\/wp-content\/uploads\/sites\/4\/2021\/04\/livret-ra-2020_page_06-275x388.jpg 275w, https:\/\/en3s.fr\/secudoc\/wp-content\/uploads\/sites\/4\/2021\/04\/livret-ra-2020_page_06-276x390.jpg 276w, https:\/\/en3s.fr\/secudoc\/wp-content\/uploads\/sites\/4\/2021\/04\/livret-ra-2020_page_06-230x325.jpg 230w\" sizes=\"auto, (max-width: 270px) 100vw, 270px\" \/><\/a>La Strat\u00e9gie nationale de pr\u00e9vention et de lutte contre la pauvret\u00e9, pr\u00e9sent\u00e9e en septembre 2018 par le pr\u00e9sident de la R\u00e9publique, s\u2019inscrit dans un contexte de persistance des ph\u00e9nom\u00e8nes de pauvret\u00e9 malgr\u00e9 les politiques sociales engag\u00e9es depuis plusieurs d\u00e9cennies. Si le taux de pauvret\u00e9 reste stable, les plans ant\u00e9rieurs de lutte contre la pauvret\u00e9 n\u2019ont pas permis de le r\u00e9duire, conduisant de fait, \u00e0 des ph\u00e9nom\u00e8nes de reproduction de la pauvret\u00e9. Ce constat interroge l\u2019efficacit\u00e9 des actions men\u00e9es ainsi que notre mod\u00e8le social.[&#8230;] La pr\u00e9sente recherche-action, nourrie par les entretiens men\u00e9s avec les diff\u00e9rents acteurs de la strat\u00e9gie pauvret\u00e9, propose des pistes de r\u00e9flexion et des pr\u00e9conisations pouvant am\u00e9liorer l\u2019efficacit\u00e9 des organismes de S\u00e9curit\u00e9 sociale en mati\u00e8re de pr\u00e9vention et de lutte contre la pauvret\u00e9.<br \/>\n<\/em><\/p>\n<\/blockquote>\n<p style=\"text-align: center\"><a href=\"https:\/\/www.calameo.com\/read\/004310504b0dc24f8a3d1\" target=\"_blank\" rel=\"noopener noreferrer\">Retrouvez l&rsquo;int\u00e9gralit\u00e9 du rapport<\/a><\/p>\n","protected":false},"excerpt":{"rendered":"<p>La Strat\u00e9gie nationale de pr\u00e9vention et de lutte contre la pauvret\u00e9, pr\u00e9sent\u00e9e en septembre 2018 par le pr\u00e9sident de la R\u00e9publique, s\u2019inscrit dans un contexte de persistance des ph\u00e9nom\u00e8nes de pauvret\u00e9 malgr\u00e9 les politiques sociales engag\u00e9es depuis plusieurs d\u00e9cennies. Si le taux de pauvret\u00e9 reste stable, les plans ant\u00e9rieurs de lutte contre la pauvret\u00e9 n\u2019ont [&hellip;]<\/p>\n","protected":false},"author":42,"featured_media":0,"parent":910,"menu_order":0,"comment_status":"closed","ping_status":"closed","template":"","meta":{"ngg_post_thumbnail":0,"footnotes":""},"class_list":["post-4075","page","type-page","status-publish","hentry"],"yoast_head":"<!-- This site is optimized with the Yoast SEO plugin v24.9 - https:\/\/yoast.com\/wordpress\/plugins\/seo\/ -->\n<title>LA STRAT\u00c9GIE DE PR\u00c9VENTION ET DE LUTTE CONTRE LA PAUVRET\u00c9 : PLACE ET R\u00d4LE DES ORGANISMES DE S\u00c9CURIT\u00c9 SOCIALE DANS UNE POLITIQUE PUBLIQUE QUI R\u00c9INTERROGE LE MOD\u00c8LE SOCIAL - S\u00e9cu Doc<\/title>\n<meta name=\"description\" content=\"La Strat\u00e9gie nationale de pr\u00e9vention et de lutte contre la pauvret\u00e9, pr\u00e9sent\u00e9e en septembre 2018 par le pr\u00e9sident de la R\u00e9publique, s\u2019inscrit dans un\" \/>\n<meta name=\"robots\" content=\"index, follow, max-snippet:-1, max-image-preview:large, max-video-preview:-1\" \/>\n<link rel=\"canonical\" href=\"https:\/\/en3s.fr\/secudoc\/produits-documentaires\/publications-en3s\/4075-2\/\" \/>\n<meta property=\"og:locale\" content=\"fr_FR\" \/>\n<meta property=\"og:type\" content=\"article\" \/>\n<meta property=\"og:title\" content=\"LA STRAT\u00c9GIE DE PR\u00c9VENTION ET DE LUTTE CONTRE LA PAUVRET\u00c9 : PLACE ET R\u00d4LE DES ORGANISMES DE S\u00c9CURIT\u00c9 SOCIALE DANS UNE POLITIQUE PUBLIQUE QUI R\u00c9INTERROGE LE MOD\u00c8LE SOCIAL - S\u00e9cu Doc\" \/>\n<meta property=\"og:description\" content=\"La Strat\u00e9gie nationale de pr\u00e9vention et de lutte contre la pauvret\u00e9, pr\u00e9sent\u00e9e en septembre 2018 par le pr\u00e9sident de la R\u00e9publique, s\u2019inscrit dans un\" \/>\n<meta property=\"og:url\" content=\"https:\/\/en3s.fr\/secudoc\/produits-documentaires\/publications-en3s\/4075-2\/\" \/>\n<meta property=\"og:site_name\" content=\"S\u00e9cu Doc\" \/>\n<meta property=\"article:modified_time\" content=\"2022-02-02T15:58:41+00:00\" \/>\n<meta property=\"og:image\" content=\"https:\/\/en3s.fr\/secudoc\/wp-content\/uploads\/sites\/4\/2021\/04\/livret-ra-2020_page_06.jpg\" \/>\n<meta name=\"twitter:card\" content=\"summary_large_image\" \/>\n<meta name=\"twitter:label1\" content=\"Dur\u00e9e de lecture estim\u00e9e\" \/>\n\t<meta name=\"twitter:data1\" content=\"1 minute\" \/>\n<script type=\"application\/ld+json\" class=\"yoast-schema-graph\">{\"@context\":\"https:\/\/schema.org\",\"@graph\":[{\"@type\":\"WebPage\",\"@id\":\"https:\/\/en3s.fr\/secudoc\/produits-documentaires\/publications-en3s\/4075-2\/\",\"url\":\"https:\/\/en3s.fr\/secudoc\/produits-documentaires\/publications-en3s\/4075-2\/\",\"name\":\"LA STRAT\u00c9GIE DE PR\u00c9VENTION ET DE LUTTE CONTRE LA PAUVRET\u00c9 : PLACE ET R\u00d4LE DES ORGANISMES DE S\u00c9CURIT\u00c9 SOCIALE DANS UNE POLITIQUE PUBLIQUE QUI R\u00c9INTERROGE LE MOD\u00c8LE SOCIAL - S\u00e9cu Doc\",\"isPartOf\":{\"@id\":\"https:\/\/en3s.fr\/secudoc\/#website\"},\"primaryImageOfPage\":{\"@id\":\"https:\/\/en3s.fr\/secudoc\/produits-documentaires\/publications-en3s\/4075-2\/#primaryimage\"},\"image\":{\"@id\":\"https:\/\/en3s.fr\/secudoc\/produits-documentaires\/publications-en3s\/4075-2\/#primaryimage\"},\"thumbnailUrl\":\"https:\/\/en3s.fr\/secudoc\/wp-content\/uploads\/sites\/4\/2021\/04\/livret-ra-2020_page_06.jpg\",\"datePublished\":\"2021-01-21T15:29:55+00:00\",\"dateModified\":\"2022-02-02T15:58:41+00:00\",\"description\":\"La Strat\u00e9gie nationale de pr\u00e9vention et de lutte contre la pauvret\u00e9, pr\u00e9sent\u00e9e en septembre 2018 par le pr\u00e9sident de la R\u00e9publique, s\u2019inscrit dans un\",\"breadcrumb\":{\"@id\":\"https:\/\/en3s.fr\/secudoc\/produits-documentaires\/publications-en3s\/4075-2\/#breadcrumb\"},\"inLanguage\":\"fr-FR\",\"potentialAction\":[{\"@type\":\"ReadAction\",\"target\":[\"https:\/\/en3s.fr\/secudoc\/produits-documentaires\/publications-en3s\/4075-2\/\"]}]},{\"@type\":\"ImageObject\",\"inLanguage\":\"fr-FR\",\"@id\":\"https:\/\/en3s.fr\/secudoc\/produits-documentaires\/publications-en3s\/4075-2\/#primaryimage\",\"url\":\"https:\/\/en3s.fr\/secudoc\/wp-content\/uploads\/sites\/4\/2021\/04\/livret-ra-2020_page_06.jpg\",\"contentUrl\":\"https:\/\/en3s.fr\/secudoc\/wp-content\/uploads\/sites\/4\/2021\/04\/livret-ra-2020_page_06.jpg\",\"width\":1450,\"height\":2048},{\"@type\":\"BreadcrumbList\",\"@id\":\"https:\/\/en3s.fr\/secudoc\/produits-documentaires\/publications-en3s\/4075-2\/#breadcrumb\",\"itemListElement\":[{\"@type\":\"ListItem\",\"position\":1,\"name\":\"Accueil\",\"item\":\"https:\/\/en3s.fr\/secudoc\/\"},{\"@type\":\"ListItem\",\"position\":2,\"name\":\"Produits documentaires\",\"item\":\"https:\/\/en3s.fr\/secudoc\/produits-documentaires\/\"},{\"@type\":\"ListItem\",\"position\":3,\"name\":\"Publications EN3S\",\"item\":\"https:\/\/en3s.fr\/secudoc\/produits-documentaires\/publications-en3s\/\"},{\"@type\":\"ListItem\",\"position\":4,\"name\":\"LA STRAT\u00c9GIE DE PR\u00c9VENTION ET DE LUTTE CONTRE LA PAUVRET\u00c9 : PLACE ET R\u00d4LE DES ORGANISMES DE S\u00c9CURIT\u00c9 SOCIALE DANS UNE POLITIQUE PUBLIQUE QUI R\u00c9INTERROGE LE MOD\u00c8LE SOCIAL\"}]},{\"@type\":\"WebSite\",\"@id\":\"https:\/\/en3s.fr\/secudoc\/#website\",\"url\":\"https:\/\/en3s.fr\/secudoc\/\",\"name\":\"S\u00e9cu Doc\",\"description\":\"Centre de ressources de la S\u00e9curit\u00e9 sociale\",\"potentialAction\":[{\"@type\":\"SearchAction\",\"target\":{\"@type\":\"EntryPoint\",\"urlTemplate\":\"https:\/\/en3s.fr\/secudoc\/?s={search_term_string}\"},\"query-input\":{\"@type\":\"PropertyValueSpecification\",\"valueRequired\":true,\"valueName\":\"search_term_string\"}}],\"inLanguage\":\"fr-FR\"}]}<\/script>\n<!-- \/ Yoast SEO plugin. -->","yoast_head_json":{"title":"LA STRAT\u00c9GIE DE PR\u00c9VENTION ET DE LUTTE CONTRE LA PAUVRET\u00c9 : PLACE ET R\u00d4LE DES ORGANISMES DE S\u00c9CURIT\u00c9 SOCIALE DANS UNE POLITIQUE PUBLIQUE QUI R\u00c9INTERROGE LE MOD\u00c8LE SOCIAL - S\u00e9cu Doc","description":"La Strat\u00e9gie nationale de pr\u00e9vention et de lutte contre la pauvret\u00e9, pr\u00e9sent\u00e9e en septembre 2018 par le pr\u00e9sident de la R\u00e9publique, s\u2019inscrit dans un","robots":{"index":"index","follow":"follow","max-snippet":"max-snippet:-1","max-image-preview":"max-image-preview:large","max-video-preview":"max-video-preview:-1"},"canonical":"https:\/\/en3s.fr\/secudoc\/produits-documentaires\/publications-en3s\/4075-2\/","og_locale":"fr_FR","og_type":"article","og_title":"LA STRAT\u00c9GIE DE PR\u00c9VENTION ET DE LUTTE CONTRE LA PAUVRET\u00c9 : PLACE ET R\u00d4LE DES ORGANISMES DE S\u00c9CURIT\u00c9 SOCIALE DANS UNE POLITIQUE PUBLIQUE QUI R\u00c9INTERROGE LE MOD\u00c8LE SOCIAL - S\u00e9cu Doc","og_description":"La Strat\u00e9gie nationale de pr\u00e9vention et de lutte contre la pauvret\u00e9, pr\u00e9sent\u00e9e en septembre 2018 par le pr\u00e9sident de la R\u00e9publique, s\u2019inscrit dans un","og_url":"https:\/\/en3s.fr\/secudoc\/produits-documentaires\/publications-en3s\/4075-2\/","og_site_name":"S\u00e9cu Doc","article_modified_time":"2022-02-02T15:58:41+00:00","og_image":[{"url":"https:\/\/en3s.fr\/secudoc\/wp-content\/uploads\/sites\/4\/2021\/04\/livret-ra-2020_page_06.jpg","type":"","width":"","height":""}],"twitter_card":"summary_large_image","twitter_misc":{"Dur\u00e9e de lecture estim\u00e9e":"1 minute"},"schema":{"@context":"https:\/\/schema.org","@graph":[{"@type":"WebPage","@id":"https:\/\/en3s.fr\/secudoc\/produits-documentaires\/publications-en3s\/4075-2\/","url":"https:\/\/en3s.fr\/secudoc\/produits-documentaires\/publications-en3s\/4075-2\/","name":"LA STRAT\u00c9GIE DE PR\u00c9VENTION ET DE LUTTE CONTRE LA PAUVRET\u00c9 : PLACE ET R\u00d4LE DES ORGANISMES DE S\u00c9CURIT\u00c9 SOCIALE DANS UNE POLITIQUE PUBLIQUE QUI R\u00c9INTERROGE LE MOD\u00c8LE SOCIAL - S\u00e9cu Doc","isPartOf":{"@id":"https:\/\/en3s.fr\/secudoc\/#website"},"primaryImageOfPage":{"@id":"https:\/\/en3s.fr\/secudoc\/produits-documentaires\/publications-en3s\/4075-2\/#primaryimage"},"image":{"@id":"https:\/\/en3s.fr\/secudoc\/produits-documentaires\/publications-en3s\/4075-2\/#primaryimage"},"thumbnailUrl":"https:\/\/en3s.fr\/secudoc\/wp-content\/uploads\/sites\/4\/2021\/04\/livret-ra-2020_page_06.jpg","datePublished":"2021-01-21T15:29:55+00:00","dateModified":"2022-02-02T15:58:41+00:00","description":"La Strat\u00e9gie nationale de pr\u00e9vention et de lutte contre la pauvret\u00e9, pr\u00e9sent\u00e9e en septembre 2018 par le pr\u00e9sident de la R\u00e9publique, s\u2019inscrit dans un","breadcrumb":{"@id":"https:\/\/en3s.fr\/secudoc\/produits-documentaires\/publications-en3s\/4075-2\/#breadcrumb"},"inLanguage":"fr-FR","potentialAction":[{"@type":"ReadAction","target":["https:\/\/en3s.fr\/secudoc\/produits-documentaires\/publications-en3s\/4075-2\/"]}]},{"@type":"ImageObject","inLanguage":"fr-FR","@id":"https:\/\/en3s.fr\/secudoc\/produits-documentaires\/publications-en3s\/4075-2\/#primaryimage","url":"https:\/\/en3s.fr\/secudoc\/wp-content\/uploads\/sites\/4\/2021\/04\/livret-ra-2020_page_06.jpg","contentUrl":"https:\/\/en3s.fr\/secudoc\/wp-content\/uploads\/sites\/4\/2021\/04\/livret-ra-2020_page_06.jpg","width":1450,"height":2048},{"@type":"BreadcrumbList","@id":"https:\/\/en3s.fr\/secudoc\/produits-documentaires\/publications-en3s\/4075-2\/#breadcrumb","itemListElement":[{"@type":"ListItem","position":1,"name":"Accueil","item":"https:\/\/en3s.fr\/secudoc\/"},{"@type":"ListItem","position":2,"name":"Produits documentaires","item":"https:\/\/en3s.fr\/secudoc\/produits-documentaires\/"},{"@type":"ListItem","position":3,"name":"Publications EN3S","item":"https:\/\/en3s.fr\/secudoc\/produits-documentaires\/publications-en3s\/"},{"@type":"ListItem","position":4,"name":"LA STRAT\u00c9GIE DE PR\u00c9VENTION ET DE LUTTE CONTRE LA PAUVRET\u00c9 : PLACE ET R\u00d4LE DES ORGANISMES DE S\u00c9CURIT\u00c9 SOCIALE DANS UNE POLITIQUE PUBLIQUE QUI R\u00c9INTERROGE LE MOD\u00c8LE SOCIAL"}]},{"@type":"WebSite","@id":"https:\/\/en3s.fr\/secudoc\/#website","url":"https:\/\/en3s.fr\/secudoc\/","name":"S\u00e9cu Doc","description":"Centre de ressources de la S\u00e9curit\u00e9 sociale","potentialAction":[{"@type":"SearchAction","target":{"@type":"EntryPoint","urlTemplate":"https:\/\/en3s.fr\/secudoc\/?s={search_term_string}"},"query-input":{"@type":"PropertyValueSpecification","valueRequired":true,"valueName":"search_term_string"}}],"inLanguage":"fr-FR"}]}},"_links":{"self":[{"href":"https:\/\/en3s.fr\/secudoc\/wp-json\/wp\/v2\/pages\/4075","targetHints":{"allow":["GET"]}}],"collection":[{"href":"https:\/\/en3s.fr\/secudoc\/wp-json\/wp\/v2\/pages"}],"about":[{"href":"https:\/\/en3s.fr\/secudoc\/wp-json\/wp\/v2\/types\/page"}],"author":[{"embeddable":true,"href":"https:\/\/en3s.fr\/secudoc\/wp-json\/wp\/v2\/users\/42"}],"replies":[{"embeddable":true,"href":"https:\/\/en3s.fr\/secudoc\/wp-json\/wp\/v2\/comments?post=4075"}],"version-history":[{"count":0,"href":"https:\/\/en3s.fr\/secudoc\/wp-json\/wp\/v2\/pages\/4075\/revisions"}],"up":[{"embeddable":true,"href":"https:\/\/en3s.fr\/secudoc\/wp-json\/wp\/v2\/pages\/910"}],"wp:attachment":[{"href":"https:\/\/en3s.fr\/secudoc\/wp-json\/wp\/v2\/media?parent=4075"}],"curies":[{"name":"wp","href":"https:\/\/api.w.org\/{rel}","templated":true}]}}