{"id":4079,"date":"2021-01-21T16:49:14","date_gmt":"2021-01-21T15:49:14","guid":{"rendered":"https:\/\/en3s.fr\/secudoc\/?page_id=4079"},"modified":"2022-02-02T16:58:02","modified_gmt":"2022-02-02T15:58:02","slug":"4079-2","status":"publish","type":"page","link":"https:\/\/en3s.fr\/secudoc\/produits-documentaires\/publications-en3s\/4079-2\/","title":{"rendered":"M\u00c9DIATION FAMILIALE EN SITUATION DE PERTE D\u2019AUTONOMIE LI\u00c9E AU VIEILLISSEMENT OU AU HANDICAP DU JEUNE ENFANT"},"content":{"rendered":"<h3><\/h3>\n<blockquote>\n<p style=\"text-align: left\"><a href=\"https:\/\/www.calameo.com\/read\/004310504f2a783599d45\" target=\"_blank\" rel=\"noopener noreferrer\"><em><img loading=\"lazy\" decoding=\"async\" class=\"alignleft wp-image-4196\" src=\"https:\/\/en3s.fr\/secudoc\/wp-content\/uploads\/sites\/4\/2021\/04\/livret-ra-2020_page_07.jpg\" alt=\"\" width=\"272\" height=\"382\" srcset=\"https:\/\/en3s.fr\/secudoc\/wp-content\/uploads\/sites\/4\/2021\/04\/livret-ra-2020_page_07.jpg 1456w, https:\/\/en3s.fr\/secudoc\/wp-content\/uploads\/sites\/4\/2021\/04\/livret-ra-2020_page_07-768x1080.jpg 768w, https:\/\/en3s.fr\/secudoc\/wp-content\/uploads\/sites\/4\/2021\/04\/livret-ra-2020_page_07-275x387.jpg 275w, https:\/\/en3s.fr\/secudoc\/wp-content\/uploads\/sites\/4\/2021\/04\/livret-ra-2020_page_07-277x390.jpg 277w, https:\/\/en3s.fr\/secudoc\/wp-content\/uploads\/sites\/4\/2021\/04\/livret-ra-2020_page_07-230x324.jpg 230w\" sizes=\"auto, (max-width: 272px) 100vw, 272px\" \/><\/em><\/a><em>Le sujet de la m\u00e9diation familiale s\u2019inscrit dans un contexte national de priorisation de l\u2019accompagnement des personnes d\u00e9pendantes. [&#8230;] Ce sont les familles qui doivent organiser la prise en charge quotidienne de leur proche \u00e2g\u00e9 et \/ ou handicap\u00e9 : pr\u00e9sence r\u00e9guli\u00e8re, aide \u00e0 la prise en charge, coordination entre les parties prenantes, soutien administratif, entre autres. [&#8230;] La m\u00e9diation familiale \u00e9tait initialement ax\u00e9e sur les situations familiales de divorce et de s\u00e9paration mais a vu sa port\u00e9e s\u2019\u00e9largir.<br \/>\n[&#8230;] La pr\u00e9sente recherche-action vise \u00e0 comprendre les tenants et les aboutissants de la m\u00e9diation familiale pour les situations de perte d\u2019autonomie li\u00e9es au vieillissement et au handicap et \u00e0 promouvoir le syst\u00e8me. Elle aboutit \u00e0 la formalisation de proposition pour conduire l\u2019exp\u00e9rimentation et en assurer le succ\u00e8s. En effet, les situations sont tr\u00e8s diverses. [&#8230;] Cette recherche pr\u00e9sente une double dimension : d\u2019une part les enjeux de ce nouveau service et d\u2019autre part les modalit\u00e9s de r\u00e9ussite de la mise en \u0153uvre du dispositif.<\/em><\/p>\n<\/blockquote>\n<p style=\"text-align: center\"><a href=\"https:\/\/www.calameo.com\/read\/0043105040dde4509bf42\" target=\"_blank\" rel=\"noopener noreferrer\">Retrouvez l&rsquo;int\u00e9gralit\u00e9 du rapport<\/a><\/p>\n","protected":false},"excerpt":{"rendered":"<p>Le sujet de la m\u00e9diation familiale s\u2019inscrit dans un contexte national de priorisation de l\u2019accompagnement des personnes d\u00e9pendantes. [&#8230;] Ce sont les familles qui doivent organiser la prise en charge quotidienne de leur proche \u00e2g\u00e9 et \/ ou handicap\u00e9 : pr\u00e9sence r\u00e9guli\u00e8re, aide \u00e0 la prise en charge, coordination entre les parties prenantes, soutien administratif, [&hellip;]<\/p>\n","protected":false},"author":42,"featured_media":0,"parent":910,"menu_order":0,"comment_status":"closed","ping_status":"closed","template":"","meta":{"ngg_post_thumbnail":0,"footnotes":""},"class_list":["post-4079","page","type-page","status-publish","hentry"],"yoast_head":"<!-- This site is optimized with the Yoast SEO plugin v24.9 - https:\/\/yoast.com\/wordpress\/plugins\/seo\/ -->\n<title>M\u00c9DIATION FAMILIALE EN SITUATION DE PERTE D\u2019AUTONOMIE LI\u00c9E AU VIEILLISSEMENT OU AU HANDICAP DU JEUNE ENFANT - S\u00e9cu Doc<\/title>\n<meta name=\"description\" content=\"Le sujet de la m\u00e9diation familiale s\u2019inscrit dans un contexte national de priorisation de l\u2019accompagnement des personnes d\u00e9pendantes. Ce sont les familles\" \/>\n<meta name=\"robots\" content=\"index, follow, max-snippet:-1, max-image-preview:large, max-video-preview:-1\" \/>\n<link rel=\"canonical\" href=\"https:\/\/en3s.fr\/secudoc\/produits-documentaires\/publications-en3s\/4079-2\/\" \/>\n<meta property=\"og:locale\" content=\"fr_FR\" \/>\n<meta property=\"og:type\" content=\"article\" \/>\n<meta property=\"og:title\" content=\"M\u00c9DIATION FAMILIALE EN SITUATION DE PERTE D\u2019AUTONOMIE LI\u00c9E AU VIEILLISSEMENT OU AU HANDICAP DU JEUNE ENFANT - S\u00e9cu Doc\" \/>\n<meta property=\"og:description\" content=\"Le sujet de la m\u00e9diation familiale s\u2019inscrit dans un contexte national de priorisation de l\u2019accompagnement des personnes d\u00e9pendantes. Ce sont les familles\" \/>\n<meta property=\"og:url\" content=\"https:\/\/en3s.fr\/secudoc\/produits-documentaires\/publications-en3s\/4079-2\/\" \/>\n<meta property=\"og:site_name\" content=\"S\u00e9cu Doc\" \/>\n<meta property=\"article:modified_time\" content=\"2022-02-02T15:58:02+00:00\" \/>\n<meta property=\"og:image\" content=\"https:\/\/en3s.fr\/secudoc\/wp-content\/uploads\/sites\/4\/2021\/04\/livret-ra-2020_page_07.jpg\" \/>\n<meta name=\"twitter:card\" content=\"summary_large_image\" \/>\n<meta name=\"twitter:label1\" content=\"Dur\u00e9e de lecture estim\u00e9e\" \/>\n\t<meta name=\"twitter:data1\" content=\"1 minute\" \/>\n<script type=\"application\/ld+json\" class=\"yoast-schema-graph\">{\"@context\":\"https:\/\/schema.org\",\"@graph\":[{\"@type\":\"WebPage\",\"@id\":\"https:\/\/en3s.fr\/secudoc\/produits-documentaires\/publications-en3s\/4079-2\/\",\"url\":\"https:\/\/en3s.fr\/secudoc\/produits-documentaires\/publications-en3s\/4079-2\/\",\"name\":\"M\u00c9DIATION FAMILIALE EN SITUATION DE PERTE D\u2019AUTONOMIE LI\u00c9E AU VIEILLISSEMENT OU AU HANDICAP DU JEUNE ENFANT - S\u00e9cu Doc\",\"isPartOf\":{\"@id\":\"https:\/\/en3s.fr\/secudoc\/#website\"},\"primaryImageOfPage\":{\"@id\":\"https:\/\/en3s.fr\/secudoc\/produits-documentaires\/publications-en3s\/4079-2\/#primaryimage\"},\"image\":{\"@id\":\"https:\/\/en3s.fr\/secudoc\/produits-documentaires\/publications-en3s\/4079-2\/#primaryimage\"},\"thumbnailUrl\":\"https:\/\/en3s.fr\/secudoc\/wp-content\/uploads\/sites\/4\/2021\/04\/livret-ra-2020_page_07.jpg\",\"datePublished\":\"2021-01-21T15:49:14+00:00\",\"dateModified\":\"2022-02-02T15:58:02+00:00\",\"description\":\"Le sujet de la m\u00e9diation familiale s\u2019inscrit dans un contexte national de priorisation de l\u2019accompagnement des personnes d\u00e9pendantes. Ce sont les familles\",\"breadcrumb\":{\"@id\":\"https:\/\/en3s.fr\/secudoc\/produits-documentaires\/publications-en3s\/4079-2\/#breadcrumb\"},\"inLanguage\":\"fr-FR\",\"potentialAction\":[{\"@type\":\"ReadAction\",\"target\":[\"https:\/\/en3s.fr\/secudoc\/produits-documentaires\/publications-en3s\/4079-2\/\"]}]},{\"@type\":\"ImageObject\",\"inLanguage\":\"fr-FR\",\"@id\":\"https:\/\/en3s.fr\/secudoc\/produits-documentaires\/publications-en3s\/4079-2\/#primaryimage\",\"url\":\"https:\/\/en3s.fr\/secudoc\/wp-content\/uploads\/sites\/4\/2021\/04\/livret-ra-2020_page_07.jpg\",\"contentUrl\":\"https:\/\/en3s.fr\/secudoc\/wp-content\/uploads\/sites\/4\/2021\/04\/livret-ra-2020_page_07.jpg\",\"width\":1456,\"height\":2048},{\"@type\":\"BreadcrumbList\",\"@id\":\"https:\/\/en3s.fr\/secudoc\/produits-documentaires\/publications-en3s\/4079-2\/#breadcrumb\",\"itemListElement\":[{\"@type\":\"ListItem\",\"position\":1,\"name\":\"Accueil\",\"item\":\"https:\/\/en3s.fr\/secudoc\/\"},{\"@type\":\"ListItem\",\"position\":2,\"name\":\"Produits documentaires\",\"item\":\"https:\/\/en3s.fr\/secudoc\/produits-documentaires\/\"},{\"@type\":\"ListItem\",\"position\":3,\"name\":\"Publications EN3S\",\"item\":\"https:\/\/en3s.fr\/secudoc\/produits-documentaires\/publications-en3s\/\"},{\"@type\":\"ListItem\",\"position\":4,\"name\":\"M\u00c9DIATION FAMILIALE EN SITUATION DE PERTE D\u2019AUTONOMIE LI\u00c9E AU VIEILLISSEMENT OU AU HANDICAP DU JEUNE ENFANT\"}]},{\"@type\":\"WebSite\",\"@id\":\"https:\/\/en3s.fr\/secudoc\/#website\",\"url\":\"https:\/\/en3s.fr\/secudoc\/\",\"name\":\"S\u00e9cu Doc\",\"description\":\"Centre de ressources de la S\u00e9curit\u00e9 sociale\",\"potentialAction\":[{\"@type\":\"SearchAction\",\"target\":{\"@type\":\"EntryPoint\",\"urlTemplate\":\"https:\/\/en3s.fr\/secudoc\/?s={search_term_string}\"},\"query-input\":{\"@type\":\"PropertyValueSpecification\",\"valueRequired\":true,\"valueName\":\"search_term_string\"}}],\"inLanguage\":\"fr-FR\"}]}<\/script>\n<!-- \/ Yoast SEO plugin. -->","yoast_head_json":{"title":"M\u00c9DIATION FAMILIALE EN SITUATION DE PERTE D\u2019AUTONOMIE LI\u00c9E AU VIEILLISSEMENT OU AU HANDICAP DU JEUNE ENFANT - S\u00e9cu Doc","description":"Le sujet de la m\u00e9diation familiale s\u2019inscrit dans un contexte national de priorisation de l\u2019accompagnement des personnes d\u00e9pendantes. Ce sont les familles","robots":{"index":"index","follow":"follow","max-snippet":"max-snippet:-1","max-image-preview":"max-image-preview:large","max-video-preview":"max-video-preview:-1"},"canonical":"https:\/\/en3s.fr\/secudoc\/produits-documentaires\/publications-en3s\/4079-2\/","og_locale":"fr_FR","og_type":"article","og_title":"M\u00c9DIATION FAMILIALE EN SITUATION DE PERTE D\u2019AUTONOMIE LI\u00c9E AU VIEILLISSEMENT OU AU HANDICAP DU JEUNE ENFANT - S\u00e9cu Doc","og_description":"Le sujet de la m\u00e9diation familiale s\u2019inscrit dans un contexte national de priorisation de l\u2019accompagnement des personnes d\u00e9pendantes. Ce sont les familles","og_url":"https:\/\/en3s.fr\/secudoc\/produits-documentaires\/publications-en3s\/4079-2\/","og_site_name":"S\u00e9cu Doc","article_modified_time":"2022-02-02T15:58:02+00:00","og_image":[{"url":"https:\/\/en3s.fr\/secudoc\/wp-content\/uploads\/sites\/4\/2021\/04\/livret-ra-2020_page_07.jpg","type":"","width":"","height":""}],"twitter_card":"summary_large_image","twitter_misc":{"Dur\u00e9e de lecture estim\u00e9e":"1 minute"},"schema":{"@context":"https:\/\/schema.org","@graph":[{"@type":"WebPage","@id":"https:\/\/en3s.fr\/secudoc\/produits-documentaires\/publications-en3s\/4079-2\/","url":"https:\/\/en3s.fr\/secudoc\/produits-documentaires\/publications-en3s\/4079-2\/","name":"M\u00c9DIATION FAMILIALE EN SITUATION DE PERTE D\u2019AUTONOMIE LI\u00c9E AU VIEILLISSEMENT OU AU HANDICAP DU JEUNE ENFANT - S\u00e9cu Doc","isPartOf":{"@id":"https:\/\/en3s.fr\/secudoc\/#website"},"primaryImageOfPage":{"@id":"https:\/\/en3s.fr\/secudoc\/produits-documentaires\/publications-en3s\/4079-2\/#primaryimage"},"image":{"@id":"https:\/\/en3s.fr\/secudoc\/produits-documentaires\/publications-en3s\/4079-2\/#primaryimage"},"thumbnailUrl":"https:\/\/en3s.fr\/secudoc\/wp-content\/uploads\/sites\/4\/2021\/04\/livret-ra-2020_page_07.jpg","datePublished":"2021-01-21T15:49:14+00:00","dateModified":"2022-02-02T15:58:02+00:00","description":"Le sujet de la m\u00e9diation familiale s\u2019inscrit dans un contexte national de priorisation de l\u2019accompagnement des personnes d\u00e9pendantes. Ce sont les familles","breadcrumb":{"@id":"https:\/\/en3s.fr\/secudoc\/produits-documentaires\/publications-en3s\/4079-2\/#breadcrumb"},"inLanguage":"fr-FR","potentialAction":[{"@type":"ReadAction","target":["https:\/\/en3s.fr\/secudoc\/produits-documentaires\/publications-en3s\/4079-2\/"]}]},{"@type":"ImageObject","inLanguage":"fr-FR","@id":"https:\/\/en3s.fr\/secudoc\/produits-documentaires\/publications-en3s\/4079-2\/#primaryimage","url":"https:\/\/en3s.fr\/secudoc\/wp-content\/uploads\/sites\/4\/2021\/04\/livret-ra-2020_page_07.jpg","contentUrl":"https:\/\/en3s.fr\/secudoc\/wp-content\/uploads\/sites\/4\/2021\/04\/livret-ra-2020_page_07.jpg","width":1456,"height":2048},{"@type":"BreadcrumbList","@id":"https:\/\/en3s.fr\/secudoc\/produits-documentaires\/publications-en3s\/4079-2\/#breadcrumb","itemListElement":[{"@type":"ListItem","position":1,"name":"Accueil","item":"https:\/\/en3s.fr\/secudoc\/"},{"@type":"ListItem","position":2,"name":"Produits documentaires","item":"https:\/\/en3s.fr\/secudoc\/produits-documentaires\/"},{"@type":"ListItem","position":3,"name":"Publications EN3S","item":"https:\/\/en3s.fr\/secudoc\/produits-documentaires\/publications-en3s\/"},{"@type":"ListItem","position":4,"name":"M\u00c9DIATION FAMILIALE EN SITUATION DE PERTE D\u2019AUTONOMIE LI\u00c9E AU VIEILLISSEMENT OU AU HANDICAP DU JEUNE ENFANT"}]},{"@type":"WebSite","@id":"https:\/\/en3s.fr\/secudoc\/#website","url":"https:\/\/en3s.fr\/secudoc\/","name":"S\u00e9cu Doc","description":"Centre de ressources de la S\u00e9curit\u00e9 sociale","potentialAction":[{"@type":"SearchAction","target":{"@type":"EntryPoint","urlTemplate":"https:\/\/en3s.fr\/secudoc\/?s={search_term_string}"},"query-input":{"@type":"PropertyValueSpecification","valueRequired":true,"valueName":"search_term_string"}}],"inLanguage":"fr-FR"}]}},"_links":{"self":[{"href":"https:\/\/en3s.fr\/secudoc\/wp-json\/wp\/v2\/pages\/4079","targetHints":{"allow":["GET"]}}],"collection":[{"href":"https:\/\/en3s.fr\/secudoc\/wp-json\/wp\/v2\/pages"}],"about":[{"href":"https:\/\/en3s.fr\/secudoc\/wp-json\/wp\/v2\/types\/page"}],"author":[{"embeddable":true,"href":"https:\/\/en3s.fr\/secudoc\/wp-json\/wp\/v2\/users\/42"}],"replies":[{"embeddable":true,"href":"https:\/\/en3s.fr\/secudoc\/wp-json\/wp\/v2\/comments?post=4079"}],"version-history":[{"count":0,"href":"https:\/\/en3s.fr\/secudoc\/wp-json\/wp\/v2\/pages\/4079\/revisions"}],"up":[{"embeddable":true,"href":"https:\/\/en3s.fr\/secudoc\/wp-json\/wp\/v2\/pages\/910"}],"wp:attachment":[{"href":"https:\/\/en3s.fr\/secudoc\/wp-json\/wp\/v2\/media?parent=4079"}],"curies":[{"name":"wp","href":"https:\/\/api.w.org\/{rel}","templated":true}]}}