{"id":4090,"date":"2021-01-21T16:53:18","date_gmt":"2021-01-21T15:53:18","guid":{"rendered":"https:\/\/en3s.fr\/secudoc\/?page_id=4090"},"modified":"2022-02-02T16:56:56","modified_gmt":"2022-02-02T15:56:56","slug":"4090-2","status":"publish","type":"page","link":"https:\/\/en3s.fr\/secudoc\/produits-documentaires\/publications-en3s\/4090-2\/","title":{"rendered":"LA PLACE DES P\u00c8RES ET SA PRISE EN COMPTE DANS LES PRESTATIONS ET SERVICES DE LA S\u00c9CURIT\u00c9 SOCIALE"},"content":{"rendered":"<h3><\/h3>\n<blockquote>\n<p style=\"text-align: left\"><em><a href=\"https:\/\/www.calameo.com\/read\/00431050436c6c3d482e2\" target=\"_blank\" rel=\"noopener noreferrer\"><img loading=\"lazy\" decoding=\"async\" class=\"alignleft wp-image-4193\" src=\"https:\/\/en3s.fr\/secudoc\/wp-content\/uploads\/sites\/4\/2021\/04\/livret-ra-2020_page_08.jpg\" alt=\"\" width=\"270\" height=\"382\" srcset=\"https:\/\/en3s.fr\/secudoc\/wp-content\/uploads\/sites\/4\/2021\/04\/livret-ra-2020_page_08.jpg 1450w, https:\/\/en3s.fr\/secudoc\/wp-content\/uploads\/sites\/4\/2021\/04\/livret-ra-2020_page_08-768x1085.jpg 768w, https:\/\/en3s.fr\/secudoc\/wp-content\/uploads\/sites\/4\/2021\/04\/livret-ra-2020_page_08-275x388.jpg 275w, https:\/\/en3s.fr\/secudoc\/wp-content\/uploads\/sites\/4\/2021\/04\/livret-ra-2020_page_08-276x390.jpg 276w, https:\/\/en3s.fr\/secudoc\/wp-content\/uploads\/sites\/4\/2021\/04\/livret-ra-2020_page_08-230x325.jpg 230w\" sizes=\"auto, (max-width: 270px) 100vw, 270px\" \/><\/a>La place du p\u00e8re est un sujet au croisement de plusieurs th\u00e9matiques comme l\u2019\u00e9galit\u00e9 professionnelle et domestique, les violences intrafamiliales, l\u2019\u00e9ducation ou plus g\u00e9n\u00e9ralement les repr\u00e9sentations sociales de la famille. La S\u00e9curit\u00e9 sociale a un r\u00f4le \u00e0 jouer et cette \u00e9tude doit permettre de mieux conna\u00eetre la place accord\u00e9e au p\u00e8re dans ses prestations et actions et de proposer des pistes d\u2019am\u00e9lioration.[&#8230;] Dans ce contexte, la S\u00e9curit\u00e9 sociale dispose de leviers pour agir. Les cong\u00e9s paternit\u00e9 et parental jouent un r\u00f4le pr\u00e9pond\u00e9rant pour les p\u00e8res \u00e0 la naissance de leur enfant. La branche famille, en compl\u00e9ment des prestations l\u00e9gales, a su par ailleurs d\u00e9velopper une offre diversifi\u00e9e de prestations extral\u00e9gales dans une logique d\u2019investissement social.<br \/>\n[&#8230;] Au regard de ces constats, La pr\u00e9sente recherche-action formule plusieurs pistes de r\u00e9formes et de nouveaux services et dispositifs.<\/em><\/p>\n<\/blockquote>\n<p style=\"text-align: center\"><a href=\"https:\/\/www.calameo.com\/read\/004310504abbc39f9633a\" target=\"_blank\" rel=\"noopener noreferrer\">Retrouvez l&rsquo;int\u00e9gralit\u00e9 du rapport<\/a><\/p>\n","protected":false},"excerpt":{"rendered":"<p>La place du p\u00e8re est un sujet au croisement de plusieurs th\u00e9matiques comme l\u2019\u00e9galit\u00e9 professionnelle et domestique, les violences intrafamiliales, l\u2019\u00e9ducation ou plus g\u00e9n\u00e9ralement les repr\u00e9sentations sociales de la famille. La S\u00e9curit\u00e9 sociale a un r\u00f4le \u00e0 jouer et cette \u00e9tude doit permettre de mieux conna\u00eetre la place accord\u00e9e au p\u00e8re dans ses prestations et [&hellip;]<\/p>\n","protected":false},"author":42,"featured_media":0,"parent":910,"menu_order":0,"comment_status":"closed","ping_status":"closed","template":"","meta":{"ngg_post_thumbnail":0,"footnotes":""},"class_list":["post-4090","page","type-page","status-publish","hentry"],"yoast_head":"<!-- This site is optimized with the Yoast SEO plugin v24.9 - https:\/\/yoast.com\/wordpress\/plugins\/seo\/ -->\n<title>LA PLACE DES P\u00c8RES ET SA PRISE EN COMPTE DANS LES PRESTATIONS ET SERVICES DE LA S\u00c9CURIT\u00c9 SOCIALE - S\u00e9cu Doc<\/title>\n<meta name=\"description\" content=\"La place du p\u00e8re est un sujet au croisement de plusieurs th\u00e9matiques comme l\u2019\u00e9galit\u00e9 professionnelle et domestique, les violences intrafamiliales,\" \/>\n<meta name=\"robots\" content=\"index, follow, max-snippet:-1, max-image-preview:large, max-video-preview:-1\" \/>\n<link rel=\"canonical\" href=\"https:\/\/en3s.fr\/secudoc\/produits-documentaires\/publications-en3s\/4090-2\/\" \/>\n<meta property=\"og:locale\" content=\"fr_FR\" \/>\n<meta property=\"og:type\" content=\"article\" \/>\n<meta property=\"og:title\" content=\"LA PLACE DES P\u00c8RES ET SA PRISE EN COMPTE DANS LES PRESTATIONS ET SERVICES DE LA S\u00c9CURIT\u00c9 SOCIALE - S\u00e9cu Doc\" \/>\n<meta property=\"og:description\" content=\"La place du p\u00e8re est un sujet au croisement de plusieurs th\u00e9matiques comme l\u2019\u00e9galit\u00e9 professionnelle et domestique, les violences intrafamiliales,\" \/>\n<meta property=\"og:url\" content=\"https:\/\/en3s.fr\/secudoc\/produits-documentaires\/publications-en3s\/4090-2\/\" \/>\n<meta property=\"og:site_name\" content=\"S\u00e9cu Doc\" \/>\n<meta property=\"article:modified_time\" content=\"2022-02-02T15:56:56+00:00\" \/>\n<meta property=\"og:image\" content=\"https:\/\/en3s.fr\/secudoc\/wp-content\/uploads\/sites\/4\/2021\/04\/livret-ra-2020_page_08.jpg\" \/>\n<meta name=\"twitter:card\" content=\"summary_large_image\" \/>\n<meta name=\"twitter:label1\" content=\"Dur\u00e9e de lecture estim\u00e9e\" \/>\n\t<meta name=\"twitter:data1\" content=\"1 minute\" \/>\n<script type=\"application\/ld+json\" class=\"yoast-schema-graph\">{\"@context\":\"https:\/\/schema.org\",\"@graph\":[{\"@type\":\"WebPage\",\"@id\":\"https:\/\/en3s.fr\/secudoc\/produits-documentaires\/publications-en3s\/4090-2\/\",\"url\":\"https:\/\/en3s.fr\/secudoc\/produits-documentaires\/publications-en3s\/4090-2\/\",\"name\":\"LA PLACE DES P\u00c8RES ET SA PRISE EN COMPTE DANS LES PRESTATIONS ET SERVICES DE LA S\u00c9CURIT\u00c9 SOCIALE - S\u00e9cu Doc\",\"isPartOf\":{\"@id\":\"https:\/\/en3s.fr\/secudoc\/#website\"},\"primaryImageOfPage\":{\"@id\":\"https:\/\/en3s.fr\/secudoc\/produits-documentaires\/publications-en3s\/4090-2\/#primaryimage\"},\"image\":{\"@id\":\"https:\/\/en3s.fr\/secudoc\/produits-documentaires\/publications-en3s\/4090-2\/#primaryimage\"},\"thumbnailUrl\":\"https:\/\/en3s.fr\/secudoc\/wp-content\/uploads\/sites\/4\/2021\/04\/livret-ra-2020_page_08.jpg\",\"datePublished\":\"2021-01-21T15:53:18+00:00\",\"dateModified\":\"2022-02-02T15:56:56+00:00\",\"description\":\"La place du p\u00e8re est un sujet au croisement de plusieurs th\u00e9matiques comme l\u2019\u00e9galit\u00e9 professionnelle et domestique, les violences intrafamiliales,\",\"breadcrumb\":{\"@id\":\"https:\/\/en3s.fr\/secudoc\/produits-documentaires\/publications-en3s\/4090-2\/#breadcrumb\"},\"inLanguage\":\"fr-FR\",\"potentialAction\":[{\"@type\":\"ReadAction\",\"target\":[\"https:\/\/en3s.fr\/secudoc\/produits-documentaires\/publications-en3s\/4090-2\/\"]}]},{\"@type\":\"ImageObject\",\"inLanguage\":\"fr-FR\",\"@id\":\"https:\/\/en3s.fr\/secudoc\/produits-documentaires\/publications-en3s\/4090-2\/#primaryimage\",\"url\":\"https:\/\/en3s.fr\/secudoc\/wp-content\/uploads\/sites\/4\/2021\/04\/livret-ra-2020_page_08.jpg\",\"contentUrl\":\"https:\/\/en3s.fr\/secudoc\/wp-content\/uploads\/sites\/4\/2021\/04\/livret-ra-2020_page_08.jpg\",\"width\":1450,\"height\":2048},{\"@type\":\"BreadcrumbList\",\"@id\":\"https:\/\/en3s.fr\/secudoc\/produits-documentaires\/publications-en3s\/4090-2\/#breadcrumb\",\"itemListElement\":[{\"@type\":\"ListItem\",\"position\":1,\"name\":\"Accueil\",\"item\":\"https:\/\/en3s.fr\/secudoc\/\"},{\"@type\":\"ListItem\",\"position\":2,\"name\":\"Produits documentaires\",\"item\":\"https:\/\/en3s.fr\/secudoc\/produits-documentaires\/\"},{\"@type\":\"ListItem\",\"position\":3,\"name\":\"Publications EN3S\",\"item\":\"https:\/\/en3s.fr\/secudoc\/produits-documentaires\/publications-en3s\/\"},{\"@type\":\"ListItem\",\"position\":4,\"name\":\"LA PLACE DES P\u00c8RES ET SA PRISE EN COMPTE DANS LES PRESTATIONS ET SERVICES DE LA S\u00c9CURIT\u00c9 SOCIALE\"}]},{\"@type\":\"WebSite\",\"@id\":\"https:\/\/en3s.fr\/secudoc\/#website\",\"url\":\"https:\/\/en3s.fr\/secudoc\/\",\"name\":\"S\u00e9cu Doc\",\"description\":\"Centre de ressources de la S\u00e9curit\u00e9 sociale\",\"potentialAction\":[{\"@type\":\"SearchAction\",\"target\":{\"@type\":\"EntryPoint\",\"urlTemplate\":\"https:\/\/en3s.fr\/secudoc\/?s={search_term_string}\"},\"query-input\":{\"@type\":\"PropertyValueSpecification\",\"valueRequired\":true,\"valueName\":\"search_term_string\"}}],\"inLanguage\":\"fr-FR\"}]}<\/script>\n<!-- \/ Yoast SEO plugin. -->","yoast_head_json":{"title":"LA PLACE DES P\u00c8RES ET SA PRISE EN COMPTE DANS LES PRESTATIONS ET SERVICES DE LA S\u00c9CURIT\u00c9 SOCIALE - S\u00e9cu Doc","description":"La place du p\u00e8re est un sujet au croisement de plusieurs th\u00e9matiques comme l\u2019\u00e9galit\u00e9 professionnelle et domestique, les violences intrafamiliales,","robots":{"index":"index","follow":"follow","max-snippet":"max-snippet:-1","max-image-preview":"max-image-preview:large","max-video-preview":"max-video-preview:-1"},"canonical":"https:\/\/en3s.fr\/secudoc\/produits-documentaires\/publications-en3s\/4090-2\/","og_locale":"fr_FR","og_type":"article","og_title":"LA PLACE DES P\u00c8RES ET SA PRISE EN COMPTE DANS LES PRESTATIONS ET SERVICES DE LA S\u00c9CURIT\u00c9 SOCIALE - S\u00e9cu Doc","og_description":"La place du p\u00e8re est un sujet au croisement de plusieurs th\u00e9matiques comme l\u2019\u00e9galit\u00e9 professionnelle et domestique, les violences intrafamiliales,","og_url":"https:\/\/en3s.fr\/secudoc\/produits-documentaires\/publications-en3s\/4090-2\/","og_site_name":"S\u00e9cu Doc","article_modified_time":"2022-02-02T15:56:56+00:00","og_image":[{"url":"https:\/\/en3s.fr\/secudoc\/wp-content\/uploads\/sites\/4\/2021\/04\/livret-ra-2020_page_08.jpg","type":"","width":"","height":""}],"twitter_card":"summary_large_image","twitter_misc":{"Dur\u00e9e de lecture estim\u00e9e":"1 minute"},"schema":{"@context":"https:\/\/schema.org","@graph":[{"@type":"WebPage","@id":"https:\/\/en3s.fr\/secudoc\/produits-documentaires\/publications-en3s\/4090-2\/","url":"https:\/\/en3s.fr\/secudoc\/produits-documentaires\/publications-en3s\/4090-2\/","name":"LA PLACE DES P\u00c8RES ET SA PRISE EN COMPTE DANS LES PRESTATIONS ET SERVICES DE LA S\u00c9CURIT\u00c9 SOCIALE - S\u00e9cu Doc","isPartOf":{"@id":"https:\/\/en3s.fr\/secudoc\/#website"},"primaryImageOfPage":{"@id":"https:\/\/en3s.fr\/secudoc\/produits-documentaires\/publications-en3s\/4090-2\/#primaryimage"},"image":{"@id":"https:\/\/en3s.fr\/secudoc\/produits-documentaires\/publications-en3s\/4090-2\/#primaryimage"},"thumbnailUrl":"https:\/\/en3s.fr\/secudoc\/wp-content\/uploads\/sites\/4\/2021\/04\/livret-ra-2020_page_08.jpg","datePublished":"2021-01-21T15:53:18+00:00","dateModified":"2022-02-02T15:56:56+00:00","description":"La place du p\u00e8re est un sujet au croisement de plusieurs th\u00e9matiques comme l\u2019\u00e9galit\u00e9 professionnelle et domestique, les violences intrafamiliales,","breadcrumb":{"@id":"https:\/\/en3s.fr\/secudoc\/produits-documentaires\/publications-en3s\/4090-2\/#breadcrumb"},"inLanguage":"fr-FR","potentialAction":[{"@type":"ReadAction","target":["https:\/\/en3s.fr\/secudoc\/produits-documentaires\/publications-en3s\/4090-2\/"]}]},{"@type":"ImageObject","inLanguage":"fr-FR","@id":"https:\/\/en3s.fr\/secudoc\/produits-documentaires\/publications-en3s\/4090-2\/#primaryimage","url":"https:\/\/en3s.fr\/secudoc\/wp-content\/uploads\/sites\/4\/2021\/04\/livret-ra-2020_page_08.jpg","contentUrl":"https:\/\/en3s.fr\/secudoc\/wp-content\/uploads\/sites\/4\/2021\/04\/livret-ra-2020_page_08.jpg","width":1450,"height":2048},{"@type":"BreadcrumbList","@id":"https:\/\/en3s.fr\/secudoc\/produits-documentaires\/publications-en3s\/4090-2\/#breadcrumb","itemListElement":[{"@type":"ListItem","position":1,"name":"Accueil","item":"https:\/\/en3s.fr\/secudoc\/"},{"@type":"ListItem","position":2,"name":"Produits documentaires","item":"https:\/\/en3s.fr\/secudoc\/produits-documentaires\/"},{"@type":"ListItem","position":3,"name":"Publications EN3S","item":"https:\/\/en3s.fr\/secudoc\/produits-documentaires\/publications-en3s\/"},{"@type":"ListItem","position":4,"name":"LA PLACE DES P\u00c8RES ET SA PRISE EN COMPTE DANS LES PRESTATIONS ET SERVICES DE LA S\u00c9CURIT\u00c9 SOCIALE"}]},{"@type":"WebSite","@id":"https:\/\/en3s.fr\/secudoc\/#website","url":"https:\/\/en3s.fr\/secudoc\/","name":"S\u00e9cu Doc","description":"Centre de ressources de la S\u00e9curit\u00e9 sociale","potentialAction":[{"@type":"SearchAction","target":{"@type":"EntryPoint","urlTemplate":"https:\/\/en3s.fr\/secudoc\/?s={search_term_string}"},"query-input":{"@type":"PropertyValueSpecification","valueRequired":true,"valueName":"search_term_string"}}],"inLanguage":"fr-FR"}]}},"_links":{"self":[{"href":"https:\/\/en3s.fr\/secudoc\/wp-json\/wp\/v2\/pages\/4090","targetHints":{"allow":["GET"]}}],"collection":[{"href":"https:\/\/en3s.fr\/secudoc\/wp-json\/wp\/v2\/pages"}],"about":[{"href":"https:\/\/en3s.fr\/secudoc\/wp-json\/wp\/v2\/types\/page"}],"author":[{"embeddable":true,"href":"https:\/\/en3s.fr\/secudoc\/wp-json\/wp\/v2\/users\/42"}],"replies":[{"embeddable":true,"href":"https:\/\/en3s.fr\/secudoc\/wp-json\/wp\/v2\/comments?post=4090"}],"version-history":[{"count":0,"href":"https:\/\/en3s.fr\/secudoc\/wp-json\/wp\/v2\/pages\/4090\/revisions"}],"up":[{"embeddable":true,"href":"https:\/\/en3s.fr\/secudoc\/wp-json\/wp\/v2\/pages\/910"}],"wp:attachment":[{"href":"https:\/\/en3s.fr\/secudoc\/wp-json\/wp\/v2\/media?parent=4090"}],"curies":[{"name":"wp","href":"https:\/\/api.w.org\/{rel}","templated":true}]}}