{"id":4095,"date":"2021-01-21T16:59:10","date_gmt":"2021-01-21T15:59:10","guid":{"rendered":"https:\/\/en3s.fr\/secudoc\/?page_id=4095"},"modified":"2022-02-02T16:56:30","modified_gmt":"2022-02-02T15:56:30","slug":"4095-2","status":"publish","type":"page","link":"https:\/\/en3s.fr\/secudoc\/produits-documentaires\/publications-en3s\/4095-2\/","title":{"rendered":"MIEUX ACCOMPAGNER LES PROFESSIONNELS DE SANT\u00c9 : QUELLE COORDINATION TERRITORIALE ET QUELS OUTILS POUR UNE STRUCTURATION EFFICACE DES SOINS DE VILLE ?"},"content":{"rendered":"<h3><\/h3>\n<blockquote>\n<p style=\"text-align: left\"><a href=\"https:\/\/www.calameo.com\/read\/004310504fa8f3fd088da\" target=\"_blank\" rel=\"noopener noreferrer\"><em><img loading=\"lazy\" decoding=\"async\" class=\"alignleft wp-image-4191\" src=\"https:\/\/en3s.fr\/secudoc\/wp-content\/uploads\/sites\/4\/2021\/04\/livret-ra-2020_page_09.jpg\" alt=\"\" width=\"272\" height=\"382\" srcset=\"https:\/\/en3s.fr\/secudoc\/wp-content\/uploads\/sites\/4\/2021\/04\/livret-ra-2020_page_09.jpg 1456w, https:\/\/en3s.fr\/secudoc\/wp-content\/uploads\/sites\/4\/2021\/04\/livret-ra-2020_page_09-768x1080.jpg 768w, https:\/\/en3s.fr\/secudoc\/wp-content\/uploads\/sites\/4\/2021\/04\/livret-ra-2020_page_09-275x387.jpg 275w, https:\/\/en3s.fr\/secudoc\/wp-content\/uploads\/sites\/4\/2021\/04\/livret-ra-2020_page_09-277x390.jpg 277w, https:\/\/en3s.fr\/secudoc\/wp-content\/uploads\/sites\/4\/2021\/04\/livret-ra-2020_page_09-230x324.jpg 230w\" sizes=\"auto, (max-width: 272px) 100vw, 272px\" \/><\/em><\/a><em>[&#8230;] Face aux mutations de la demande de soins en France et aux nouvelles aspirations des professionnels de sant\u00e9, les pouvoirs publics ont instaur\u00e9 des dispositifs de coordination ayant vocation \u00e0 favoriser une pratique m\u00e9dicale collective et pluriprofessionnelle. [&#8230;] Malgr\u00e9 ces efforts, le d\u00e9ploiement de l\u2019exercice coordonn\u00e9 reste inachev\u00e9 en raison d\u2019un isolement relatif des professionnels de sant\u00e9 et d\u2019une offre d\u2019accompagnement institutionnelle imparfaite. [&#8230;]<br \/>\nDans ce contexte, le pr\u00e9sent rapport a pour objet de proposer des solutions afin de favoriser le d\u00e9ploiement de l\u2019exercice coordonn\u00e9 sur l\u2019ensemble du territoire. Il s\u2019attache \u00e0 ce titre \u00e0 envisager des axes d\u2019am\u00e9lioration, notamment en offrant d\u2019une part un accompagnement adapt\u00e9 aux besoins des professionnels de sant\u00e9 et en faisant \u00e9voluer d\u2019autre part la culture des acteurs institutionnels d\u2019une posture de contr\u00f4leur payeur \u00e0 celle d\u2019accompagnateur. <\/em><\/p>\n<\/blockquote>\n<p style=\"text-align: center\"><a href=\"https:\/\/www.calameo.com\/read\/0043105047da5ae6b2cea\" target=\"_blank\" rel=\"noopener noreferrer\">Retrouvez l&rsquo;int\u00e9gralit\u00e9 du rapport<\/a><\/p>\n","protected":false},"excerpt":{"rendered":"<p>[&#8230;] Face aux mutations de la demande de soins en France et aux nouvelles aspirations des professionnels de sant\u00e9, les pouvoirs publics ont instaur\u00e9 des dispositifs de coordination ayant vocation \u00e0 favoriser une pratique m\u00e9dicale collective et pluriprofessionnelle. [&#8230;] Malgr\u00e9 ces efforts, le d\u00e9ploiement de l\u2019exercice coordonn\u00e9 reste inachev\u00e9 en raison d\u2019un isolement relatif des [&hellip;]<\/p>\n","protected":false},"author":42,"featured_media":0,"parent":910,"menu_order":0,"comment_status":"closed","ping_status":"closed","template":"","meta":{"ngg_post_thumbnail":0,"footnotes":""},"class_list":["post-4095","page","type-page","status-publish","hentry"],"yoast_head":"<!-- This site is optimized with the Yoast SEO plugin v24.9 - https:\/\/yoast.com\/wordpress\/plugins\/seo\/ -->\n<title>MIEUX ACCOMPAGNER LES PROFESSIONNELS DE SANT\u00c9 : QUELLE COORDINATION TERRITORIALE ET QUELS OUTILS POUR UNE STRUCTURATION EFFICACE DES SOINS DE VILLE ? - S\u00e9cu Doc<\/title>\n<meta name=\"description\" content=\"Face aux mutations de la demande de soins en France et aux nouvelles aspirations des professionnels de sant\u00e9, les pouvoirs publics ont instaur\u00e9 des\" \/>\n<meta name=\"robots\" content=\"index, follow, max-snippet:-1, max-image-preview:large, max-video-preview:-1\" \/>\n<link rel=\"canonical\" href=\"https:\/\/en3s.fr\/secudoc\/produits-documentaires\/publications-en3s\/4095-2\/\" \/>\n<meta property=\"og:locale\" content=\"fr_FR\" \/>\n<meta property=\"og:type\" content=\"article\" \/>\n<meta property=\"og:title\" content=\"MIEUX ACCOMPAGNER LES PROFESSIONNELS DE SANT\u00c9 : QUELLE COORDINATION TERRITORIALE ET QUELS OUTILS POUR UNE STRUCTURATION EFFICACE DES SOINS DE VILLE ? - S\u00e9cu Doc\" \/>\n<meta property=\"og:description\" content=\"Face aux mutations de la demande de soins en France et aux nouvelles aspirations des professionnels de sant\u00e9, les pouvoirs publics ont instaur\u00e9 des\" \/>\n<meta property=\"og:url\" content=\"https:\/\/en3s.fr\/secudoc\/produits-documentaires\/publications-en3s\/4095-2\/\" \/>\n<meta property=\"og:site_name\" content=\"S\u00e9cu Doc\" \/>\n<meta property=\"article:modified_time\" content=\"2022-02-02T15:56:30+00:00\" \/>\n<meta property=\"og:image\" content=\"https:\/\/en3s.fr\/secudoc\/wp-content\/uploads\/sites\/4\/2021\/04\/livret-ra-2020_page_09.jpg\" \/>\n<meta name=\"twitter:card\" content=\"summary_large_image\" \/>\n<meta name=\"twitter:label1\" content=\"Dur\u00e9e de lecture estim\u00e9e\" \/>\n\t<meta name=\"twitter:data1\" content=\"1 minute\" \/>\n<script type=\"application\/ld+json\" class=\"yoast-schema-graph\">{\"@context\":\"https:\/\/schema.org\",\"@graph\":[{\"@type\":\"WebPage\",\"@id\":\"https:\/\/en3s.fr\/secudoc\/produits-documentaires\/publications-en3s\/4095-2\/\",\"url\":\"https:\/\/en3s.fr\/secudoc\/produits-documentaires\/publications-en3s\/4095-2\/\",\"name\":\"MIEUX ACCOMPAGNER LES PROFESSIONNELS DE SANT\u00c9 : QUELLE COORDINATION TERRITORIALE ET QUELS OUTILS POUR UNE STRUCTURATION EFFICACE DES SOINS DE VILLE ? - S\u00e9cu Doc\",\"isPartOf\":{\"@id\":\"https:\/\/en3s.fr\/secudoc\/#website\"},\"primaryImageOfPage\":{\"@id\":\"https:\/\/en3s.fr\/secudoc\/produits-documentaires\/publications-en3s\/4095-2\/#primaryimage\"},\"image\":{\"@id\":\"https:\/\/en3s.fr\/secudoc\/produits-documentaires\/publications-en3s\/4095-2\/#primaryimage\"},\"thumbnailUrl\":\"https:\/\/en3s.fr\/secudoc\/wp-content\/uploads\/sites\/4\/2021\/04\/livret-ra-2020_page_09.jpg\",\"datePublished\":\"2021-01-21T15:59:10+00:00\",\"dateModified\":\"2022-02-02T15:56:30+00:00\",\"description\":\"Face aux mutations de la demande de soins en France et aux nouvelles aspirations des professionnels de sant\u00e9, les pouvoirs publics ont instaur\u00e9 des\",\"breadcrumb\":{\"@id\":\"https:\/\/en3s.fr\/secudoc\/produits-documentaires\/publications-en3s\/4095-2\/#breadcrumb\"},\"inLanguage\":\"fr-FR\",\"potentialAction\":[{\"@type\":\"ReadAction\",\"target\":[\"https:\/\/en3s.fr\/secudoc\/produits-documentaires\/publications-en3s\/4095-2\/\"]}]},{\"@type\":\"ImageObject\",\"inLanguage\":\"fr-FR\",\"@id\":\"https:\/\/en3s.fr\/secudoc\/produits-documentaires\/publications-en3s\/4095-2\/#primaryimage\",\"url\":\"https:\/\/en3s.fr\/secudoc\/wp-content\/uploads\/sites\/4\/2021\/04\/livret-ra-2020_page_09.jpg\",\"contentUrl\":\"https:\/\/en3s.fr\/secudoc\/wp-content\/uploads\/sites\/4\/2021\/04\/livret-ra-2020_page_09.jpg\",\"width\":1456,\"height\":2048},{\"@type\":\"BreadcrumbList\",\"@id\":\"https:\/\/en3s.fr\/secudoc\/produits-documentaires\/publications-en3s\/4095-2\/#breadcrumb\",\"itemListElement\":[{\"@type\":\"ListItem\",\"position\":1,\"name\":\"Accueil\",\"item\":\"https:\/\/en3s.fr\/secudoc\/\"},{\"@type\":\"ListItem\",\"position\":2,\"name\":\"Produits documentaires\",\"item\":\"https:\/\/en3s.fr\/secudoc\/produits-documentaires\/\"},{\"@type\":\"ListItem\",\"position\":3,\"name\":\"Publications EN3S\",\"item\":\"https:\/\/en3s.fr\/secudoc\/produits-documentaires\/publications-en3s\/\"},{\"@type\":\"ListItem\",\"position\":4,\"name\":\"MIEUX ACCOMPAGNER LES PROFESSIONNELS DE SANT\u00c9 : QUELLE COORDINATION TERRITORIALE ET QUELS OUTILS POUR UNE STRUCTURATION EFFICACE DES SOINS DE VILLE ?\"}]},{\"@type\":\"WebSite\",\"@id\":\"https:\/\/en3s.fr\/secudoc\/#website\",\"url\":\"https:\/\/en3s.fr\/secudoc\/\",\"name\":\"S\u00e9cu Doc\",\"description\":\"Centre de ressources de la S\u00e9curit\u00e9 sociale\",\"potentialAction\":[{\"@type\":\"SearchAction\",\"target\":{\"@type\":\"EntryPoint\",\"urlTemplate\":\"https:\/\/en3s.fr\/secudoc\/?s={search_term_string}\"},\"query-input\":{\"@type\":\"PropertyValueSpecification\",\"valueRequired\":true,\"valueName\":\"search_term_string\"}}],\"inLanguage\":\"fr-FR\"}]}<\/script>\n<!-- \/ Yoast SEO plugin. -->","yoast_head_json":{"title":"MIEUX ACCOMPAGNER LES PROFESSIONNELS DE SANT\u00c9 : QUELLE COORDINATION TERRITORIALE ET QUELS OUTILS POUR UNE STRUCTURATION EFFICACE DES SOINS DE VILLE ? - S\u00e9cu Doc","description":"Face aux mutations de la demande de soins en France et aux nouvelles aspirations des professionnels de sant\u00e9, les pouvoirs publics ont instaur\u00e9 des","robots":{"index":"index","follow":"follow","max-snippet":"max-snippet:-1","max-image-preview":"max-image-preview:large","max-video-preview":"max-video-preview:-1"},"canonical":"https:\/\/en3s.fr\/secudoc\/produits-documentaires\/publications-en3s\/4095-2\/","og_locale":"fr_FR","og_type":"article","og_title":"MIEUX ACCOMPAGNER LES PROFESSIONNELS DE SANT\u00c9 : QUELLE COORDINATION TERRITORIALE ET QUELS OUTILS POUR UNE STRUCTURATION EFFICACE DES SOINS DE VILLE ? - S\u00e9cu Doc","og_description":"Face aux mutations de la demande de soins en France et aux nouvelles aspirations des professionnels de sant\u00e9, les pouvoirs publics ont instaur\u00e9 des","og_url":"https:\/\/en3s.fr\/secudoc\/produits-documentaires\/publications-en3s\/4095-2\/","og_site_name":"S\u00e9cu Doc","article_modified_time":"2022-02-02T15:56:30+00:00","og_image":[{"url":"https:\/\/en3s.fr\/secudoc\/wp-content\/uploads\/sites\/4\/2021\/04\/livret-ra-2020_page_09.jpg","type":"","width":"","height":""}],"twitter_card":"summary_large_image","twitter_misc":{"Dur\u00e9e de lecture estim\u00e9e":"1 minute"},"schema":{"@context":"https:\/\/schema.org","@graph":[{"@type":"WebPage","@id":"https:\/\/en3s.fr\/secudoc\/produits-documentaires\/publications-en3s\/4095-2\/","url":"https:\/\/en3s.fr\/secudoc\/produits-documentaires\/publications-en3s\/4095-2\/","name":"MIEUX ACCOMPAGNER LES PROFESSIONNELS DE SANT\u00c9 : QUELLE COORDINATION TERRITORIALE ET QUELS OUTILS POUR UNE STRUCTURATION EFFICACE DES SOINS DE VILLE ? - S\u00e9cu Doc","isPartOf":{"@id":"https:\/\/en3s.fr\/secudoc\/#website"},"primaryImageOfPage":{"@id":"https:\/\/en3s.fr\/secudoc\/produits-documentaires\/publications-en3s\/4095-2\/#primaryimage"},"image":{"@id":"https:\/\/en3s.fr\/secudoc\/produits-documentaires\/publications-en3s\/4095-2\/#primaryimage"},"thumbnailUrl":"https:\/\/en3s.fr\/secudoc\/wp-content\/uploads\/sites\/4\/2021\/04\/livret-ra-2020_page_09.jpg","datePublished":"2021-01-21T15:59:10+00:00","dateModified":"2022-02-02T15:56:30+00:00","description":"Face aux mutations de la demande de soins en France et aux nouvelles aspirations des professionnels de sant\u00e9, les pouvoirs publics ont instaur\u00e9 des","breadcrumb":{"@id":"https:\/\/en3s.fr\/secudoc\/produits-documentaires\/publications-en3s\/4095-2\/#breadcrumb"},"inLanguage":"fr-FR","potentialAction":[{"@type":"ReadAction","target":["https:\/\/en3s.fr\/secudoc\/produits-documentaires\/publications-en3s\/4095-2\/"]}]},{"@type":"ImageObject","inLanguage":"fr-FR","@id":"https:\/\/en3s.fr\/secudoc\/produits-documentaires\/publications-en3s\/4095-2\/#primaryimage","url":"https:\/\/en3s.fr\/secudoc\/wp-content\/uploads\/sites\/4\/2021\/04\/livret-ra-2020_page_09.jpg","contentUrl":"https:\/\/en3s.fr\/secudoc\/wp-content\/uploads\/sites\/4\/2021\/04\/livret-ra-2020_page_09.jpg","width":1456,"height":2048},{"@type":"BreadcrumbList","@id":"https:\/\/en3s.fr\/secudoc\/produits-documentaires\/publications-en3s\/4095-2\/#breadcrumb","itemListElement":[{"@type":"ListItem","position":1,"name":"Accueil","item":"https:\/\/en3s.fr\/secudoc\/"},{"@type":"ListItem","position":2,"name":"Produits documentaires","item":"https:\/\/en3s.fr\/secudoc\/produits-documentaires\/"},{"@type":"ListItem","position":3,"name":"Publications EN3S","item":"https:\/\/en3s.fr\/secudoc\/produits-documentaires\/publications-en3s\/"},{"@type":"ListItem","position":4,"name":"MIEUX ACCOMPAGNER LES PROFESSIONNELS DE SANT\u00c9 : QUELLE COORDINATION TERRITORIALE ET QUELS OUTILS POUR UNE STRUCTURATION EFFICACE DES SOINS DE VILLE ?"}]},{"@type":"WebSite","@id":"https:\/\/en3s.fr\/secudoc\/#website","url":"https:\/\/en3s.fr\/secudoc\/","name":"S\u00e9cu Doc","description":"Centre de ressources de la S\u00e9curit\u00e9 sociale","potentialAction":[{"@type":"SearchAction","target":{"@type":"EntryPoint","urlTemplate":"https:\/\/en3s.fr\/secudoc\/?s={search_term_string}"},"query-input":{"@type":"PropertyValueSpecification","valueRequired":true,"valueName":"search_term_string"}}],"inLanguage":"fr-FR"}]}},"_links":{"self":[{"href":"https:\/\/en3s.fr\/secudoc\/wp-json\/wp\/v2\/pages\/4095","targetHints":{"allow":["GET"]}}],"collection":[{"href":"https:\/\/en3s.fr\/secudoc\/wp-json\/wp\/v2\/pages"}],"about":[{"href":"https:\/\/en3s.fr\/secudoc\/wp-json\/wp\/v2\/types\/page"}],"author":[{"embeddable":true,"href":"https:\/\/en3s.fr\/secudoc\/wp-json\/wp\/v2\/users\/42"}],"replies":[{"embeddable":true,"href":"https:\/\/en3s.fr\/secudoc\/wp-json\/wp\/v2\/comments?post=4095"}],"version-history":[{"count":0,"href":"https:\/\/en3s.fr\/secudoc\/wp-json\/wp\/v2\/pages\/4095\/revisions"}],"up":[{"embeddable":true,"href":"https:\/\/en3s.fr\/secudoc\/wp-json\/wp\/v2\/pages\/910"}],"wp:attachment":[{"href":"https:\/\/en3s.fr\/secudoc\/wp-json\/wp\/v2\/media?parent=4095"}],"curies":[{"name":"wp","href":"https:\/\/api.w.org\/{rel}","templated":true}]}}