{"id":4099,"date":"2021-01-21T17:02:51","date_gmt":"2021-01-21T16:02:51","guid":{"rendered":"https:\/\/en3s.fr\/secudoc\/?page_id=4099"},"modified":"2022-01-19T16:11:09","modified_gmt":"2022-01-19T15:11:09","slug":"4099-2","status":"publish","type":"page","link":"https:\/\/en3s.fr\/secudoc\/produits-documentaires\/publications-en3s\/4099-2\/","title":{"rendered":"LES IMPACTS ORGANISATIONNELS DE LA R\u00c9FORME DE LA COMPL\u00c9MENTAIRE SANT\u00c9 SOLIDAIRE"},"content":{"rendered":"<blockquote>\n<p style=\"text-align: left;\"><a href=\"https:\/\/www.calameo.com\/read\/0043105044ec86419344b\" target=\"_blank\" rel=\"noopener noreferrer\"><em><img loading=\"lazy\" decoding=\"async\" class=\"wp-image-4189 alignleft\" src=\"https:\/\/en3s.fr\/secudoc\/wp-content\/uploads\/sites\/4\/2021\/04\/livret-ra-2020_page_10-1.jpg\" alt=\"\" width=\"270\" height=\"382\" srcset=\"https:\/\/en3s.fr\/secudoc\/wp-content\/uploads\/sites\/4\/2021\/04\/livret-ra-2020_page_10-1.jpg 1446w, https:\/\/en3s.fr\/secudoc\/wp-content\/uploads\/sites\/4\/2021\/04\/livret-ra-2020_page_10-1-768x1088.jpg 768w, https:\/\/en3s.fr\/secudoc\/wp-content\/uploads\/sites\/4\/2021\/04\/livret-ra-2020_page_10-1-275x390.jpg 275w, https:\/\/en3s.fr\/secudoc\/wp-content\/uploads\/sites\/4\/2021\/04\/livret-ra-2020_page_10-1-230x326.jpg 230w\" sizes=\"auto, (max-width: 270px) 100vw, 270px\" \/><\/em><\/a><em>Instruments de lutte contre les in\u00e9galit\u00e9s, la CMU et l\u2019ACS ont laiss\u00e9 leur place \u00e0 la Compl\u00e9mentaire sant\u00e9 solidaire (CSS) le 1er novembre 2020. Imagin\u00e9e avec l\u2019ambition de lever les freins \u00e0 l\u2019acc\u00e8s \u00e0 une compl\u00e9mentaire sant\u00e9 pour les publics les plus fragiles, la r\u00e9forme vise \u00e9galement \u00e0 am\u00e9liorer le taux de recours des pr\u00e9c\u00e9dents dispositifs en simplifiant les d\u00e9marches des assur\u00e9s. La mise en oeuvre de la r\u00e9forme au sein des organismes de S\u00e9curit\u00e9 sociale a \u00e9t\u00e9 r\u00e9alis\u00e9e dans un d\u00e9lai de quelques mois entre l\u2019annonce gouvernementale et l\u2019effectivit\u00e9 de son d\u00e9ploiement. [&#8230;] Un certain nombre de recommandations peuvent \u00eatre formul\u00e9es afin de rendre le dispositif pleinement efficace en mati\u00e8re d\u2019acc\u00e8s aux droits et aux soins. A titre d\u2019illustration, celles-ci tendent vers la cr\u00e9ation de p\u00f4les \u00e9largis charg\u00e9s du traitement de l\u2019ensemble de la situation de l\u2019assur\u00e9 avec la Mission d\u2019acc\u00e8s aux soins comme acteur central du d\u00e9veloppement de l\u2019acc\u00e8s aux soins.<\/em><\/p>\n<\/blockquote>\n<p style=\"text-align: center;\"><a href=\"https:\/\/www.calameo.com\/read\/0043105043bf3809bb1da\" target=\"_blank\" rel=\"noopener noreferrer\">Retrouvez l&rsquo;int\u00e9gralit\u00e9 du rapport<\/a><\/p>\n","protected":false},"excerpt":{"rendered":"<p>Instruments de lutte contre les in\u00e9galit\u00e9s, la CMU et l\u2019ACS ont laiss\u00e9 leur place \u00e0 la Compl\u00e9mentaire sant\u00e9 solidaire (CSS) le 1er novembre 2020. Imagin\u00e9e avec l\u2019ambition de lever les freins \u00e0 l\u2019acc\u00e8s \u00e0 une compl\u00e9mentaire sant\u00e9 pour les publics les plus fragiles, la r\u00e9forme vise \u00e9galement \u00e0 am\u00e9liorer le taux de recours des pr\u00e9c\u00e9dents [&hellip;]<\/p>\n","protected":false},"author":42,"featured_media":0,"parent":910,"menu_order":0,"comment_status":"closed","ping_status":"closed","template":"","meta":{"ngg_post_thumbnail":0,"footnotes":""},"class_list":["post-4099","page","type-page","status-publish","hentry"],"yoast_head":"<!-- This site is optimized with the Yoast SEO plugin v24.9 - https:\/\/yoast.com\/wordpress\/plugins\/seo\/ -->\n<title>LES IMPACTS ORGANISATIONNELS DE LA R\u00c9FORME DE LA COMPL\u00c9MENTAIRE SANT\u00c9 SOLIDAIRE - S\u00e9cu Doc<\/title>\n<meta name=\"description\" content=\"Instruments de lutte contre les in\u00e9galit\u00e9s, la CMU et l\u2019ACS ont laiss\u00e9 leur place \u00e0 la Compl\u00e9mentaire sant\u00e9 solidaire (CSS) le 1er novembre 2020. Imagin\u00e9e\" \/>\n<meta name=\"robots\" content=\"index, follow, max-snippet:-1, max-image-preview:large, max-video-preview:-1\" \/>\n<link rel=\"canonical\" href=\"https:\/\/en3s.fr\/secudoc\/produits-documentaires\/publications-en3s\/4099-2\/\" \/>\n<meta property=\"og:locale\" content=\"fr_FR\" \/>\n<meta property=\"og:type\" content=\"article\" \/>\n<meta property=\"og:title\" content=\"LES IMPACTS ORGANISATIONNELS DE LA R\u00c9FORME DE LA COMPL\u00c9MENTAIRE SANT\u00c9 SOLIDAIRE - S\u00e9cu Doc\" \/>\n<meta property=\"og:description\" content=\"Instruments de lutte contre les in\u00e9galit\u00e9s, la CMU et l\u2019ACS ont laiss\u00e9 leur place \u00e0 la Compl\u00e9mentaire sant\u00e9 solidaire (CSS) le 1er novembre 2020. Imagin\u00e9e\" \/>\n<meta property=\"og:url\" content=\"https:\/\/en3s.fr\/secudoc\/produits-documentaires\/publications-en3s\/4099-2\/\" \/>\n<meta property=\"og:site_name\" content=\"S\u00e9cu Doc\" \/>\n<meta property=\"article:modified_time\" content=\"2022-01-19T15:11:09+00:00\" \/>\n<meta property=\"og:image\" content=\"https:\/\/en3s.fr\/secudoc\/wp-content\/uploads\/sites\/4\/2021\/04\/livret-ra-2020_page_10-1.jpg\" \/>\n<meta name=\"twitter:card\" content=\"summary_large_image\" \/>\n<meta name=\"twitter:label1\" content=\"Dur\u00e9e de lecture estim\u00e9e\" \/>\n\t<meta name=\"twitter:data1\" content=\"1 minute\" \/>\n<script type=\"application\/ld+json\" class=\"yoast-schema-graph\">{\"@context\":\"https:\/\/schema.org\",\"@graph\":[{\"@type\":\"WebPage\",\"@id\":\"https:\/\/en3s.fr\/secudoc\/produits-documentaires\/publications-en3s\/4099-2\/\",\"url\":\"https:\/\/en3s.fr\/secudoc\/produits-documentaires\/publications-en3s\/4099-2\/\",\"name\":\"LES IMPACTS ORGANISATIONNELS DE LA R\u00c9FORME DE LA COMPL\u00c9MENTAIRE SANT\u00c9 SOLIDAIRE - S\u00e9cu Doc\",\"isPartOf\":{\"@id\":\"https:\/\/en3s.fr\/secudoc\/#website\"},\"primaryImageOfPage\":{\"@id\":\"https:\/\/en3s.fr\/secudoc\/produits-documentaires\/publications-en3s\/4099-2\/#primaryimage\"},\"image\":{\"@id\":\"https:\/\/en3s.fr\/secudoc\/produits-documentaires\/publications-en3s\/4099-2\/#primaryimage\"},\"thumbnailUrl\":\"https:\/\/en3s.fr\/secudoc\/wp-content\/uploads\/sites\/4\/2021\/04\/livret-ra-2020_page_10-1.jpg\",\"datePublished\":\"2021-01-21T16:02:51+00:00\",\"dateModified\":\"2022-01-19T15:11:09+00:00\",\"description\":\"Instruments de lutte contre les in\u00e9galit\u00e9s, la CMU et l\u2019ACS ont laiss\u00e9 leur place \u00e0 la Compl\u00e9mentaire sant\u00e9 solidaire (CSS) le 1er novembre 2020. Imagin\u00e9e\",\"breadcrumb\":{\"@id\":\"https:\/\/en3s.fr\/secudoc\/produits-documentaires\/publications-en3s\/4099-2\/#breadcrumb\"},\"inLanguage\":\"fr-FR\",\"potentialAction\":[{\"@type\":\"ReadAction\",\"target\":[\"https:\/\/en3s.fr\/secudoc\/produits-documentaires\/publications-en3s\/4099-2\/\"]}]},{\"@type\":\"ImageObject\",\"inLanguage\":\"fr-FR\",\"@id\":\"https:\/\/en3s.fr\/secudoc\/produits-documentaires\/publications-en3s\/4099-2\/#primaryimage\",\"url\":\"https:\/\/en3s.fr\/secudoc\/wp-content\/uploads\/sites\/4\/2021\/04\/livret-ra-2020_page_10-1.jpg\",\"contentUrl\":\"https:\/\/en3s.fr\/secudoc\/wp-content\/uploads\/sites\/4\/2021\/04\/livret-ra-2020_page_10-1.jpg\",\"width\":1446,\"height\":2048},{\"@type\":\"BreadcrumbList\",\"@id\":\"https:\/\/en3s.fr\/secudoc\/produits-documentaires\/publications-en3s\/4099-2\/#breadcrumb\",\"itemListElement\":[{\"@type\":\"ListItem\",\"position\":1,\"name\":\"Accueil\",\"item\":\"https:\/\/en3s.fr\/secudoc\/\"},{\"@type\":\"ListItem\",\"position\":2,\"name\":\"Produits documentaires\",\"item\":\"https:\/\/en3s.fr\/secudoc\/produits-documentaires\/\"},{\"@type\":\"ListItem\",\"position\":3,\"name\":\"Publications EN3S\",\"item\":\"https:\/\/en3s.fr\/secudoc\/produits-documentaires\/publications-en3s\/\"},{\"@type\":\"ListItem\",\"position\":4,\"name\":\"LES IMPACTS ORGANISATIONNELS DE LA R\u00c9FORME DE LA COMPL\u00c9MENTAIRE SANT\u00c9 SOLIDAIRE\"}]},{\"@type\":\"WebSite\",\"@id\":\"https:\/\/en3s.fr\/secudoc\/#website\",\"url\":\"https:\/\/en3s.fr\/secudoc\/\",\"name\":\"S\u00e9cu Doc\",\"description\":\"Centre de ressources de la S\u00e9curit\u00e9 sociale\",\"potentialAction\":[{\"@type\":\"SearchAction\",\"target\":{\"@type\":\"EntryPoint\",\"urlTemplate\":\"https:\/\/en3s.fr\/secudoc\/?s={search_term_string}\"},\"query-input\":{\"@type\":\"PropertyValueSpecification\",\"valueRequired\":true,\"valueName\":\"search_term_string\"}}],\"inLanguage\":\"fr-FR\"}]}<\/script>\n<!-- \/ Yoast SEO plugin. -->","yoast_head_json":{"title":"LES IMPACTS ORGANISATIONNELS DE LA R\u00c9FORME DE LA COMPL\u00c9MENTAIRE SANT\u00c9 SOLIDAIRE - S\u00e9cu Doc","description":"Instruments de lutte contre les in\u00e9galit\u00e9s, la CMU et l\u2019ACS ont laiss\u00e9 leur place \u00e0 la Compl\u00e9mentaire sant\u00e9 solidaire (CSS) le 1er novembre 2020. Imagin\u00e9e","robots":{"index":"index","follow":"follow","max-snippet":"max-snippet:-1","max-image-preview":"max-image-preview:large","max-video-preview":"max-video-preview:-1"},"canonical":"https:\/\/en3s.fr\/secudoc\/produits-documentaires\/publications-en3s\/4099-2\/","og_locale":"fr_FR","og_type":"article","og_title":"LES IMPACTS ORGANISATIONNELS DE LA R\u00c9FORME DE LA COMPL\u00c9MENTAIRE SANT\u00c9 SOLIDAIRE - S\u00e9cu Doc","og_description":"Instruments de lutte contre les in\u00e9galit\u00e9s, la CMU et l\u2019ACS ont laiss\u00e9 leur place \u00e0 la Compl\u00e9mentaire sant\u00e9 solidaire (CSS) le 1er novembre 2020. Imagin\u00e9e","og_url":"https:\/\/en3s.fr\/secudoc\/produits-documentaires\/publications-en3s\/4099-2\/","og_site_name":"S\u00e9cu Doc","article_modified_time":"2022-01-19T15:11:09+00:00","og_image":[{"url":"https:\/\/en3s.fr\/secudoc\/wp-content\/uploads\/sites\/4\/2021\/04\/livret-ra-2020_page_10-1.jpg","type":"","width":"","height":""}],"twitter_card":"summary_large_image","twitter_misc":{"Dur\u00e9e de lecture estim\u00e9e":"1 minute"},"schema":{"@context":"https:\/\/schema.org","@graph":[{"@type":"WebPage","@id":"https:\/\/en3s.fr\/secudoc\/produits-documentaires\/publications-en3s\/4099-2\/","url":"https:\/\/en3s.fr\/secudoc\/produits-documentaires\/publications-en3s\/4099-2\/","name":"LES IMPACTS ORGANISATIONNELS DE LA R\u00c9FORME DE LA COMPL\u00c9MENTAIRE SANT\u00c9 SOLIDAIRE - S\u00e9cu Doc","isPartOf":{"@id":"https:\/\/en3s.fr\/secudoc\/#website"},"primaryImageOfPage":{"@id":"https:\/\/en3s.fr\/secudoc\/produits-documentaires\/publications-en3s\/4099-2\/#primaryimage"},"image":{"@id":"https:\/\/en3s.fr\/secudoc\/produits-documentaires\/publications-en3s\/4099-2\/#primaryimage"},"thumbnailUrl":"https:\/\/en3s.fr\/secudoc\/wp-content\/uploads\/sites\/4\/2021\/04\/livret-ra-2020_page_10-1.jpg","datePublished":"2021-01-21T16:02:51+00:00","dateModified":"2022-01-19T15:11:09+00:00","description":"Instruments de lutte contre les in\u00e9galit\u00e9s, la CMU et l\u2019ACS ont laiss\u00e9 leur place \u00e0 la Compl\u00e9mentaire sant\u00e9 solidaire (CSS) le 1er novembre 2020. Imagin\u00e9e","breadcrumb":{"@id":"https:\/\/en3s.fr\/secudoc\/produits-documentaires\/publications-en3s\/4099-2\/#breadcrumb"},"inLanguage":"fr-FR","potentialAction":[{"@type":"ReadAction","target":["https:\/\/en3s.fr\/secudoc\/produits-documentaires\/publications-en3s\/4099-2\/"]}]},{"@type":"ImageObject","inLanguage":"fr-FR","@id":"https:\/\/en3s.fr\/secudoc\/produits-documentaires\/publications-en3s\/4099-2\/#primaryimage","url":"https:\/\/en3s.fr\/secudoc\/wp-content\/uploads\/sites\/4\/2021\/04\/livret-ra-2020_page_10-1.jpg","contentUrl":"https:\/\/en3s.fr\/secudoc\/wp-content\/uploads\/sites\/4\/2021\/04\/livret-ra-2020_page_10-1.jpg","width":1446,"height":2048},{"@type":"BreadcrumbList","@id":"https:\/\/en3s.fr\/secudoc\/produits-documentaires\/publications-en3s\/4099-2\/#breadcrumb","itemListElement":[{"@type":"ListItem","position":1,"name":"Accueil","item":"https:\/\/en3s.fr\/secudoc\/"},{"@type":"ListItem","position":2,"name":"Produits documentaires","item":"https:\/\/en3s.fr\/secudoc\/produits-documentaires\/"},{"@type":"ListItem","position":3,"name":"Publications EN3S","item":"https:\/\/en3s.fr\/secudoc\/produits-documentaires\/publications-en3s\/"},{"@type":"ListItem","position":4,"name":"LES IMPACTS ORGANISATIONNELS DE LA R\u00c9FORME DE LA COMPL\u00c9MENTAIRE SANT\u00c9 SOLIDAIRE"}]},{"@type":"WebSite","@id":"https:\/\/en3s.fr\/secudoc\/#website","url":"https:\/\/en3s.fr\/secudoc\/","name":"S\u00e9cu Doc","description":"Centre de ressources de la S\u00e9curit\u00e9 sociale","potentialAction":[{"@type":"SearchAction","target":{"@type":"EntryPoint","urlTemplate":"https:\/\/en3s.fr\/secudoc\/?s={search_term_string}"},"query-input":{"@type":"PropertyValueSpecification","valueRequired":true,"valueName":"search_term_string"}}],"inLanguage":"fr-FR"}]}},"_links":{"self":[{"href":"https:\/\/en3s.fr\/secudoc\/wp-json\/wp\/v2\/pages\/4099","targetHints":{"allow":["GET"]}}],"collection":[{"href":"https:\/\/en3s.fr\/secudoc\/wp-json\/wp\/v2\/pages"}],"about":[{"href":"https:\/\/en3s.fr\/secudoc\/wp-json\/wp\/v2\/types\/page"}],"author":[{"embeddable":true,"href":"https:\/\/en3s.fr\/secudoc\/wp-json\/wp\/v2\/users\/42"}],"replies":[{"embeddable":true,"href":"https:\/\/en3s.fr\/secudoc\/wp-json\/wp\/v2\/comments?post=4099"}],"version-history":[{"count":0,"href":"https:\/\/en3s.fr\/secudoc\/wp-json\/wp\/v2\/pages\/4099\/revisions"}],"up":[{"embeddable":true,"href":"https:\/\/en3s.fr\/secudoc\/wp-json\/wp\/v2\/pages\/910"}],"wp:attachment":[{"href":"https:\/\/en3s.fr\/secudoc\/wp-json\/wp\/v2\/media?parent=4099"}],"curies":[{"name":"wp","href":"https:\/\/api.w.org\/{rel}","templated":true}]}}