{"id":4103,"date":"2021-01-21T17:06:26","date_gmt":"2021-01-21T16:06:26","guid":{"rendered":"https:\/\/en3s.fr\/secudoc\/?page_id=4103"},"modified":"2022-01-20T15:39:44","modified_gmt":"2022-01-20T14:39:44","slug":"4103-2","status":"publish","type":"page","link":"https:\/\/en3s.fr\/secudoc\/produits-documentaires\/publications-en3s\/4103-2\/","title":{"rendered":"LA RESPONSABILIT\u00c9 ENVIRONNEMENTALE DES POLITIQUES PUBLIQUES PORT\u00c9ES PAR LES CAISSES DE S\u00c9CURIT\u00c9 SOCIALE"},"content":{"rendered":"<blockquote>\n<p style=\"text-align: left\"><em><a href=\"https:\/\/fr.calameo.com\/read\/00431050497b9f00c4a9e\" target=\"_blank\" rel=\"noopener noreferrer\"><img loading=\"lazy\" decoding=\"async\" class=\"alignleft wp-image-4172\" src=\"https:\/\/en3s.fr\/secudoc\/wp-content\/uploads\/sites\/4\/2021\/04\/livret-ra-2020_page_11-1.jpg\" alt=\"\" width=\"270\" height=\"382\" srcset=\"https:\/\/en3s.fr\/secudoc\/wp-content\/uploads\/sites\/4\/2021\/04\/livret-ra-2020_page_11-1.jpg 1449w, https:\/\/en3s.fr\/secudoc\/wp-content\/uploads\/sites\/4\/2021\/04\/livret-ra-2020_page_11-1-768x1085.jpg 768w, https:\/\/en3s.fr\/secudoc\/wp-content\/uploads\/sites\/4\/2021\/04\/livret-ra-2020_page_11-1-275x389.jpg 275w, https:\/\/en3s.fr\/secudoc\/wp-content\/uploads\/sites\/4\/2021\/04\/livret-ra-2020_page_11-1-276x390.jpg 276w, https:\/\/en3s.fr\/secudoc\/wp-content\/uploads\/sites\/4\/2021\/04\/livret-ra-2020_page_11-1-230x325.jpg 230w\" sizes=\"auto, (max-width: 270px) 100vw, 270px\" \/><\/a>Les soci\u00e9t\u00e9s humaines sont aujourd\u2019hui confront\u00e9es \u00e0 une grave crise \u00e9cologique et environnementale qui constitue une menace in\u00e9dite pour les \u00e9cosyst\u00e8mes et pourrait affecter la possibilit\u00e9 pour les g\u00e9n\u00e9rations<br \/>\nfutures de poursuivre sur la voie du progr\u00e8s social. Compte tenu des liens forts existant entre soutenabilit\u00e9 de la protection sociale et niveau de d\u00e9veloppement \u00e9conomique, les d\u00e9s\u00e9quilibres climatiques et environnementaux repr\u00e9sentent un enjeu majeur pour la S\u00e9curit\u00e9 sociale. Dans ce contexte, les niveaux de la responsabilit\u00e9 environnementale par les caisses de S\u00e9curit\u00e9 sociale et les politiques publiques qu\u2019elles d\u00e9ploient apparaissent aujourd\u2019hui contrast\u00e9es.<br \/>\n[&#8230;] Les r\u00e9sultats concrets obtenus dans cette recherche-action repr\u00e9senteraient une opportunit\u00e9 forte de renouveler l\u2019image de la S\u00e9curit\u00e9 sociale aupr\u00e8s de ses usagers et partenaires.<\/em><\/p>\n<\/blockquote>\n<p style=\"text-align: center\"><a href=\"https:\/\/www.calameo.com\/read\/00431050405b848627b13\" target=\"_blank\" rel=\"noopener noreferrer\">Retrouvez l&rsquo;int\u00e9gralit\u00e9 du rapport<\/a><\/p>\n","protected":false},"excerpt":{"rendered":"<p>Les soci\u00e9t\u00e9s humaines sont aujourd\u2019hui confront\u00e9es \u00e0 une grave crise \u00e9cologique et environnementale qui constitue une menace in\u00e9dite pour les \u00e9cosyst\u00e8mes et pourrait affecter la possibilit\u00e9 pour les g\u00e9n\u00e9rations futures de poursuivre sur la voie du progr\u00e8s social. Compte tenu des liens forts existant entre soutenabilit\u00e9 de la protection sociale et niveau de d\u00e9veloppement \u00e9conomique, [&hellip;]<\/p>\n","protected":false},"author":42,"featured_media":0,"parent":910,"menu_order":0,"comment_status":"closed","ping_status":"closed","template":"","meta":{"ngg_post_thumbnail":0,"footnotes":""},"class_list":["post-4103","page","type-page","status-publish","hentry"],"yoast_head":"<!-- This site is optimized with the Yoast SEO plugin v24.9 - https:\/\/yoast.com\/wordpress\/plugins\/seo\/ -->\n<title>LA RESPONSABILIT\u00c9 ENVIRONNEMENTALE DES POLITIQUES PUBLIQUES PORT\u00c9ES PAR LES CAISSES DE S\u00c9CURIT\u00c9 SOCIALE - S\u00e9cu Doc<\/title>\n<meta name=\"description\" content=\"Les soci\u00e9t\u00e9s humaines sont aujourd\u2019hui confront\u00e9es \u00e0 une grave crise \u00e9cologique et environnementale qui constitue une menace in\u00e9dite pour les \u00e9cosyst\u00e8mes\" \/>\n<meta name=\"robots\" content=\"index, follow, max-snippet:-1, max-image-preview:large, max-video-preview:-1\" \/>\n<link rel=\"canonical\" href=\"https:\/\/en3s.fr\/secudoc\/produits-documentaires\/publications-en3s\/4103-2\/\" \/>\n<meta property=\"og:locale\" content=\"fr_FR\" \/>\n<meta property=\"og:type\" content=\"article\" \/>\n<meta property=\"og:title\" content=\"LA RESPONSABILIT\u00c9 ENVIRONNEMENTALE DES POLITIQUES PUBLIQUES PORT\u00c9ES PAR LES CAISSES DE S\u00c9CURIT\u00c9 SOCIALE - S\u00e9cu Doc\" \/>\n<meta property=\"og:description\" content=\"Les soci\u00e9t\u00e9s humaines sont aujourd\u2019hui confront\u00e9es \u00e0 une grave crise \u00e9cologique et environnementale qui constitue une menace in\u00e9dite pour les \u00e9cosyst\u00e8mes\" \/>\n<meta property=\"og:url\" content=\"https:\/\/en3s.fr\/secudoc\/produits-documentaires\/publications-en3s\/4103-2\/\" \/>\n<meta property=\"og:site_name\" content=\"S\u00e9cu Doc\" \/>\n<meta property=\"article:modified_time\" content=\"2022-01-20T14:39:44+00:00\" \/>\n<meta property=\"og:image\" content=\"https:\/\/en3s.fr\/secudoc\/wp-content\/uploads\/sites\/4\/2021\/04\/livret-ra-2020_page_11-1.jpg\" \/>\n<meta name=\"twitter:card\" content=\"summary_large_image\" \/>\n<meta name=\"twitter:label1\" content=\"Dur\u00e9e de lecture estim\u00e9e\" \/>\n\t<meta name=\"twitter:data1\" content=\"1 minute\" \/>\n<script type=\"application\/ld+json\" class=\"yoast-schema-graph\">{\"@context\":\"https:\/\/schema.org\",\"@graph\":[{\"@type\":\"WebPage\",\"@id\":\"https:\/\/en3s.fr\/secudoc\/produits-documentaires\/publications-en3s\/4103-2\/\",\"url\":\"https:\/\/en3s.fr\/secudoc\/produits-documentaires\/publications-en3s\/4103-2\/\",\"name\":\"LA RESPONSABILIT\u00c9 ENVIRONNEMENTALE DES POLITIQUES PUBLIQUES PORT\u00c9ES PAR LES CAISSES DE S\u00c9CURIT\u00c9 SOCIALE - S\u00e9cu Doc\",\"isPartOf\":{\"@id\":\"https:\/\/en3s.fr\/secudoc\/#website\"},\"primaryImageOfPage\":{\"@id\":\"https:\/\/en3s.fr\/secudoc\/produits-documentaires\/publications-en3s\/4103-2\/#primaryimage\"},\"image\":{\"@id\":\"https:\/\/en3s.fr\/secudoc\/produits-documentaires\/publications-en3s\/4103-2\/#primaryimage\"},\"thumbnailUrl\":\"https:\/\/en3s.fr\/secudoc\/wp-content\/uploads\/sites\/4\/2021\/04\/livret-ra-2020_page_11-1.jpg\",\"datePublished\":\"2021-01-21T16:06:26+00:00\",\"dateModified\":\"2022-01-20T14:39:44+00:00\",\"description\":\"Les soci\u00e9t\u00e9s humaines sont aujourd\u2019hui confront\u00e9es \u00e0 une grave crise \u00e9cologique et environnementale qui constitue une menace in\u00e9dite pour les \u00e9cosyst\u00e8mes\",\"breadcrumb\":{\"@id\":\"https:\/\/en3s.fr\/secudoc\/produits-documentaires\/publications-en3s\/4103-2\/#breadcrumb\"},\"inLanguage\":\"fr-FR\",\"potentialAction\":[{\"@type\":\"ReadAction\",\"target\":[\"https:\/\/en3s.fr\/secudoc\/produits-documentaires\/publications-en3s\/4103-2\/\"]}]},{\"@type\":\"ImageObject\",\"inLanguage\":\"fr-FR\",\"@id\":\"https:\/\/en3s.fr\/secudoc\/produits-documentaires\/publications-en3s\/4103-2\/#primaryimage\",\"url\":\"https:\/\/en3s.fr\/secudoc\/wp-content\/uploads\/sites\/4\/2021\/04\/livret-ra-2020_page_11-1.jpg\",\"contentUrl\":\"https:\/\/en3s.fr\/secudoc\/wp-content\/uploads\/sites\/4\/2021\/04\/livret-ra-2020_page_11-1.jpg\",\"width\":1449,\"height\":2048},{\"@type\":\"BreadcrumbList\",\"@id\":\"https:\/\/en3s.fr\/secudoc\/produits-documentaires\/publications-en3s\/4103-2\/#breadcrumb\",\"itemListElement\":[{\"@type\":\"ListItem\",\"position\":1,\"name\":\"Accueil\",\"item\":\"https:\/\/en3s.fr\/secudoc\/\"},{\"@type\":\"ListItem\",\"position\":2,\"name\":\"Produits documentaires\",\"item\":\"https:\/\/en3s.fr\/secudoc\/produits-documentaires\/\"},{\"@type\":\"ListItem\",\"position\":3,\"name\":\"Publications EN3S\",\"item\":\"https:\/\/en3s.fr\/secudoc\/produits-documentaires\/publications-en3s\/\"},{\"@type\":\"ListItem\",\"position\":4,\"name\":\"LA RESPONSABILIT\u00c9 ENVIRONNEMENTALE DES POLITIQUES PUBLIQUES PORT\u00c9ES PAR LES CAISSES DE S\u00c9CURIT\u00c9 SOCIALE\"}]},{\"@type\":\"WebSite\",\"@id\":\"https:\/\/en3s.fr\/secudoc\/#website\",\"url\":\"https:\/\/en3s.fr\/secudoc\/\",\"name\":\"S\u00e9cu Doc\",\"description\":\"Centre de ressources de la S\u00e9curit\u00e9 sociale\",\"potentialAction\":[{\"@type\":\"SearchAction\",\"target\":{\"@type\":\"EntryPoint\",\"urlTemplate\":\"https:\/\/en3s.fr\/secudoc\/?s={search_term_string}\"},\"query-input\":{\"@type\":\"PropertyValueSpecification\",\"valueRequired\":true,\"valueName\":\"search_term_string\"}}],\"inLanguage\":\"fr-FR\"}]}<\/script>\n<!-- \/ Yoast SEO plugin. -->","yoast_head_json":{"title":"LA RESPONSABILIT\u00c9 ENVIRONNEMENTALE DES POLITIQUES PUBLIQUES PORT\u00c9ES PAR LES CAISSES DE S\u00c9CURIT\u00c9 SOCIALE - S\u00e9cu Doc","description":"Les soci\u00e9t\u00e9s humaines sont aujourd\u2019hui confront\u00e9es \u00e0 une grave crise \u00e9cologique et environnementale qui constitue une menace in\u00e9dite pour les \u00e9cosyst\u00e8mes","robots":{"index":"index","follow":"follow","max-snippet":"max-snippet:-1","max-image-preview":"max-image-preview:large","max-video-preview":"max-video-preview:-1"},"canonical":"https:\/\/en3s.fr\/secudoc\/produits-documentaires\/publications-en3s\/4103-2\/","og_locale":"fr_FR","og_type":"article","og_title":"LA RESPONSABILIT\u00c9 ENVIRONNEMENTALE DES POLITIQUES PUBLIQUES PORT\u00c9ES PAR LES CAISSES DE S\u00c9CURIT\u00c9 SOCIALE - S\u00e9cu Doc","og_description":"Les soci\u00e9t\u00e9s humaines sont aujourd\u2019hui confront\u00e9es \u00e0 une grave crise \u00e9cologique et environnementale qui constitue une menace in\u00e9dite pour les \u00e9cosyst\u00e8mes","og_url":"https:\/\/en3s.fr\/secudoc\/produits-documentaires\/publications-en3s\/4103-2\/","og_site_name":"S\u00e9cu Doc","article_modified_time":"2022-01-20T14:39:44+00:00","og_image":[{"url":"https:\/\/en3s.fr\/secudoc\/wp-content\/uploads\/sites\/4\/2021\/04\/livret-ra-2020_page_11-1.jpg","type":"","width":"","height":""}],"twitter_card":"summary_large_image","twitter_misc":{"Dur\u00e9e de lecture estim\u00e9e":"1 minute"},"schema":{"@context":"https:\/\/schema.org","@graph":[{"@type":"WebPage","@id":"https:\/\/en3s.fr\/secudoc\/produits-documentaires\/publications-en3s\/4103-2\/","url":"https:\/\/en3s.fr\/secudoc\/produits-documentaires\/publications-en3s\/4103-2\/","name":"LA RESPONSABILIT\u00c9 ENVIRONNEMENTALE DES POLITIQUES PUBLIQUES PORT\u00c9ES PAR LES CAISSES DE S\u00c9CURIT\u00c9 SOCIALE - S\u00e9cu Doc","isPartOf":{"@id":"https:\/\/en3s.fr\/secudoc\/#website"},"primaryImageOfPage":{"@id":"https:\/\/en3s.fr\/secudoc\/produits-documentaires\/publications-en3s\/4103-2\/#primaryimage"},"image":{"@id":"https:\/\/en3s.fr\/secudoc\/produits-documentaires\/publications-en3s\/4103-2\/#primaryimage"},"thumbnailUrl":"https:\/\/en3s.fr\/secudoc\/wp-content\/uploads\/sites\/4\/2021\/04\/livret-ra-2020_page_11-1.jpg","datePublished":"2021-01-21T16:06:26+00:00","dateModified":"2022-01-20T14:39:44+00:00","description":"Les soci\u00e9t\u00e9s humaines sont aujourd\u2019hui confront\u00e9es \u00e0 une grave crise \u00e9cologique et environnementale qui constitue une menace in\u00e9dite pour les \u00e9cosyst\u00e8mes","breadcrumb":{"@id":"https:\/\/en3s.fr\/secudoc\/produits-documentaires\/publications-en3s\/4103-2\/#breadcrumb"},"inLanguage":"fr-FR","potentialAction":[{"@type":"ReadAction","target":["https:\/\/en3s.fr\/secudoc\/produits-documentaires\/publications-en3s\/4103-2\/"]}]},{"@type":"ImageObject","inLanguage":"fr-FR","@id":"https:\/\/en3s.fr\/secudoc\/produits-documentaires\/publications-en3s\/4103-2\/#primaryimage","url":"https:\/\/en3s.fr\/secudoc\/wp-content\/uploads\/sites\/4\/2021\/04\/livret-ra-2020_page_11-1.jpg","contentUrl":"https:\/\/en3s.fr\/secudoc\/wp-content\/uploads\/sites\/4\/2021\/04\/livret-ra-2020_page_11-1.jpg","width":1449,"height":2048},{"@type":"BreadcrumbList","@id":"https:\/\/en3s.fr\/secudoc\/produits-documentaires\/publications-en3s\/4103-2\/#breadcrumb","itemListElement":[{"@type":"ListItem","position":1,"name":"Accueil","item":"https:\/\/en3s.fr\/secudoc\/"},{"@type":"ListItem","position":2,"name":"Produits documentaires","item":"https:\/\/en3s.fr\/secudoc\/produits-documentaires\/"},{"@type":"ListItem","position":3,"name":"Publications EN3S","item":"https:\/\/en3s.fr\/secudoc\/produits-documentaires\/publications-en3s\/"},{"@type":"ListItem","position":4,"name":"LA RESPONSABILIT\u00c9 ENVIRONNEMENTALE DES POLITIQUES PUBLIQUES PORT\u00c9ES PAR LES CAISSES DE S\u00c9CURIT\u00c9 SOCIALE"}]},{"@type":"WebSite","@id":"https:\/\/en3s.fr\/secudoc\/#website","url":"https:\/\/en3s.fr\/secudoc\/","name":"S\u00e9cu Doc","description":"Centre de ressources de la S\u00e9curit\u00e9 sociale","potentialAction":[{"@type":"SearchAction","target":{"@type":"EntryPoint","urlTemplate":"https:\/\/en3s.fr\/secudoc\/?s={search_term_string}"},"query-input":{"@type":"PropertyValueSpecification","valueRequired":true,"valueName":"search_term_string"}}],"inLanguage":"fr-FR"}]}},"_links":{"self":[{"href":"https:\/\/en3s.fr\/secudoc\/wp-json\/wp\/v2\/pages\/4103","targetHints":{"allow":["GET"]}}],"collection":[{"href":"https:\/\/en3s.fr\/secudoc\/wp-json\/wp\/v2\/pages"}],"about":[{"href":"https:\/\/en3s.fr\/secudoc\/wp-json\/wp\/v2\/types\/page"}],"author":[{"embeddable":true,"href":"https:\/\/en3s.fr\/secudoc\/wp-json\/wp\/v2\/users\/42"}],"replies":[{"embeddable":true,"href":"https:\/\/en3s.fr\/secudoc\/wp-json\/wp\/v2\/comments?post=4103"}],"version-history":[{"count":0,"href":"https:\/\/en3s.fr\/secudoc\/wp-json\/wp\/v2\/pages\/4103\/revisions"}],"up":[{"embeddable":true,"href":"https:\/\/en3s.fr\/secudoc\/wp-json\/wp\/v2\/pages\/910"}],"wp:attachment":[{"href":"https:\/\/en3s.fr\/secudoc\/wp-json\/wp\/v2\/media?parent=4103"}],"curies":[{"name":"wp","href":"https:\/\/api.w.org\/{rel}","templated":true}]}}