{"id":4107,"date":"2021-01-21T17:10:09","date_gmt":"2021-01-21T16:10:09","guid":{"rendered":"https:\/\/en3s.fr\/secudoc\/?page_id=4107"},"modified":"2022-01-20T15:40:50","modified_gmt":"2022-01-20T14:40:50","slug":"4107-2","status":"publish","type":"page","link":"https:\/\/en3s.fr\/secudoc\/produits-documentaires\/publications-en3s\/4107-2\/","title":{"rendered":"BENCHMARK ET MODALIT\u00c9S DE TRANSPOSITION POSSIBLES \u00c0 L\u2019ASSURANCE MALADIE DE STRAT\u00c9GIES INNOVANTES EN MATI\u00c8RE D\u2019ACCOMPAGNEMENT"},"content":{"rendered":"<h3><\/h3>\n<blockquote>\n<p style=\"text-align: left\"><a href=\"https:\/\/www.calameo.com\/read\/004310504fca58a10208c\" target=\"_blank\" rel=\"noopener noreferrer\"><img loading=\"lazy\" decoding=\"async\" class=\"alignleft wp-image-4167\" src=\"https:\/\/en3s.fr\/secudoc\/wp-content\/uploads\/sites\/4\/2021\/04\/livret-ra-2020_page_12.jpg\" alt=\"\" width=\"270\" height=\"382\" srcset=\"https:\/\/en3s.fr\/secudoc\/wp-content\/uploads\/sites\/4\/2021\/04\/livret-ra-2020_page_12.jpg 1448w, https:\/\/en3s.fr\/secudoc\/wp-content\/uploads\/sites\/4\/2021\/04\/livret-ra-2020_page_12-768x1086.jpg 768w, https:\/\/en3s.fr\/secudoc\/wp-content\/uploads\/sites\/4\/2021\/04\/livret-ra-2020_page_12-275x389.jpg 275w, https:\/\/en3s.fr\/secudoc\/wp-content\/uploads\/sites\/4\/2021\/04\/livret-ra-2020_page_12-276x390.jpg 276w, https:\/\/en3s.fr\/secudoc\/wp-content\/uploads\/sites\/4\/2021\/04\/livret-ra-2020_page_12-230x325.jpg 230w\" sizes=\"auto, (max-width: 270px) 100vw, 270px\" \/><\/a>\u00ab Pr\u00e8s d\u2019un cinqui\u00e8me des d\u00e9penses de sant\u00e9 apportent une contribution nulle, ou tr\u00e8s limit\u00e9e \u00e0 l\u2019am\u00e9lioration de l\u2019\u00e9tat de sant\u00e9 de la population \u00bb. \u00ab Selon une \u00e9tude am\u00e9ricaine, chaque euro investi en pr\u00e9vention et en promotion de la sant\u00e9 permettrait d\u2019\u00e9conomiser 5,60 \u20ac sur les d\u00e9penses de soins de sant\u00e9 \u00bb. Ces deux extraits issus du rapport illustrent d\u2019une part, l\u2019importance de la pertinence des soins et d\u2019autre part l\u2019enjeu que repr\u00e9sente la pr\u00e9vention au-del\u00e0 de ses seuls effets sur la sant\u00e9 des populations.<\/p>\n<\/blockquote>\n<p style=\"text-align: center\"><a href=\"https:\/\/www.calameo.com\/read\/0043105047d77770d4dc6\" target=\"_blank\" rel=\"noopener noreferrer\">Retrouvez l&rsquo;int\u00e9gralit\u00e9 du rapport<\/a><\/p>\n<p>&nbsp;<\/p>\n","protected":false},"excerpt":{"rendered":"<p>\u00ab Pr\u00e8s d\u2019un cinqui\u00e8me des d\u00e9penses de sant\u00e9 apportent une contribution nulle, ou tr\u00e8s limit\u00e9e \u00e0 l\u2019am\u00e9lioration de l\u2019\u00e9tat de sant\u00e9 de la population \u00bb. \u00ab Selon une \u00e9tude am\u00e9ricaine, chaque euro investi en pr\u00e9vention et en promotion de la sant\u00e9 permettrait d\u2019\u00e9conomiser 5,60 \u20ac sur les d\u00e9penses de soins de sant\u00e9 \u00bb. Ces deux [&hellip;]<\/p>\n","protected":false},"author":42,"featured_media":0,"parent":910,"menu_order":0,"comment_status":"closed","ping_status":"closed","template":"","meta":{"ngg_post_thumbnail":0,"footnotes":""},"class_list":["post-4107","page","type-page","status-publish","hentry"],"yoast_head":"<!-- This site is optimized with the Yoast SEO plugin v24.9 - https:\/\/yoast.com\/wordpress\/plugins\/seo\/ -->\n<title>BENCHMARK ET MODALIT\u00c9S DE TRANSPOSITION POSSIBLES \u00c0 L\u2019ASSURANCE MALADIE DE STRAT\u00c9GIES INNOVANTES EN MATI\u00c8RE D\u2019ACCOMPAGNEMENT - S\u00e9cu Doc<\/title>\n<meta name=\"description\" content=\"\u00ab Pr\u00e8s d\u2019un cinqui\u00e8me des d\u00e9penses de sant\u00e9 apportent une contribution nulle, ou tr\u00e8s limit\u00e9e \u00e0 l\u2019am\u00e9lioration de l\u2019\u00e9tat de sant\u00e9 de la population \u00bb. \u00ab\" \/>\n<meta name=\"robots\" content=\"index, follow, max-snippet:-1, max-image-preview:large, max-video-preview:-1\" \/>\n<link rel=\"canonical\" href=\"https:\/\/en3s.fr\/secudoc\/produits-documentaires\/publications-en3s\/4107-2\/\" \/>\n<meta property=\"og:locale\" content=\"fr_FR\" \/>\n<meta property=\"og:type\" content=\"article\" \/>\n<meta property=\"og:title\" content=\"BENCHMARK ET MODALIT\u00c9S DE TRANSPOSITION POSSIBLES \u00c0 L\u2019ASSURANCE MALADIE DE STRAT\u00c9GIES INNOVANTES EN MATI\u00c8RE D\u2019ACCOMPAGNEMENT - S\u00e9cu Doc\" \/>\n<meta property=\"og:description\" content=\"\u00ab Pr\u00e8s d\u2019un cinqui\u00e8me des d\u00e9penses de sant\u00e9 apportent une contribution nulle, ou tr\u00e8s limit\u00e9e \u00e0 l\u2019am\u00e9lioration de l\u2019\u00e9tat de sant\u00e9 de la population \u00bb. \u00ab\" \/>\n<meta property=\"og:url\" content=\"https:\/\/en3s.fr\/secudoc\/produits-documentaires\/publications-en3s\/4107-2\/\" \/>\n<meta property=\"og:site_name\" content=\"S\u00e9cu Doc\" \/>\n<meta property=\"article:modified_time\" content=\"2022-01-20T14:40:50+00:00\" \/>\n<meta property=\"og:image\" content=\"https:\/\/en3s.fr\/secudoc\/wp-content\/uploads\/sites\/4\/2021\/04\/livret-ra-2020_page_12.jpg\" \/>\n<meta name=\"twitter:card\" content=\"summary_large_image\" \/>\n<meta name=\"twitter:label1\" content=\"Dur\u00e9e de lecture estim\u00e9e\" \/>\n\t<meta name=\"twitter:data1\" content=\"1 minute\" \/>\n<script type=\"application\/ld+json\" class=\"yoast-schema-graph\">{\"@context\":\"https:\/\/schema.org\",\"@graph\":[{\"@type\":\"WebPage\",\"@id\":\"https:\/\/en3s.fr\/secudoc\/produits-documentaires\/publications-en3s\/4107-2\/\",\"url\":\"https:\/\/en3s.fr\/secudoc\/produits-documentaires\/publications-en3s\/4107-2\/\",\"name\":\"BENCHMARK ET MODALIT\u00c9S DE TRANSPOSITION POSSIBLES \u00c0 L\u2019ASSURANCE MALADIE DE STRAT\u00c9GIES INNOVANTES EN MATI\u00c8RE D\u2019ACCOMPAGNEMENT - S\u00e9cu Doc\",\"isPartOf\":{\"@id\":\"https:\/\/en3s.fr\/secudoc\/#website\"},\"primaryImageOfPage\":{\"@id\":\"https:\/\/en3s.fr\/secudoc\/produits-documentaires\/publications-en3s\/4107-2\/#primaryimage\"},\"image\":{\"@id\":\"https:\/\/en3s.fr\/secudoc\/produits-documentaires\/publications-en3s\/4107-2\/#primaryimage\"},\"thumbnailUrl\":\"https:\/\/en3s.fr\/secudoc\/wp-content\/uploads\/sites\/4\/2021\/04\/livret-ra-2020_page_12.jpg\",\"datePublished\":\"2021-01-21T16:10:09+00:00\",\"dateModified\":\"2022-01-20T14:40:50+00:00\",\"description\":\"\u00ab Pr\u00e8s d\u2019un cinqui\u00e8me des d\u00e9penses de sant\u00e9 apportent une contribution nulle, ou tr\u00e8s limit\u00e9e \u00e0 l\u2019am\u00e9lioration de l\u2019\u00e9tat de sant\u00e9 de la population \u00bb. \u00ab\",\"breadcrumb\":{\"@id\":\"https:\/\/en3s.fr\/secudoc\/produits-documentaires\/publications-en3s\/4107-2\/#breadcrumb\"},\"inLanguage\":\"fr-FR\",\"potentialAction\":[{\"@type\":\"ReadAction\",\"target\":[\"https:\/\/en3s.fr\/secudoc\/produits-documentaires\/publications-en3s\/4107-2\/\"]}]},{\"@type\":\"ImageObject\",\"inLanguage\":\"fr-FR\",\"@id\":\"https:\/\/en3s.fr\/secudoc\/produits-documentaires\/publications-en3s\/4107-2\/#primaryimage\",\"url\":\"https:\/\/en3s.fr\/secudoc\/wp-content\/uploads\/sites\/4\/2021\/04\/livret-ra-2020_page_12.jpg\",\"contentUrl\":\"https:\/\/en3s.fr\/secudoc\/wp-content\/uploads\/sites\/4\/2021\/04\/livret-ra-2020_page_12.jpg\",\"width\":1448,\"height\":2048},{\"@type\":\"BreadcrumbList\",\"@id\":\"https:\/\/en3s.fr\/secudoc\/produits-documentaires\/publications-en3s\/4107-2\/#breadcrumb\",\"itemListElement\":[{\"@type\":\"ListItem\",\"position\":1,\"name\":\"Accueil\",\"item\":\"https:\/\/en3s.fr\/secudoc\/\"},{\"@type\":\"ListItem\",\"position\":2,\"name\":\"Produits documentaires\",\"item\":\"https:\/\/en3s.fr\/secudoc\/produits-documentaires\/\"},{\"@type\":\"ListItem\",\"position\":3,\"name\":\"Publications EN3S\",\"item\":\"https:\/\/en3s.fr\/secudoc\/produits-documentaires\/publications-en3s\/\"},{\"@type\":\"ListItem\",\"position\":4,\"name\":\"BENCHMARK ET MODALIT\u00c9S DE TRANSPOSITION POSSIBLES \u00c0 L\u2019ASSURANCE MALADIE DE STRAT\u00c9GIES INNOVANTES EN MATI\u00c8RE D\u2019ACCOMPAGNEMENT\"}]},{\"@type\":\"WebSite\",\"@id\":\"https:\/\/en3s.fr\/secudoc\/#website\",\"url\":\"https:\/\/en3s.fr\/secudoc\/\",\"name\":\"S\u00e9cu Doc\",\"description\":\"Centre de ressources de la S\u00e9curit\u00e9 sociale\",\"potentialAction\":[{\"@type\":\"SearchAction\",\"target\":{\"@type\":\"EntryPoint\",\"urlTemplate\":\"https:\/\/en3s.fr\/secudoc\/?s={search_term_string}\"},\"query-input\":{\"@type\":\"PropertyValueSpecification\",\"valueRequired\":true,\"valueName\":\"search_term_string\"}}],\"inLanguage\":\"fr-FR\"}]}<\/script>\n<!-- \/ Yoast SEO plugin. -->","yoast_head_json":{"title":"BENCHMARK ET MODALIT\u00c9S DE TRANSPOSITION POSSIBLES \u00c0 L\u2019ASSURANCE MALADIE DE STRAT\u00c9GIES INNOVANTES EN MATI\u00c8RE D\u2019ACCOMPAGNEMENT - S\u00e9cu Doc","description":"\u00ab Pr\u00e8s d\u2019un cinqui\u00e8me des d\u00e9penses de sant\u00e9 apportent une contribution nulle, ou tr\u00e8s limit\u00e9e \u00e0 l\u2019am\u00e9lioration de l\u2019\u00e9tat de sant\u00e9 de la population \u00bb. \u00ab","robots":{"index":"index","follow":"follow","max-snippet":"max-snippet:-1","max-image-preview":"max-image-preview:large","max-video-preview":"max-video-preview:-1"},"canonical":"https:\/\/en3s.fr\/secudoc\/produits-documentaires\/publications-en3s\/4107-2\/","og_locale":"fr_FR","og_type":"article","og_title":"BENCHMARK ET MODALIT\u00c9S DE TRANSPOSITION POSSIBLES \u00c0 L\u2019ASSURANCE MALADIE DE STRAT\u00c9GIES INNOVANTES EN MATI\u00c8RE D\u2019ACCOMPAGNEMENT - S\u00e9cu Doc","og_description":"\u00ab Pr\u00e8s d\u2019un cinqui\u00e8me des d\u00e9penses de sant\u00e9 apportent une contribution nulle, ou tr\u00e8s limit\u00e9e \u00e0 l\u2019am\u00e9lioration de l\u2019\u00e9tat de sant\u00e9 de la population \u00bb. \u00ab","og_url":"https:\/\/en3s.fr\/secudoc\/produits-documentaires\/publications-en3s\/4107-2\/","og_site_name":"S\u00e9cu Doc","article_modified_time":"2022-01-20T14:40:50+00:00","og_image":[{"url":"https:\/\/en3s.fr\/secudoc\/wp-content\/uploads\/sites\/4\/2021\/04\/livret-ra-2020_page_12.jpg","type":"","width":"","height":""}],"twitter_card":"summary_large_image","twitter_misc":{"Dur\u00e9e de lecture estim\u00e9e":"1 minute"},"schema":{"@context":"https:\/\/schema.org","@graph":[{"@type":"WebPage","@id":"https:\/\/en3s.fr\/secudoc\/produits-documentaires\/publications-en3s\/4107-2\/","url":"https:\/\/en3s.fr\/secudoc\/produits-documentaires\/publications-en3s\/4107-2\/","name":"BENCHMARK ET MODALIT\u00c9S DE TRANSPOSITION POSSIBLES \u00c0 L\u2019ASSURANCE MALADIE DE STRAT\u00c9GIES INNOVANTES EN MATI\u00c8RE D\u2019ACCOMPAGNEMENT - S\u00e9cu Doc","isPartOf":{"@id":"https:\/\/en3s.fr\/secudoc\/#website"},"primaryImageOfPage":{"@id":"https:\/\/en3s.fr\/secudoc\/produits-documentaires\/publications-en3s\/4107-2\/#primaryimage"},"image":{"@id":"https:\/\/en3s.fr\/secudoc\/produits-documentaires\/publications-en3s\/4107-2\/#primaryimage"},"thumbnailUrl":"https:\/\/en3s.fr\/secudoc\/wp-content\/uploads\/sites\/4\/2021\/04\/livret-ra-2020_page_12.jpg","datePublished":"2021-01-21T16:10:09+00:00","dateModified":"2022-01-20T14:40:50+00:00","description":"\u00ab Pr\u00e8s d\u2019un cinqui\u00e8me des d\u00e9penses de sant\u00e9 apportent une contribution nulle, ou tr\u00e8s limit\u00e9e \u00e0 l\u2019am\u00e9lioration de l\u2019\u00e9tat de sant\u00e9 de la population \u00bb. \u00ab","breadcrumb":{"@id":"https:\/\/en3s.fr\/secudoc\/produits-documentaires\/publications-en3s\/4107-2\/#breadcrumb"},"inLanguage":"fr-FR","potentialAction":[{"@type":"ReadAction","target":["https:\/\/en3s.fr\/secudoc\/produits-documentaires\/publications-en3s\/4107-2\/"]}]},{"@type":"ImageObject","inLanguage":"fr-FR","@id":"https:\/\/en3s.fr\/secudoc\/produits-documentaires\/publications-en3s\/4107-2\/#primaryimage","url":"https:\/\/en3s.fr\/secudoc\/wp-content\/uploads\/sites\/4\/2021\/04\/livret-ra-2020_page_12.jpg","contentUrl":"https:\/\/en3s.fr\/secudoc\/wp-content\/uploads\/sites\/4\/2021\/04\/livret-ra-2020_page_12.jpg","width":1448,"height":2048},{"@type":"BreadcrumbList","@id":"https:\/\/en3s.fr\/secudoc\/produits-documentaires\/publications-en3s\/4107-2\/#breadcrumb","itemListElement":[{"@type":"ListItem","position":1,"name":"Accueil","item":"https:\/\/en3s.fr\/secudoc\/"},{"@type":"ListItem","position":2,"name":"Produits documentaires","item":"https:\/\/en3s.fr\/secudoc\/produits-documentaires\/"},{"@type":"ListItem","position":3,"name":"Publications EN3S","item":"https:\/\/en3s.fr\/secudoc\/produits-documentaires\/publications-en3s\/"},{"@type":"ListItem","position":4,"name":"BENCHMARK ET MODALIT\u00c9S DE TRANSPOSITION POSSIBLES \u00c0 L\u2019ASSURANCE MALADIE DE STRAT\u00c9GIES INNOVANTES EN MATI\u00c8RE D\u2019ACCOMPAGNEMENT"}]},{"@type":"WebSite","@id":"https:\/\/en3s.fr\/secudoc\/#website","url":"https:\/\/en3s.fr\/secudoc\/","name":"S\u00e9cu Doc","description":"Centre de ressources de la S\u00e9curit\u00e9 sociale","potentialAction":[{"@type":"SearchAction","target":{"@type":"EntryPoint","urlTemplate":"https:\/\/en3s.fr\/secudoc\/?s={search_term_string}"},"query-input":{"@type":"PropertyValueSpecification","valueRequired":true,"valueName":"search_term_string"}}],"inLanguage":"fr-FR"}]}},"_links":{"self":[{"href":"https:\/\/en3s.fr\/secudoc\/wp-json\/wp\/v2\/pages\/4107","targetHints":{"allow":["GET"]}}],"collection":[{"href":"https:\/\/en3s.fr\/secudoc\/wp-json\/wp\/v2\/pages"}],"about":[{"href":"https:\/\/en3s.fr\/secudoc\/wp-json\/wp\/v2\/types\/page"}],"author":[{"embeddable":true,"href":"https:\/\/en3s.fr\/secudoc\/wp-json\/wp\/v2\/users\/42"}],"replies":[{"embeddable":true,"href":"https:\/\/en3s.fr\/secudoc\/wp-json\/wp\/v2\/comments?post=4107"}],"version-history":[{"count":0,"href":"https:\/\/en3s.fr\/secudoc\/wp-json\/wp\/v2\/pages\/4107\/revisions"}],"up":[{"embeddable":true,"href":"https:\/\/en3s.fr\/secudoc\/wp-json\/wp\/v2\/pages\/910"}],"wp:attachment":[{"href":"https:\/\/en3s.fr\/secudoc\/wp-json\/wp\/v2\/media?parent=4107"}],"curies":[{"name":"wp","href":"https:\/\/api.w.org\/{rel}","templated":true}]}}