{"id":4258,"date":"2022-02-17T17:26:20","date_gmt":"2022-02-17T16:26:20","guid":{"rendered":"https:\/\/en3s.fr\/secudoc\/?page_id=4258"},"modified":"2022-02-17T17:26:20","modified_gmt":"2022-02-17T16:26:20","slug":"ameliorer-lacces-aux-droits-des-jeunes-18-25-ans-quelles-voies-dacces-renforcer-quelles-voies-ouvrir","status":"publish","type":"page","link":"https:\/\/en3s.fr\/secudoc\/produits-documentaires\/publications-en3s\/ameliorer-lacces-aux-droits-des-jeunes-18-25-ans-quelles-voies-dacces-renforcer-quelles-voies-ouvrir\/","title":{"rendered":"AM\u00c9LIORER L\u2019ACC\u00c8S AUX DROITS DES JEUNES, 18-25 ANS : QUELLE(S) VOIE(S) D\u2019ACC\u00c8S RENFORCER, QUELLE(S) VOIE(S) OUVRIR ?"},"content":{"rendered":"<blockquote><p><span style=\"font-size: 10.5pt\"><strong>Cinquante-deux dispositifs ou aides financi\u00e8res visent \u00e0 aider les jeunes \u00e0 r\u00e9pondre \u00e0 leurs besoins sociaux et \u00e0 faciliter la transition de l\u2019enfance vers l\u2019\u00e2ge adulte. Pourtant, les jeunes sont dans une situation d\u00e9grad\u00e9e par rapport au reste de la population\u00a0: l\u2019\u00e2ge du premier emploi en CDI recule, leurs taux de ch\u00f4mage et de pauvret\u00e9 sont \u00e9lev\u00e9s. La complexit\u00e9 et l\u2019inadaptation des voies d\u2019acc\u00e8s aux droits sociaux qui leur sont ouverts sont en cause.<\/strong><\/span><\/p><\/blockquote>\n<p style=\"text-align: center\">\n<p><iframe loading=\"lazy\" title=\"R.A n\u00b01 : AM\u00c9LIORER L\u2019ACC\u00c8S AUX DROITS DES JEUNES (18-25 ANS) [...]\" width=\"500\" height=\"281\" src=\"https:\/\/www.youtube.com\/embed\/lhoHG6Ueo10?feature=oembed\" frameborder=\"0\" allow=\"accelerometer; autoplay; clipboard-write; encrypted-media; gyroscope; picture-in-picture; web-share\" referrerpolicy=\"strict-origin-when-cross-origin\" allowfullscreen><\/iframe><\/p>\n<p style=\"text-align: right\"><a class=\"button\" href=\"https:\/\/www.calameo.com\/read\/00431050416cd12d39f57\" target=\"_blank\" rel=\"noopener\">Retrouvez l&rsquo;int\u00e9gralit\u00e9 du rapport<\/a><\/p>\n","protected":false},"excerpt":{"rendered":"<p>Cinquante-deux dispositifs ou aides financi\u00e8res visent \u00e0 aider les jeunes \u00e0 r\u00e9pondre \u00e0 leurs besoins sociaux et \u00e0 faciliter la transition de l\u2019enfance vers l\u2019\u00e2ge adulte. Pourtant, les jeunes sont dans une situation d\u00e9grad\u00e9e par rapport au reste de la population\u00a0: l\u2019\u00e2ge du premier emploi en CDI recule, leurs taux de ch\u00f4mage et de pauvret\u00e9 [&hellip;]<\/p>\n","protected":false},"author":42,"featured_media":0,"parent":910,"menu_order":0,"comment_status":"closed","ping_status":"closed","template":"","meta":{"ngg_post_thumbnail":0,"footnotes":""},"class_list":["post-4258","page","type-page","status-publish","hentry"],"yoast_head":"<!-- This site is optimized with the Yoast SEO plugin v24.9 - https:\/\/yoast.com\/wordpress\/plugins\/seo\/ -->\n<title>AM\u00c9LIORER L\u2019ACC\u00c8S AUX DROITS DES JEUNES, 18-25 ANS : QUELLE(S) VOIE(S) D\u2019ACC\u00c8S RENFORCER, QUELLE(S) VOIE(S) OUVRIR ? - S\u00e9cu Doc<\/title>\n<meta name=\"description\" content=\"Cinquante-deux dispositifs ou aides financi\u00e8res visent \u00e0 aider les jeunes \u00e0 r\u00e9pondre \u00e0 leurs besoins sociaux et \u00e0 faciliter la transition de l\u2019enfance\" \/>\n<meta name=\"robots\" content=\"index, follow, max-snippet:-1, max-image-preview:large, max-video-preview:-1\" \/>\n<link rel=\"canonical\" href=\"https:\/\/en3s.fr\/secudoc\/produits-documentaires\/publications-en3s\/ameliorer-lacces-aux-droits-des-jeunes-18-25-ans-quelles-voies-dacces-renforcer-quelles-voies-ouvrir\/\" \/>\n<meta property=\"og:locale\" content=\"fr_FR\" \/>\n<meta property=\"og:type\" content=\"article\" \/>\n<meta property=\"og:title\" content=\"AM\u00c9LIORER L\u2019ACC\u00c8S AUX DROITS DES JEUNES, 18-25 ANS : QUELLE(S) VOIE(S) D\u2019ACC\u00c8S RENFORCER, QUELLE(S) VOIE(S) OUVRIR ? - S\u00e9cu Doc\" \/>\n<meta property=\"og:description\" content=\"Cinquante-deux dispositifs ou aides financi\u00e8res visent \u00e0 aider les jeunes \u00e0 r\u00e9pondre \u00e0 leurs besoins sociaux et \u00e0 faciliter la transition de l\u2019enfance\" \/>\n<meta property=\"og:url\" content=\"https:\/\/en3s.fr\/secudoc\/produits-documentaires\/publications-en3s\/ameliorer-lacces-aux-droits-des-jeunes-18-25-ans-quelles-voies-dacces-renforcer-quelles-voies-ouvrir\/\" \/>\n<meta property=\"og:site_name\" content=\"S\u00e9cu Doc\" \/>\n<meta name=\"twitter:card\" content=\"summary_large_image\" \/>\n<meta name=\"twitter:label1\" content=\"Dur\u00e9e de lecture estim\u00e9e\" \/>\n\t<meta name=\"twitter:data1\" content=\"1 minute\" \/>\n<script type=\"application\/ld+json\" class=\"yoast-schema-graph\">{\"@context\":\"https:\/\/schema.org\",\"@graph\":[{\"@type\":\"WebPage\",\"@id\":\"https:\/\/en3s.fr\/secudoc\/produits-documentaires\/publications-en3s\/ameliorer-lacces-aux-droits-des-jeunes-18-25-ans-quelles-voies-dacces-renforcer-quelles-voies-ouvrir\/\",\"url\":\"https:\/\/en3s.fr\/secudoc\/produits-documentaires\/publications-en3s\/ameliorer-lacces-aux-droits-des-jeunes-18-25-ans-quelles-voies-dacces-renforcer-quelles-voies-ouvrir\/\",\"name\":\"AM\u00c9LIORER L\u2019ACC\u00c8S AUX DROITS DES JEUNES, 18-25 ANS : QUELLE(S) VOIE(S) D\u2019ACC\u00c8S RENFORCER, QUELLE(S) VOIE(S) OUVRIR ? - S\u00e9cu Doc\",\"isPartOf\":{\"@id\":\"https:\/\/en3s.fr\/secudoc\/#website\"},\"datePublished\":\"2022-02-17T16:26:20+00:00\",\"description\":\"Cinquante-deux dispositifs ou aides financi\u00e8res visent \u00e0 aider les jeunes \u00e0 r\u00e9pondre \u00e0 leurs besoins sociaux et \u00e0 faciliter la transition de l\u2019enfance\",\"breadcrumb\":{\"@id\":\"https:\/\/en3s.fr\/secudoc\/produits-documentaires\/publications-en3s\/ameliorer-lacces-aux-droits-des-jeunes-18-25-ans-quelles-voies-dacces-renforcer-quelles-voies-ouvrir\/#breadcrumb\"},\"inLanguage\":\"fr-FR\",\"potentialAction\":[{\"@type\":\"ReadAction\",\"target\":[\"https:\/\/en3s.fr\/secudoc\/produits-documentaires\/publications-en3s\/ameliorer-lacces-aux-droits-des-jeunes-18-25-ans-quelles-voies-dacces-renforcer-quelles-voies-ouvrir\/\"]}]},{\"@type\":\"BreadcrumbList\",\"@id\":\"https:\/\/en3s.fr\/secudoc\/produits-documentaires\/publications-en3s\/ameliorer-lacces-aux-droits-des-jeunes-18-25-ans-quelles-voies-dacces-renforcer-quelles-voies-ouvrir\/#breadcrumb\",\"itemListElement\":[{\"@type\":\"ListItem\",\"position\":1,\"name\":\"Accueil\",\"item\":\"https:\/\/en3s.fr\/secudoc\/\"},{\"@type\":\"ListItem\",\"position\":2,\"name\":\"Produits documentaires\",\"item\":\"https:\/\/en3s.fr\/secudoc\/produits-documentaires\/\"},{\"@type\":\"ListItem\",\"position\":3,\"name\":\"Publications EN3S\",\"item\":\"https:\/\/en3s.fr\/secudoc\/produits-documentaires\/publications-en3s\/\"},{\"@type\":\"ListItem\",\"position\":4,\"name\":\"AM\u00c9LIORER L\u2019ACC\u00c8S AUX DROITS DES JEUNES, 18-25 ANS : QUELLE(S) VOIE(S) D\u2019ACC\u00c8S RENFORCER, QUELLE(S) VOIE(S) OUVRIR ?\"}]},{\"@type\":\"WebSite\",\"@id\":\"https:\/\/en3s.fr\/secudoc\/#website\",\"url\":\"https:\/\/en3s.fr\/secudoc\/\",\"name\":\"S\u00e9cu Doc\",\"description\":\"Centre de ressources de la S\u00e9curit\u00e9 sociale\",\"potentialAction\":[{\"@type\":\"SearchAction\",\"target\":{\"@type\":\"EntryPoint\",\"urlTemplate\":\"https:\/\/en3s.fr\/secudoc\/?s={search_term_string}\"},\"query-input\":{\"@type\":\"PropertyValueSpecification\",\"valueRequired\":true,\"valueName\":\"search_term_string\"}}],\"inLanguage\":\"fr-FR\"}]}<\/script>\n<!-- \/ Yoast SEO plugin. -->","yoast_head_json":{"title":"AM\u00c9LIORER L\u2019ACC\u00c8S AUX DROITS DES JEUNES, 18-25 ANS : QUELLE(S) VOIE(S) D\u2019ACC\u00c8S RENFORCER, QUELLE(S) VOIE(S) OUVRIR ? - S\u00e9cu Doc","description":"Cinquante-deux dispositifs ou aides financi\u00e8res visent \u00e0 aider les jeunes \u00e0 r\u00e9pondre \u00e0 leurs besoins sociaux et \u00e0 faciliter la transition de l\u2019enfance","robots":{"index":"index","follow":"follow","max-snippet":"max-snippet:-1","max-image-preview":"max-image-preview:large","max-video-preview":"max-video-preview:-1"},"canonical":"https:\/\/en3s.fr\/secudoc\/produits-documentaires\/publications-en3s\/ameliorer-lacces-aux-droits-des-jeunes-18-25-ans-quelles-voies-dacces-renforcer-quelles-voies-ouvrir\/","og_locale":"fr_FR","og_type":"article","og_title":"AM\u00c9LIORER L\u2019ACC\u00c8S AUX DROITS DES JEUNES, 18-25 ANS : QUELLE(S) VOIE(S) D\u2019ACC\u00c8S RENFORCER, QUELLE(S) VOIE(S) OUVRIR ? - S\u00e9cu Doc","og_description":"Cinquante-deux dispositifs ou aides financi\u00e8res visent \u00e0 aider les jeunes \u00e0 r\u00e9pondre \u00e0 leurs besoins sociaux et \u00e0 faciliter la transition de l\u2019enfance","og_url":"https:\/\/en3s.fr\/secudoc\/produits-documentaires\/publications-en3s\/ameliorer-lacces-aux-droits-des-jeunes-18-25-ans-quelles-voies-dacces-renforcer-quelles-voies-ouvrir\/","og_site_name":"S\u00e9cu Doc","twitter_card":"summary_large_image","twitter_misc":{"Dur\u00e9e de lecture estim\u00e9e":"1 minute"},"schema":{"@context":"https:\/\/schema.org","@graph":[{"@type":"WebPage","@id":"https:\/\/en3s.fr\/secudoc\/produits-documentaires\/publications-en3s\/ameliorer-lacces-aux-droits-des-jeunes-18-25-ans-quelles-voies-dacces-renforcer-quelles-voies-ouvrir\/","url":"https:\/\/en3s.fr\/secudoc\/produits-documentaires\/publications-en3s\/ameliorer-lacces-aux-droits-des-jeunes-18-25-ans-quelles-voies-dacces-renforcer-quelles-voies-ouvrir\/","name":"AM\u00c9LIORER L\u2019ACC\u00c8S AUX DROITS DES JEUNES, 18-25 ANS : QUELLE(S) VOIE(S) D\u2019ACC\u00c8S RENFORCER, QUELLE(S) VOIE(S) OUVRIR ? - S\u00e9cu Doc","isPartOf":{"@id":"https:\/\/en3s.fr\/secudoc\/#website"},"datePublished":"2022-02-17T16:26:20+00:00","description":"Cinquante-deux dispositifs ou aides financi\u00e8res visent \u00e0 aider les jeunes \u00e0 r\u00e9pondre \u00e0 leurs besoins sociaux et \u00e0 faciliter la transition de l\u2019enfance","breadcrumb":{"@id":"https:\/\/en3s.fr\/secudoc\/produits-documentaires\/publications-en3s\/ameliorer-lacces-aux-droits-des-jeunes-18-25-ans-quelles-voies-dacces-renforcer-quelles-voies-ouvrir\/#breadcrumb"},"inLanguage":"fr-FR","potentialAction":[{"@type":"ReadAction","target":["https:\/\/en3s.fr\/secudoc\/produits-documentaires\/publications-en3s\/ameliorer-lacces-aux-droits-des-jeunes-18-25-ans-quelles-voies-dacces-renforcer-quelles-voies-ouvrir\/"]}]},{"@type":"BreadcrumbList","@id":"https:\/\/en3s.fr\/secudoc\/produits-documentaires\/publications-en3s\/ameliorer-lacces-aux-droits-des-jeunes-18-25-ans-quelles-voies-dacces-renforcer-quelles-voies-ouvrir\/#breadcrumb","itemListElement":[{"@type":"ListItem","position":1,"name":"Accueil","item":"https:\/\/en3s.fr\/secudoc\/"},{"@type":"ListItem","position":2,"name":"Produits documentaires","item":"https:\/\/en3s.fr\/secudoc\/produits-documentaires\/"},{"@type":"ListItem","position":3,"name":"Publications EN3S","item":"https:\/\/en3s.fr\/secudoc\/produits-documentaires\/publications-en3s\/"},{"@type":"ListItem","position":4,"name":"AM\u00c9LIORER L\u2019ACC\u00c8S AUX DROITS DES JEUNES, 18-25 ANS : QUELLE(S) VOIE(S) D\u2019ACC\u00c8S RENFORCER, QUELLE(S) VOIE(S) OUVRIR ?"}]},{"@type":"WebSite","@id":"https:\/\/en3s.fr\/secudoc\/#website","url":"https:\/\/en3s.fr\/secudoc\/","name":"S\u00e9cu Doc","description":"Centre de ressources de la S\u00e9curit\u00e9 sociale","potentialAction":[{"@type":"SearchAction","target":{"@type":"EntryPoint","urlTemplate":"https:\/\/en3s.fr\/secudoc\/?s={search_term_string}"},"query-input":{"@type":"PropertyValueSpecification","valueRequired":true,"valueName":"search_term_string"}}],"inLanguage":"fr-FR"}]}},"_links":{"self":[{"href":"https:\/\/en3s.fr\/secudoc\/wp-json\/wp\/v2\/pages\/4258","targetHints":{"allow":["GET"]}}],"collection":[{"href":"https:\/\/en3s.fr\/secudoc\/wp-json\/wp\/v2\/pages"}],"about":[{"href":"https:\/\/en3s.fr\/secudoc\/wp-json\/wp\/v2\/types\/page"}],"author":[{"embeddable":true,"href":"https:\/\/en3s.fr\/secudoc\/wp-json\/wp\/v2\/users\/42"}],"replies":[{"embeddable":true,"href":"https:\/\/en3s.fr\/secudoc\/wp-json\/wp\/v2\/comments?post=4258"}],"version-history":[{"count":0,"href":"https:\/\/en3s.fr\/secudoc\/wp-json\/wp\/v2\/pages\/4258\/revisions"}],"up":[{"embeddable":true,"href":"https:\/\/en3s.fr\/secudoc\/wp-json\/wp\/v2\/pages\/910"}],"wp:attachment":[{"href":"https:\/\/en3s.fr\/secudoc\/wp-json\/wp\/v2\/media?parent=4258"}],"curies":[{"name":"wp","href":"https:\/\/api.w.org\/{rel}","templated":true}]}}