{"id":4278,"date":"2022-02-17T17:49:02","date_gmt":"2022-02-17T16:49:02","guid":{"rendered":"https:\/\/en3s.fr\/secudoc\/?page_id=4278"},"modified":"2022-02-17T17:49:02","modified_gmt":"2022-02-17T16:49:02","slug":"le-revenu-de-solidarite-active-rsa-et-la-complementaire-sante-solidaire-css-la-necessite-dune-complementarite-effective-de-ces-deux-dispositifs-afin-de-garantir-lacces-aux-soin","status":"publish","type":"page","link":"https:\/\/en3s.fr\/secudoc\/produits-documentaires\/publications-en3s\/le-revenu-de-solidarite-active-rsa-et-la-complementaire-sante-solidaire-css-la-necessite-dune-complementarite-effective-de-ces-deux-dispositifs-afin-de-garantir-lacces-aux-soin\/","title":{"rendered":"LE REVENU DE SOLIDARIT\u00c9 ACTIVE (RSA) ET LA COMPLEMENTAIRE SANTE SOLIDAIRE (CSS) : LA NECESSITE D\u2019UNE COMPLEMENTARITE EFFECTIVE DE CES DEUX DISPOSITIFS AFIN DE GARANTIR L\u2019ACC\u00c8S AUX SOINS DES PUBLICS PRECAIRES"},"content":{"rendered":"<blockquote>\n<p class=\"Paragraphe\"><span style=\"font-size: 10.5pt\"><strong>En France, d\u00e9tenir une couverture compl\u00e9mentaire est une condition essentielle pour garantir l\u2019acc\u00e8s aux soins de tous : la couverture assurantielle joue un r\u00f4le pr\u00e9dominant dans les d\u00e9cisions individuelles de sant\u00e9. A ce titre, la compl\u00e9mentaire sant\u00e9 solidaire (CSS), vise \u00e0 garantir un acc\u00e8s aux soins optimal aux personnes en situation de pr\u00e9carit\u00e9 financi\u00e8re en leur proposant une couverture compl\u00e9mentaire en sant\u00e9, gratuite ou peu on\u00e9reuse. Les enjeux du recours \u00e0 la CSS sont particuli\u00e8rement importants pour les allocataires du RSA, puisque leur sant\u00e9 physique et psychique est globalement d\u00e9grad\u00e9e par rapport \u00e0 l\u2019ensemble de la population fran\u00e7aise. Cet \u00e9tat de sant\u00e9 d\u00e9grad\u00e9 peut s\u2019expliquer en partie par le renoncement aux soins, qui d\u00e9pend lui-m\u00eame de la couverture par une compl\u00e9mentaire sant\u00e9. Il conviendrait d\u00e8s lors d\u2019am\u00e9liorer la compl\u00e9mentarit\u00e9 entre ces deux prestations sociales.<\/strong><\/span><\/p>\n<\/blockquote>\n<p><iframe loading=\"lazy\" title=\"R.A n\u00b03 : LE REVENU DE SOLIDARIT\u00c9 ACTIVE (RSA) ET LA COMPL\u00c9MENTAIRE SANT\u00c9 SOLIDAIRE (CSS) [...]\" width=\"500\" height=\"281\" src=\"https:\/\/www.youtube.com\/embed\/UYOApNZs3c4?feature=oembed\" frameborder=\"0\" allow=\"accelerometer; autoplay; clipboard-write; encrypted-media; gyroscope; picture-in-picture; web-share\" referrerpolicy=\"strict-origin-when-cross-origin\" allowfullscreen><\/iframe><\/p>\n<p style=\"text-align: right\"><a class=\"button\" href=\"https:\/\/www.calameo.com\/read\/004310504840b8000fdb6\" target=\"_blank\" rel=\"noopener\">Retrouvez l&rsquo;int\u00e9gralit\u00e9 du rapport<\/a><\/p>\n","protected":false},"excerpt":{"rendered":"<p>En France, d\u00e9tenir une couverture compl\u00e9mentaire est une condition essentielle pour garantir l\u2019acc\u00e8s aux soins de tous : la couverture assurantielle joue un r\u00f4le pr\u00e9dominant dans les d\u00e9cisions individuelles de sant\u00e9. A ce titre, la compl\u00e9mentaire sant\u00e9 solidaire (CSS), vise \u00e0 garantir un acc\u00e8s aux soins optimal aux personnes en situation de pr\u00e9carit\u00e9 financi\u00e8re en [&hellip;]<\/p>\n","protected":false},"author":42,"featured_media":0,"parent":910,"menu_order":0,"comment_status":"closed","ping_status":"closed","template":"","meta":{"ngg_post_thumbnail":0,"footnotes":""},"class_list":["post-4278","page","type-page","status-publish","hentry"],"yoast_head":"<!-- This site is optimized with the Yoast SEO plugin v24.9 - https:\/\/yoast.com\/wordpress\/plugins\/seo\/ -->\n<title>LE REVENU DE SOLIDARIT\u00c9 ACTIVE (RSA) ET LA COMPLEMENTAIRE SANTE SOLIDAIRE (CSS) : LA NECESSITE D\u2019UNE COMPLEMENTARITE EFFECTIVE DE CES DEUX DISPOSITIFS AFIN DE GARANTIR L\u2019ACC\u00c8S AUX SOINS DES PUBLICS PRECAIRES - S\u00e9cu Doc<\/title>\n<meta name=\"description\" content=\"En France, d\u00e9tenir une couverture compl\u00e9mentaire est une condition essentielle pour garantir l\u2019acc\u00e8s aux soins de tous : la couverture assurantielle joue\" \/>\n<meta name=\"robots\" content=\"index, follow, max-snippet:-1, max-image-preview:large, max-video-preview:-1\" \/>\n<link rel=\"canonical\" href=\"https:\/\/en3s.fr\/secudoc\/produits-documentaires\/publications-en3s\/le-revenu-de-solidarite-active-rsa-et-la-complementaire-sante-solidaire-css-la-necessite-dune-complementarite-effective-de-ces-deux-dispositifs-afin-de-garantir-lacces-aux-soin\/\" \/>\n<meta property=\"og:locale\" content=\"fr_FR\" \/>\n<meta property=\"og:type\" content=\"article\" \/>\n<meta property=\"og:title\" content=\"LE REVENU DE SOLIDARIT\u00c9 ACTIVE (RSA) ET LA COMPLEMENTAIRE SANTE SOLIDAIRE (CSS) : LA NECESSITE D\u2019UNE COMPLEMENTARITE EFFECTIVE DE CES DEUX DISPOSITIFS AFIN DE GARANTIR L\u2019ACC\u00c8S AUX SOINS DES PUBLICS PRECAIRES - S\u00e9cu Doc\" \/>\n<meta property=\"og:description\" content=\"En France, d\u00e9tenir une couverture compl\u00e9mentaire est une condition essentielle pour garantir l\u2019acc\u00e8s aux soins de tous : la couverture assurantielle joue\" \/>\n<meta property=\"og:url\" content=\"https:\/\/en3s.fr\/secudoc\/produits-documentaires\/publications-en3s\/le-revenu-de-solidarite-active-rsa-et-la-complementaire-sante-solidaire-css-la-necessite-dune-complementarite-effective-de-ces-deux-dispositifs-afin-de-garantir-lacces-aux-soin\/\" \/>\n<meta property=\"og:site_name\" content=\"S\u00e9cu Doc\" \/>\n<meta name=\"twitter:card\" content=\"summary_large_image\" \/>\n<meta name=\"twitter:label1\" content=\"Dur\u00e9e de lecture estim\u00e9e\" \/>\n\t<meta name=\"twitter:data1\" content=\"1 minute\" \/>\n<script type=\"application\/ld+json\" class=\"yoast-schema-graph\">{\"@context\":\"https:\/\/schema.org\",\"@graph\":[{\"@type\":\"WebPage\",\"@id\":\"https:\/\/en3s.fr\/secudoc\/produits-documentaires\/publications-en3s\/le-revenu-de-solidarite-active-rsa-et-la-complementaire-sante-solidaire-css-la-necessite-dune-complementarite-effective-de-ces-deux-dispositifs-afin-de-garantir-lacces-aux-soin\/\",\"url\":\"https:\/\/en3s.fr\/secudoc\/produits-documentaires\/publications-en3s\/le-revenu-de-solidarite-active-rsa-et-la-complementaire-sante-solidaire-css-la-necessite-dune-complementarite-effective-de-ces-deux-dispositifs-afin-de-garantir-lacces-aux-soin\/\",\"name\":\"LE REVENU DE SOLIDARIT\u00c9 ACTIVE (RSA) ET LA COMPLEMENTAIRE SANTE SOLIDAIRE (CSS) : LA NECESSITE D\u2019UNE COMPLEMENTARITE EFFECTIVE DE CES DEUX DISPOSITIFS AFIN DE GARANTIR L\u2019ACC\u00c8S AUX SOINS DES PUBLICS PRECAIRES - S\u00e9cu Doc\",\"isPartOf\":{\"@id\":\"https:\/\/en3s.fr\/secudoc\/#website\"},\"datePublished\":\"2022-02-17T16:49:02+00:00\",\"description\":\"En France, d\u00e9tenir une couverture compl\u00e9mentaire est une condition essentielle pour garantir l\u2019acc\u00e8s aux soins de tous : la couverture assurantielle joue\",\"breadcrumb\":{\"@id\":\"https:\/\/en3s.fr\/secudoc\/produits-documentaires\/publications-en3s\/le-revenu-de-solidarite-active-rsa-et-la-complementaire-sante-solidaire-css-la-necessite-dune-complementarite-effective-de-ces-deux-dispositifs-afin-de-garantir-lacces-aux-soin\/#breadcrumb\"},\"inLanguage\":\"fr-FR\",\"potentialAction\":[{\"@type\":\"ReadAction\",\"target\":[\"https:\/\/en3s.fr\/secudoc\/produits-documentaires\/publications-en3s\/le-revenu-de-solidarite-active-rsa-et-la-complementaire-sante-solidaire-css-la-necessite-dune-complementarite-effective-de-ces-deux-dispositifs-afin-de-garantir-lacces-aux-soin\/\"]}]},{\"@type\":\"BreadcrumbList\",\"@id\":\"https:\/\/en3s.fr\/secudoc\/produits-documentaires\/publications-en3s\/le-revenu-de-solidarite-active-rsa-et-la-complementaire-sante-solidaire-css-la-necessite-dune-complementarite-effective-de-ces-deux-dispositifs-afin-de-garantir-lacces-aux-soin\/#breadcrumb\",\"itemListElement\":[{\"@type\":\"ListItem\",\"position\":1,\"name\":\"Accueil\",\"item\":\"https:\/\/en3s.fr\/secudoc\/\"},{\"@type\":\"ListItem\",\"position\":2,\"name\":\"Produits documentaires\",\"item\":\"https:\/\/en3s.fr\/secudoc\/produits-documentaires\/\"},{\"@type\":\"ListItem\",\"position\":3,\"name\":\"Publications EN3S\",\"item\":\"https:\/\/en3s.fr\/secudoc\/produits-documentaires\/publications-en3s\/\"},{\"@type\":\"ListItem\",\"position\":4,\"name\":\"LE REVENU DE SOLIDARIT\u00c9 ACTIVE (RSA) ET LA COMPLEMENTAIRE SANTE SOLIDAIRE (CSS) : LA NECESSITE D\u2019UNE COMPLEMENTARITE EFFECTIVE DE CES DEUX DISPOSITIFS AFIN DE GARANTIR L\u2019ACC\u00c8S AUX SOINS DES PUBLICS PRECAIRES\"}]},{\"@type\":\"WebSite\",\"@id\":\"https:\/\/en3s.fr\/secudoc\/#website\",\"url\":\"https:\/\/en3s.fr\/secudoc\/\",\"name\":\"S\u00e9cu Doc\",\"description\":\"Centre de ressources de la S\u00e9curit\u00e9 sociale\",\"potentialAction\":[{\"@type\":\"SearchAction\",\"target\":{\"@type\":\"EntryPoint\",\"urlTemplate\":\"https:\/\/en3s.fr\/secudoc\/?s={search_term_string}\"},\"query-input\":{\"@type\":\"PropertyValueSpecification\",\"valueRequired\":true,\"valueName\":\"search_term_string\"}}],\"inLanguage\":\"fr-FR\"}]}<\/script>\n<!-- \/ Yoast SEO plugin. -->","yoast_head_json":{"title":"LE REVENU DE SOLIDARIT\u00c9 ACTIVE (RSA) ET LA COMPLEMENTAIRE SANTE SOLIDAIRE (CSS) : LA NECESSITE D\u2019UNE COMPLEMENTARITE EFFECTIVE DE CES DEUX DISPOSITIFS AFIN DE GARANTIR L\u2019ACC\u00c8S AUX SOINS DES PUBLICS PRECAIRES - S\u00e9cu Doc","description":"En France, d\u00e9tenir une couverture compl\u00e9mentaire est une condition essentielle pour garantir l\u2019acc\u00e8s aux soins de tous : la couverture assurantielle joue","robots":{"index":"index","follow":"follow","max-snippet":"max-snippet:-1","max-image-preview":"max-image-preview:large","max-video-preview":"max-video-preview:-1"},"canonical":"https:\/\/en3s.fr\/secudoc\/produits-documentaires\/publications-en3s\/le-revenu-de-solidarite-active-rsa-et-la-complementaire-sante-solidaire-css-la-necessite-dune-complementarite-effective-de-ces-deux-dispositifs-afin-de-garantir-lacces-aux-soin\/","og_locale":"fr_FR","og_type":"article","og_title":"LE REVENU DE SOLIDARIT\u00c9 ACTIVE (RSA) ET LA COMPLEMENTAIRE SANTE SOLIDAIRE (CSS) : LA NECESSITE D\u2019UNE COMPLEMENTARITE EFFECTIVE DE CES DEUX DISPOSITIFS AFIN DE GARANTIR L\u2019ACC\u00c8S AUX SOINS DES PUBLICS PRECAIRES - S\u00e9cu Doc","og_description":"En France, d\u00e9tenir une couverture compl\u00e9mentaire est une condition essentielle pour garantir l\u2019acc\u00e8s aux soins de tous : la couverture assurantielle joue","og_url":"https:\/\/en3s.fr\/secudoc\/produits-documentaires\/publications-en3s\/le-revenu-de-solidarite-active-rsa-et-la-complementaire-sante-solidaire-css-la-necessite-dune-complementarite-effective-de-ces-deux-dispositifs-afin-de-garantir-lacces-aux-soin\/","og_site_name":"S\u00e9cu Doc","twitter_card":"summary_large_image","twitter_misc":{"Dur\u00e9e de lecture estim\u00e9e":"1 minute"},"schema":{"@context":"https:\/\/schema.org","@graph":[{"@type":"WebPage","@id":"https:\/\/en3s.fr\/secudoc\/produits-documentaires\/publications-en3s\/le-revenu-de-solidarite-active-rsa-et-la-complementaire-sante-solidaire-css-la-necessite-dune-complementarite-effective-de-ces-deux-dispositifs-afin-de-garantir-lacces-aux-soin\/","url":"https:\/\/en3s.fr\/secudoc\/produits-documentaires\/publications-en3s\/le-revenu-de-solidarite-active-rsa-et-la-complementaire-sante-solidaire-css-la-necessite-dune-complementarite-effective-de-ces-deux-dispositifs-afin-de-garantir-lacces-aux-soin\/","name":"LE REVENU DE SOLIDARIT\u00c9 ACTIVE (RSA) ET LA COMPLEMENTAIRE SANTE SOLIDAIRE (CSS) : LA NECESSITE D\u2019UNE COMPLEMENTARITE EFFECTIVE DE CES DEUX DISPOSITIFS AFIN DE GARANTIR L\u2019ACC\u00c8S AUX SOINS DES PUBLICS PRECAIRES - S\u00e9cu Doc","isPartOf":{"@id":"https:\/\/en3s.fr\/secudoc\/#website"},"datePublished":"2022-02-17T16:49:02+00:00","description":"En France, d\u00e9tenir une couverture compl\u00e9mentaire est une condition essentielle pour garantir l\u2019acc\u00e8s aux soins de tous : la couverture assurantielle joue","breadcrumb":{"@id":"https:\/\/en3s.fr\/secudoc\/produits-documentaires\/publications-en3s\/le-revenu-de-solidarite-active-rsa-et-la-complementaire-sante-solidaire-css-la-necessite-dune-complementarite-effective-de-ces-deux-dispositifs-afin-de-garantir-lacces-aux-soin\/#breadcrumb"},"inLanguage":"fr-FR","potentialAction":[{"@type":"ReadAction","target":["https:\/\/en3s.fr\/secudoc\/produits-documentaires\/publications-en3s\/le-revenu-de-solidarite-active-rsa-et-la-complementaire-sante-solidaire-css-la-necessite-dune-complementarite-effective-de-ces-deux-dispositifs-afin-de-garantir-lacces-aux-soin\/"]}]},{"@type":"BreadcrumbList","@id":"https:\/\/en3s.fr\/secudoc\/produits-documentaires\/publications-en3s\/le-revenu-de-solidarite-active-rsa-et-la-complementaire-sante-solidaire-css-la-necessite-dune-complementarite-effective-de-ces-deux-dispositifs-afin-de-garantir-lacces-aux-soin\/#breadcrumb","itemListElement":[{"@type":"ListItem","position":1,"name":"Accueil","item":"https:\/\/en3s.fr\/secudoc\/"},{"@type":"ListItem","position":2,"name":"Produits documentaires","item":"https:\/\/en3s.fr\/secudoc\/produits-documentaires\/"},{"@type":"ListItem","position":3,"name":"Publications EN3S","item":"https:\/\/en3s.fr\/secudoc\/produits-documentaires\/publications-en3s\/"},{"@type":"ListItem","position":4,"name":"LE REVENU DE SOLIDARIT\u00c9 ACTIVE (RSA) ET LA COMPLEMENTAIRE SANTE SOLIDAIRE (CSS) : LA NECESSITE D\u2019UNE COMPLEMENTARITE EFFECTIVE DE CES DEUX DISPOSITIFS AFIN DE GARANTIR L\u2019ACC\u00c8S AUX SOINS DES PUBLICS PRECAIRES"}]},{"@type":"WebSite","@id":"https:\/\/en3s.fr\/secudoc\/#website","url":"https:\/\/en3s.fr\/secudoc\/","name":"S\u00e9cu Doc","description":"Centre de ressources de la S\u00e9curit\u00e9 sociale","potentialAction":[{"@type":"SearchAction","target":{"@type":"EntryPoint","urlTemplate":"https:\/\/en3s.fr\/secudoc\/?s={search_term_string}"},"query-input":{"@type":"PropertyValueSpecification","valueRequired":true,"valueName":"search_term_string"}}],"inLanguage":"fr-FR"}]}},"_links":{"self":[{"href":"https:\/\/en3s.fr\/secudoc\/wp-json\/wp\/v2\/pages\/4278","targetHints":{"allow":["GET"]}}],"collection":[{"href":"https:\/\/en3s.fr\/secudoc\/wp-json\/wp\/v2\/pages"}],"about":[{"href":"https:\/\/en3s.fr\/secudoc\/wp-json\/wp\/v2\/types\/page"}],"author":[{"embeddable":true,"href":"https:\/\/en3s.fr\/secudoc\/wp-json\/wp\/v2\/users\/42"}],"replies":[{"embeddable":true,"href":"https:\/\/en3s.fr\/secudoc\/wp-json\/wp\/v2\/comments?post=4278"}],"version-history":[{"count":0,"href":"https:\/\/en3s.fr\/secudoc\/wp-json\/wp\/v2\/pages\/4278\/revisions"}],"up":[{"embeddable":true,"href":"https:\/\/en3s.fr\/secudoc\/wp-json\/wp\/v2\/pages\/910"}],"wp:attachment":[{"href":"https:\/\/en3s.fr\/secudoc\/wp-json\/wp\/v2\/media?parent=4278"}],"curies":[{"name":"wp","href":"https:\/\/api.w.org\/{rel}","templated":true}]}}