{"id":4283,"date":"2022-02-17T17:28:57","date_gmt":"2022-02-17T16:28:57","guid":{"rendered":"https:\/\/en3s.fr\/secudoc\/?page_id=4283"},"modified":"2022-02-17T17:28:57","modified_gmt":"2022-02-17T16:28:57","slug":"de-la-loi-mobilite-a-larret-cour-de-cassation-de-mars-2020-quel-controle-de-leconomie-numerique-quelle-synergie-inspection-du-travail-organismes-de-securite-sociale","status":"publish","type":"page","link":"https:\/\/en3s.fr\/secudoc\/produits-documentaires\/publications-en3s\/de-la-loi-mobilite-a-larret-cour-de-cassation-de-mars-2020-quel-controle-de-leconomie-numerique-quelle-synergie-inspection-du-travail-organismes-de-securite-sociale\/","title":{"rendered":"DE LA LOI MOBILIT\u00c9 A L\u2019ARR\u00caT COUR DE CASSATION DE MARS 2020 QUEL CONTR\u00d4LE DE L\u2019\u00c9CONOMIE NUM\u00c9RIQUE, QUELLE SYNERGIE INSPECTION DU TRAVAIL, ORGANISMES DE S\u00c9CURIT\u00c9 SOCIALE ?\u00a0"},"content":{"rendered":"<blockquote>\n<p class=\"Paragraphe\"><strong><span style=\"font-size: 10.5pt\">Il y a tout juste 10 ans, en d\u00e9cembre 2011, la plateforme Uber s\u2019installait en France. Depuis, les plateformes num\u00e9riques ont envahi notre quotidien \u00e0 travers les multiples services qu\u2019elles proposent (livraison de repas ou de courses \u00e0 domicile, service VTC etc.). Cette \u00e9volution soudaine et r\u00e9cente a bouscul\u00e9 le monde du travail par le recours massif aux micro-entrepreneurs pour effectuer ces prestations de services.<\/span><\/strong><\/p>\n<\/blockquote>\n<p><iframe loading=\"lazy\" title=\"R.A n\u00b04 : DE LA LOI MOBILIT\u00c9 A L\u2019ARR\u00caT COUR DE CASSATION DE MARS 2020  [...]\" width=\"500\" height=\"281\" src=\"https:\/\/www.youtube.com\/embed\/Q_oupuiA1W8?feature=oembed\" frameborder=\"0\" allow=\"accelerometer; autoplay; clipboard-write; encrypted-media; gyroscope; picture-in-picture; web-share\" referrerpolicy=\"strict-origin-when-cross-origin\" allowfullscreen><\/iframe><\/p>\n<p style=\"text-align: right\"><a class=\"button\" href=\"https:\/\/www.calameo.com\/read\/0043105044efa38780a68\" target=\"_blank\" rel=\"noopener\">Retrouvez l&rsquo;int\u00e9gralit\u00e9 du rapport<\/a><\/p>\n","protected":false},"excerpt":{"rendered":"<p>Il y a tout juste 10 ans, en d\u00e9cembre 2011, la plateforme Uber s\u2019installait en France. Depuis, les plateformes num\u00e9riques ont envahi notre quotidien \u00e0 travers les multiples services qu\u2019elles proposent (livraison de repas ou de courses \u00e0 domicile, service VTC etc.). Cette \u00e9volution soudaine et r\u00e9cente a bouscul\u00e9 le monde du travail par le [&hellip;]<\/p>\n","protected":false},"author":42,"featured_media":0,"parent":910,"menu_order":0,"comment_status":"closed","ping_status":"closed","template":"","meta":{"ngg_post_thumbnail":0,"footnotes":""},"class_list":["post-4283","page","type-page","status-publish","hentry"],"yoast_head":"<!-- This site is optimized with the Yoast SEO plugin v24.9 - https:\/\/yoast.com\/wordpress\/plugins\/seo\/ -->\n<title>DE LA LOI MOBILIT\u00c9 A L\u2019ARR\u00caT COUR DE CASSATION DE MARS 2020 QUEL CONTR\u00d4LE DE L\u2019\u00c9CONOMIE NUM\u00c9RIQUE, QUELLE SYNERGIE INSPECTION DU TRAVAIL, ORGANISMES DE S\u00c9CURIT\u00c9 SOCIALE ?\u00a0 - S\u00e9cu Doc<\/title>\n<meta name=\"description\" content=\"Il y a tout juste 10 ans, en d\u00e9cembre 2011, la plateforme Uber s\u2019installait en France. Depuis, les plateformes num\u00e9riques ont envahi notre quotidien \u00e0\" \/>\n<meta name=\"robots\" content=\"index, follow, max-snippet:-1, max-image-preview:large, max-video-preview:-1\" \/>\n<link rel=\"canonical\" href=\"https:\/\/en3s.fr\/secudoc\/produits-documentaires\/publications-en3s\/de-la-loi-mobilite-a-larret-cour-de-cassation-de-mars-2020-quel-controle-de-leconomie-numerique-quelle-synergie-inspection-du-travail-organismes-de-securite-sociale\/\" \/>\n<meta property=\"og:locale\" content=\"fr_FR\" \/>\n<meta property=\"og:type\" content=\"article\" \/>\n<meta property=\"og:title\" content=\"DE LA LOI MOBILIT\u00c9 A L\u2019ARR\u00caT COUR DE CASSATION DE MARS 2020 QUEL CONTR\u00d4LE DE L\u2019\u00c9CONOMIE NUM\u00c9RIQUE, QUELLE SYNERGIE INSPECTION DU TRAVAIL, ORGANISMES DE S\u00c9CURIT\u00c9 SOCIALE ?\u00a0 - S\u00e9cu Doc\" \/>\n<meta property=\"og:description\" content=\"Il y a tout juste 10 ans, en d\u00e9cembre 2011, la plateforme Uber s\u2019installait en France. Depuis, les plateformes num\u00e9riques ont envahi notre quotidien \u00e0\" \/>\n<meta property=\"og:url\" content=\"https:\/\/en3s.fr\/secudoc\/produits-documentaires\/publications-en3s\/de-la-loi-mobilite-a-larret-cour-de-cassation-de-mars-2020-quel-controle-de-leconomie-numerique-quelle-synergie-inspection-du-travail-organismes-de-securite-sociale\/\" \/>\n<meta property=\"og:site_name\" content=\"S\u00e9cu Doc\" \/>\n<meta name=\"twitter:card\" content=\"summary_large_image\" \/>\n<meta name=\"twitter:label1\" content=\"Dur\u00e9e de lecture estim\u00e9e\" \/>\n\t<meta name=\"twitter:data1\" content=\"1 minute\" \/>\n<script type=\"application\/ld+json\" class=\"yoast-schema-graph\">{\"@context\":\"https:\/\/schema.org\",\"@graph\":[{\"@type\":\"WebPage\",\"@id\":\"https:\/\/en3s.fr\/secudoc\/produits-documentaires\/publications-en3s\/de-la-loi-mobilite-a-larret-cour-de-cassation-de-mars-2020-quel-controle-de-leconomie-numerique-quelle-synergie-inspection-du-travail-organismes-de-securite-sociale\/\",\"url\":\"https:\/\/en3s.fr\/secudoc\/produits-documentaires\/publications-en3s\/de-la-loi-mobilite-a-larret-cour-de-cassation-de-mars-2020-quel-controle-de-leconomie-numerique-quelle-synergie-inspection-du-travail-organismes-de-securite-sociale\/\",\"name\":\"DE LA LOI MOBILIT\u00c9 A L\u2019ARR\u00caT COUR DE CASSATION DE MARS 2020 QUEL CONTR\u00d4LE DE L\u2019\u00c9CONOMIE NUM\u00c9RIQUE, QUELLE SYNERGIE INSPECTION DU TRAVAIL, ORGANISMES DE S\u00c9CURIT\u00c9 SOCIALE ?\u00a0 - S\u00e9cu Doc\",\"isPartOf\":{\"@id\":\"https:\/\/en3s.fr\/secudoc\/#website\"},\"datePublished\":\"2022-02-17T16:28:57+00:00\",\"description\":\"Il y a tout juste 10 ans, en d\u00e9cembre 2011, la plateforme Uber s\u2019installait en France. Depuis, les plateformes num\u00e9riques ont envahi notre quotidien \u00e0\",\"breadcrumb\":{\"@id\":\"https:\/\/en3s.fr\/secudoc\/produits-documentaires\/publications-en3s\/de-la-loi-mobilite-a-larret-cour-de-cassation-de-mars-2020-quel-controle-de-leconomie-numerique-quelle-synergie-inspection-du-travail-organismes-de-securite-sociale\/#breadcrumb\"},\"inLanguage\":\"fr-FR\",\"potentialAction\":[{\"@type\":\"ReadAction\",\"target\":[\"https:\/\/en3s.fr\/secudoc\/produits-documentaires\/publications-en3s\/de-la-loi-mobilite-a-larret-cour-de-cassation-de-mars-2020-quel-controle-de-leconomie-numerique-quelle-synergie-inspection-du-travail-organismes-de-securite-sociale\/\"]}]},{\"@type\":\"BreadcrumbList\",\"@id\":\"https:\/\/en3s.fr\/secudoc\/produits-documentaires\/publications-en3s\/de-la-loi-mobilite-a-larret-cour-de-cassation-de-mars-2020-quel-controle-de-leconomie-numerique-quelle-synergie-inspection-du-travail-organismes-de-securite-sociale\/#breadcrumb\",\"itemListElement\":[{\"@type\":\"ListItem\",\"position\":1,\"name\":\"Accueil\",\"item\":\"https:\/\/en3s.fr\/secudoc\/\"},{\"@type\":\"ListItem\",\"position\":2,\"name\":\"Produits documentaires\",\"item\":\"https:\/\/en3s.fr\/secudoc\/produits-documentaires\/\"},{\"@type\":\"ListItem\",\"position\":3,\"name\":\"Publications EN3S\",\"item\":\"https:\/\/en3s.fr\/secudoc\/produits-documentaires\/publications-en3s\/\"},{\"@type\":\"ListItem\",\"position\":4,\"name\":\"DE LA LOI MOBILIT\u00c9 A L\u2019ARR\u00caT COUR DE CASSATION DE MARS 2020 QUEL CONTR\u00d4LE DE L\u2019\u00c9CONOMIE NUM\u00c9RIQUE, QUELLE SYNERGIE INSPECTION DU TRAVAIL, ORGANISMES DE S\u00c9CURIT\u00c9 SOCIALE ?\u00a0\"}]},{\"@type\":\"WebSite\",\"@id\":\"https:\/\/en3s.fr\/secudoc\/#website\",\"url\":\"https:\/\/en3s.fr\/secudoc\/\",\"name\":\"S\u00e9cu Doc\",\"description\":\"Centre de ressources de la S\u00e9curit\u00e9 sociale\",\"potentialAction\":[{\"@type\":\"SearchAction\",\"target\":{\"@type\":\"EntryPoint\",\"urlTemplate\":\"https:\/\/en3s.fr\/secudoc\/?s={search_term_string}\"},\"query-input\":{\"@type\":\"PropertyValueSpecification\",\"valueRequired\":true,\"valueName\":\"search_term_string\"}}],\"inLanguage\":\"fr-FR\"}]}<\/script>\n<!-- \/ Yoast SEO plugin. -->","yoast_head_json":{"title":"DE LA LOI MOBILIT\u00c9 A L\u2019ARR\u00caT COUR DE CASSATION DE MARS 2020 QUEL CONTR\u00d4LE DE L\u2019\u00c9CONOMIE NUM\u00c9RIQUE, QUELLE SYNERGIE INSPECTION DU TRAVAIL, ORGANISMES DE S\u00c9CURIT\u00c9 SOCIALE ?\u00a0 - S\u00e9cu Doc","description":"Il y a tout juste 10 ans, en d\u00e9cembre 2011, la plateforme Uber s\u2019installait en France. Depuis, les plateformes num\u00e9riques ont envahi notre quotidien \u00e0","robots":{"index":"index","follow":"follow","max-snippet":"max-snippet:-1","max-image-preview":"max-image-preview:large","max-video-preview":"max-video-preview:-1"},"canonical":"https:\/\/en3s.fr\/secudoc\/produits-documentaires\/publications-en3s\/de-la-loi-mobilite-a-larret-cour-de-cassation-de-mars-2020-quel-controle-de-leconomie-numerique-quelle-synergie-inspection-du-travail-organismes-de-securite-sociale\/","og_locale":"fr_FR","og_type":"article","og_title":"DE LA LOI MOBILIT\u00c9 A L\u2019ARR\u00caT COUR DE CASSATION DE MARS 2020 QUEL CONTR\u00d4LE DE L\u2019\u00c9CONOMIE NUM\u00c9RIQUE, QUELLE SYNERGIE INSPECTION DU TRAVAIL, ORGANISMES DE S\u00c9CURIT\u00c9 SOCIALE ?\u00a0 - S\u00e9cu Doc","og_description":"Il y a tout juste 10 ans, en d\u00e9cembre 2011, la plateforme Uber s\u2019installait en France. Depuis, les plateformes num\u00e9riques ont envahi notre quotidien \u00e0","og_url":"https:\/\/en3s.fr\/secudoc\/produits-documentaires\/publications-en3s\/de-la-loi-mobilite-a-larret-cour-de-cassation-de-mars-2020-quel-controle-de-leconomie-numerique-quelle-synergie-inspection-du-travail-organismes-de-securite-sociale\/","og_site_name":"S\u00e9cu Doc","twitter_card":"summary_large_image","twitter_misc":{"Dur\u00e9e de lecture estim\u00e9e":"1 minute"},"schema":{"@context":"https:\/\/schema.org","@graph":[{"@type":"WebPage","@id":"https:\/\/en3s.fr\/secudoc\/produits-documentaires\/publications-en3s\/de-la-loi-mobilite-a-larret-cour-de-cassation-de-mars-2020-quel-controle-de-leconomie-numerique-quelle-synergie-inspection-du-travail-organismes-de-securite-sociale\/","url":"https:\/\/en3s.fr\/secudoc\/produits-documentaires\/publications-en3s\/de-la-loi-mobilite-a-larret-cour-de-cassation-de-mars-2020-quel-controle-de-leconomie-numerique-quelle-synergie-inspection-du-travail-organismes-de-securite-sociale\/","name":"DE LA LOI MOBILIT\u00c9 A L\u2019ARR\u00caT COUR DE CASSATION DE MARS 2020 QUEL CONTR\u00d4LE DE L\u2019\u00c9CONOMIE NUM\u00c9RIQUE, QUELLE SYNERGIE INSPECTION DU TRAVAIL, ORGANISMES DE S\u00c9CURIT\u00c9 SOCIALE ?\u00a0 - S\u00e9cu Doc","isPartOf":{"@id":"https:\/\/en3s.fr\/secudoc\/#website"},"datePublished":"2022-02-17T16:28:57+00:00","description":"Il y a tout juste 10 ans, en d\u00e9cembre 2011, la plateforme Uber s\u2019installait en France. Depuis, les plateformes num\u00e9riques ont envahi notre quotidien \u00e0","breadcrumb":{"@id":"https:\/\/en3s.fr\/secudoc\/produits-documentaires\/publications-en3s\/de-la-loi-mobilite-a-larret-cour-de-cassation-de-mars-2020-quel-controle-de-leconomie-numerique-quelle-synergie-inspection-du-travail-organismes-de-securite-sociale\/#breadcrumb"},"inLanguage":"fr-FR","potentialAction":[{"@type":"ReadAction","target":["https:\/\/en3s.fr\/secudoc\/produits-documentaires\/publications-en3s\/de-la-loi-mobilite-a-larret-cour-de-cassation-de-mars-2020-quel-controle-de-leconomie-numerique-quelle-synergie-inspection-du-travail-organismes-de-securite-sociale\/"]}]},{"@type":"BreadcrumbList","@id":"https:\/\/en3s.fr\/secudoc\/produits-documentaires\/publications-en3s\/de-la-loi-mobilite-a-larret-cour-de-cassation-de-mars-2020-quel-controle-de-leconomie-numerique-quelle-synergie-inspection-du-travail-organismes-de-securite-sociale\/#breadcrumb","itemListElement":[{"@type":"ListItem","position":1,"name":"Accueil","item":"https:\/\/en3s.fr\/secudoc\/"},{"@type":"ListItem","position":2,"name":"Produits documentaires","item":"https:\/\/en3s.fr\/secudoc\/produits-documentaires\/"},{"@type":"ListItem","position":3,"name":"Publications EN3S","item":"https:\/\/en3s.fr\/secudoc\/produits-documentaires\/publications-en3s\/"},{"@type":"ListItem","position":4,"name":"DE LA LOI MOBILIT\u00c9 A L\u2019ARR\u00caT COUR DE CASSATION DE MARS 2020 QUEL CONTR\u00d4LE DE L\u2019\u00c9CONOMIE NUM\u00c9RIQUE, QUELLE SYNERGIE INSPECTION DU TRAVAIL, ORGANISMES DE S\u00c9CURIT\u00c9 SOCIALE ?\u00a0"}]},{"@type":"WebSite","@id":"https:\/\/en3s.fr\/secudoc\/#website","url":"https:\/\/en3s.fr\/secudoc\/","name":"S\u00e9cu Doc","description":"Centre de ressources de la S\u00e9curit\u00e9 sociale","potentialAction":[{"@type":"SearchAction","target":{"@type":"EntryPoint","urlTemplate":"https:\/\/en3s.fr\/secudoc\/?s={search_term_string}"},"query-input":{"@type":"PropertyValueSpecification","valueRequired":true,"valueName":"search_term_string"}}],"inLanguage":"fr-FR"}]}},"_links":{"self":[{"href":"https:\/\/en3s.fr\/secudoc\/wp-json\/wp\/v2\/pages\/4283","targetHints":{"allow":["GET"]}}],"collection":[{"href":"https:\/\/en3s.fr\/secudoc\/wp-json\/wp\/v2\/pages"}],"about":[{"href":"https:\/\/en3s.fr\/secudoc\/wp-json\/wp\/v2\/types\/page"}],"author":[{"embeddable":true,"href":"https:\/\/en3s.fr\/secudoc\/wp-json\/wp\/v2\/users\/42"}],"replies":[{"embeddable":true,"href":"https:\/\/en3s.fr\/secudoc\/wp-json\/wp\/v2\/comments?post=4283"}],"version-history":[{"count":0,"href":"https:\/\/en3s.fr\/secudoc\/wp-json\/wp\/v2\/pages\/4283\/revisions"}],"up":[{"embeddable":true,"href":"https:\/\/en3s.fr\/secudoc\/wp-json\/wp\/v2\/pages\/910"}],"wp:attachment":[{"href":"https:\/\/en3s.fr\/secudoc\/wp-json\/wp\/v2\/media?parent=4283"}],"curies":[{"name":"wp","href":"https:\/\/api.w.org\/{rel}","templated":true}]}}