{"id":4287,"date":"2022-02-17T17:50:36","date_gmt":"2022-02-17T16:50:36","guid":{"rendered":"https:\/\/en3s.fr\/secudoc\/?page_id=4287"},"modified":"2022-02-17T17:50:36","modified_gmt":"2022-02-17T16:50:36","slug":"les-organismes-de-securite-sociale-et-la-lutte-contre-lisolement-des-personnes-agees","status":"publish","type":"page","link":"https:\/\/en3s.fr\/secudoc\/produits-documentaires\/publications-en3s\/les-organismes-de-securite-sociale-et-la-lutte-contre-lisolement-des-personnes-agees\/","title":{"rendered":"LES ORGANISMES DE S\u00c9CURIT\u00c9 SOCIALE ET LA LUTTE CONTRE L\u2019ISOLEMENT DES PERSONNES \u00c2G\u00c9ES"},"content":{"rendered":"<blockquote><p><strong>La n\u00e9cessit\u00e9 d\u2019\u00e9tablir une politique p\u00e9renne de lutte contre l\u2019isolement des personnes \u00e2g\u00e9es est une probl\u00e9matique croissante depuis plusieurs ann\u00e9es, rendue encore davantage visible par diff\u00e9rents \u00e9v\u00e8nements\u00a0: la canicule de 2003, la crise sanitaire ou encore la parution de plusieurs rapports soulignant la n\u00e9cessit\u00e9 de construire des synergies entre les diff\u00e9rents acteurs de terrain. Le vieillissement d\u00e9mographique, que l\u2019on conna\u00eet aujourd\u2019hui, met en avant cette probl\u00e9matique particuli\u00e8re du grand \u00e2ge et t\u00e9moigne de la n\u00e9cessit\u00e9 d\u2019agir en mati\u00e8re de politique publique et de protection sociale \u00e0 travers l\u2019action des organismes de s\u00e9curit\u00e9 sociale.\u00a0 Si des actions sont d\u00e9j\u00e0 men\u00e9es au sein de certaines branches de la s\u00e9curit\u00e9 sociale, il appara\u00eet que celles-ci peuvent \u00eatre, \u00e0 travers un ancrage territorial et partenarial fort, repens\u00e9es et intensifi\u00e9es afin de s\u2019inscrire dans une politique publique plus durable et plus marqu\u00e9e dans la lutte contre l\u2019isolement des personnes \u00e2g\u00e9es.<\/strong><\/p><\/blockquote>\n<p><iframe loading=\"lazy\" title=\"R.A n\u00b05 : LES ORGANISMES DE SECURIT\u00c9 SOCIALE ET LA LUTTE CONTRE L\u2019ISOLEMENT DES PERSONNES \u00c2G\u00c9ES\" width=\"500\" height=\"281\" src=\"https:\/\/www.youtube.com\/embed\/Yt9iDvca1jo?feature=oembed\" frameborder=\"0\" allow=\"accelerometer; autoplay; clipboard-write; encrypted-media; gyroscope; picture-in-picture; web-share\" referrerpolicy=\"strict-origin-when-cross-origin\" allowfullscreen><\/iframe><\/p>\n<p style=\"text-align: right\"><a class=\"button\" href=\"https:\/\/www.calameo.com\/read\/0043105049caf900a18ac\" target=\"_blank\" rel=\"noopener\">Retrouvez l&rsquo;int\u00e9gralit\u00e9 du rapport<\/a><\/p>\n","protected":false},"excerpt":{"rendered":"<p>La n\u00e9cessit\u00e9 d\u2019\u00e9tablir une politique p\u00e9renne de lutte contre l\u2019isolement des personnes \u00e2g\u00e9es est une probl\u00e9matique croissante depuis plusieurs ann\u00e9es, rendue encore davantage visible par diff\u00e9rents \u00e9v\u00e8nements\u00a0: la canicule de 2003, la crise sanitaire ou encore la parution de plusieurs rapports soulignant la n\u00e9cessit\u00e9 de construire des synergies entre les diff\u00e9rents acteurs de terrain. Le [&hellip;]<\/p>\n","protected":false},"author":42,"featured_media":0,"parent":910,"menu_order":0,"comment_status":"closed","ping_status":"closed","template":"","meta":{"ngg_post_thumbnail":0,"footnotes":""},"class_list":["post-4287","page","type-page","status-publish","hentry"],"yoast_head":"<!-- This site is optimized with the Yoast SEO plugin v24.9 - https:\/\/yoast.com\/wordpress\/plugins\/seo\/ -->\n<title>LES ORGANISMES DE S\u00c9CURIT\u00c9 SOCIALE ET LA LUTTE CONTRE L\u2019ISOLEMENT DES PERSONNES \u00c2G\u00c9ES - S\u00e9cu Doc<\/title>\n<meta name=\"description\" content=\"La n\u00e9cessit\u00e9 d\u2019\u00e9tablir une politique p\u00e9renne de lutte contre l\u2019isolement des personnes \u00e2g\u00e9es est une probl\u00e9matique croissante depuis plusieurs ann\u00e9es,\" \/>\n<meta name=\"robots\" content=\"index, follow, max-snippet:-1, max-image-preview:large, max-video-preview:-1\" \/>\n<link rel=\"canonical\" href=\"https:\/\/en3s.fr\/secudoc\/produits-documentaires\/publications-en3s\/les-organismes-de-securite-sociale-et-la-lutte-contre-lisolement-des-personnes-agees\/\" \/>\n<meta property=\"og:locale\" content=\"fr_FR\" \/>\n<meta property=\"og:type\" content=\"article\" \/>\n<meta property=\"og:title\" content=\"LES ORGANISMES DE S\u00c9CURIT\u00c9 SOCIALE ET LA LUTTE CONTRE L\u2019ISOLEMENT DES PERSONNES \u00c2G\u00c9ES - S\u00e9cu Doc\" \/>\n<meta property=\"og:description\" content=\"La n\u00e9cessit\u00e9 d\u2019\u00e9tablir une politique p\u00e9renne de lutte contre l\u2019isolement des personnes \u00e2g\u00e9es est une probl\u00e9matique croissante depuis plusieurs ann\u00e9es,\" \/>\n<meta property=\"og:url\" content=\"https:\/\/en3s.fr\/secudoc\/produits-documentaires\/publications-en3s\/les-organismes-de-securite-sociale-et-la-lutte-contre-lisolement-des-personnes-agees\/\" \/>\n<meta property=\"og:site_name\" content=\"S\u00e9cu Doc\" \/>\n<meta name=\"twitter:card\" content=\"summary_large_image\" \/>\n<meta name=\"twitter:label1\" content=\"Dur\u00e9e de lecture estim\u00e9e\" \/>\n\t<meta name=\"twitter:data1\" content=\"1 minute\" \/>\n<script type=\"application\/ld+json\" class=\"yoast-schema-graph\">{\"@context\":\"https:\/\/schema.org\",\"@graph\":[{\"@type\":\"WebPage\",\"@id\":\"https:\/\/en3s.fr\/secudoc\/produits-documentaires\/publications-en3s\/les-organismes-de-securite-sociale-et-la-lutte-contre-lisolement-des-personnes-agees\/\",\"url\":\"https:\/\/en3s.fr\/secudoc\/produits-documentaires\/publications-en3s\/les-organismes-de-securite-sociale-et-la-lutte-contre-lisolement-des-personnes-agees\/\",\"name\":\"LES ORGANISMES DE S\u00c9CURIT\u00c9 SOCIALE ET LA LUTTE CONTRE L\u2019ISOLEMENT DES PERSONNES \u00c2G\u00c9ES - S\u00e9cu Doc\",\"isPartOf\":{\"@id\":\"https:\/\/en3s.fr\/secudoc\/#website\"},\"datePublished\":\"2022-02-17T16:50:36+00:00\",\"description\":\"La n\u00e9cessit\u00e9 d\u2019\u00e9tablir une politique p\u00e9renne de lutte contre l\u2019isolement des personnes \u00e2g\u00e9es est une probl\u00e9matique croissante depuis plusieurs ann\u00e9es,\",\"breadcrumb\":{\"@id\":\"https:\/\/en3s.fr\/secudoc\/produits-documentaires\/publications-en3s\/les-organismes-de-securite-sociale-et-la-lutte-contre-lisolement-des-personnes-agees\/#breadcrumb\"},\"inLanguage\":\"fr-FR\",\"potentialAction\":[{\"@type\":\"ReadAction\",\"target\":[\"https:\/\/en3s.fr\/secudoc\/produits-documentaires\/publications-en3s\/les-organismes-de-securite-sociale-et-la-lutte-contre-lisolement-des-personnes-agees\/\"]}]},{\"@type\":\"BreadcrumbList\",\"@id\":\"https:\/\/en3s.fr\/secudoc\/produits-documentaires\/publications-en3s\/les-organismes-de-securite-sociale-et-la-lutte-contre-lisolement-des-personnes-agees\/#breadcrumb\",\"itemListElement\":[{\"@type\":\"ListItem\",\"position\":1,\"name\":\"Accueil\",\"item\":\"https:\/\/en3s.fr\/secudoc\/\"},{\"@type\":\"ListItem\",\"position\":2,\"name\":\"Produits documentaires\",\"item\":\"https:\/\/en3s.fr\/secudoc\/produits-documentaires\/\"},{\"@type\":\"ListItem\",\"position\":3,\"name\":\"Publications EN3S\",\"item\":\"https:\/\/en3s.fr\/secudoc\/produits-documentaires\/publications-en3s\/\"},{\"@type\":\"ListItem\",\"position\":4,\"name\":\"LES ORGANISMES DE S\u00c9CURIT\u00c9 SOCIALE ET LA LUTTE CONTRE L\u2019ISOLEMENT DES PERSONNES \u00c2G\u00c9ES\"}]},{\"@type\":\"WebSite\",\"@id\":\"https:\/\/en3s.fr\/secudoc\/#website\",\"url\":\"https:\/\/en3s.fr\/secudoc\/\",\"name\":\"S\u00e9cu Doc\",\"description\":\"Centre de ressources de la S\u00e9curit\u00e9 sociale\",\"potentialAction\":[{\"@type\":\"SearchAction\",\"target\":{\"@type\":\"EntryPoint\",\"urlTemplate\":\"https:\/\/en3s.fr\/secudoc\/?s={search_term_string}\"},\"query-input\":{\"@type\":\"PropertyValueSpecification\",\"valueRequired\":true,\"valueName\":\"search_term_string\"}}],\"inLanguage\":\"fr-FR\"}]}<\/script>\n<!-- \/ Yoast SEO plugin. -->","yoast_head_json":{"title":"LES ORGANISMES DE S\u00c9CURIT\u00c9 SOCIALE ET LA LUTTE CONTRE L\u2019ISOLEMENT DES PERSONNES \u00c2G\u00c9ES - S\u00e9cu Doc","description":"La n\u00e9cessit\u00e9 d\u2019\u00e9tablir une politique p\u00e9renne de lutte contre l\u2019isolement des personnes \u00e2g\u00e9es est une probl\u00e9matique croissante depuis plusieurs ann\u00e9es,","robots":{"index":"index","follow":"follow","max-snippet":"max-snippet:-1","max-image-preview":"max-image-preview:large","max-video-preview":"max-video-preview:-1"},"canonical":"https:\/\/en3s.fr\/secudoc\/produits-documentaires\/publications-en3s\/les-organismes-de-securite-sociale-et-la-lutte-contre-lisolement-des-personnes-agees\/","og_locale":"fr_FR","og_type":"article","og_title":"LES ORGANISMES DE S\u00c9CURIT\u00c9 SOCIALE ET LA LUTTE CONTRE L\u2019ISOLEMENT DES PERSONNES \u00c2G\u00c9ES - S\u00e9cu Doc","og_description":"La n\u00e9cessit\u00e9 d\u2019\u00e9tablir une politique p\u00e9renne de lutte contre l\u2019isolement des personnes \u00e2g\u00e9es est une probl\u00e9matique croissante depuis plusieurs ann\u00e9es,","og_url":"https:\/\/en3s.fr\/secudoc\/produits-documentaires\/publications-en3s\/les-organismes-de-securite-sociale-et-la-lutte-contre-lisolement-des-personnes-agees\/","og_site_name":"S\u00e9cu Doc","twitter_card":"summary_large_image","twitter_misc":{"Dur\u00e9e de lecture estim\u00e9e":"1 minute"},"schema":{"@context":"https:\/\/schema.org","@graph":[{"@type":"WebPage","@id":"https:\/\/en3s.fr\/secudoc\/produits-documentaires\/publications-en3s\/les-organismes-de-securite-sociale-et-la-lutte-contre-lisolement-des-personnes-agees\/","url":"https:\/\/en3s.fr\/secudoc\/produits-documentaires\/publications-en3s\/les-organismes-de-securite-sociale-et-la-lutte-contre-lisolement-des-personnes-agees\/","name":"LES ORGANISMES DE S\u00c9CURIT\u00c9 SOCIALE ET LA LUTTE CONTRE L\u2019ISOLEMENT DES PERSONNES \u00c2G\u00c9ES - S\u00e9cu Doc","isPartOf":{"@id":"https:\/\/en3s.fr\/secudoc\/#website"},"datePublished":"2022-02-17T16:50:36+00:00","description":"La n\u00e9cessit\u00e9 d\u2019\u00e9tablir une politique p\u00e9renne de lutte contre l\u2019isolement des personnes \u00e2g\u00e9es est une probl\u00e9matique croissante depuis plusieurs ann\u00e9es,","breadcrumb":{"@id":"https:\/\/en3s.fr\/secudoc\/produits-documentaires\/publications-en3s\/les-organismes-de-securite-sociale-et-la-lutte-contre-lisolement-des-personnes-agees\/#breadcrumb"},"inLanguage":"fr-FR","potentialAction":[{"@type":"ReadAction","target":["https:\/\/en3s.fr\/secudoc\/produits-documentaires\/publications-en3s\/les-organismes-de-securite-sociale-et-la-lutte-contre-lisolement-des-personnes-agees\/"]}]},{"@type":"BreadcrumbList","@id":"https:\/\/en3s.fr\/secudoc\/produits-documentaires\/publications-en3s\/les-organismes-de-securite-sociale-et-la-lutte-contre-lisolement-des-personnes-agees\/#breadcrumb","itemListElement":[{"@type":"ListItem","position":1,"name":"Accueil","item":"https:\/\/en3s.fr\/secudoc\/"},{"@type":"ListItem","position":2,"name":"Produits documentaires","item":"https:\/\/en3s.fr\/secudoc\/produits-documentaires\/"},{"@type":"ListItem","position":3,"name":"Publications EN3S","item":"https:\/\/en3s.fr\/secudoc\/produits-documentaires\/publications-en3s\/"},{"@type":"ListItem","position":4,"name":"LES ORGANISMES DE S\u00c9CURIT\u00c9 SOCIALE ET LA LUTTE CONTRE L\u2019ISOLEMENT DES PERSONNES \u00c2G\u00c9ES"}]},{"@type":"WebSite","@id":"https:\/\/en3s.fr\/secudoc\/#website","url":"https:\/\/en3s.fr\/secudoc\/","name":"S\u00e9cu Doc","description":"Centre de ressources de la S\u00e9curit\u00e9 sociale","potentialAction":[{"@type":"SearchAction","target":{"@type":"EntryPoint","urlTemplate":"https:\/\/en3s.fr\/secudoc\/?s={search_term_string}"},"query-input":{"@type":"PropertyValueSpecification","valueRequired":true,"valueName":"search_term_string"}}],"inLanguage":"fr-FR"}]}},"_links":{"self":[{"href":"https:\/\/en3s.fr\/secudoc\/wp-json\/wp\/v2\/pages\/4287","targetHints":{"allow":["GET"]}}],"collection":[{"href":"https:\/\/en3s.fr\/secudoc\/wp-json\/wp\/v2\/pages"}],"about":[{"href":"https:\/\/en3s.fr\/secudoc\/wp-json\/wp\/v2\/types\/page"}],"author":[{"embeddable":true,"href":"https:\/\/en3s.fr\/secudoc\/wp-json\/wp\/v2\/users\/42"}],"replies":[{"embeddable":true,"href":"https:\/\/en3s.fr\/secudoc\/wp-json\/wp\/v2\/comments?post=4287"}],"version-history":[{"count":0,"href":"https:\/\/en3s.fr\/secudoc\/wp-json\/wp\/v2\/pages\/4287\/revisions"}],"up":[{"embeddable":true,"href":"https:\/\/en3s.fr\/secudoc\/wp-json\/wp\/v2\/pages\/910"}],"wp:attachment":[{"href":"https:\/\/en3s.fr\/secudoc\/wp-json\/wp\/v2\/media?parent=4287"}],"curies":[{"name":"wp","href":"https:\/\/api.w.org\/{rel}","templated":true}]}}