{"id":4291,"date":"2022-02-17T17:47:48","date_gmt":"2022-02-17T16:47:48","guid":{"rendered":"https:\/\/en3s.fr\/secudoc\/?page_id=4291"},"modified":"2022-03-03T11:16:03","modified_gmt":"2022-03-03T10:16:03","slug":"le-reperage-des-fragilites-des-sujets-ages-de-60-ans-et-plus-reflexion-sur-lexperimentation-du-programme-icope-de-lom-sur-le-territoire-auvergne-rhone-alpes","status":"publish","type":"page","link":"https:\/\/en3s.fr\/secudoc\/produits-documentaires\/publications-en3s\/le-reperage-des-fragilites-des-sujets-ages-de-60-ans-et-plus-reflexion-sur-lexperimentation-du-programme-icope-de-lom-sur-le-territoire-auvergne-rhone-alpes\/","title":{"rendered":"LE REP\u00c9RAGE DES FRAGILIT\u00c9S DES SUJETS AGES DE 60 ANS ET PLUS R\u00c9FLEXION SUR L\u2019EXP\u00c9RIMENTATION DU PROGRAMME ICOPE DE L\u2019OMS SUR LE TERRITOIRE AUVERGNE-RH\u00d4NE-ALPES"},"content":{"rendered":"<blockquote>\n<p class=\"Paragraphe\"><span style=\"font-size: 10.5pt\"><strong>Cette recherche-action pr\u00e9sente un enjeu territorial fort : proposer des solutions op\u00e9rationnelles au G\u00e9rontop\u00f4le AURA afin d\u2019exp\u00e9rimenter la d\u00e9marche ICOPE de l\u2019OMS. Pour ce faire, l\u2019\u00e9quipe projet a men\u00e9 un travail de recherche afin de dresser un \u00e9tat des lieux, le plus exhaustif possible, des dispositifs de rep\u00e9rage des fragilit\u00e9s existants en France et plus sp\u00e9cifiquement en r\u00e9gion AURA. Une trentaine d\u2019entretiens qualitatifs et un benchmark ont permis \u00e0 l\u2019\u00e9quipe projet d\u2019analyser les principaux dispositifs de rep\u00e9rage des fragilit\u00e9s qu\u2019ils reposent sur la d\u00e9marche ICOPE ou non.<\/strong><br \/>\n<\/span><\/p>\n<\/blockquote>\n<p><iframe loading=\"lazy\" title=\"R.A n\u00b06 : LE REP\u00c9RAGE DES FRAGILIT\u00c9S DES SUJETS AGES DE 60 ANS ET PLUS [...]\" width=\"500\" height=\"281\" src=\"https:\/\/www.youtube.com\/embed\/cvkvQyA8Mgc?feature=oembed\" frameborder=\"0\" allow=\"accelerometer; autoplay; clipboard-write; encrypted-media; gyroscope; picture-in-picture; web-share\" referrerpolicy=\"strict-origin-when-cross-origin\" allowfullscreen><\/iframe><\/p>\n<p style=\"text-align: right\"><a class=\"button\" href=\"https:\/\/www.calameo.com\/read\/004310504942594bb0bff\" target=\"_blank\" rel=\"noopener\">Retrouvez l&rsquo;int\u00e9gralit\u00e9 du rapport<\/a><\/p>\n","protected":false},"excerpt":{"rendered":"<p>Cette recherche-action pr\u00e9sente un enjeu territorial fort : proposer des solutions op\u00e9rationnelles au G\u00e9rontop\u00f4le AURA afin d\u2019exp\u00e9rimenter la d\u00e9marche ICOPE de l\u2019OMS. Pour ce faire, l\u2019\u00e9quipe projet a men\u00e9 un travail de recherche afin de dresser un \u00e9tat des lieux, le plus exhaustif possible, des dispositifs de rep\u00e9rage des fragilit\u00e9s existants en France et plus [&hellip;]<\/p>\n","protected":false},"author":42,"featured_media":0,"parent":910,"menu_order":0,"comment_status":"closed","ping_status":"closed","template":"","meta":{"ngg_post_thumbnail":0,"footnotes":""},"class_list":["post-4291","page","type-page","status-publish","hentry"],"yoast_head":"<!-- This site is optimized with the Yoast SEO plugin v24.9 - https:\/\/yoast.com\/wordpress\/plugins\/seo\/ -->\n<title>LE REP\u00c9RAGE DES FRAGILIT\u00c9S DES SUJETS AGES DE 60 ANS ET PLUS R\u00c9FLEXION SUR L\u2019EXP\u00c9RIMENTATION DU PROGRAMME ICOPE DE L\u2019OMS SUR LE TERRITOIRE AUVERGNE-RH\u00d4NE-ALPES - S\u00e9cu Doc<\/title>\n<meta name=\"description\" content=\"Cette recherche-action pr\u00e9sente un enjeu territorial fort : proposer des solutions op\u00e9rationnelles au G\u00e9rontop\u00f4le AURA afin d\u2019exp\u00e9rimenter la d\u00e9marche\" \/>\n<meta name=\"robots\" content=\"index, follow, max-snippet:-1, max-image-preview:large, max-video-preview:-1\" \/>\n<link rel=\"canonical\" href=\"https:\/\/en3s.fr\/secudoc\/produits-documentaires\/publications-en3s\/le-reperage-des-fragilites-des-sujets-ages-de-60-ans-et-plus-reflexion-sur-lexperimentation-du-programme-icope-de-lom-sur-le-territoire-auvergne-rhone-alpes\/\" \/>\n<meta property=\"og:locale\" content=\"fr_FR\" \/>\n<meta property=\"og:type\" content=\"article\" \/>\n<meta property=\"og:title\" content=\"LE REP\u00c9RAGE DES FRAGILIT\u00c9S DES SUJETS AGES DE 60 ANS ET PLUS R\u00c9FLEXION SUR L\u2019EXP\u00c9RIMENTATION DU PROGRAMME ICOPE DE L\u2019OMS SUR LE TERRITOIRE AUVERGNE-RH\u00d4NE-ALPES - S\u00e9cu Doc\" \/>\n<meta property=\"og:description\" content=\"Cette recherche-action pr\u00e9sente un enjeu territorial fort : proposer des solutions op\u00e9rationnelles au G\u00e9rontop\u00f4le AURA afin d\u2019exp\u00e9rimenter la d\u00e9marche\" \/>\n<meta property=\"og:url\" content=\"https:\/\/en3s.fr\/secudoc\/produits-documentaires\/publications-en3s\/le-reperage-des-fragilites-des-sujets-ages-de-60-ans-et-plus-reflexion-sur-lexperimentation-du-programme-icope-de-lom-sur-le-territoire-auvergne-rhone-alpes\/\" \/>\n<meta property=\"og:site_name\" content=\"S\u00e9cu Doc\" \/>\n<meta property=\"article:modified_time\" content=\"2022-03-03T10:16:03+00:00\" \/>\n<meta name=\"twitter:card\" content=\"summary_large_image\" \/>\n<meta name=\"twitter:label1\" content=\"Dur\u00e9e de lecture estim\u00e9e\" \/>\n\t<meta name=\"twitter:data1\" content=\"1 minute\" \/>\n<script type=\"application\/ld+json\" class=\"yoast-schema-graph\">{\"@context\":\"https:\/\/schema.org\",\"@graph\":[{\"@type\":\"WebPage\",\"@id\":\"https:\/\/en3s.fr\/secudoc\/produits-documentaires\/publications-en3s\/le-reperage-des-fragilites-des-sujets-ages-de-60-ans-et-plus-reflexion-sur-lexperimentation-du-programme-icope-de-lom-sur-le-territoire-auvergne-rhone-alpes\/\",\"url\":\"https:\/\/en3s.fr\/secudoc\/produits-documentaires\/publications-en3s\/le-reperage-des-fragilites-des-sujets-ages-de-60-ans-et-plus-reflexion-sur-lexperimentation-du-programme-icope-de-lom-sur-le-territoire-auvergne-rhone-alpes\/\",\"name\":\"LE REP\u00c9RAGE DES FRAGILIT\u00c9S DES SUJETS AGES DE 60 ANS ET PLUS R\u00c9FLEXION SUR L\u2019EXP\u00c9RIMENTATION DU PROGRAMME ICOPE DE L\u2019OMS SUR LE TERRITOIRE AUVERGNE-RH\u00d4NE-ALPES - S\u00e9cu Doc\",\"isPartOf\":{\"@id\":\"https:\/\/en3s.fr\/secudoc\/#website\"},\"datePublished\":\"2022-02-17T16:47:48+00:00\",\"dateModified\":\"2022-03-03T10:16:03+00:00\",\"description\":\"Cette recherche-action pr\u00e9sente un enjeu territorial fort : proposer des solutions op\u00e9rationnelles au G\u00e9rontop\u00f4le AURA afin d\u2019exp\u00e9rimenter la d\u00e9marche\",\"breadcrumb\":{\"@id\":\"https:\/\/en3s.fr\/secudoc\/produits-documentaires\/publications-en3s\/le-reperage-des-fragilites-des-sujets-ages-de-60-ans-et-plus-reflexion-sur-lexperimentation-du-programme-icope-de-lom-sur-le-territoire-auvergne-rhone-alpes\/#breadcrumb\"},\"inLanguage\":\"fr-FR\",\"potentialAction\":[{\"@type\":\"ReadAction\",\"target\":[\"https:\/\/en3s.fr\/secudoc\/produits-documentaires\/publications-en3s\/le-reperage-des-fragilites-des-sujets-ages-de-60-ans-et-plus-reflexion-sur-lexperimentation-du-programme-icope-de-lom-sur-le-territoire-auvergne-rhone-alpes\/\"]}]},{\"@type\":\"BreadcrumbList\",\"@id\":\"https:\/\/en3s.fr\/secudoc\/produits-documentaires\/publications-en3s\/le-reperage-des-fragilites-des-sujets-ages-de-60-ans-et-plus-reflexion-sur-lexperimentation-du-programme-icope-de-lom-sur-le-territoire-auvergne-rhone-alpes\/#breadcrumb\",\"itemListElement\":[{\"@type\":\"ListItem\",\"position\":1,\"name\":\"Accueil\",\"item\":\"https:\/\/en3s.fr\/secudoc\/\"},{\"@type\":\"ListItem\",\"position\":2,\"name\":\"Produits documentaires\",\"item\":\"https:\/\/en3s.fr\/secudoc\/produits-documentaires\/\"},{\"@type\":\"ListItem\",\"position\":3,\"name\":\"Publications EN3S\",\"item\":\"https:\/\/en3s.fr\/secudoc\/produits-documentaires\/publications-en3s\/\"},{\"@type\":\"ListItem\",\"position\":4,\"name\":\"LE REP\u00c9RAGE DES FRAGILIT\u00c9S DES SUJETS AGES DE 60 ANS ET PLUS R\u00c9FLEXION SUR L\u2019EXP\u00c9RIMENTATION DU PROGRAMME ICOPE DE L\u2019OMS SUR LE TERRITOIRE AUVERGNE-RH\u00d4NE-ALPES\"}]},{\"@type\":\"WebSite\",\"@id\":\"https:\/\/en3s.fr\/secudoc\/#website\",\"url\":\"https:\/\/en3s.fr\/secudoc\/\",\"name\":\"S\u00e9cu Doc\",\"description\":\"Centre de ressources de la S\u00e9curit\u00e9 sociale\",\"potentialAction\":[{\"@type\":\"SearchAction\",\"target\":{\"@type\":\"EntryPoint\",\"urlTemplate\":\"https:\/\/en3s.fr\/secudoc\/?s={search_term_string}\"},\"query-input\":{\"@type\":\"PropertyValueSpecification\",\"valueRequired\":true,\"valueName\":\"search_term_string\"}}],\"inLanguage\":\"fr-FR\"}]}<\/script>\n<!-- \/ Yoast SEO plugin. -->","yoast_head_json":{"title":"LE REP\u00c9RAGE DES FRAGILIT\u00c9S DES SUJETS AGES DE 60 ANS ET PLUS R\u00c9FLEXION SUR L\u2019EXP\u00c9RIMENTATION DU PROGRAMME ICOPE DE L\u2019OMS SUR LE TERRITOIRE AUVERGNE-RH\u00d4NE-ALPES - S\u00e9cu Doc","description":"Cette recherche-action pr\u00e9sente un enjeu territorial fort : proposer des solutions op\u00e9rationnelles au G\u00e9rontop\u00f4le AURA afin d\u2019exp\u00e9rimenter la d\u00e9marche","robots":{"index":"index","follow":"follow","max-snippet":"max-snippet:-1","max-image-preview":"max-image-preview:large","max-video-preview":"max-video-preview:-1"},"canonical":"https:\/\/en3s.fr\/secudoc\/produits-documentaires\/publications-en3s\/le-reperage-des-fragilites-des-sujets-ages-de-60-ans-et-plus-reflexion-sur-lexperimentation-du-programme-icope-de-lom-sur-le-territoire-auvergne-rhone-alpes\/","og_locale":"fr_FR","og_type":"article","og_title":"LE REP\u00c9RAGE DES FRAGILIT\u00c9S DES SUJETS AGES DE 60 ANS ET PLUS R\u00c9FLEXION SUR L\u2019EXP\u00c9RIMENTATION DU PROGRAMME ICOPE DE L\u2019OMS SUR LE TERRITOIRE AUVERGNE-RH\u00d4NE-ALPES - S\u00e9cu Doc","og_description":"Cette recherche-action pr\u00e9sente un enjeu territorial fort : proposer des solutions op\u00e9rationnelles au G\u00e9rontop\u00f4le AURA afin d\u2019exp\u00e9rimenter la d\u00e9marche","og_url":"https:\/\/en3s.fr\/secudoc\/produits-documentaires\/publications-en3s\/le-reperage-des-fragilites-des-sujets-ages-de-60-ans-et-plus-reflexion-sur-lexperimentation-du-programme-icope-de-lom-sur-le-territoire-auvergne-rhone-alpes\/","og_site_name":"S\u00e9cu Doc","article_modified_time":"2022-03-03T10:16:03+00:00","twitter_card":"summary_large_image","twitter_misc":{"Dur\u00e9e de lecture estim\u00e9e":"1 minute"},"schema":{"@context":"https:\/\/schema.org","@graph":[{"@type":"WebPage","@id":"https:\/\/en3s.fr\/secudoc\/produits-documentaires\/publications-en3s\/le-reperage-des-fragilites-des-sujets-ages-de-60-ans-et-plus-reflexion-sur-lexperimentation-du-programme-icope-de-lom-sur-le-territoire-auvergne-rhone-alpes\/","url":"https:\/\/en3s.fr\/secudoc\/produits-documentaires\/publications-en3s\/le-reperage-des-fragilites-des-sujets-ages-de-60-ans-et-plus-reflexion-sur-lexperimentation-du-programme-icope-de-lom-sur-le-territoire-auvergne-rhone-alpes\/","name":"LE REP\u00c9RAGE DES FRAGILIT\u00c9S DES SUJETS AGES DE 60 ANS ET PLUS R\u00c9FLEXION SUR L\u2019EXP\u00c9RIMENTATION DU PROGRAMME ICOPE DE L\u2019OMS SUR LE TERRITOIRE AUVERGNE-RH\u00d4NE-ALPES - S\u00e9cu Doc","isPartOf":{"@id":"https:\/\/en3s.fr\/secudoc\/#website"},"datePublished":"2022-02-17T16:47:48+00:00","dateModified":"2022-03-03T10:16:03+00:00","description":"Cette recherche-action pr\u00e9sente un enjeu territorial fort : proposer des solutions op\u00e9rationnelles au G\u00e9rontop\u00f4le AURA afin d\u2019exp\u00e9rimenter la d\u00e9marche","breadcrumb":{"@id":"https:\/\/en3s.fr\/secudoc\/produits-documentaires\/publications-en3s\/le-reperage-des-fragilites-des-sujets-ages-de-60-ans-et-plus-reflexion-sur-lexperimentation-du-programme-icope-de-lom-sur-le-territoire-auvergne-rhone-alpes\/#breadcrumb"},"inLanguage":"fr-FR","potentialAction":[{"@type":"ReadAction","target":["https:\/\/en3s.fr\/secudoc\/produits-documentaires\/publications-en3s\/le-reperage-des-fragilites-des-sujets-ages-de-60-ans-et-plus-reflexion-sur-lexperimentation-du-programme-icope-de-lom-sur-le-territoire-auvergne-rhone-alpes\/"]}]},{"@type":"BreadcrumbList","@id":"https:\/\/en3s.fr\/secudoc\/produits-documentaires\/publications-en3s\/le-reperage-des-fragilites-des-sujets-ages-de-60-ans-et-plus-reflexion-sur-lexperimentation-du-programme-icope-de-lom-sur-le-territoire-auvergne-rhone-alpes\/#breadcrumb","itemListElement":[{"@type":"ListItem","position":1,"name":"Accueil","item":"https:\/\/en3s.fr\/secudoc\/"},{"@type":"ListItem","position":2,"name":"Produits documentaires","item":"https:\/\/en3s.fr\/secudoc\/produits-documentaires\/"},{"@type":"ListItem","position":3,"name":"Publications EN3S","item":"https:\/\/en3s.fr\/secudoc\/produits-documentaires\/publications-en3s\/"},{"@type":"ListItem","position":4,"name":"LE REP\u00c9RAGE DES FRAGILIT\u00c9S DES SUJETS AGES DE 60 ANS ET PLUS R\u00c9FLEXION SUR L\u2019EXP\u00c9RIMENTATION DU PROGRAMME ICOPE DE L\u2019OMS SUR LE TERRITOIRE AUVERGNE-RH\u00d4NE-ALPES"}]},{"@type":"WebSite","@id":"https:\/\/en3s.fr\/secudoc\/#website","url":"https:\/\/en3s.fr\/secudoc\/","name":"S\u00e9cu Doc","description":"Centre de ressources de la S\u00e9curit\u00e9 sociale","potentialAction":[{"@type":"SearchAction","target":{"@type":"EntryPoint","urlTemplate":"https:\/\/en3s.fr\/secudoc\/?s={search_term_string}"},"query-input":{"@type":"PropertyValueSpecification","valueRequired":true,"valueName":"search_term_string"}}],"inLanguage":"fr-FR"}]}},"_links":{"self":[{"href":"https:\/\/en3s.fr\/secudoc\/wp-json\/wp\/v2\/pages\/4291","targetHints":{"allow":["GET"]}}],"collection":[{"href":"https:\/\/en3s.fr\/secudoc\/wp-json\/wp\/v2\/pages"}],"about":[{"href":"https:\/\/en3s.fr\/secudoc\/wp-json\/wp\/v2\/types\/page"}],"author":[{"embeddable":true,"href":"https:\/\/en3s.fr\/secudoc\/wp-json\/wp\/v2\/users\/42"}],"replies":[{"embeddable":true,"href":"https:\/\/en3s.fr\/secudoc\/wp-json\/wp\/v2\/comments?post=4291"}],"version-history":[{"count":0,"href":"https:\/\/en3s.fr\/secudoc\/wp-json\/wp\/v2\/pages\/4291\/revisions"}],"up":[{"embeddable":true,"href":"https:\/\/en3s.fr\/secudoc\/wp-json\/wp\/v2\/pages\/910"}],"wp:attachment":[{"href":"https:\/\/en3s.fr\/secudoc\/wp-json\/wp\/v2\/media?parent=4291"}],"curies":[{"name":"wp","href":"https:\/\/api.w.org\/{rel}","templated":true}]}}