{"id":4297,"date":"2022-02-17T17:36:33","date_gmt":"2022-02-17T16:36:33","guid":{"rendered":"https:\/\/en3s.fr\/secudoc\/?page_id=4297"},"modified":"2022-02-17T17:44:44","modified_gmt":"2022-02-17T16:44:44","slug":"habitat-inclusif-quelles-recommandations-pour-le-structurer-et-le-financer-de-facon-perenne-quels-roles-pour-les-caisses-de-securite-sociale%e2%80%89","status":"publish","type":"page","link":"https:\/\/en3s.fr\/secudoc\/produits-documentaires\/publications-en3s\/habitat-inclusif-quelles-recommandations-pour-le-structurer-et-le-financer-de-facon-perenne-quels-roles-pour-les-caisses-de-securite-sociale%e2%80%89\/","title":{"rendered":"HABITAT INCLUSIF : QUELLES RECOMMANDATIONS POUR LE STRUCTURER ET LE FINANCER DE FA\u00c7ON PERENNE, QUELS R\u00d4LES POUR LES CAISSES DE S\u00c9CURIT\u00c9 SOCIALE\u2009?"},"content":{"rendered":"<blockquote>\n<h5>L\u2019habitat constitue un enjeu majeur d\u2019inclusion des personnes en perte d\u2019autonomie li\u00e9e \u00e0 l\u2019\u00e2ge et\/ou \u00e0 un handicap. Le \u00ab\u2009domicile\u2009\u00bb est souvent mis en opposition avec les \u00e9tablissements d\u2019h\u00e9bergement m\u00e9dicalis\u00e9s pour personnes \u00e2g\u00e9es et en situation de handicap, cependant il existe des solutions interm\u00e9diaires qui s\u2019inscrivent dans le virage domiciliaire de la prise en charge de la perte d\u2019autonomie. L\u2019habitat inclusif (HI) en fait partie et recouvre les caract\u00e9ristiques suivantes\u202f: un habitat partag\u00e9 (r\u00e9sidence principale et lieu de vie avec des espaces individuels et communs), un projet de vie partag\u00e9 et ins\u00e9r\u00e9 dans la cit\u00e9.<\/h5>\n<\/blockquote>\n<p><iframe loading=\"lazy\" title=\"R.A n\u00b07 : HABITAT INCLUSIF : QUELLES RECOMMANDATIONS POUR LE STRUCTURER ET LE FINANCER [...]\" width=\"500\" height=\"281\" src=\"https:\/\/www.youtube.com\/embed\/kDFAJGv3jdQ?feature=oembed\" frameborder=\"0\" allow=\"accelerometer; autoplay; clipboard-write; encrypted-media; gyroscope; picture-in-picture; web-share\" referrerpolicy=\"strict-origin-when-cross-origin\" allowfullscreen><\/iframe><\/p>\n<p>&nbsp;<\/p>\n<p style=\"text-align: right\"><a class=\"button\" href=\"https:\/\/www.calameo.com\/read\/00431050462af37d3f4f5\" target=\"_blank\" rel=\"noopener\">Retrouvez l&rsquo;int\u00e9gralit\u00e9 du rapport<\/a><\/p>\n","protected":false},"excerpt":{"rendered":"<p>L\u2019habitat constitue un enjeu majeur d\u2019inclusion des personnes en perte d\u2019autonomie li\u00e9e \u00e0 l\u2019\u00e2ge et\/ou \u00e0 un handicap. Le \u00ab\u2009domicile\u2009\u00bb est souvent mis en opposition avec les \u00e9tablissements d\u2019h\u00e9bergement m\u00e9dicalis\u00e9s pour personnes \u00e2g\u00e9es et en situation de handicap, cependant il existe des solutions interm\u00e9diaires qui s\u2019inscrivent dans le virage domiciliaire de la prise en charge [&hellip;]<\/p>\n","protected":false},"author":42,"featured_media":0,"parent":910,"menu_order":0,"comment_status":"closed","ping_status":"closed","template":"","meta":{"ngg_post_thumbnail":0,"footnotes":""},"class_list":["post-4297","page","type-page","status-publish","hentry"],"yoast_head":"<!-- This site is optimized with the Yoast SEO plugin v24.9 - https:\/\/yoast.com\/wordpress\/plugins\/seo\/ -->\n<title>HABITAT INCLUSIF : QUELLES RECOMMANDATIONS POUR LE STRUCTURER ET LE FINANCER DE FA\u00c7ON PERENNE, QUELS R\u00d4LES POUR LES CAISSES DE S\u00c9CURIT\u00c9 SOCIALE\u2009? - S\u00e9cu Doc<\/title>\n<meta name=\"description\" content=\"L\u2019habitat constitue un enjeu majeur d\u2019inclusion des personnes en perte d\u2019autonomie li\u00e9e \u00e0 l\u2019\u00e2ge et\/ou \u00e0 un handicap. Le \u00ab\u2009domicile\u2009\u00bb est souvent mis en\" \/>\n<meta name=\"robots\" content=\"index, follow, max-snippet:-1, max-image-preview:large, max-video-preview:-1\" \/>\n<link rel=\"canonical\" href=\"https:\/\/en3s.fr\/secudoc\/produits-documentaires\/publications-en3s\/habitat-inclusif-quelles-recommandations-pour-le-structurer-et-le-financer-de-facon-perenne-quels-roles-pour-les-caisses-de-securite-sociale\u2009\/\" \/>\n<meta property=\"og:locale\" content=\"fr_FR\" \/>\n<meta property=\"og:type\" content=\"article\" \/>\n<meta property=\"og:title\" content=\"HABITAT INCLUSIF : QUELLES RECOMMANDATIONS POUR LE STRUCTURER ET LE FINANCER DE FA\u00c7ON PERENNE, QUELS R\u00d4LES POUR LES CAISSES DE S\u00c9CURIT\u00c9 SOCIALE\u2009? - S\u00e9cu Doc\" \/>\n<meta property=\"og:description\" content=\"L\u2019habitat constitue un enjeu majeur d\u2019inclusion des personnes en perte d\u2019autonomie li\u00e9e \u00e0 l\u2019\u00e2ge et\/ou \u00e0 un handicap. Le \u00ab\u2009domicile\u2009\u00bb est souvent mis en\" \/>\n<meta property=\"og:url\" content=\"https:\/\/en3s.fr\/secudoc\/produits-documentaires\/publications-en3s\/habitat-inclusif-quelles-recommandations-pour-le-structurer-et-le-financer-de-facon-perenne-quels-roles-pour-les-caisses-de-securite-sociale\u2009\/\" \/>\n<meta property=\"og:site_name\" content=\"S\u00e9cu Doc\" \/>\n<meta property=\"article:modified_time\" content=\"2022-02-17T16:44:44+00:00\" \/>\n<meta name=\"twitter:card\" content=\"summary_large_image\" \/>\n<meta name=\"twitter:label1\" content=\"Dur\u00e9e de lecture estim\u00e9e\" \/>\n\t<meta name=\"twitter:data1\" content=\"1 minute\" \/>\n<script type=\"application\/ld+json\" class=\"yoast-schema-graph\">{\"@context\":\"https:\/\/schema.org\",\"@graph\":[{\"@type\":\"WebPage\",\"@id\":\"https:\/\/en3s.fr\/secudoc\/produits-documentaires\/publications-en3s\/habitat-inclusif-quelles-recommandations-pour-le-structurer-et-le-financer-de-facon-perenne-quels-roles-pour-les-caisses-de-securite-sociale%e2%80%89\/\",\"url\":\"https:\/\/en3s.fr\/secudoc\/produits-documentaires\/publications-en3s\/habitat-inclusif-quelles-recommandations-pour-le-structurer-et-le-financer-de-facon-perenne-quels-roles-pour-les-caisses-de-securite-sociale%e2%80%89\/\",\"name\":\"HABITAT INCLUSIF : QUELLES RECOMMANDATIONS POUR LE STRUCTURER ET LE FINANCER DE FA\u00c7ON PERENNE, QUELS R\u00d4LES POUR LES CAISSES DE S\u00c9CURIT\u00c9 SOCIALE\u2009? - S\u00e9cu Doc\",\"isPartOf\":{\"@id\":\"https:\/\/en3s.fr\/secudoc\/#website\"},\"datePublished\":\"2022-02-17T16:36:33+00:00\",\"dateModified\":\"2022-02-17T16:44:44+00:00\",\"description\":\"L\u2019habitat constitue un enjeu majeur d\u2019inclusion des personnes en perte d\u2019autonomie li\u00e9e \u00e0 l\u2019\u00e2ge et\/ou \u00e0 un handicap. Le \u00ab\u2009domicile\u2009\u00bb est souvent mis en\",\"breadcrumb\":{\"@id\":\"https:\/\/en3s.fr\/secudoc\/produits-documentaires\/publications-en3s\/habitat-inclusif-quelles-recommandations-pour-le-structurer-et-le-financer-de-facon-perenne-quels-roles-pour-les-caisses-de-securite-sociale%e2%80%89\/#breadcrumb\"},\"inLanguage\":\"fr-FR\",\"potentialAction\":[{\"@type\":\"ReadAction\",\"target\":[\"https:\/\/en3s.fr\/secudoc\/produits-documentaires\/publications-en3s\/habitat-inclusif-quelles-recommandations-pour-le-structurer-et-le-financer-de-facon-perenne-quels-roles-pour-les-caisses-de-securite-sociale%e2%80%89\/\"]}]},{\"@type\":\"BreadcrumbList\",\"@id\":\"https:\/\/en3s.fr\/secudoc\/produits-documentaires\/publications-en3s\/habitat-inclusif-quelles-recommandations-pour-le-structurer-et-le-financer-de-facon-perenne-quels-roles-pour-les-caisses-de-securite-sociale%e2%80%89\/#breadcrumb\",\"itemListElement\":[{\"@type\":\"ListItem\",\"position\":1,\"name\":\"Accueil\",\"item\":\"https:\/\/en3s.fr\/secudoc\/\"},{\"@type\":\"ListItem\",\"position\":2,\"name\":\"Produits documentaires\",\"item\":\"https:\/\/en3s.fr\/secudoc\/produits-documentaires\/\"},{\"@type\":\"ListItem\",\"position\":3,\"name\":\"Publications EN3S\",\"item\":\"https:\/\/en3s.fr\/secudoc\/produits-documentaires\/publications-en3s\/\"},{\"@type\":\"ListItem\",\"position\":4,\"name\":\"HABITAT INCLUSIF : QUELLES RECOMMANDATIONS POUR LE STRUCTURER ET LE FINANCER DE FA\u00c7ON PERENNE, QUELS R\u00d4LES POUR LES CAISSES DE S\u00c9CURIT\u00c9 SOCIALE\u2009?\"}]},{\"@type\":\"WebSite\",\"@id\":\"https:\/\/en3s.fr\/secudoc\/#website\",\"url\":\"https:\/\/en3s.fr\/secudoc\/\",\"name\":\"S\u00e9cu Doc\",\"description\":\"Centre de ressources de la S\u00e9curit\u00e9 sociale\",\"potentialAction\":[{\"@type\":\"SearchAction\",\"target\":{\"@type\":\"EntryPoint\",\"urlTemplate\":\"https:\/\/en3s.fr\/secudoc\/?s={search_term_string}\"},\"query-input\":{\"@type\":\"PropertyValueSpecification\",\"valueRequired\":true,\"valueName\":\"search_term_string\"}}],\"inLanguage\":\"fr-FR\"}]}<\/script>\n<!-- \/ Yoast SEO plugin. -->","yoast_head_json":{"title":"HABITAT INCLUSIF : QUELLES RECOMMANDATIONS POUR LE STRUCTURER ET LE FINANCER DE FA\u00c7ON PERENNE, QUELS R\u00d4LES POUR LES CAISSES DE S\u00c9CURIT\u00c9 SOCIALE\u2009? - S\u00e9cu Doc","description":"L\u2019habitat constitue un enjeu majeur d\u2019inclusion des personnes en perte d\u2019autonomie li\u00e9e \u00e0 l\u2019\u00e2ge et\/ou \u00e0 un handicap. Le \u00ab\u2009domicile\u2009\u00bb est souvent mis en","robots":{"index":"index","follow":"follow","max-snippet":"max-snippet:-1","max-image-preview":"max-image-preview:large","max-video-preview":"max-video-preview:-1"},"canonical":"https:\/\/en3s.fr\/secudoc\/produits-documentaires\/publications-en3s\/habitat-inclusif-quelles-recommandations-pour-le-structurer-et-le-financer-de-facon-perenne-quels-roles-pour-les-caisses-de-securite-sociale\u2009\/","og_locale":"fr_FR","og_type":"article","og_title":"HABITAT INCLUSIF : QUELLES RECOMMANDATIONS POUR LE STRUCTURER ET LE FINANCER DE FA\u00c7ON PERENNE, QUELS R\u00d4LES POUR LES CAISSES DE S\u00c9CURIT\u00c9 SOCIALE\u2009? - S\u00e9cu Doc","og_description":"L\u2019habitat constitue un enjeu majeur d\u2019inclusion des personnes en perte d\u2019autonomie li\u00e9e \u00e0 l\u2019\u00e2ge et\/ou \u00e0 un handicap. Le \u00ab\u2009domicile\u2009\u00bb est souvent mis en","og_url":"https:\/\/en3s.fr\/secudoc\/produits-documentaires\/publications-en3s\/habitat-inclusif-quelles-recommandations-pour-le-structurer-et-le-financer-de-facon-perenne-quels-roles-pour-les-caisses-de-securite-sociale\u2009\/","og_site_name":"S\u00e9cu Doc","article_modified_time":"2022-02-17T16:44:44+00:00","twitter_card":"summary_large_image","twitter_misc":{"Dur\u00e9e de lecture estim\u00e9e":"1 minute"},"schema":{"@context":"https:\/\/schema.org","@graph":[{"@type":"WebPage","@id":"https:\/\/en3s.fr\/secudoc\/produits-documentaires\/publications-en3s\/habitat-inclusif-quelles-recommandations-pour-le-structurer-et-le-financer-de-facon-perenne-quels-roles-pour-les-caisses-de-securite-sociale%e2%80%89\/","url":"https:\/\/en3s.fr\/secudoc\/produits-documentaires\/publications-en3s\/habitat-inclusif-quelles-recommandations-pour-le-structurer-et-le-financer-de-facon-perenne-quels-roles-pour-les-caisses-de-securite-sociale%e2%80%89\/","name":"HABITAT INCLUSIF : QUELLES RECOMMANDATIONS POUR LE STRUCTURER ET LE FINANCER DE FA\u00c7ON PERENNE, QUELS R\u00d4LES POUR LES CAISSES DE S\u00c9CURIT\u00c9 SOCIALE\u2009? - S\u00e9cu Doc","isPartOf":{"@id":"https:\/\/en3s.fr\/secudoc\/#website"},"datePublished":"2022-02-17T16:36:33+00:00","dateModified":"2022-02-17T16:44:44+00:00","description":"L\u2019habitat constitue un enjeu majeur d\u2019inclusion des personnes en perte d\u2019autonomie li\u00e9e \u00e0 l\u2019\u00e2ge et\/ou \u00e0 un handicap. Le \u00ab\u2009domicile\u2009\u00bb est souvent mis en","breadcrumb":{"@id":"https:\/\/en3s.fr\/secudoc\/produits-documentaires\/publications-en3s\/habitat-inclusif-quelles-recommandations-pour-le-structurer-et-le-financer-de-facon-perenne-quels-roles-pour-les-caisses-de-securite-sociale%e2%80%89\/#breadcrumb"},"inLanguage":"fr-FR","potentialAction":[{"@type":"ReadAction","target":["https:\/\/en3s.fr\/secudoc\/produits-documentaires\/publications-en3s\/habitat-inclusif-quelles-recommandations-pour-le-structurer-et-le-financer-de-facon-perenne-quels-roles-pour-les-caisses-de-securite-sociale%e2%80%89\/"]}]},{"@type":"BreadcrumbList","@id":"https:\/\/en3s.fr\/secudoc\/produits-documentaires\/publications-en3s\/habitat-inclusif-quelles-recommandations-pour-le-structurer-et-le-financer-de-facon-perenne-quels-roles-pour-les-caisses-de-securite-sociale%e2%80%89\/#breadcrumb","itemListElement":[{"@type":"ListItem","position":1,"name":"Accueil","item":"https:\/\/en3s.fr\/secudoc\/"},{"@type":"ListItem","position":2,"name":"Produits documentaires","item":"https:\/\/en3s.fr\/secudoc\/produits-documentaires\/"},{"@type":"ListItem","position":3,"name":"Publications EN3S","item":"https:\/\/en3s.fr\/secudoc\/produits-documentaires\/publications-en3s\/"},{"@type":"ListItem","position":4,"name":"HABITAT INCLUSIF : QUELLES RECOMMANDATIONS POUR LE STRUCTURER ET LE FINANCER DE FA\u00c7ON PERENNE, QUELS R\u00d4LES POUR LES CAISSES DE S\u00c9CURIT\u00c9 SOCIALE\u2009?"}]},{"@type":"WebSite","@id":"https:\/\/en3s.fr\/secudoc\/#website","url":"https:\/\/en3s.fr\/secudoc\/","name":"S\u00e9cu Doc","description":"Centre de ressources de la S\u00e9curit\u00e9 sociale","potentialAction":[{"@type":"SearchAction","target":{"@type":"EntryPoint","urlTemplate":"https:\/\/en3s.fr\/secudoc\/?s={search_term_string}"},"query-input":{"@type":"PropertyValueSpecification","valueRequired":true,"valueName":"search_term_string"}}],"inLanguage":"fr-FR"}]}},"_links":{"self":[{"href":"https:\/\/en3s.fr\/secudoc\/wp-json\/wp\/v2\/pages\/4297","targetHints":{"allow":["GET"]}}],"collection":[{"href":"https:\/\/en3s.fr\/secudoc\/wp-json\/wp\/v2\/pages"}],"about":[{"href":"https:\/\/en3s.fr\/secudoc\/wp-json\/wp\/v2\/types\/page"}],"author":[{"embeddable":true,"href":"https:\/\/en3s.fr\/secudoc\/wp-json\/wp\/v2\/users\/42"}],"replies":[{"embeddable":true,"href":"https:\/\/en3s.fr\/secudoc\/wp-json\/wp\/v2\/comments?post=4297"}],"version-history":[{"count":0,"href":"https:\/\/en3s.fr\/secudoc\/wp-json\/wp\/v2\/pages\/4297\/revisions"}],"up":[{"embeddable":true,"href":"https:\/\/en3s.fr\/secudoc\/wp-json\/wp\/v2\/pages\/910"}],"wp:attachment":[{"href":"https:\/\/en3s.fr\/secudoc\/wp-json\/wp\/v2\/media?parent=4297"}],"curies":[{"name":"wp","href":"https:\/\/api.w.org\/{rel}","templated":true}]}}