{"id":4300,"date":"2022-02-17T17:46:33","date_gmt":"2022-02-17T16:46:33","guid":{"rendered":"https:\/\/en3s.fr\/secudoc\/?page_id=4300"},"modified":"2022-02-17T17:46:33","modified_gmt":"2022-02-17T16:46:33","slug":"le-bien-vieillir-des-exploitants-agricoles-laction-partenariale-des-caisses-de-msa-dans-la-prevention-de-la-perte-dautonomie","status":"publish","type":"page","link":"https:\/\/en3s.fr\/secudoc\/produits-documentaires\/publications-en3s\/le-bien-vieillir-des-exploitants-agricoles-laction-partenariale-des-caisses-de-msa-dans-la-prevention-de-la-perte-dautonomie\/","title":{"rendered":"LE BIEN VIEILLIR DES EXPLOITANTS AGRICOLES : L\u2019ACTION PARTENARIALE DES CAISSES DE MSA DANS LA PR\u00c9VENTION DE LA PERTE D\u2019AUTONOMIE"},"content":{"rendered":"<blockquote><p><strong>Le bien-vieillir des exploitants agricoles et l\u2019action partenariale des caisses de MSA dans la pr\u00e9vention de la perte d\u2019autonomie est un sujet au c\u0153ur des enjeux. Le rapport LIBAULT Grand \u00e2ge et autonomie de 2019 a mis en lumi\u00e8re la n\u00e9cessit\u00e9 d\u2019int\u00e9grer dans l\u2019action des politiques sociales le volet pr\u00e9vention de la perte d\u2019autonomie. Le bien-vieillir est d\u00e9fini par l\u2019Organisation mondiale de la sant\u00e9 comme \u00ab\u00a0un processus qui vise \u00e0 optimiser les chances d\u2019une bonne sant\u00e9 physique, sociale et mentale et de permettre \u00e0 des personnes \u00e2g\u00e9es de prendre une part active dans la soci\u00e9t\u00e9, et de jouir d\u2019une vie ind\u00e9pendante et qualit\u00e9 \u00bb. Le r\u00e9seau des MSA investit le champ du bien-vieillir et est confront\u00e9 \u00e0 la n\u00e9cessit\u00e9 de renforcer les actions \u00e0 destination des exploitants agricoles, eu \u00e9gard \u00e0 la relative difficult\u00e9 d\u2019adh\u00e9sion aux dispositifs existants.<\/strong><\/p><\/blockquote>\n<p><iframe loading=\"lazy\" title=\"R.A n\u00b08: LE BIEN VIEILLIR DES EXPLOITANTS AGRICOLES [...]\" width=\"500\" height=\"281\" src=\"https:\/\/www.youtube.com\/embed\/2jH_xp_3u7Y?feature=oembed\" frameborder=\"0\" allow=\"accelerometer; autoplay; clipboard-write; encrypted-media; gyroscope; picture-in-picture; web-share\" referrerpolicy=\"strict-origin-when-cross-origin\" allowfullscreen><\/iframe><\/p>\n<p style=\"text-align: right\"><a class=\"button\" href=\"https:\/\/www.calameo.com\/read\/004310504b0bd8a98c712\" target=\"_blank\" rel=\"noopener\">Retrouvez l&rsquo;int\u00e9gralit\u00e9 du rapport<\/a><\/p>\n","protected":false},"excerpt":{"rendered":"<p>Le bien-vieillir des exploitants agricoles et l\u2019action partenariale des caisses de MSA dans la pr\u00e9vention de la perte d\u2019autonomie est un sujet au c\u0153ur des enjeux. Le rapport LIBAULT Grand \u00e2ge et autonomie de 2019 a mis en lumi\u00e8re la n\u00e9cessit\u00e9 d\u2019int\u00e9grer dans l\u2019action des politiques sociales le volet pr\u00e9vention de la perte d\u2019autonomie. Le [&hellip;]<\/p>\n","protected":false},"author":42,"featured_media":0,"parent":910,"menu_order":0,"comment_status":"closed","ping_status":"closed","template":"","meta":{"ngg_post_thumbnail":0,"footnotes":""},"class_list":["post-4300","page","type-page","status-publish","hentry"],"yoast_head":"<!-- This site is optimized with the Yoast SEO plugin v24.9 - https:\/\/yoast.com\/wordpress\/plugins\/seo\/ -->\n<title>LE BIEN VIEILLIR DES EXPLOITANTS AGRICOLES : L\u2019ACTION PARTENARIALE DES CAISSES DE MSA DANS LA PR\u00c9VENTION DE LA PERTE D\u2019AUTONOMIE - S\u00e9cu Doc<\/title>\n<meta name=\"description\" content=\"Le bien-vieillir des exploitants agricoles et l\u2019action partenariale des caisses de MSA dans la pr\u00e9vention de la perte d\u2019autonomie est un sujet au c\u0153ur des\" \/>\n<meta name=\"robots\" content=\"index, follow, max-snippet:-1, max-image-preview:large, max-video-preview:-1\" \/>\n<link rel=\"canonical\" href=\"https:\/\/en3s.fr\/secudoc\/produits-documentaires\/publications-en3s\/le-bien-vieillir-des-exploitants-agricoles-laction-partenariale-des-caisses-de-msa-dans-la-prevention-de-la-perte-dautonomie\/\" \/>\n<meta property=\"og:locale\" content=\"fr_FR\" \/>\n<meta property=\"og:type\" content=\"article\" \/>\n<meta property=\"og:title\" content=\"LE BIEN VIEILLIR DES EXPLOITANTS AGRICOLES : L\u2019ACTION PARTENARIALE DES CAISSES DE MSA DANS LA PR\u00c9VENTION DE LA PERTE D\u2019AUTONOMIE - S\u00e9cu Doc\" \/>\n<meta property=\"og:description\" content=\"Le bien-vieillir des exploitants agricoles et l\u2019action partenariale des caisses de MSA dans la pr\u00e9vention de la perte d\u2019autonomie est un sujet au c\u0153ur des\" \/>\n<meta property=\"og:url\" content=\"https:\/\/en3s.fr\/secudoc\/produits-documentaires\/publications-en3s\/le-bien-vieillir-des-exploitants-agricoles-laction-partenariale-des-caisses-de-msa-dans-la-prevention-de-la-perte-dautonomie\/\" \/>\n<meta property=\"og:site_name\" content=\"S\u00e9cu Doc\" \/>\n<meta name=\"twitter:card\" content=\"summary_large_image\" \/>\n<meta name=\"twitter:label1\" content=\"Dur\u00e9e de lecture estim\u00e9e\" \/>\n\t<meta name=\"twitter:data1\" content=\"1 minute\" \/>\n<script type=\"application\/ld+json\" class=\"yoast-schema-graph\">{\"@context\":\"https:\/\/schema.org\",\"@graph\":[{\"@type\":\"WebPage\",\"@id\":\"https:\/\/en3s.fr\/secudoc\/produits-documentaires\/publications-en3s\/le-bien-vieillir-des-exploitants-agricoles-laction-partenariale-des-caisses-de-msa-dans-la-prevention-de-la-perte-dautonomie\/\",\"url\":\"https:\/\/en3s.fr\/secudoc\/produits-documentaires\/publications-en3s\/le-bien-vieillir-des-exploitants-agricoles-laction-partenariale-des-caisses-de-msa-dans-la-prevention-de-la-perte-dautonomie\/\",\"name\":\"LE BIEN VIEILLIR DES EXPLOITANTS AGRICOLES : L\u2019ACTION PARTENARIALE DES CAISSES DE MSA DANS LA PR\u00c9VENTION DE LA PERTE D\u2019AUTONOMIE - S\u00e9cu Doc\",\"isPartOf\":{\"@id\":\"https:\/\/en3s.fr\/secudoc\/#website\"},\"datePublished\":\"2022-02-17T16:46:33+00:00\",\"description\":\"Le bien-vieillir des exploitants agricoles et l\u2019action partenariale des caisses de MSA dans la pr\u00e9vention de la perte d\u2019autonomie est un sujet au c\u0153ur des\",\"breadcrumb\":{\"@id\":\"https:\/\/en3s.fr\/secudoc\/produits-documentaires\/publications-en3s\/le-bien-vieillir-des-exploitants-agricoles-laction-partenariale-des-caisses-de-msa-dans-la-prevention-de-la-perte-dautonomie\/#breadcrumb\"},\"inLanguage\":\"fr-FR\",\"potentialAction\":[{\"@type\":\"ReadAction\",\"target\":[\"https:\/\/en3s.fr\/secudoc\/produits-documentaires\/publications-en3s\/le-bien-vieillir-des-exploitants-agricoles-laction-partenariale-des-caisses-de-msa-dans-la-prevention-de-la-perte-dautonomie\/\"]}]},{\"@type\":\"BreadcrumbList\",\"@id\":\"https:\/\/en3s.fr\/secudoc\/produits-documentaires\/publications-en3s\/le-bien-vieillir-des-exploitants-agricoles-laction-partenariale-des-caisses-de-msa-dans-la-prevention-de-la-perte-dautonomie\/#breadcrumb\",\"itemListElement\":[{\"@type\":\"ListItem\",\"position\":1,\"name\":\"Accueil\",\"item\":\"https:\/\/en3s.fr\/secudoc\/\"},{\"@type\":\"ListItem\",\"position\":2,\"name\":\"Produits documentaires\",\"item\":\"https:\/\/en3s.fr\/secudoc\/produits-documentaires\/\"},{\"@type\":\"ListItem\",\"position\":3,\"name\":\"Publications EN3S\",\"item\":\"https:\/\/en3s.fr\/secudoc\/produits-documentaires\/publications-en3s\/\"},{\"@type\":\"ListItem\",\"position\":4,\"name\":\"LE BIEN VIEILLIR DES EXPLOITANTS AGRICOLES : L\u2019ACTION PARTENARIALE DES CAISSES DE MSA DANS LA PR\u00c9VENTION DE LA PERTE D\u2019AUTONOMIE\"}]},{\"@type\":\"WebSite\",\"@id\":\"https:\/\/en3s.fr\/secudoc\/#website\",\"url\":\"https:\/\/en3s.fr\/secudoc\/\",\"name\":\"S\u00e9cu Doc\",\"description\":\"Centre de ressources de la S\u00e9curit\u00e9 sociale\",\"potentialAction\":[{\"@type\":\"SearchAction\",\"target\":{\"@type\":\"EntryPoint\",\"urlTemplate\":\"https:\/\/en3s.fr\/secudoc\/?s={search_term_string}\"},\"query-input\":{\"@type\":\"PropertyValueSpecification\",\"valueRequired\":true,\"valueName\":\"search_term_string\"}}],\"inLanguage\":\"fr-FR\"}]}<\/script>\n<!-- \/ Yoast SEO plugin. -->","yoast_head_json":{"title":"LE BIEN VIEILLIR DES EXPLOITANTS AGRICOLES : L\u2019ACTION PARTENARIALE DES CAISSES DE MSA DANS LA PR\u00c9VENTION DE LA PERTE D\u2019AUTONOMIE - S\u00e9cu Doc","description":"Le bien-vieillir des exploitants agricoles et l\u2019action partenariale des caisses de MSA dans la pr\u00e9vention de la perte d\u2019autonomie est un sujet au c\u0153ur des","robots":{"index":"index","follow":"follow","max-snippet":"max-snippet:-1","max-image-preview":"max-image-preview:large","max-video-preview":"max-video-preview:-1"},"canonical":"https:\/\/en3s.fr\/secudoc\/produits-documentaires\/publications-en3s\/le-bien-vieillir-des-exploitants-agricoles-laction-partenariale-des-caisses-de-msa-dans-la-prevention-de-la-perte-dautonomie\/","og_locale":"fr_FR","og_type":"article","og_title":"LE BIEN VIEILLIR DES EXPLOITANTS AGRICOLES : L\u2019ACTION PARTENARIALE DES CAISSES DE MSA DANS LA PR\u00c9VENTION DE LA PERTE D\u2019AUTONOMIE - S\u00e9cu Doc","og_description":"Le bien-vieillir des exploitants agricoles et l\u2019action partenariale des caisses de MSA dans la pr\u00e9vention de la perte d\u2019autonomie est un sujet au c\u0153ur des","og_url":"https:\/\/en3s.fr\/secudoc\/produits-documentaires\/publications-en3s\/le-bien-vieillir-des-exploitants-agricoles-laction-partenariale-des-caisses-de-msa-dans-la-prevention-de-la-perte-dautonomie\/","og_site_name":"S\u00e9cu Doc","twitter_card":"summary_large_image","twitter_misc":{"Dur\u00e9e de lecture estim\u00e9e":"1 minute"},"schema":{"@context":"https:\/\/schema.org","@graph":[{"@type":"WebPage","@id":"https:\/\/en3s.fr\/secudoc\/produits-documentaires\/publications-en3s\/le-bien-vieillir-des-exploitants-agricoles-laction-partenariale-des-caisses-de-msa-dans-la-prevention-de-la-perte-dautonomie\/","url":"https:\/\/en3s.fr\/secudoc\/produits-documentaires\/publications-en3s\/le-bien-vieillir-des-exploitants-agricoles-laction-partenariale-des-caisses-de-msa-dans-la-prevention-de-la-perte-dautonomie\/","name":"LE BIEN VIEILLIR DES EXPLOITANTS AGRICOLES : L\u2019ACTION PARTENARIALE DES CAISSES DE MSA DANS LA PR\u00c9VENTION DE LA PERTE D\u2019AUTONOMIE - S\u00e9cu Doc","isPartOf":{"@id":"https:\/\/en3s.fr\/secudoc\/#website"},"datePublished":"2022-02-17T16:46:33+00:00","description":"Le bien-vieillir des exploitants agricoles et l\u2019action partenariale des caisses de MSA dans la pr\u00e9vention de la perte d\u2019autonomie est un sujet au c\u0153ur des","breadcrumb":{"@id":"https:\/\/en3s.fr\/secudoc\/produits-documentaires\/publications-en3s\/le-bien-vieillir-des-exploitants-agricoles-laction-partenariale-des-caisses-de-msa-dans-la-prevention-de-la-perte-dautonomie\/#breadcrumb"},"inLanguage":"fr-FR","potentialAction":[{"@type":"ReadAction","target":["https:\/\/en3s.fr\/secudoc\/produits-documentaires\/publications-en3s\/le-bien-vieillir-des-exploitants-agricoles-laction-partenariale-des-caisses-de-msa-dans-la-prevention-de-la-perte-dautonomie\/"]}]},{"@type":"BreadcrumbList","@id":"https:\/\/en3s.fr\/secudoc\/produits-documentaires\/publications-en3s\/le-bien-vieillir-des-exploitants-agricoles-laction-partenariale-des-caisses-de-msa-dans-la-prevention-de-la-perte-dautonomie\/#breadcrumb","itemListElement":[{"@type":"ListItem","position":1,"name":"Accueil","item":"https:\/\/en3s.fr\/secudoc\/"},{"@type":"ListItem","position":2,"name":"Produits documentaires","item":"https:\/\/en3s.fr\/secudoc\/produits-documentaires\/"},{"@type":"ListItem","position":3,"name":"Publications EN3S","item":"https:\/\/en3s.fr\/secudoc\/produits-documentaires\/publications-en3s\/"},{"@type":"ListItem","position":4,"name":"LE BIEN VIEILLIR DES EXPLOITANTS AGRICOLES : L\u2019ACTION PARTENARIALE DES CAISSES DE MSA DANS LA PR\u00c9VENTION DE LA PERTE D\u2019AUTONOMIE"}]},{"@type":"WebSite","@id":"https:\/\/en3s.fr\/secudoc\/#website","url":"https:\/\/en3s.fr\/secudoc\/","name":"S\u00e9cu Doc","description":"Centre de ressources de la S\u00e9curit\u00e9 sociale","potentialAction":[{"@type":"SearchAction","target":{"@type":"EntryPoint","urlTemplate":"https:\/\/en3s.fr\/secudoc\/?s={search_term_string}"},"query-input":{"@type":"PropertyValueSpecification","valueRequired":true,"valueName":"search_term_string"}}],"inLanguage":"fr-FR"}]}},"_links":{"self":[{"href":"https:\/\/en3s.fr\/secudoc\/wp-json\/wp\/v2\/pages\/4300","targetHints":{"allow":["GET"]}}],"collection":[{"href":"https:\/\/en3s.fr\/secudoc\/wp-json\/wp\/v2\/pages"}],"about":[{"href":"https:\/\/en3s.fr\/secudoc\/wp-json\/wp\/v2\/types\/page"}],"author":[{"embeddable":true,"href":"https:\/\/en3s.fr\/secudoc\/wp-json\/wp\/v2\/users\/42"}],"replies":[{"embeddable":true,"href":"https:\/\/en3s.fr\/secudoc\/wp-json\/wp\/v2\/comments?post=4300"}],"version-history":[{"count":0,"href":"https:\/\/en3s.fr\/secudoc\/wp-json\/wp\/v2\/pages\/4300\/revisions"}],"up":[{"embeddable":true,"href":"https:\/\/en3s.fr\/secudoc\/wp-json\/wp\/v2\/pages\/910"}],"wp:attachment":[{"href":"https:\/\/en3s.fr\/secudoc\/wp-json\/wp\/v2\/media?parent=4300"}],"curies":[{"name":"wp","href":"https:\/\/api.w.org\/{rel}","templated":true}]}}