{"id":4304,"date":"2022-02-17T17:30:14","date_gmt":"2022-02-17T16:30:14","guid":{"rendered":"https:\/\/en3s.fr\/secudoc\/?page_id=4304"},"modified":"2022-02-17T17:30:14","modified_gmt":"2022-02-17T16:30:14","slug":"droit-a-lerreur-et-mediation-en-matiere-de-prestations-sociales","status":"publish","type":"page","link":"https:\/\/en3s.fr\/secudoc\/produits-documentaires\/publications-en3s\/droit-a-lerreur-et-mediation-en-matiere-de-prestations-sociales\/","title":{"rendered":"DROIT A L\u2019ERREUR ET M\u00c9DIATION EN MATI\u00c8RE DE PRESTATIONS SOCIALES"},"content":{"rendered":"<blockquote>\n<p class=\"Paragraphe\"><strong><span style=\"font-size: 10.5pt\">Les \u00e9volutions juridiques des vingt derni\u00e8res ann\u00e9es marquent l\u2019extension des droits des usagers et la recherche de relations plus horizontales et moins contentieuses entre administr\u00e9s et administrations. En particulier, la Loi ESSOC de 2018 introduit deux m\u00e9canismes cl\u00e9s : la g\u00e9n\u00e9ralisation de la m\u00e9diation dans les Organismes de S\u00e9curit\u00e9 Sociale et l\u2019introduction du droit \u00e0 l\u2019erreur. <\/span><\/strong><\/p>\n<p class=\"Paragraphe\"><strong><span style=\"font-size: 10.5pt\">Comment se sont traduites concr\u00e8tement ces \u00e9volutions dans les organismes et pour les usagers ? En interrogeant les m\u00e9diateurs issus d\u2019organismes versant des prestations sociales et en menant un travail de comparaison avec d\u2019autres institutions publiques, cette recherche-action a cherch\u00e9 \u00e0 dessiner les contours de ces nouveaux droits de la proc\u00e9dure non-contentieuse.<\/span><\/strong><\/p>\n<\/blockquote>\n<p><iframe loading=\"lazy\" title=\"R.A n\u00b09 : DROIT A L\u2019ERREUR ET M\u00c9DIATION EN MATI\u00c8RE DE PRESTATIONS SOCIALES\" width=\"500\" height=\"281\" src=\"https:\/\/www.youtube.com\/embed\/Nr819YvTMkM?feature=oembed\" frameborder=\"0\" allow=\"accelerometer; autoplay; clipboard-write; encrypted-media; gyroscope; picture-in-picture; web-share\" referrerpolicy=\"strict-origin-when-cross-origin\" allowfullscreen><\/iframe><\/p>\n<p>&nbsp;<\/p>\n<p style=\"text-align: right\"><a class=\"button\" href=\"https:\/\/www.calameo.com\/read\/004310504de0b9b751689\" target=\"_blank\" rel=\"noopener\">Retrouvez l&rsquo;int\u00e9gralit\u00e9 du rapport<\/a><\/p>\n","protected":false},"excerpt":{"rendered":"<p>Les \u00e9volutions juridiques des vingt derni\u00e8res ann\u00e9es marquent l\u2019extension des droits des usagers et la recherche de relations plus horizontales et moins contentieuses entre administr\u00e9s et administrations. En particulier, la Loi ESSOC de 2018 introduit deux m\u00e9canismes cl\u00e9s : la g\u00e9n\u00e9ralisation de la m\u00e9diation dans les Organismes de S\u00e9curit\u00e9 Sociale et l\u2019introduction du droit \u00e0 [&hellip;]<\/p>\n","protected":false},"author":42,"featured_media":0,"parent":910,"menu_order":0,"comment_status":"closed","ping_status":"closed","template":"","meta":{"ngg_post_thumbnail":0,"footnotes":""},"class_list":["post-4304","page","type-page","status-publish","hentry"],"yoast_head":"<!-- This site is optimized with the Yoast SEO plugin v24.9 - https:\/\/yoast.com\/wordpress\/plugins\/seo\/ -->\n<title>DROIT A L\u2019ERREUR ET M\u00c9DIATION EN MATI\u00c8RE DE PRESTATIONS SOCIALES - S\u00e9cu Doc<\/title>\n<meta name=\"description\" content=\"Les \u00e9volutions juridiques des vingt derni\u00e8res ann\u00e9es marquent l\u2019extension des droits des usagers et la recherche de relations plus horizontales et moins\" \/>\n<meta name=\"robots\" content=\"index, follow, max-snippet:-1, max-image-preview:large, max-video-preview:-1\" \/>\n<link rel=\"canonical\" href=\"https:\/\/en3s.fr\/secudoc\/produits-documentaires\/publications-en3s\/droit-a-lerreur-et-mediation-en-matiere-de-prestations-sociales\/\" \/>\n<meta property=\"og:locale\" content=\"fr_FR\" \/>\n<meta property=\"og:type\" content=\"article\" \/>\n<meta property=\"og:title\" content=\"DROIT A L\u2019ERREUR ET M\u00c9DIATION EN MATI\u00c8RE DE PRESTATIONS SOCIALES - S\u00e9cu Doc\" \/>\n<meta property=\"og:description\" content=\"Les \u00e9volutions juridiques des vingt derni\u00e8res ann\u00e9es marquent l\u2019extension des droits des usagers et la recherche de relations plus horizontales et moins\" \/>\n<meta property=\"og:url\" content=\"https:\/\/en3s.fr\/secudoc\/produits-documentaires\/publications-en3s\/droit-a-lerreur-et-mediation-en-matiere-de-prestations-sociales\/\" \/>\n<meta property=\"og:site_name\" content=\"S\u00e9cu Doc\" \/>\n<meta name=\"twitter:card\" content=\"summary_large_image\" \/>\n<meta name=\"twitter:label1\" content=\"Dur\u00e9e de lecture estim\u00e9e\" \/>\n\t<meta name=\"twitter:data1\" content=\"1 minute\" \/>\n<script type=\"application\/ld+json\" class=\"yoast-schema-graph\">{\"@context\":\"https:\/\/schema.org\",\"@graph\":[{\"@type\":\"WebPage\",\"@id\":\"https:\/\/en3s.fr\/secudoc\/produits-documentaires\/publications-en3s\/droit-a-lerreur-et-mediation-en-matiere-de-prestations-sociales\/\",\"url\":\"https:\/\/en3s.fr\/secudoc\/produits-documentaires\/publications-en3s\/droit-a-lerreur-et-mediation-en-matiere-de-prestations-sociales\/\",\"name\":\"DROIT A L\u2019ERREUR ET M\u00c9DIATION EN MATI\u00c8RE DE PRESTATIONS SOCIALES - S\u00e9cu Doc\",\"isPartOf\":{\"@id\":\"https:\/\/en3s.fr\/secudoc\/#website\"},\"datePublished\":\"2022-02-17T16:30:14+00:00\",\"description\":\"Les \u00e9volutions juridiques des vingt derni\u00e8res ann\u00e9es marquent l\u2019extension des droits des usagers et la recherche de relations plus horizontales et moins\",\"breadcrumb\":{\"@id\":\"https:\/\/en3s.fr\/secudoc\/produits-documentaires\/publications-en3s\/droit-a-lerreur-et-mediation-en-matiere-de-prestations-sociales\/#breadcrumb\"},\"inLanguage\":\"fr-FR\",\"potentialAction\":[{\"@type\":\"ReadAction\",\"target\":[\"https:\/\/en3s.fr\/secudoc\/produits-documentaires\/publications-en3s\/droit-a-lerreur-et-mediation-en-matiere-de-prestations-sociales\/\"]}]},{\"@type\":\"BreadcrumbList\",\"@id\":\"https:\/\/en3s.fr\/secudoc\/produits-documentaires\/publications-en3s\/droit-a-lerreur-et-mediation-en-matiere-de-prestations-sociales\/#breadcrumb\",\"itemListElement\":[{\"@type\":\"ListItem\",\"position\":1,\"name\":\"Accueil\",\"item\":\"https:\/\/en3s.fr\/secudoc\/\"},{\"@type\":\"ListItem\",\"position\":2,\"name\":\"Produits documentaires\",\"item\":\"https:\/\/en3s.fr\/secudoc\/produits-documentaires\/\"},{\"@type\":\"ListItem\",\"position\":3,\"name\":\"Publications EN3S\",\"item\":\"https:\/\/en3s.fr\/secudoc\/produits-documentaires\/publications-en3s\/\"},{\"@type\":\"ListItem\",\"position\":4,\"name\":\"DROIT A L\u2019ERREUR ET M\u00c9DIATION EN MATI\u00c8RE DE PRESTATIONS SOCIALES\"}]},{\"@type\":\"WebSite\",\"@id\":\"https:\/\/en3s.fr\/secudoc\/#website\",\"url\":\"https:\/\/en3s.fr\/secudoc\/\",\"name\":\"S\u00e9cu Doc\",\"description\":\"Centre de ressources de la S\u00e9curit\u00e9 sociale\",\"potentialAction\":[{\"@type\":\"SearchAction\",\"target\":{\"@type\":\"EntryPoint\",\"urlTemplate\":\"https:\/\/en3s.fr\/secudoc\/?s={search_term_string}\"},\"query-input\":{\"@type\":\"PropertyValueSpecification\",\"valueRequired\":true,\"valueName\":\"search_term_string\"}}],\"inLanguage\":\"fr-FR\"}]}<\/script>\n<!-- \/ Yoast SEO plugin. -->","yoast_head_json":{"title":"DROIT A L\u2019ERREUR ET M\u00c9DIATION EN MATI\u00c8RE DE PRESTATIONS SOCIALES - S\u00e9cu Doc","description":"Les \u00e9volutions juridiques des vingt derni\u00e8res ann\u00e9es marquent l\u2019extension des droits des usagers et la recherche de relations plus horizontales et moins","robots":{"index":"index","follow":"follow","max-snippet":"max-snippet:-1","max-image-preview":"max-image-preview:large","max-video-preview":"max-video-preview:-1"},"canonical":"https:\/\/en3s.fr\/secudoc\/produits-documentaires\/publications-en3s\/droit-a-lerreur-et-mediation-en-matiere-de-prestations-sociales\/","og_locale":"fr_FR","og_type":"article","og_title":"DROIT A L\u2019ERREUR ET M\u00c9DIATION EN MATI\u00c8RE DE PRESTATIONS SOCIALES - S\u00e9cu Doc","og_description":"Les \u00e9volutions juridiques des vingt derni\u00e8res ann\u00e9es marquent l\u2019extension des droits des usagers et la recherche de relations plus horizontales et moins","og_url":"https:\/\/en3s.fr\/secudoc\/produits-documentaires\/publications-en3s\/droit-a-lerreur-et-mediation-en-matiere-de-prestations-sociales\/","og_site_name":"S\u00e9cu Doc","twitter_card":"summary_large_image","twitter_misc":{"Dur\u00e9e de lecture estim\u00e9e":"1 minute"},"schema":{"@context":"https:\/\/schema.org","@graph":[{"@type":"WebPage","@id":"https:\/\/en3s.fr\/secudoc\/produits-documentaires\/publications-en3s\/droit-a-lerreur-et-mediation-en-matiere-de-prestations-sociales\/","url":"https:\/\/en3s.fr\/secudoc\/produits-documentaires\/publications-en3s\/droit-a-lerreur-et-mediation-en-matiere-de-prestations-sociales\/","name":"DROIT A L\u2019ERREUR ET M\u00c9DIATION EN MATI\u00c8RE DE PRESTATIONS SOCIALES - S\u00e9cu Doc","isPartOf":{"@id":"https:\/\/en3s.fr\/secudoc\/#website"},"datePublished":"2022-02-17T16:30:14+00:00","description":"Les \u00e9volutions juridiques des vingt derni\u00e8res ann\u00e9es marquent l\u2019extension des droits des usagers et la recherche de relations plus horizontales et moins","breadcrumb":{"@id":"https:\/\/en3s.fr\/secudoc\/produits-documentaires\/publications-en3s\/droit-a-lerreur-et-mediation-en-matiere-de-prestations-sociales\/#breadcrumb"},"inLanguage":"fr-FR","potentialAction":[{"@type":"ReadAction","target":["https:\/\/en3s.fr\/secudoc\/produits-documentaires\/publications-en3s\/droit-a-lerreur-et-mediation-en-matiere-de-prestations-sociales\/"]}]},{"@type":"BreadcrumbList","@id":"https:\/\/en3s.fr\/secudoc\/produits-documentaires\/publications-en3s\/droit-a-lerreur-et-mediation-en-matiere-de-prestations-sociales\/#breadcrumb","itemListElement":[{"@type":"ListItem","position":1,"name":"Accueil","item":"https:\/\/en3s.fr\/secudoc\/"},{"@type":"ListItem","position":2,"name":"Produits documentaires","item":"https:\/\/en3s.fr\/secudoc\/produits-documentaires\/"},{"@type":"ListItem","position":3,"name":"Publications EN3S","item":"https:\/\/en3s.fr\/secudoc\/produits-documentaires\/publications-en3s\/"},{"@type":"ListItem","position":4,"name":"DROIT A L\u2019ERREUR ET M\u00c9DIATION EN MATI\u00c8RE DE PRESTATIONS SOCIALES"}]},{"@type":"WebSite","@id":"https:\/\/en3s.fr\/secudoc\/#website","url":"https:\/\/en3s.fr\/secudoc\/","name":"S\u00e9cu Doc","description":"Centre de ressources de la S\u00e9curit\u00e9 sociale","potentialAction":[{"@type":"SearchAction","target":{"@type":"EntryPoint","urlTemplate":"https:\/\/en3s.fr\/secudoc\/?s={search_term_string}"},"query-input":{"@type":"PropertyValueSpecification","valueRequired":true,"valueName":"search_term_string"}}],"inLanguage":"fr-FR"}]}},"_links":{"self":[{"href":"https:\/\/en3s.fr\/secudoc\/wp-json\/wp\/v2\/pages\/4304","targetHints":{"allow":["GET"]}}],"collection":[{"href":"https:\/\/en3s.fr\/secudoc\/wp-json\/wp\/v2\/pages"}],"about":[{"href":"https:\/\/en3s.fr\/secudoc\/wp-json\/wp\/v2\/types\/page"}],"author":[{"embeddable":true,"href":"https:\/\/en3s.fr\/secudoc\/wp-json\/wp\/v2\/users\/42"}],"replies":[{"embeddable":true,"href":"https:\/\/en3s.fr\/secudoc\/wp-json\/wp\/v2\/comments?post=4304"}],"version-history":[{"count":0,"href":"https:\/\/en3s.fr\/secudoc\/wp-json\/wp\/v2\/pages\/4304\/revisions"}],"up":[{"embeddable":true,"href":"https:\/\/en3s.fr\/secudoc\/wp-json\/wp\/v2\/pages\/910"}],"wp:attachment":[{"href":"https:\/\/en3s.fr\/secudoc\/wp-json\/wp\/v2\/media?parent=4304"}],"curies":[{"name":"wp","href":"https:\/\/api.w.org\/{rel}","templated":true}]}}