{"id":4405,"date":"2023-02-21T11:33:56","date_gmt":"2023-02-21T10:33:56","guid":{"rendered":"https:\/\/en3s.fr\/secudoc\/?page_id=4405"},"modified":"2023-02-23T17:12:21","modified_gmt":"2023-02-23T16:12:21","slug":"quelles-conditions-de-la-confiance-dans-les-organismes-de-securite-sociale-a-lere-des-reseaux-sociaux","status":"publish","type":"page","link":"https:\/\/en3s.fr\/secudoc\/produits-documentaires\/publications-en3s\/quelles-conditions-de-la-confiance-dans-les-organismes-de-securite-sociale-a-lere-des-reseaux-sociaux\/","title":{"rendered":"QUELLES CONDITIONS DE LA CONFIANCE DANS LES ORGANISMES DE S\u00c9CURIT\u00c9 SOCIALE A L\u2019\u00c8RE DES R\u00c9SEAUX SOCIAUX ?"},"content":{"rendered":"<blockquote><p><strong>Dans l\u2019introduction de son rapport de janvier 2022, le sociologue Gerald Bronner constate que pour lutter contre la d\u00e9sinformation c\u2019est\u2009\u201cplus profond\u00e9ment le lien de confiance entre les citoyens, les m\u00e9dias et les institutions qu\u2019il s\u2019agit de retisser\u2009\u00bb. Si, ce rapport t\u00e9moigne d\u2019une inqui\u00e9tude contemporaine, il traite, de mani\u00e8re globale, les conditions de la confiance dans les institutions, y compris les organismes de S\u00e9curit\u00e9 Sociale (OSS), \u00e0 l\u2019\u00e8re des r\u00e9seaux sociaux.<\/strong><\/p><\/blockquote>\n<p><iframe loading=\"lazy\" title=\"RA 1 : QUELLES CONDITIONS DE LA CONFIANCE DANS LES ORGANISMES DE S\u00c9CURIT\u00c9 SOCIALE [...] ?\" width=\"500\" height=\"375\" src=\"https:\/\/www.youtube.com\/embed\/ZjY-CeVlIw8?feature=oembed\" frameborder=\"0\" allow=\"accelerometer; autoplay; clipboard-write; encrypted-media; gyroscope; picture-in-picture; web-share\" referrerpolicy=\"strict-origin-when-cross-origin\" allowfullscreen><\/iframe><\/p>\n<p style=\"text-align: right\"><a class=\"button\" href=\"https:\/\/www.calameo.com\/read\/0043105047edc3c330942\" target=\"_blank\" rel=\"noopener\">Retrouvez l&rsquo;int\u00e9gralit\u00e9 du rapport<\/a><\/p>\n","protected":false},"excerpt":{"rendered":"<p>Dans l\u2019introduction de son rapport de janvier 2022, le sociologue Gerald Bronner constate que pour lutter contre la d\u00e9sinformation c\u2019est\u2009\u201cplus profond\u00e9ment le lien de confiance entre les citoyens, les m\u00e9dias et les institutions qu\u2019il s\u2019agit de retisser\u2009\u00bb. Si, ce rapport t\u00e9moigne d\u2019une inqui\u00e9tude contemporaine, il traite, de mani\u00e8re globale, les conditions de la confiance dans [&hellip;]<\/p>\n","protected":false},"author":42,"featured_media":0,"parent":910,"menu_order":0,"comment_status":"closed","ping_status":"closed","template":"","meta":{"ngg_post_thumbnail":0,"footnotes":""},"class_list":["post-4405","page","type-page","status-publish","hentry"],"yoast_head":"<!-- This site is optimized with the Yoast SEO plugin v24.9 - https:\/\/yoast.com\/wordpress\/plugins\/seo\/ -->\n<title>QUELLES CONDITIONS DE LA CONFIANCE DANS LES ORGANISMES DE S\u00c9CURIT\u00c9 SOCIALE A L\u2019\u00c8RE DES R\u00c9SEAUX SOCIAUX ? - S\u00e9cu Doc<\/title>\n<meta name=\"description\" content=\"Dans l\u2019introduction de son rapport de janvier 2022, le sociologue Gerald Bronner constate que pour lutter contre la d\u00e9sinformation c\u2019est\u2009\u201cplus\" \/>\n<meta name=\"robots\" content=\"index, follow, max-snippet:-1, max-image-preview:large, max-video-preview:-1\" \/>\n<link rel=\"canonical\" href=\"https:\/\/en3s.fr\/secudoc\/produits-documentaires\/publications-en3s\/quelles-conditions-de-la-confiance-dans-les-organismes-de-securite-sociale-a-lere-des-reseaux-sociaux\/\" \/>\n<meta property=\"og:locale\" content=\"fr_FR\" \/>\n<meta property=\"og:type\" content=\"article\" \/>\n<meta property=\"og:title\" content=\"QUELLES CONDITIONS DE LA CONFIANCE DANS LES ORGANISMES DE S\u00c9CURIT\u00c9 SOCIALE A L\u2019\u00c8RE DES R\u00c9SEAUX SOCIAUX ? - S\u00e9cu Doc\" \/>\n<meta property=\"og:description\" content=\"Dans l\u2019introduction de son rapport de janvier 2022, le sociologue Gerald Bronner constate que pour lutter contre la d\u00e9sinformation c\u2019est\u2009\u201cplus\" \/>\n<meta property=\"og:url\" content=\"https:\/\/en3s.fr\/secudoc\/produits-documentaires\/publications-en3s\/quelles-conditions-de-la-confiance-dans-les-organismes-de-securite-sociale-a-lere-des-reseaux-sociaux\/\" \/>\n<meta property=\"og:site_name\" content=\"S\u00e9cu Doc\" \/>\n<meta property=\"article:modified_time\" content=\"2023-02-23T16:12:21+00:00\" \/>\n<meta name=\"twitter:card\" content=\"summary_large_image\" \/>\n<script type=\"application\/ld+json\" class=\"yoast-schema-graph\">{\"@context\":\"https:\/\/schema.org\",\"@graph\":[{\"@type\":\"WebPage\",\"@id\":\"https:\/\/en3s.fr\/secudoc\/produits-documentaires\/publications-en3s\/quelles-conditions-de-la-confiance-dans-les-organismes-de-securite-sociale-a-lere-des-reseaux-sociaux\/\",\"url\":\"https:\/\/en3s.fr\/secudoc\/produits-documentaires\/publications-en3s\/quelles-conditions-de-la-confiance-dans-les-organismes-de-securite-sociale-a-lere-des-reseaux-sociaux\/\",\"name\":\"QUELLES CONDITIONS DE LA CONFIANCE DANS LES ORGANISMES DE S\u00c9CURIT\u00c9 SOCIALE A L\u2019\u00c8RE DES R\u00c9SEAUX SOCIAUX ? - S\u00e9cu Doc\",\"isPartOf\":{\"@id\":\"https:\/\/en3s.fr\/secudoc\/#website\"},\"datePublished\":\"2023-02-21T10:33:56+00:00\",\"dateModified\":\"2023-02-23T16:12:21+00:00\",\"description\":\"Dans l\u2019introduction de son rapport de janvier 2022, le sociologue Gerald Bronner constate que pour lutter contre la d\u00e9sinformation c\u2019est\u2009\u201cplus\",\"breadcrumb\":{\"@id\":\"https:\/\/en3s.fr\/secudoc\/produits-documentaires\/publications-en3s\/quelles-conditions-de-la-confiance-dans-les-organismes-de-securite-sociale-a-lere-des-reseaux-sociaux\/#breadcrumb\"},\"inLanguage\":\"fr-FR\",\"potentialAction\":[{\"@type\":\"ReadAction\",\"target\":[\"https:\/\/en3s.fr\/secudoc\/produits-documentaires\/publications-en3s\/quelles-conditions-de-la-confiance-dans-les-organismes-de-securite-sociale-a-lere-des-reseaux-sociaux\/\"]}]},{\"@type\":\"BreadcrumbList\",\"@id\":\"https:\/\/en3s.fr\/secudoc\/produits-documentaires\/publications-en3s\/quelles-conditions-de-la-confiance-dans-les-organismes-de-securite-sociale-a-lere-des-reseaux-sociaux\/#breadcrumb\",\"itemListElement\":[{\"@type\":\"ListItem\",\"position\":1,\"name\":\"Accueil\",\"item\":\"https:\/\/en3s.fr\/secudoc\/\"},{\"@type\":\"ListItem\",\"position\":2,\"name\":\"Produits documentaires\",\"item\":\"https:\/\/en3s.fr\/secudoc\/produits-documentaires\/\"},{\"@type\":\"ListItem\",\"position\":3,\"name\":\"Publications EN3S\",\"item\":\"https:\/\/en3s.fr\/secudoc\/produits-documentaires\/publications-en3s\/\"},{\"@type\":\"ListItem\",\"position\":4,\"name\":\"QUELLES CONDITIONS DE LA CONFIANCE DANS LES ORGANISMES DE S\u00c9CURIT\u00c9 SOCIALE A L\u2019\u00c8RE DES R\u00c9SEAUX SOCIAUX ?\"}]},{\"@type\":\"WebSite\",\"@id\":\"https:\/\/en3s.fr\/secudoc\/#website\",\"url\":\"https:\/\/en3s.fr\/secudoc\/\",\"name\":\"S\u00e9cu Doc\",\"description\":\"Centre de ressources de la S\u00e9curit\u00e9 sociale\",\"potentialAction\":[{\"@type\":\"SearchAction\",\"target\":{\"@type\":\"EntryPoint\",\"urlTemplate\":\"https:\/\/en3s.fr\/secudoc\/?s={search_term_string}\"},\"query-input\":{\"@type\":\"PropertyValueSpecification\",\"valueRequired\":true,\"valueName\":\"search_term_string\"}}],\"inLanguage\":\"fr-FR\"}]}<\/script>\n<!-- \/ Yoast SEO plugin. -->","yoast_head_json":{"title":"QUELLES CONDITIONS DE LA CONFIANCE DANS LES ORGANISMES DE S\u00c9CURIT\u00c9 SOCIALE A L\u2019\u00c8RE DES R\u00c9SEAUX SOCIAUX ? - S\u00e9cu Doc","description":"Dans l\u2019introduction de son rapport de janvier 2022, le sociologue Gerald Bronner constate que pour lutter contre la d\u00e9sinformation c\u2019est\u2009\u201cplus","robots":{"index":"index","follow":"follow","max-snippet":"max-snippet:-1","max-image-preview":"max-image-preview:large","max-video-preview":"max-video-preview:-1"},"canonical":"https:\/\/en3s.fr\/secudoc\/produits-documentaires\/publications-en3s\/quelles-conditions-de-la-confiance-dans-les-organismes-de-securite-sociale-a-lere-des-reseaux-sociaux\/","og_locale":"fr_FR","og_type":"article","og_title":"QUELLES CONDITIONS DE LA CONFIANCE DANS LES ORGANISMES DE S\u00c9CURIT\u00c9 SOCIALE A L\u2019\u00c8RE DES R\u00c9SEAUX SOCIAUX ? - S\u00e9cu Doc","og_description":"Dans l\u2019introduction de son rapport de janvier 2022, le sociologue Gerald Bronner constate que pour lutter contre la d\u00e9sinformation c\u2019est\u2009\u201cplus","og_url":"https:\/\/en3s.fr\/secudoc\/produits-documentaires\/publications-en3s\/quelles-conditions-de-la-confiance-dans-les-organismes-de-securite-sociale-a-lere-des-reseaux-sociaux\/","og_site_name":"S\u00e9cu Doc","article_modified_time":"2023-02-23T16:12:21+00:00","twitter_card":"summary_large_image","schema":{"@context":"https:\/\/schema.org","@graph":[{"@type":"WebPage","@id":"https:\/\/en3s.fr\/secudoc\/produits-documentaires\/publications-en3s\/quelles-conditions-de-la-confiance-dans-les-organismes-de-securite-sociale-a-lere-des-reseaux-sociaux\/","url":"https:\/\/en3s.fr\/secudoc\/produits-documentaires\/publications-en3s\/quelles-conditions-de-la-confiance-dans-les-organismes-de-securite-sociale-a-lere-des-reseaux-sociaux\/","name":"QUELLES CONDITIONS DE LA CONFIANCE DANS LES ORGANISMES DE S\u00c9CURIT\u00c9 SOCIALE A L\u2019\u00c8RE DES R\u00c9SEAUX SOCIAUX ? - S\u00e9cu Doc","isPartOf":{"@id":"https:\/\/en3s.fr\/secudoc\/#website"},"datePublished":"2023-02-21T10:33:56+00:00","dateModified":"2023-02-23T16:12:21+00:00","description":"Dans l\u2019introduction de son rapport de janvier 2022, le sociologue Gerald Bronner constate que pour lutter contre la d\u00e9sinformation c\u2019est\u2009\u201cplus","breadcrumb":{"@id":"https:\/\/en3s.fr\/secudoc\/produits-documentaires\/publications-en3s\/quelles-conditions-de-la-confiance-dans-les-organismes-de-securite-sociale-a-lere-des-reseaux-sociaux\/#breadcrumb"},"inLanguage":"fr-FR","potentialAction":[{"@type":"ReadAction","target":["https:\/\/en3s.fr\/secudoc\/produits-documentaires\/publications-en3s\/quelles-conditions-de-la-confiance-dans-les-organismes-de-securite-sociale-a-lere-des-reseaux-sociaux\/"]}]},{"@type":"BreadcrumbList","@id":"https:\/\/en3s.fr\/secudoc\/produits-documentaires\/publications-en3s\/quelles-conditions-de-la-confiance-dans-les-organismes-de-securite-sociale-a-lere-des-reseaux-sociaux\/#breadcrumb","itemListElement":[{"@type":"ListItem","position":1,"name":"Accueil","item":"https:\/\/en3s.fr\/secudoc\/"},{"@type":"ListItem","position":2,"name":"Produits documentaires","item":"https:\/\/en3s.fr\/secudoc\/produits-documentaires\/"},{"@type":"ListItem","position":3,"name":"Publications EN3S","item":"https:\/\/en3s.fr\/secudoc\/produits-documentaires\/publications-en3s\/"},{"@type":"ListItem","position":4,"name":"QUELLES CONDITIONS DE LA CONFIANCE DANS LES ORGANISMES DE S\u00c9CURIT\u00c9 SOCIALE A L\u2019\u00c8RE DES R\u00c9SEAUX SOCIAUX ?"}]},{"@type":"WebSite","@id":"https:\/\/en3s.fr\/secudoc\/#website","url":"https:\/\/en3s.fr\/secudoc\/","name":"S\u00e9cu Doc","description":"Centre de ressources de la S\u00e9curit\u00e9 sociale","potentialAction":[{"@type":"SearchAction","target":{"@type":"EntryPoint","urlTemplate":"https:\/\/en3s.fr\/secudoc\/?s={search_term_string}"},"query-input":{"@type":"PropertyValueSpecification","valueRequired":true,"valueName":"search_term_string"}}],"inLanguage":"fr-FR"}]}},"_links":{"self":[{"href":"https:\/\/en3s.fr\/secudoc\/wp-json\/wp\/v2\/pages\/4405","targetHints":{"allow":["GET"]}}],"collection":[{"href":"https:\/\/en3s.fr\/secudoc\/wp-json\/wp\/v2\/pages"}],"about":[{"href":"https:\/\/en3s.fr\/secudoc\/wp-json\/wp\/v2\/types\/page"}],"author":[{"embeddable":true,"href":"https:\/\/en3s.fr\/secudoc\/wp-json\/wp\/v2\/users\/42"}],"replies":[{"embeddable":true,"href":"https:\/\/en3s.fr\/secudoc\/wp-json\/wp\/v2\/comments?post=4405"}],"version-history":[{"count":0,"href":"https:\/\/en3s.fr\/secudoc\/wp-json\/wp\/v2\/pages\/4405\/revisions"}],"up":[{"embeddable":true,"href":"https:\/\/en3s.fr\/secudoc\/wp-json\/wp\/v2\/pages\/910"}],"wp:attachment":[{"href":"https:\/\/en3s.fr\/secudoc\/wp-json\/wp\/v2\/media?parent=4405"}],"curies":[{"name":"wp","href":"https:\/\/api.w.org\/{rel}","templated":true}]}}