{"id":4412,"date":"2023-02-21T12:17:31","date_gmt":"2023-02-21T11:17:31","guid":{"rendered":"https:\/\/en3s.fr\/secudoc\/?page_id=4412"},"modified":"2023-02-24T16:42:30","modified_gmt":"2023-02-24T15:42:30","slug":"sante-environnementale-quelle-place-pour-les-organismes-de-securite-sociale","status":"publish","type":"page","link":"https:\/\/en3s.fr\/secudoc\/produits-documentaires\/publications-en3s\/sante-environnementale-quelle-place-pour-les-organismes-de-securite-sociale\/","title":{"rendered":"SANT\u00c9 ENVIRONNEMENTALE : QUELLE PLACE POUR LES ORGANISMES DE S\u00c9CURIT\u00c9 SOCIALE ?"},"content":{"rendered":"<blockquote><p><strong>Le concept de sant\u00e9 environnementale, ou sant\u00e9-environnement, est issu d\u2019une r\u00e9flexion initi\u00e9e en 1989 par l\u2019Organisation Mondiale de la Sant\u00e9 (OMS) sur l\u2019impact des conditions de vie sur la sant\u00e9. Elle a \u00e9t\u00e9 d\u00e9finie par l\u2019OMS en 1994 comme comprenant \u00ab les aspects de la sant\u00e9 humaine, y compris la qualit\u00e9 de la vie, qui sont d\u00e9termin\u00e9s par les facteurs physiques, chimiques, biologiques, sociaux, psychosociaux et esth\u00e9tiques de notre environnement. Elle concerne \u00e9galement la politique et les pratiques de gestion, de r\u00e9sorption, de contr\u00f4le et de pr\u00e9vention des facteurs environnementaux susceptibles d\u2019affecter la sant\u00e9 des g\u00e9n\u00e9rations actuelles et futures \u00bb.<\/strong><\/p><\/blockquote>\n<p><iframe loading=\"lazy\" title=\"RA 2 : SANT\u00c9 ENVIRONNEMENTALE : QUELLE PLACE POUR LES ORGANISMES DE S\u00c9CURIT\u00c9 SOCIALE ?\" width=\"500\" height=\"375\" src=\"https:\/\/www.youtube.com\/embed\/xEnItl5pGLs?feature=oembed\" frameborder=\"0\" allow=\"accelerometer; autoplay; clipboard-write; encrypted-media; gyroscope; picture-in-picture; web-share\" referrerpolicy=\"strict-origin-when-cross-origin\" allowfullscreen><\/iframe><\/p>\n<p style=\"text-align: right\"><a class=\"button\" href=\"https:\/\/www.calameo.com\/read\/00431050412b2758afff6\" target=\"_blank\" rel=\"noopener\">Retrouvez l&rsquo;int\u00e9gralit\u00e9 du rapport<\/a><\/p>\n","protected":false},"excerpt":{"rendered":"<p>Le concept de sant\u00e9 environnementale, ou sant\u00e9-environnement, est issu d\u2019une r\u00e9flexion initi\u00e9e en 1989 par l\u2019Organisation Mondiale de la Sant\u00e9 (OMS) sur l\u2019impact des conditions de vie sur la sant\u00e9. Elle a \u00e9t\u00e9 d\u00e9finie par l\u2019OMS en 1994 comme comprenant \u00ab les aspects de la sant\u00e9 humaine, y compris la qualit\u00e9 de la vie, qui [&hellip;]<\/p>\n","protected":false},"author":42,"featured_media":0,"parent":910,"menu_order":0,"comment_status":"closed","ping_status":"closed","template":"","meta":{"ngg_post_thumbnail":0,"footnotes":""},"class_list":["post-4412","page","type-page","status-publish","hentry"],"yoast_head":"<!-- This site is optimized with the Yoast SEO plugin v24.9 - https:\/\/yoast.com\/wordpress\/plugins\/seo\/ -->\n<title>SANT\u00c9 ENVIRONNEMENTALE : QUELLE PLACE POUR LES ORGANISMES DE S\u00c9CURIT\u00c9 SOCIALE ? - S\u00e9cu Doc<\/title>\n<meta name=\"description\" content=\"Le concept de sant\u00e9 environnementale, ou sant\u00e9-environnement, est issu d\u2019une r\u00e9flexion initi\u00e9e en 1989 par l\u2019Organisation Mondiale de la Sant\u00e9 (OMS) sur\" \/>\n<meta name=\"robots\" content=\"index, follow, max-snippet:-1, max-image-preview:large, max-video-preview:-1\" \/>\n<link rel=\"canonical\" href=\"https:\/\/en3s.fr\/secudoc\/produits-documentaires\/publications-en3s\/sante-environnementale-quelle-place-pour-les-organismes-de-securite-sociale\/\" \/>\n<meta property=\"og:locale\" content=\"fr_FR\" \/>\n<meta property=\"og:type\" content=\"article\" \/>\n<meta property=\"og:title\" content=\"SANT\u00c9 ENVIRONNEMENTALE : QUELLE PLACE POUR LES ORGANISMES DE S\u00c9CURIT\u00c9 SOCIALE ? - S\u00e9cu Doc\" \/>\n<meta property=\"og:description\" content=\"Le concept de sant\u00e9 environnementale, ou sant\u00e9-environnement, est issu d\u2019une r\u00e9flexion initi\u00e9e en 1989 par l\u2019Organisation Mondiale de la Sant\u00e9 (OMS) sur\" \/>\n<meta property=\"og:url\" content=\"https:\/\/en3s.fr\/secudoc\/produits-documentaires\/publications-en3s\/sante-environnementale-quelle-place-pour-les-organismes-de-securite-sociale\/\" \/>\n<meta property=\"og:site_name\" content=\"S\u00e9cu Doc\" \/>\n<meta property=\"article:modified_time\" content=\"2023-02-24T15:42:30+00:00\" \/>\n<meta name=\"twitter:card\" content=\"summary_large_image\" \/>\n<meta name=\"twitter:label1\" content=\"Dur\u00e9e de lecture estim\u00e9e\" \/>\n\t<meta name=\"twitter:data1\" content=\"1 minute\" \/>\n<script type=\"application\/ld+json\" class=\"yoast-schema-graph\">{\"@context\":\"https:\/\/schema.org\",\"@graph\":[{\"@type\":\"WebPage\",\"@id\":\"https:\/\/en3s.fr\/secudoc\/produits-documentaires\/publications-en3s\/sante-environnementale-quelle-place-pour-les-organismes-de-securite-sociale\/\",\"url\":\"https:\/\/en3s.fr\/secudoc\/produits-documentaires\/publications-en3s\/sante-environnementale-quelle-place-pour-les-organismes-de-securite-sociale\/\",\"name\":\"SANT\u00c9 ENVIRONNEMENTALE : QUELLE PLACE POUR LES ORGANISMES DE S\u00c9CURIT\u00c9 SOCIALE ? - S\u00e9cu Doc\",\"isPartOf\":{\"@id\":\"https:\/\/en3s.fr\/secudoc\/#website\"},\"datePublished\":\"2023-02-21T11:17:31+00:00\",\"dateModified\":\"2023-02-24T15:42:30+00:00\",\"description\":\"Le concept de sant\u00e9 environnementale, ou sant\u00e9-environnement, est issu d\u2019une r\u00e9flexion initi\u00e9e en 1989 par l\u2019Organisation Mondiale de la Sant\u00e9 (OMS) sur\",\"breadcrumb\":{\"@id\":\"https:\/\/en3s.fr\/secudoc\/produits-documentaires\/publications-en3s\/sante-environnementale-quelle-place-pour-les-organismes-de-securite-sociale\/#breadcrumb\"},\"inLanguage\":\"fr-FR\",\"potentialAction\":[{\"@type\":\"ReadAction\",\"target\":[\"https:\/\/en3s.fr\/secudoc\/produits-documentaires\/publications-en3s\/sante-environnementale-quelle-place-pour-les-organismes-de-securite-sociale\/\"]}]},{\"@type\":\"BreadcrumbList\",\"@id\":\"https:\/\/en3s.fr\/secudoc\/produits-documentaires\/publications-en3s\/sante-environnementale-quelle-place-pour-les-organismes-de-securite-sociale\/#breadcrumb\",\"itemListElement\":[{\"@type\":\"ListItem\",\"position\":1,\"name\":\"Accueil\",\"item\":\"https:\/\/en3s.fr\/secudoc\/\"},{\"@type\":\"ListItem\",\"position\":2,\"name\":\"Produits documentaires\",\"item\":\"https:\/\/en3s.fr\/secudoc\/produits-documentaires\/\"},{\"@type\":\"ListItem\",\"position\":3,\"name\":\"Publications EN3S\",\"item\":\"https:\/\/en3s.fr\/secudoc\/produits-documentaires\/publications-en3s\/\"},{\"@type\":\"ListItem\",\"position\":4,\"name\":\"SANT\u00c9 ENVIRONNEMENTALE : QUELLE PLACE POUR LES ORGANISMES DE S\u00c9CURIT\u00c9 SOCIALE ?\"}]},{\"@type\":\"WebSite\",\"@id\":\"https:\/\/en3s.fr\/secudoc\/#website\",\"url\":\"https:\/\/en3s.fr\/secudoc\/\",\"name\":\"S\u00e9cu Doc\",\"description\":\"Centre de ressources de la S\u00e9curit\u00e9 sociale\",\"potentialAction\":[{\"@type\":\"SearchAction\",\"target\":{\"@type\":\"EntryPoint\",\"urlTemplate\":\"https:\/\/en3s.fr\/secudoc\/?s={search_term_string}\"},\"query-input\":{\"@type\":\"PropertyValueSpecification\",\"valueRequired\":true,\"valueName\":\"search_term_string\"}}],\"inLanguage\":\"fr-FR\"}]}<\/script>\n<!-- \/ Yoast SEO plugin. -->","yoast_head_json":{"title":"SANT\u00c9 ENVIRONNEMENTALE : QUELLE PLACE POUR LES ORGANISMES DE S\u00c9CURIT\u00c9 SOCIALE ? - S\u00e9cu Doc","description":"Le concept de sant\u00e9 environnementale, ou sant\u00e9-environnement, est issu d\u2019une r\u00e9flexion initi\u00e9e en 1989 par l\u2019Organisation Mondiale de la Sant\u00e9 (OMS) sur","robots":{"index":"index","follow":"follow","max-snippet":"max-snippet:-1","max-image-preview":"max-image-preview:large","max-video-preview":"max-video-preview:-1"},"canonical":"https:\/\/en3s.fr\/secudoc\/produits-documentaires\/publications-en3s\/sante-environnementale-quelle-place-pour-les-organismes-de-securite-sociale\/","og_locale":"fr_FR","og_type":"article","og_title":"SANT\u00c9 ENVIRONNEMENTALE : QUELLE PLACE POUR LES ORGANISMES DE S\u00c9CURIT\u00c9 SOCIALE ? - S\u00e9cu Doc","og_description":"Le concept de sant\u00e9 environnementale, ou sant\u00e9-environnement, est issu d\u2019une r\u00e9flexion initi\u00e9e en 1989 par l\u2019Organisation Mondiale de la Sant\u00e9 (OMS) sur","og_url":"https:\/\/en3s.fr\/secudoc\/produits-documentaires\/publications-en3s\/sante-environnementale-quelle-place-pour-les-organismes-de-securite-sociale\/","og_site_name":"S\u00e9cu Doc","article_modified_time":"2023-02-24T15:42:30+00:00","twitter_card":"summary_large_image","twitter_misc":{"Dur\u00e9e de lecture estim\u00e9e":"1 minute"},"schema":{"@context":"https:\/\/schema.org","@graph":[{"@type":"WebPage","@id":"https:\/\/en3s.fr\/secudoc\/produits-documentaires\/publications-en3s\/sante-environnementale-quelle-place-pour-les-organismes-de-securite-sociale\/","url":"https:\/\/en3s.fr\/secudoc\/produits-documentaires\/publications-en3s\/sante-environnementale-quelle-place-pour-les-organismes-de-securite-sociale\/","name":"SANT\u00c9 ENVIRONNEMENTALE : QUELLE PLACE POUR LES ORGANISMES DE S\u00c9CURIT\u00c9 SOCIALE ? - S\u00e9cu Doc","isPartOf":{"@id":"https:\/\/en3s.fr\/secudoc\/#website"},"datePublished":"2023-02-21T11:17:31+00:00","dateModified":"2023-02-24T15:42:30+00:00","description":"Le concept de sant\u00e9 environnementale, ou sant\u00e9-environnement, est issu d\u2019une r\u00e9flexion initi\u00e9e en 1989 par l\u2019Organisation Mondiale de la Sant\u00e9 (OMS) sur","breadcrumb":{"@id":"https:\/\/en3s.fr\/secudoc\/produits-documentaires\/publications-en3s\/sante-environnementale-quelle-place-pour-les-organismes-de-securite-sociale\/#breadcrumb"},"inLanguage":"fr-FR","potentialAction":[{"@type":"ReadAction","target":["https:\/\/en3s.fr\/secudoc\/produits-documentaires\/publications-en3s\/sante-environnementale-quelle-place-pour-les-organismes-de-securite-sociale\/"]}]},{"@type":"BreadcrumbList","@id":"https:\/\/en3s.fr\/secudoc\/produits-documentaires\/publications-en3s\/sante-environnementale-quelle-place-pour-les-organismes-de-securite-sociale\/#breadcrumb","itemListElement":[{"@type":"ListItem","position":1,"name":"Accueil","item":"https:\/\/en3s.fr\/secudoc\/"},{"@type":"ListItem","position":2,"name":"Produits documentaires","item":"https:\/\/en3s.fr\/secudoc\/produits-documentaires\/"},{"@type":"ListItem","position":3,"name":"Publications EN3S","item":"https:\/\/en3s.fr\/secudoc\/produits-documentaires\/publications-en3s\/"},{"@type":"ListItem","position":4,"name":"SANT\u00c9 ENVIRONNEMENTALE : QUELLE PLACE POUR LES ORGANISMES DE S\u00c9CURIT\u00c9 SOCIALE ?"}]},{"@type":"WebSite","@id":"https:\/\/en3s.fr\/secudoc\/#website","url":"https:\/\/en3s.fr\/secudoc\/","name":"S\u00e9cu Doc","description":"Centre de ressources de la S\u00e9curit\u00e9 sociale","potentialAction":[{"@type":"SearchAction","target":{"@type":"EntryPoint","urlTemplate":"https:\/\/en3s.fr\/secudoc\/?s={search_term_string}"},"query-input":{"@type":"PropertyValueSpecification","valueRequired":true,"valueName":"search_term_string"}}],"inLanguage":"fr-FR"}]}},"_links":{"self":[{"href":"https:\/\/en3s.fr\/secudoc\/wp-json\/wp\/v2\/pages\/4412","targetHints":{"allow":["GET"]}}],"collection":[{"href":"https:\/\/en3s.fr\/secudoc\/wp-json\/wp\/v2\/pages"}],"about":[{"href":"https:\/\/en3s.fr\/secudoc\/wp-json\/wp\/v2\/types\/page"}],"author":[{"embeddable":true,"href":"https:\/\/en3s.fr\/secudoc\/wp-json\/wp\/v2\/users\/42"}],"replies":[{"embeddable":true,"href":"https:\/\/en3s.fr\/secudoc\/wp-json\/wp\/v2\/comments?post=4412"}],"version-history":[{"count":0,"href":"https:\/\/en3s.fr\/secudoc\/wp-json\/wp\/v2\/pages\/4412\/revisions"}],"up":[{"embeddable":true,"href":"https:\/\/en3s.fr\/secudoc\/wp-json\/wp\/v2\/pages\/910"}],"wp:attachment":[{"href":"https:\/\/en3s.fr\/secudoc\/wp-json\/wp\/v2\/media?parent=4412"}],"curies":[{"name":"wp","href":"https:\/\/api.w.org\/{rel}","templated":true}]}}