{"id":4416,"date":"2023-02-21T12:35:44","date_gmt":"2023-02-21T11:35:44","guid":{"rendered":"https:\/\/en3s.fr\/secudoc\/?page_id=4416"},"modified":"2023-03-23T17:32:07","modified_gmt":"2023-03-23T16:32:07","slug":"reduire-la-contribution-a-u-changement-climatique-des-prestations-versees-par-la-branche-famille-quels-leviers-dans-et-autour-des-cog","status":"publish","type":"page","link":"https:\/\/en3s.fr\/secudoc\/produits-documentaires\/publications-en3s\/reduire-la-contribution-a-u-changement-climatique-des-prestations-versees-par-la-branche-famille-quels-leviers-dans-et-autour-des-cog\/","title":{"rendered":"R\u00c9DUIRE LA CONTRIBUTION AU CHANGEMENT CLIMATIQUE DES PRESTATIONS VERS\u00c9ES PAR LA BRANCHE FAMILLE : QUELS LEVIERS DANS ET AUTOUR DES COG ?"},"content":{"rendered":"<blockquote><p><strong>Si la question environnementale ne s\u2019inscrit pas dans l\u2019essence m\u00eame de la S\u00e9curit\u00e9 sociale, il est devenu imp\u00e9ratif d\u2019en tenir compte et de d\u00e9ployer une transition \u00e9cologique qui aille au-del\u00e0 de l\u2019empreinte directe des organismes locaux (b\u00e2timents, d\u00e9placements, achats\u2026). Pour autant, et nous le verrons pour ce qui concerne la branche Famille, les actions \u00e0 mener dans le cadre d\u2019une telle transition \u00e9cologique de la S\u00e9curit\u00e9 sociale ne vont pas de soi.<\/strong><\/p><\/blockquote>\n<p><iframe loading=\"lazy\" title=\"RA 9 : R\u00c9DUIRE LA CONTRIBUTION AU CHANGEMENT CLIMATIQUE DES PRESTATIONS [...] ?\" width=\"500\" height=\"375\" src=\"https:\/\/www.youtube.com\/embed\/gU7LRQvwIzk?feature=oembed\" frameborder=\"0\" allow=\"accelerometer; autoplay; clipboard-write; encrypted-media; gyroscope; picture-in-picture; web-share\" referrerpolicy=\"strict-origin-when-cross-origin\" allowfullscreen><\/iframe><\/p>\n<p style=\"text-align: right\"><a class=\"button\" href=\"https:\/\/www.calameo.com\/read\/0043105047b3aa1ddb8ee\" target=\"_blank\" rel=\"noopener\">Retrouvez l&rsquo;int\u00e9gralit\u00e9 du rapport<\/a><\/p>\n","protected":false},"excerpt":{"rendered":"<p>Si la question environnementale ne s\u2019inscrit pas dans l\u2019essence m\u00eame de la S\u00e9curit\u00e9 sociale, il est devenu imp\u00e9ratif d\u2019en tenir compte et de d\u00e9ployer une transition \u00e9cologique qui aille au-del\u00e0 de l\u2019empreinte directe des organismes locaux (b\u00e2timents, d\u00e9placements, achats\u2026). Pour autant, et nous le verrons pour ce qui concerne la branche Famille, les actions \u00e0 [&hellip;]<\/p>\n","protected":false},"author":42,"featured_media":0,"parent":910,"menu_order":0,"comment_status":"closed","ping_status":"closed","template":"","meta":{"ngg_post_thumbnail":0,"footnotes":""},"class_list":["post-4416","page","type-page","status-publish","hentry"],"yoast_head":"<!-- This site is optimized with the Yoast SEO plugin v24.9 - https:\/\/yoast.com\/wordpress\/plugins\/seo\/ -->\n<title>R\u00c9DUIRE LA CONTRIBUTION AU CHANGEMENT CLIMATIQUE DES PRESTATIONS VERS\u00c9ES PAR LA BRANCHE FAMILLE : QUELS LEVIERS DANS ET AUTOUR DES COG ? - S\u00e9cu Doc<\/title>\n<meta name=\"description\" content=\"Si la question environnementale ne s\u2019inscrit pas dans l\u2019essence m\u00eame de la S\u00e9curit\u00e9 sociale, il est devenu imp\u00e9ratif d\u2019en tenir compte et de d\u00e9ployer une\" \/>\n<meta name=\"robots\" content=\"index, follow, max-snippet:-1, max-image-preview:large, max-video-preview:-1\" \/>\n<link rel=\"canonical\" href=\"https:\/\/en3s.fr\/secudoc\/produits-documentaires\/publications-en3s\/reduire-la-contribution-a-u-changement-climatique-des-prestations-versees-par-la-branche-famille-quels-leviers-dans-et-autour-des-cog\/\" \/>\n<meta property=\"og:locale\" content=\"fr_FR\" \/>\n<meta property=\"og:type\" content=\"article\" \/>\n<meta property=\"og:title\" content=\"R\u00c9DUIRE LA CONTRIBUTION AU CHANGEMENT CLIMATIQUE DES PRESTATIONS VERS\u00c9ES PAR LA BRANCHE FAMILLE : QUELS LEVIERS DANS ET AUTOUR DES COG ? - S\u00e9cu Doc\" \/>\n<meta property=\"og:description\" content=\"Si la question environnementale ne s\u2019inscrit pas dans l\u2019essence m\u00eame de la S\u00e9curit\u00e9 sociale, il est devenu imp\u00e9ratif d\u2019en tenir compte et de d\u00e9ployer une\" \/>\n<meta property=\"og:url\" content=\"https:\/\/en3s.fr\/secudoc\/produits-documentaires\/publications-en3s\/reduire-la-contribution-a-u-changement-climatique-des-prestations-versees-par-la-branche-famille-quels-leviers-dans-et-autour-des-cog\/\" \/>\n<meta property=\"og:site_name\" content=\"S\u00e9cu Doc\" \/>\n<meta property=\"article:modified_time\" content=\"2023-03-23T16:32:07+00:00\" \/>\n<meta name=\"twitter:card\" content=\"summary_large_image\" \/>\n<script type=\"application\/ld+json\" class=\"yoast-schema-graph\">{\"@context\":\"https:\/\/schema.org\",\"@graph\":[{\"@type\":\"WebPage\",\"@id\":\"https:\/\/en3s.fr\/secudoc\/produits-documentaires\/publications-en3s\/reduire-la-contribution-a-u-changement-climatique-des-prestations-versees-par-la-branche-famille-quels-leviers-dans-et-autour-des-cog\/\",\"url\":\"https:\/\/en3s.fr\/secudoc\/produits-documentaires\/publications-en3s\/reduire-la-contribution-a-u-changement-climatique-des-prestations-versees-par-la-branche-famille-quels-leviers-dans-et-autour-des-cog\/\",\"name\":\"R\u00c9DUIRE LA CONTRIBUTION AU CHANGEMENT CLIMATIQUE DES PRESTATIONS VERS\u00c9ES PAR LA BRANCHE FAMILLE : QUELS LEVIERS DANS ET AUTOUR DES COG ? - S\u00e9cu Doc\",\"isPartOf\":{\"@id\":\"https:\/\/en3s.fr\/secudoc\/#website\"},\"datePublished\":\"2023-02-21T11:35:44+00:00\",\"dateModified\":\"2023-03-23T16:32:07+00:00\",\"description\":\"Si la question environnementale ne s\u2019inscrit pas dans l\u2019essence m\u00eame de la S\u00e9curit\u00e9 sociale, il est devenu imp\u00e9ratif d\u2019en tenir compte et de d\u00e9ployer une\",\"breadcrumb\":{\"@id\":\"https:\/\/en3s.fr\/secudoc\/produits-documentaires\/publications-en3s\/reduire-la-contribution-a-u-changement-climatique-des-prestations-versees-par-la-branche-famille-quels-leviers-dans-et-autour-des-cog\/#breadcrumb\"},\"inLanguage\":\"fr-FR\",\"potentialAction\":[{\"@type\":\"ReadAction\",\"target\":[\"https:\/\/en3s.fr\/secudoc\/produits-documentaires\/publications-en3s\/reduire-la-contribution-a-u-changement-climatique-des-prestations-versees-par-la-branche-famille-quels-leviers-dans-et-autour-des-cog\/\"]}]},{\"@type\":\"BreadcrumbList\",\"@id\":\"https:\/\/en3s.fr\/secudoc\/produits-documentaires\/publications-en3s\/reduire-la-contribution-a-u-changement-climatique-des-prestations-versees-par-la-branche-famille-quels-leviers-dans-et-autour-des-cog\/#breadcrumb\",\"itemListElement\":[{\"@type\":\"ListItem\",\"position\":1,\"name\":\"Accueil\",\"item\":\"https:\/\/en3s.fr\/secudoc\/\"},{\"@type\":\"ListItem\",\"position\":2,\"name\":\"Produits documentaires\",\"item\":\"https:\/\/en3s.fr\/secudoc\/produits-documentaires\/\"},{\"@type\":\"ListItem\",\"position\":3,\"name\":\"Publications EN3S\",\"item\":\"https:\/\/en3s.fr\/secudoc\/produits-documentaires\/publications-en3s\/\"},{\"@type\":\"ListItem\",\"position\":4,\"name\":\"R\u00c9DUIRE LA CONTRIBUTION AU CHANGEMENT CLIMATIQUE DES PRESTATIONS VERS\u00c9ES PAR LA BRANCHE FAMILLE : QUELS LEVIERS DANS ET AUTOUR DES COG ?\"}]},{\"@type\":\"WebSite\",\"@id\":\"https:\/\/en3s.fr\/secudoc\/#website\",\"url\":\"https:\/\/en3s.fr\/secudoc\/\",\"name\":\"S\u00e9cu Doc\",\"description\":\"Centre de ressources de la S\u00e9curit\u00e9 sociale\",\"potentialAction\":[{\"@type\":\"SearchAction\",\"target\":{\"@type\":\"EntryPoint\",\"urlTemplate\":\"https:\/\/en3s.fr\/secudoc\/?s={search_term_string}\"},\"query-input\":{\"@type\":\"PropertyValueSpecification\",\"valueRequired\":true,\"valueName\":\"search_term_string\"}}],\"inLanguage\":\"fr-FR\"}]}<\/script>\n<!-- \/ Yoast SEO plugin. -->","yoast_head_json":{"title":"R\u00c9DUIRE LA CONTRIBUTION AU CHANGEMENT CLIMATIQUE DES PRESTATIONS VERS\u00c9ES PAR LA BRANCHE FAMILLE : QUELS LEVIERS DANS ET AUTOUR DES COG ? - S\u00e9cu Doc","description":"Si la question environnementale ne s\u2019inscrit pas dans l\u2019essence m\u00eame de la S\u00e9curit\u00e9 sociale, il est devenu imp\u00e9ratif d\u2019en tenir compte et de d\u00e9ployer une","robots":{"index":"index","follow":"follow","max-snippet":"max-snippet:-1","max-image-preview":"max-image-preview:large","max-video-preview":"max-video-preview:-1"},"canonical":"https:\/\/en3s.fr\/secudoc\/produits-documentaires\/publications-en3s\/reduire-la-contribution-a-u-changement-climatique-des-prestations-versees-par-la-branche-famille-quels-leviers-dans-et-autour-des-cog\/","og_locale":"fr_FR","og_type":"article","og_title":"R\u00c9DUIRE LA CONTRIBUTION AU CHANGEMENT CLIMATIQUE DES PRESTATIONS VERS\u00c9ES PAR LA BRANCHE FAMILLE : QUELS LEVIERS DANS ET AUTOUR DES COG ? - S\u00e9cu Doc","og_description":"Si la question environnementale ne s\u2019inscrit pas dans l\u2019essence m\u00eame de la S\u00e9curit\u00e9 sociale, il est devenu imp\u00e9ratif d\u2019en tenir compte et de d\u00e9ployer une","og_url":"https:\/\/en3s.fr\/secudoc\/produits-documentaires\/publications-en3s\/reduire-la-contribution-a-u-changement-climatique-des-prestations-versees-par-la-branche-famille-quels-leviers-dans-et-autour-des-cog\/","og_site_name":"S\u00e9cu Doc","article_modified_time":"2023-03-23T16:32:07+00:00","twitter_card":"summary_large_image","schema":{"@context":"https:\/\/schema.org","@graph":[{"@type":"WebPage","@id":"https:\/\/en3s.fr\/secudoc\/produits-documentaires\/publications-en3s\/reduire-la-contribution-a-u-changement-climatique-des-prestations-versees-par-la-branche-famille-quels-leviers-dans-et-autour-des-cog\/","url":"https:\/\/en3s.fr\/secudoc\/produits-documentaires\/publications-en3s\/reduire-la-contribution-a-u-changement-climatique-des-prestations-versees-par-la-branche-famille-quels-leviers-dans-et-autour-des-cog\/","name":"R\u00c9DUIRE LA CONTRIBUTION AU CHANGEMENT CLIMATIQUE DES PRESTATIONS VERS\u00c9ES PAR LA BRANCHE FAMILLE : QUELS LEVIERS DANS ET AUTOUR DES COG ? - S\u00e9cu Doc","isPartOf":{"@id":"https:\/\/en3s.fr\/secudoc\/#website"},"datePublished":"2023-02-21T11:35:44+00:00","dateModified":"2023-03-23T16:32:07+00:00","description":"Si la question environnementale ne s\u2019inscrit pas dans l\u2019essence m\u00eame de la S\u00e9curit\u00e9 sociale, il est devenu imp\u00e9ratif d\u2019en tenir compte et de d\u00e9ployer une","breadcrumb":{"@id":"https:\/\/en3s.fr\/secudoc\/produits-documentaires\/publications-en3s\/reduire-la-contribution-a-u-changement-climatique-des-prestations-versees-par-la-branche-famille-quels-leviers-dans-et-autour-des-cog\/#breadcrumb"},"inLanguage":"fr-FR","potentialAction":[{"@type":"ReadAction","target":["https:\/\/en3s.fr\/secudoc\/produits-documentaires\/publications-en3s\/reduire-la-contribution-a-u-changement-climatique-des-prestations-versees-par-la-branche-famille-quels-leviers-dans-et-autour-des-cog\/"]}]},{"@type":"BreadcrumbList","@id":"https:\/\/en3s.fr\/secudoc\/produits-documentaires\/publications-en3s\/reduire-la-contribution-a-u-changement-climatique-des-prestations-versees-par-la-branche-famille-quels-leviers-dans-et-autour-des-cog\/#breadcrumb","itemListElement":[{"@type":"ListItem","position":1,"name":"Accueil","item":"https:\/\/en3s.fr\/secudoc\/"},{"@type":"ListItem","position":2,"name":"Produits documentaires","item":"https:\/\/en3s.fr\/secudoc\/produits-documentaires\/"},{"@type":"ListItem","position":3,"name":"Publications EN3S","item":"https:\/\/en3s.fr\/secudoc\/produits-documentaires\/publications-en3s\/"},{"@type":"ListItem","position":4,"name":"R\u00c9DUIRE LA CONTRIBUTION AU CHANGEMENT CLIMATIQUE DES PRESTATIONS VERS\u00c9ES PAR LA BRANCHE FAMILLE : QUELS LEVIERS DANS ET AUTOUR DES COG ?"}]},{"@type":"WebSite","@id":"https:\/\/en3s.fr\/secudoc\/#website","url":"https:\/\/en3s.fr\/secudoc\/","name":"S\u00e9cu Doc","description":"Centre de ressources de la S\u00e9curit\u00e9 sociale","potentialAction":[{"@type":"SearchAction","target":{"@type":"EntryPoint","urlTemplate":"https:\/\/en3s.fr\/secudoc\/?s={search_term_string}"},"query-input":{"@type":"PropertyValueSpecification","valueRequired":true,"valueName":"search_term_string"}}],"inLanguage":"fr-FR"}]}},"_links":{"self":[{"href":"https:\/\/en3s.fr\/secudoc\/wp-json\/wp\/v2\/pages\/4416","targetHints":{"allow":["GET"]}}],"collection":[{"href":"https:\/\/en3s.fr\/secudoc\/wp-json\/wp\/v2\/pages"}],"about":[{"href":"https:\/\/en3s.fr\/secudoc\/wp-json\/wp\/v2\/types\/page"}],"author":[{"embeddable":true,"href":"https:\/\/en3s.fr\/secudoc\/wp-json\/wp\/v2\/users\/42"}],"replies":[{"embeddable":true,"href":"https:\/\/en3s.fr\/secudoc\/wp-json\/wp\/v2\/comments?post=4416"}],"version-history":[{"count":0,"href":"https:\/\/en3s.fr\/secudoc\/wp-json\/wp\/v2\/pages\/4416\/revisions"}],"up":[{"embeddable":true,"href":"https:\/\/en3s.fr\/secudoc\/wp-json\/wp\/v2\/pages\/910"}],"wp:attachment":[{"href":"https:\/\/en3s.fr\/secudoc\/wp-json\/wp\/v2\/media?parent=4416"}],"curies":[{"name":"wp","href":"https:\/\/api.w.org\/{rel}","templated":true}]}}