{"id":4423,"date":"2023-02-21T12:48:58","date_gmt":"2023-02-21T11:48:58","guid":{"rendered":"https:\/\/en3s.fr\/secudoc\/?page_id=4423"},"modified":"2023-03-03T13:20:19","modified_gmt":"2023-03-03T12:20:19","slug":"prevention-de-lobesite-infantile-quelles-actions-innovantes-et-transversales","status":"publish","type":"page","link":"https:\/\/en3s.fr\/secudoc\/produits-documentaires\/publications-en3s\/prevention-de-lobesite-infantile-quelles-actions-innovantes-et-transversales\/","title":{"rendered":"PR\u00c9VENTION DE L\u2019OB\u00c9SIT\u00c9 INFANTILE : QUELLES ACTIONS INNOVANTES ET TRANSVERSALES ?"},"content":{"rendered":"<blockquote><p><strong>Cette recherche-action identifie les acteurs \u00e0 mobiliser pour mieux d\u00e9tecter les situations ou risques de surpoids et d\u2019ob\u00e9sit\u00e9 infantile. Elle souligne l\u2019int\u00e9r\u00eat d\u2019un accompagnement pluriprofessionnel et d\u2019une coordination dans la prise en charge et le suivi, afin de construire un parcours attentionn\u00e9, gradu\u00e9, complet et coh\u00e9rent. Il s\u2019agit tant des professionnels de sant\u00e9 que des professionnels du champ social et m\u00e9dico-social, et plus globalement de tous ceux impliqu\u00e9s dans la sensibilisation, le rep\u00e9rage, la prise en charge, le suivi et l\u2019accompagnement de l\u2019ob\u00e9sit\u00e9 infantile.<\/strong><\/p><\/blockquote>\n<p><iframe loading=\"lazy\" title=\"RA 3 : PR\u00c9VENTION DE L\u2019OB\u00c9SIT\u00c9 INFANTILE - QUELLES ACTIONS INNOVANTES ET TRANSVERSALES ?\" width=\"500\" height=\"375\" src=\"https:\/\/www.youtube.com\/embed\/wX-AebBU1UY?feature=oembed\" frameborder=\"0\" allow=\"accelerometer; autoplay; clipboard-write; encrypted-media; gyroscope; picture-in-picture; web-share\" referrerpolicy=\"strict-origin-when-cross-origin\" allowfullscreen><\/iframe><\/p>\n<p style=\"text-align: right\"><a class=\"button\" href=\"https:\/\/www.calameo.com\/read\/0043105047858a85f77a7\" target=\"_blank\" rel=\"noopener\">Retrouvez l&rsquo;int\u00e9gralit\u00e9 du rapport<\/a><\/p>\n","protected":false},"excerpt":{"rendered":"<p>Cette recherche-action identifie les acteurs \u00e0 mobiliser pour mieux d\u00e9tecter les situations ou risques de surpoids et d\u2019ob\u00e9sit\u00e9 infantile. Elle souligne l\u2019int\u00e9r\u00eat d\u2019un accompagnement pluriprofessionnel et d\u2019une coordination dans la prise en charge et le suivi, afin de construire un parcours attentionn\u00e9, gradu\u00e9, complet et coh\u00e9rent. Il s\u2019agit tant des professionnels de sant\u00e9 que des [&hellip;]<\/p>\n","protected":false},"author":42,"featured_media":0,"parent":910,"menu_order":0,"comment_status":"closed","ping_status":"closed","template":"","meta":{"ngg_post_thumbnail":0,"footnotes":""},"class_list":["post-4423","page","type-page","status-publish","hentry"],"yoast_head":"<!-- This site is optimized with the Yoast SEO plugin v24.9 - https:\/\/yoast.com\/wordpress\/plugins\/seo\/ -->\n<title>PR\u00c9VENTION DE L\u2019OB\u00c9SIT\u00c9 INFANTILE : QUELLES ACTIONS INNOVANTES ET TRANSVERSALES ? - S\u00e9cu Doc<\/title>\n<meta name=\"description\" content=\"Cette recherche-action identifie les acteurs \u00e0 mobiliser pour mieux d\u00e9tecter les situations ou risques de surpoids et d\u2019ob\u00e9sit\u00e9 infantile. Elle souligne\" \/>\n<meta name=\"robots\" content=\"index, follow, max-snippet:-1, max-image-preview:large, max-video-preview:-1\" \/>\n<link rel=\"canonical\" href=\"https:\/\/en3s.fr\/secudoc\/produits-documentaires\/publications-en3s\/prevention-de-lobesite-infantile-quelles-actions-innovantes-et-transversales\/\" \/>\n<meta property=\"og:locale\" content=\"fr_FR\" \/>\n<meta property=\"og:type\" content=\"article\" \/>\n<meta property=\"og:title\" content=\"PR\u00c9VENTION DE L\u2019OB\u00c9SIT\u00c9 INFANTILE : QUELLES ACTIONS INNOVANTES ET TRANSVERSALES ? - S\u00e9cu Doc\" \/>\n<meta property=\"og:description\" content=\"Cette recherche-action identifie les acteurs \u00e0 mobiliser pour mieux d\u00e9tecter les situations ou risques de surpoids et d\u2019ob\u00e9sit\u00e9 infantile. Elle souligne\" \/>\n<meta property=\"og:url\" content=\"https:\/\/en3s.fr\/secudoc\/produits-documentaires\/publications-en3s\/prevention-de-lobesite-infantile-quelles-actions-innovantes-et-transversales\/\" \/>\n<meta property=\"og:site_name\" content=\"S\u00e9cu Doc\" \/>\n<meta property=\"article:modified_time\" content=\"2023-03-03T12:20:19+00:00\" \/>\n<meta name=\"twitter:card\" content=\"summary_large_image\" \/>\n<meta name=\"twitter:label1\" content=\"Dur\u00e9e de lecture estim\u00e9e\" \/>\n\t<meta name=\"twitter:data1\" content=\"1 minute\" \/>\n<script type=\"application\/ld+json\" class=\"yoast-schema-graph\">{\"@context\":\"https:\/\/schema.org\",\"@graph\":[{\"@type\":\"WebPage\",\"@id\":\"https:\/\/en3s.fr\/secudoc\/produits-documentaires\/publications-en3s\/prevention-de-lobesite-infantile-quelles-actions-innovantes-et-transversales\/\",\"url\":\"https:\/\/en3s.fr\/secudoc\/produits-documentaires\/publications-en3s\/prevention-de-lobesite-infantile-quelles-actions-innovantes-et-transversales\/\",\"name\":\"PR\u00c9VENTION DE L\u2019OB\u00c9SIT\u00c9 INFANTILE : QUELLES ACTIONS INNOVANTES ET TRANSVERSALES ? - S\u00e9cu Doc\",\"isPartOf\":{\"@id\":\"https:\/\/en3s.fr\/secudoc\/#website\"},\"datePublished\":\"2023-02-21T11:48:58+00:00\",\"dateModified\":\"2023-03-03T12:20:19+00:00\",\"description\":\"Cette recherche-action identifie les acteurs \u00e0 mobiliser pour mieux d\u00e9tecter les situations ou risques de surpoids et d\u2019ob\u00e9sit\u00e9 infantile. Elle souligne\",\"breadcrumb\":{\"@id\":\"https:\/\/en3s.fr\/secudoc\/produits-documentaires\/publications-en3s\/prevention-de-lobesite-infantile-quelles-actions-innovantes-et-transversales\/#breadcrumb\"},\"inLanguage\":\"fr-FR\",\"potentialAction\":[{\"@type\":\"ReadAction\",\"target\":[\"https:\/\/en3s.fr\/secudoc\/produits-documentaires\/publications-en3s\/prevention-de-lobesite-infantile-quelles-actions-innovantes-et-transversales\/\"]}]},{\"@type\":\"BreadcrumbList\",\"@id\":\"https:\/\/en3s.fr\/secudoc\/produits-documentaires\/publications-en3s\/prevention-de-lobesite-infantile-quelles-actions-innovantes-et-transversales\/#breadcrumb\",\"itemListElement\":[{\"@type\":\"ListItem\",\"position\":1,\"name\":\"Accueil\",\"item\":\"https:\/\/en3s.fr\/secudoc\/\"},{\"@type\":\"ListItem\",\"position\":2,\"name\":\"Produits documentaires\",\"item\":\"https:\/\/en3s.fr\/secudoc\/produits-documentaires\/\"},{\"@type\":\"ListItem\",\"position\":3,\"name\":\"Publications EN3S\",\"item\":\"https:\/\/en3s.fr\/secudoc\/produits-documentaires\/publications-en3s\/\"},{\"@type\":\"ListItem\",\"position\":4,\"name\":\"PR\u00c9VENTION DE L\u2019OB\u00c9SIT\u00c9 INFANTILE : QUELLES ACTIONS INNOVANTES ET TRANSVERSALES ?\"}]},{\"@type\":\"WebSite\",\"@id\":\"https:\/\/en3s.fr\/secudoc\/#website\",\"url\":\"https:\/\/en3s.fr\/secudoc\/\",\"name\":\"S\u00e9cu Doc\",\"description\":\"Centre de ressources de la S\u00e9curit\u00e9 sociale\",\"potentialAction\":[{\"@type\":\"SearchAction\",\"target\":{\"@type\":\"EntryPoint\",\"urlTemplate\":\"https:\/\/en3s.fr\/secudoc\/?s={search_term_string}\"},\"query-input\":{\"@type\":\"PropertyValueSpecification\",\"valueRequired\":true,\"valueName\":\"search_term_string\"}}],\"inLanguage\":\"fr-FR\"}]}<\/script>\n<!-- \/ Yoast SEO plugin. -->","yoast_head_json":{"title":"PR\u00c9VENTION DE L\u2019OB\u00c9SIT\u00c9 INFANTILE : QUELLES ACTIONS INNOVANTES ET TRANSVERSALES ? - S\u00e9cu Doc","description":"Cette recherche-action identifie les acteurs \u00e0 mobiliser pour mieux d\u00e9tecter les situations ou risques de surpoids et d\u2019ob\u00e9sit\u00e9 infantile. Elle souligne","robots":{"index":"index","follow":"follow","max-snippet":"max-snippet:-1","max-image-preview":"max-image-preview:large","max-video-preview":"max-video-preview:-1"},"canonical":"https:\/\/en3s.fr\/secudoc\/produits-documentaires\/publications-en3s\/prevention-de-lobesite-infantile-quelles-actions-innovantes-et-transversales\/","og_locale":"fr_FR","og_type":"article","og_title":"PR\u00c9VENTION DE L\u2019OB\u00c9SIT\u00c9 INFANTILE : QUELLES ACTIONS INNOVANTES ET TRANSVERSALES ? - S\u00e9cu Doc","og_description":"Cette recherche-action identifie les acteurs \u00e0 mobiliser pour mieux d\u00e9tecter les situations ou risques de surpoids et d\u2019ob\u00e9sit\u00e9 infantile. Elle souligne","og_url":"https:\/\/en3s.fr\/secudoc\/produits-documentaires\/publications-en3s\/prevention-de-lobesite-infantile-quelles-actions-innovantes-et-transversales\/","og_site_name":"S\u00e9cu Doc","article_modified_time":"2023-03-03T12:20:19+00:00","twitter_card":"summary_large_image","twitter_misc":{"Dur\u00e9e de lecture estim\u00e9e":"1 minute"},"schema":{"@context":"https:\/\/schema.org","@graph":[{"@type":"WebPage","@id":"https:\/\/en3s.fr\/secudoc\/produits-documentaires\/publications-en3s\/prevention-de-lobesite-infantile-quelles-actions-innovantes-et-transversales\/","url":"https:\/\/en3s.fr\/secudoc\/produits-documentaires\/publications-en3s\/prevention-de-lobesite-infantile-quelles-actions-innovantes-et-transversales\/","name":"PR\u00c9VENTION DE L\u2019OB\u00c9SIT\u00c9 INFANTILE : QUELLES ACTIONS INNOVANTES ET TRANSVERSALES ? - S\u00e9cu Doc","isPartOf":{"@id":"https:\/\/en3s.fr\/secudoc\/#website"},"datePublished":"2023-02-21T11:48:58+00:00","dateModified":"2023-03-03T12:20:19+00:00","description":"Cette recherche-action identifie les acteurs \u00e0 mobiliser pour mieux d\u00e9tecter les situations ou risques de surpoids et d\u2019ob\u00e9sit\u00e9 infantile. Elle souligne","breadcrumb":{"@id":"https:\/\/en3s.fr\/secudoc\/produits-documentaires\/publications-en3s\/prevention-de-lobesite-infantile-quelles-actions-innovantes-et-transversales\/#breadcrumb"},"inLanguage":"fr-FR","potentialAction":[{"@type":"ReadAction","target":["https:\/\/en3s.fr\/secudoc\/produits-documentaires\/publications-en3s\/prevention-de-lobesite-infantile-quelles-actions-innovantes-et-transversales\/"]}]},{"@type":"BreadcrumbList","@id":"https:\/\/en3s.fr\/secudoc\/produits-documentaires\/publications-en3s\/prevention-de-lobesite-infantile-quelles-actions-innovantes-et-transversales\/#breadcrumb","itemListElement":[{"@type":"ListItem","position":1,"name":"Accueil","item":"https:\/\/en3s.fr\/secudoc\/"},{"@type":"ListItem","position":2,"name":"Produits documentaires","item":"https:\/\/en3s.fr\/secudoc\/produits-documentaires\/"},{"@type":"ListItem","position":3,"name":"Publications EN3S","item":"https:\/\/en3s.fr\/secudoc\/produits-documentaires\/publications-en3s\/"},{"@type":"ListItem","position":4,"name":"PR\u00c9VENTION DE L\u2019OB\u00c9SIT\u00c9 INFANTILE : QUELLES ACTIONS INNOVANTES ET TRANSVERSALES ?"}]},{"@type":"WebSite","@id":"https:\/\/en3s.fr\/secudoc\/#website","url":"https:\/\/en3s.fr\/secudoc\/","name":"S\u00e9cu Doc","description":"Centre de ressources de la S\u00e9curit\u00e9 sociale","potentialAction":[{"@type":"SearchAction","target":{"@type":"EntryPoint","urlTemplate":"https:\/\/en3s.fr\/secudoc\/?s={search_term_string}"},"query-input":{"@type":"PropertyValueSpecification","valueRequired":true,"valueName":"search_term_string"}}],"inLanguage":"fr-FR"}]}},"_links":{"self":[{"href":"https:\/\/en3s.fr\/secudoc\/wp-json\/wp\/v2\/pages\/4423","targetHints":{"allow":["GET"]}}],"collection":[{"href":"https:\/\/en3s.fr\/secudoc\/wp-json\/wp\/v2\/pages"}],"about":[{"href":"https:\/\/en3s.fr\/secudoc\/wp-json\/wp\/v2\/types\/page"}],"author":[{"embeddable":true,"href":"https:\/\/en3s.fr\/secudoc\/wp-json\/wp\/v2\/users\/42"}],"replies":[{"embeddable":true,"href":"https:\/\/en3s.fr\/secudoc\/wp-json\/wp\/v2\/comments?post=4423"}],"version-history":[{"count":0,"href":"https:\/\/en3s.fr\/secudoc\/wp-json\/wp\/v2\/pages\/4423\/revisions"}],"up":[{"embeddable":true,"href":"https:\/\/en3s.fr\/secudoc\/wp-json\/wp\/v2\/pages\/910"}],"wp:attachment":[{"href":"https:\/\/en3s.fr\/secudoc\/wp-json\/wp\/v2\/media?parent=4423"}],"curies":[{"name":"wp","href":"https:\/\/api.w.org\/{rel}","templated":true}]}}