{"id":4428,"date":"2023-02-21T13:58:23","date_gmt":"2023-02-21T12:58:23","guid":{"rendered":"https:\/\/en3s.fr\/secudoc\/?page_id=4428"},"modified":"2023-03-15T15:31:36","modified_gmt":"2023-03-15T14:31:36","slug":"le-medecin-traitant-comme-pivot-du-parcours-de-soins-enjeux-et-conditions-de-reussite","status":"publish","type":"page","link":"https:\/\/en3s.fr\/secudoc\/produits-documentaires\/publications-en3s\/le-medecin-traitant-comme-pivot-du-parcours-de-soins-enjeux-et-conditions-de-reussite\/","title":{"rendered":"LE M\u00c9DECIN TRAITANT COMME PIVOT DU PARCOURS DE SOINS : ENJEUX ET CONDITIONS DE R\u00c9USSITE"},"content":{"rendered":"<blockquote><p><strong>Le pr\u00e9sent travail de recherche action visera \u00e0 s\u2019interroger sur les enjeux et les conditions de r\u00e9ussite du projet qui vise \u00e0 faire du m\u00e9decin traitant le v\u00e9ritable pivot du parcours de soins. Il r\u00e9pondra \u00e0 3 objectifs : <\/strong><strong>Quel serait le contenu d\u2019activit\u00e9 d\u2019un m\u00e9decin positionn\u00e9 comme pivot du parcours de soins de ses patients ? <\/strong><strong>A quelles conditions le m\u00e9decin traitant peut devenir le pivot du parcours ? <\/strong><strong>Que doit faire l\u2019Assurance Maladie pour permettre cette transformation et sur quels partenaires peut-elle s\u2019appuyer pour se faire ?<\/strong><\/p><\/blockquote>\n<p><iframe loading=\"lazy\" title=\"RA 8 : LE M\u00c9DECIN TRAITANT COMME PIVOT DU PARCOURS DE SOINS : ENJEUX ET CONDITIONS DE R\u00c9USSITE\" width=\"500\" height=\"375\" src=\"https:\/\/www.youtube.com\/embed\/fVEKdWvrSA4?feature=oembed\" frameborder=\"0\" allow=\"accelerometer; autoplay; clipboard-write; encrypted-media; gyroscope; picture-in-picture; web-share\" referrerpolicy=\"strict-origin-when-cross-origin\" allowfullscreen><\/iframe><\/p>\n<p style=\"text-align: right\"><a class=\"button\" href=\"https:\/\/www.calameo.com\/read\/004310504f22acd7ba4f7\" target=\"_blank\" rel=\"noopener\">Retrouvez l&rsquo;int\u00e9gralit\u00e9 du rapport<\/a><\/p>\n","protected":false},"excerpt":{"rendered":"<p>Le pr\u00e9sent travail de recherche action visera \u00e0 s\u2019interroger sur les enjeux et les conditions de r\u00e9ussite du projet qui vise \u00e0 faire du m\u00e9decin traitant le v\u00e9ritable pivot du parcours de soins. Il r\u00e9pondra \u00e0 3 objectifs : Quel serait le contenu d\u2019activit\u00e9 d\u2019un m\u00e9decin positionn\u00e9 comme pivot du parcours de soins de ses [&hellip;]<\/p>\n","protected":false},"author":42,"featured_media":0,"parent":910,"menu_order":0,"comment_status":"closed","ping_status":"closed","template":"","meta":{"ngg_post_thumbnail":0,"footnotes":""},"class_list":["post-4428","page","type-page","status-publish","hentry"],"yoast_head":"<!-- This site is optimized with the Yoast SEO plugin v24.9 - https:\/\/yoast.com\/wordpress\/plugins\/seo\/ -->\n<title>LE M\u00c9DECIN TRAITANT COMME PIVOT DU PARCOURS DE SOINS : ENJEUX ET CONDITIONS DE R\u00c9USSITE - S\u00e9cu Doc<\/title>\n<meta name=\"description\" content=\"Le pr\u00e9sent travail de recherche action visera \u00e0 s\u2019interroger sur les enjeux et les conditions de r\u00e9ussite du projet qui vise \u00e0 faire du m\u00e9decin traitant\" \/>\n<meta name=\"robots\" content=\"index, follow, max-snippet:-1, max-image-preview:large, max-video-preview:-1\" \/>\n<link rel=\"canonical\" href=\"https:\/\/en3s.fr\/secudoc\/produits-documentaires\/publications-en3s\/le-medecin-traitant-comme-pivot-du-parcours-de-soins-enjeux-et-conditions-de-reussite\/\" \/>\n<meta property=\"og:locale\" content=\"fr_FR\" \/>\n<meta property=\"og:type\" content=\"article\" \/>\n<meta property=\"og:title\" content=\"LE M\u00c9DECIN TRAITANT COMME PIVOT DU PARCOURS DE SOINS : ENJEUX ET CONDITIONS DE R\u00c9USSITE - S\u00e9cu Doc\" \/>\n<meta property=\"og:description\" content=\"Le pr\u00e9sent travail de recherche action visera \u00e0 s\u2019interroger sur les enjeux et les conditions de r\u00e9ussite du projet qui vise \u00e0 faire du m\u00e9decin traitant\" \/>\n<meta property=\"og:url\" content=\"https:\/\/en3s.fr\/secudoc\/produits-documentaires\/publications-en3s\/le-medecin-traitant-comme-pivot-du-parcours-de-soins-enjeux-et-conditions-de-reussite\/\" \/>\n<meta property=\"og:site_name\" content=\"S\u00e9cu Doc\" \/>\n<meta property=\"article:modified_time\" content=\"2023-03-15T14:31:36+00:00\" \/>\n<meta name=\"twitter:card\" content=\"summary_large_image\" \/>\n<meta name=\"twitter:label1\" content=\"Dur\u00e9e de lecture estim\u00e9e\" \/>\n\t<meta name=\"twitter:data1\" content=\"1 minute\" \/>\n<script type=\"application\/ld+json\" class=\"yoast-schema-graph\">{\"@context\":\"https:\/\/schema.org\",\"@graph\":[{\"@type\":\"WebPage\",\"@id\":\"https:\/\/en3s.fr\/secudoc\/produits-documentaires\/publications-en3s\/le-medecin-traitant-comme-pivot-du-parcours-de-soins-enjeux-et-conditions-de-reussite\/\",\"url\":\"https:\/\/en3s.fr\/secudoc\/produits-documentaires\/publications-en3s\/le-medecin-traitant-comme-pivot-du-parcours-de-soins-enjeux-et-conditions-de-reussite\/\",\"name\":\"LE M\u00c9DECIN TRAITANT COMME PIVOT DU PARCOURS DE SOINS : ENJEUX ET CONDITIONS DE R\u00c9USSITE - S\u00e9cu Doc\",\"isPartOf\":{\"@id\":\"https:\/\/en3s.fr\/secudoc\/#website\"},\"datePublished\":\"2023-02-21T12:58:23+00:00\",\"dateModified\":\"2023-03-15T14:31:36+00:00\",\"description\":\"Le pr\u00e9sent travail de recherche action visera \u00e0 s\u2019interroger sur les enjeux et les conditions de r\u00e9ussite du projet qui vise \u00e0 faire du m\u00e9decin traitant\",\"breadcrumb\":{\"@id\":\"https:\/\/en3s.fr\/secudoc\/produits-documentaires\/publications-en3s\/le-medecin-traitant-comme-pivot-du-parcours-de-soins-enjeux-et-conditions-de-reussite\/#breadcrumb\"},\"inLanguage\":\"fr-FR\",\"potentialAction\":[{\"@type\":\"ReadAction\",\"target\":[\"https:\/\/en3s.fr\/secudoc\/produits-documentaires\/publications-en3s\/le-medecin-traitant-comme-pivot-du-parcours-de-soins-enjeux-et-conditions-de-reussite\/\"]}]},{\"@type\":\"BreadcrumbList\",\"@id\":\"https:\/\/en3s.fr\/secudoc\/produits-documentaires\/publications-en3s\/le-medecin-traitant-comme-pivot-du-parcours-de-soins-enjeux-et-conditions-de-reussite\/#breadcrumb\",\"itemListElement\":[{\"@type\":\"ListItem\",\"position\":1,\"name\":\"Accueil\",\"item\":\"https:\/\/en3s.fr\/secudoc\/\"},{\"@type\":\"ListItem\",\"position\":2,\"name\":\"Produits documentaires\",\"item\":\"https:\/\/en3s.fr\/secudoc\/produits-documentaires\/\"},{\"@type\":\"ListItem\",\"position\":3,\"name\":\"Publications EN3S\",\"item\":\"https:\/\/en3s.fr\/secudoc\/produits-documentaires\/publications-en3s\/\"},{\"@type\":\"ListItem\",\"position\":4,\"name\":\"LE M\u00c9DECIN TRAITANT COMME PIVOT DU PARCOURS DE SOINS : ENJEUX ET CONDITIONS DE R\u00c9USSITE\"}]},{\"@type\":\"WebSite\",\"@id\":\"https:\/\/en3s.fr\/secudoc\/#website\",\"url\":\"https:\/\/en3s.fr\/secudoc\/\",\"name\":\"S\u00e9cu Doc\",\"description\":\"Centre de ressources de la S\u00e9curit\u00e9 sociale\",\"potentialAction\":[{\"@type\":\"SearchAction\",\"target\":{\"@type\":\"EntryPoint\",\"urlTemplate\":\"https:\/\/en3s.fr\/secudoc\/?s={search_term_string}\"},\"query-input\":{\"@type\":\"PropertyValueSpecification\",\"valueRequired\":true,\"valueName\":\"search_term_string\"}}],\"inLanguage\":\"fr-FR\"}]}<\/script>\n<!-- \/ Yoast SEO plugin. -->","yoast_head_json":{"title":"LE M\u00c9DECIN TRAITANT COMME PIVOT DU PARCOURS DE SOINS : ENJEUX ET CONDITIONS DE R\u00c9USSITE - S\u00e9cu Doc","description":"Le pr\u00e9sent travail de recherche action visera \u00e0 s\u2019interroger sur les enjeux et les conditions de r\u00e9ussite du projet qui vise \u00e0 faire du m\u00e9decin traitant","robots":{"index":"index","follow":"follow","max-snippet":"max-snippet:-1","max-image-preview":"max-image-preview:large","max-video-preview":"max-video-preview:-1"},"canonical":"https:\/\/en3s.fr\/secudoc\/produits-documentaires\/publications-en3s\/le-medecin-traitant-comme-pivot-du-parcours-de-soins-enjeux-et-conditions-de-reussite\/","og_locale":"fr_FR","og_type":"article","og_title":"LE M\u00c9DECIN TRAITANT COMME PIVOT DU PARCOURS DE SOINS : ENJEUX ET CONDITIONS DE R\u00c9USSITE - S\u00e9cu Doc","og_description":"Le pr\u00e9sent travail de recherche action visera \u00e0 s\u2019interroger sur les enjeux et les conditions de r\u00e9ussite du projet qui vise \u00e0 faire du m\u00e9decin traitant","og_url":"https:\/\/en3s.fr\/secudoc\/produits-documentaires\/publications-en3s\/le-medecin-traitant-comme-pivot-du-parcours-de-soins-enjeux-et-conditions-de-reussite\/","og_site_name":"S\u00e9cu Doc","article_modified_time":"2023-03-15T14:31:36+00:00","twitter_card":"summary_large_image","twitter_misc":{"Dur\u00e9e de lecture estim\u00e9e":"1 minute"},"schema":{"@context":"https:\/\/schema.org","@graph":[{"@type":"WebPage","@id":"https:\/\/en3s.fr\/secudoc\/produits-documentaires\/publications-en3s\/le-medecin-traitant-comme-pivot-du-parcours-de-soins-enjeux-et-conditions-de-reussite\/","url":"https:\/\/en3s.fr\/secudoc\/produits-documentaires\/publications-en3s\/le-medecin-traitant-comme-pivot-du-parcours-de-soins-enjeux-et-conditions-de-reussite\/","name":"LE M\u00c9DECIN TRAITANT COMME PIVOT DU PARCOURS DE SOINS : ENJEUX ET CONDITIONS DE R\u00c9USSITE - S\u00e9cu Doc","isPartOf":{"@id":"https:\/\/en3s.fr\/secudoc\/#website"},"datePublished":"2023-02-21T12:58:23+00:00","dateModified":"2023-03-15T14:31:36+00:00","description":"Le pr\u00e9sent travail de recherche action visera \u00e0 s\u2019interroger sur les enjeux et les conditions de r\u00e9ussite du projet qui vise \u00e0 faire du m\u00e9decin traitant","breadcrumb":{"@id":"https:\/\/en3s.fr\/secudoc\/produits-documentaires\/publications-en3s\/le-medecin-traitant-comme-pivot-du-parcours-de-soins-enjeux-et-conditions-de-reussite\/#breadcrumb"},"inLanguage":"fr-FR","potentialAction":[{"@type":"ReadAction","target":["https:\/\/en3s.fr\/secudoc\/produits-documentaires\/publications-en3s\/le-medecin-traitant-comme-pivot-du-parcours-de-soins-enjeux-et-conditions-de-reussite\/"]}]},{"@type":"BreadcrumbList","@id":"https:\/\/en3s.fr\/secudoc\/produits-documentaires\/publications-en3s\/le-medecin-traitant-comme-pivot-du-parcours-de-soins-enjeux-et-conditions-de-reussite\/#breadcrumb","itemListElement":[{"@type":"ListItem","position":1,"name":"Accueil","item":"https:\/\/en3s.fr\/secudoc\/"},{"@type":"ListItem","position":2,"name":"Produits documentaires","item":"https:\/\/en3s.fr\/secudoc\/produits-documentaires\/"},{"@type":"ListItem","position":3,"name":"Publications EN3S","item":"https:\/\/en3s.fr\/secudoc\/produits-documentaires\/publications-en3s\/"},{"@type":"ListItem","position":4,"name":"LE M\u00c9DECIN TRAITANT COMME PIVOT DU PARCOURS DE SOINS : ENJEUX ET CONDITIONS DE R\u00c9USSITE"}]},{"@type":"WebSite","@id":"https:\/\/en3s.fr\/secudoc\/#website","url":"https:\/\/en3s.fr\/secudoc\/","name":"S\u00e9cu Doc","description":"Centre de ressources de la S\u00e9curit\u00e9 sociale","potentialAction":[{"@type":"SearchAction","target":{"@type":"EntryPoint","urlTemplate":"https:\/\/en3s.fr\/secudoc\/?s={search_term_string}"},"query-input":{"@type":"PropertyValueSpecification","valueRequired":true,"valueName":"search_term_string"}}],"inLanguage":"fr-FR"}]}},"_links":{"self":[{"href":"https:\/\/en3s.fr\/secudoc\/wp-json\/wp\/v2\/pages\/4428","targetHints":{"allow":["GET"]}}],"collection":[{"href":"https:\/\/en3s.fr\/secudoc\/wp-json\/wp\/v2\/pages"}],"about":[{"href":"https:\/\/en3s.fr\/secudoc\/wp-json\/wp\/v2\/types\/page"}],"author":[{"embeddable":true,"href":"https:\/\/en3s.fr\/secudoc\/wp-json\/wp\/v2\/users\/42"}],"replies":[{"embeddable":true,"href":"https:\/\/en3s.fr\/secudoc\/wp-json\/wp\/v2\/comments?post=4428"}],"version-history":[{"count":0,"href":"https:\/\/en3s.fr\/secudoc\/wp-json\/wp\/v2\/pages\/4428\/revisions"}],"up":[{"embeddable":true,"href":"https:\/\/en3s.fr\/secudoc\/wp-json\/wp\/v2\/pages\/910"}],"wp:attachment":[{"href":"https:\/\/en3s.fr\/secudoc\/wp-json\/wp\/v2\/media?parent=4428"}],"curies":[{"name":"wp","href":"https:\/\/api.w.org\/{rel}","templated":true}]}}