{"id":4433,"date":"2023-02-21T16:10:16","date_gmt":"2023-02-21T15:10:16","guid":{"rendered":"https:\/\/en3s.fr\/secudoc\/?page_id=4433"},"modified":"2023-03-24T14:24:58","modified_gmt":"2023-03-24T13:24:58","slug":"role-des-communautes-professionnelles-territoriales-de-sante-cpts-dans-un-lien-ville-hopital-durable-et-favorisant-les-parcours-patients","status":"publish","type":"page","link":"https:\/\/en3s.fr\/secudoc\/produits-documentaires\/publications-en3s\/role-des-communautes-professionnelles-territoriales-de-sante-cpts-dans-un-lien-ville-hopital-durable-et-favorisant-les-parcours-patients\/","title":{"rendered":"R\u00d4LE DES COMMUNAUT\u00c9S PROFESSIONNELLES TERRITORIALES DE SANT\u00c9 (CPTS) DANS UN LIEN VILLE-HOPITAL DURABLE ET FAVORISANT LES PARCOURS PATIENTS"},"content":{"rendered":"<blockquote><p><strong>Cette recherche-action se concentre \u00e0 la fois sur l\u2019aspect sp\u00e9cifique et transversal de leur action. Pour comprendre de quelles mani\u00e8res les CPTS tentent d\u2019am\u00e9liorer durablement le lien ville-h\u00f4pital afin de favoriser des parcours patients structur\u00e9s, cette recherche-action poursuit trois objectifs : L\u2019identification des bonnes pratiques en mati\u00e8re de lien ville-h\u00f4pital au sein de ces organisations dans le cadre des parcours patients, l\u2019identification de l&rsquo;impact de la crise sanitaire sur le lien ville-h\u00f4pital au sein des CPTS, l\u2019identification du positionnement de l\u2019Agence R\u00e9gionale de Sant\u00e9 (ARS) et du r\u00f4le de l\u2019Assurance Maladie dans le d\u00e9veloppement des CPTS, du lien ville-h\u00f4pital et des parcours patients<\/strong><\/p><\/blockquote>\n<p><iframe loading=\"lazy\" title=\"RA 10 : R\u00f4le des Communaut\u00e9s Professionnelles Territoriales de Sant\u00e9 (CPTS) [...]\" width=\"500\" height=\"375\" src=\"https:\/\/www.youtube.com\/embed\/qhPi5jK59pg?feature=oembed\" frameborder=\"0\" allow=\"accelerometer; autoplay; clipboard-write; encrypted-media; gyroscope; picture-in-picture; web-share\" referrerpolicy=\"strict-origin-when-cross-origin\" allowfullscreen><\/iframe><\/p>\n<p style=\"text-align: right\"><a class=\"button\" href=\"https:\/\/www.calameo.com\/read\/004310504c29a0d08ebf5\" target=\"_blank\" rel=\"noopener\">Retrouvez l&rsquo;int\u00e9gralit\u00e9 du rapport<\/a><\/p>\n","protected":false},"excerpt":{"rendered":"<p>Cette recherche-action se concentre \u00e0 la fois sur l\u2019aspect sp\u00e9cifique et transversal de leur action. Pour comprendre de quelles mani\u00e8res les CPTS tentent d\u2019am\u00e9liorer durablement le lien ville-h\u00f4pital afin de favoriser des parcours patients structur\u00e9s, cette recherche-action poursuit trois objectifs : L\u2019identification des bonnes pratiques en mati\u00e8re de lien ville-h\u00f4pital au sein de ces organisations [&hellip;]<\/p>\n","protected":false},"author":42,"featured_media":0,"parent":910,"menu_order":0,"comment_status":"closed","ping_status":"closed","template":"","meta":{"ngg_post_thumbnail":0,"footnotes":""},"class_list":["post-4433","page","type-page","status-publish","hentry"],"yoast_head":"<!-- This site is optimized with the Yoast SEO plugin v24.9 - https:\/\/yoast.com\/wordpress\/plugins\/seo\/ -->\n<title>R\u00d4LE DES COMMUNAUT\u00c9S PROFESSIONNELLES TERRITORIALES DE SANT\u00c9 (CPTS) DANS UN LIEN VILLE-HOPITAL DURABLE ET FAVORISANT LES PARCOURS PATIENTS - S\u00e9cu Doc<\/title>\n<meta name=\"description\" content=\"Cette recherche-action se concentre \u00e0 la fois sur l\u2019aspect sp\u00e9cifique et transversal de leur action. Pour comprendre de quelles mani\u00e8res les CPTS tentent\" \/>\n<meta name=\"robots\" content=\"index, follow, max-snippet:-1, max-image-preview:large, max-video-preview:-1\" \/>\n<link rel=\"canonical\" href=\"https:\/\/en3s.fr\/secudoc\/produits-documentaires\/publications-en3s\/role-des-communautes-professionnelles-territoriales-de-sante-cpts-dans-un-lien-ville-hopital-durable-et-favorisant-les-parcours-patients\/\" \/>\n<meta property=\"og:locale\" content=\"fr_FR\" \/>\n<meta property=\"og:type\" content=\"article\" \/>\n<meta property=\"og:title\" content=\"R\u00d4LE DES COMMUNAUT\u00c9S PROFESSIONNELLES TERRITORIALES DE SANT\u00c9 (CPTS) DANS UN LIEN VILLE-HOPITAL DURABLE ET FAVORISANT LES PARCOURS PATIENTS - S\u00e9cu Doc\" \/>\n<meta property=\"og:description\" content=\"Cette recherche-action se concentre \u00e0 la fois sur l\u2019aspect sp\u00e9cifique et transversal de leur action. Pour comprendre de quelles mani\u00e8res les CPTS tentent\" \/>\n<meta property=\"og:url\" content=\"https:\/\/en3s.fr\/secudoc\/produits-documentaires\/publications-en3s\/role-des-communautes-professionnelles-territoriales-de-sante-cpts-dans-un-lien-ville-hopital-durable-et-favorisant-les-parcours-patients\/\" \/>\n<meta property=\"og:site_name\" content=\"S\u00e9cu Doc\" \/>\n<meta property=\"article:modified_time\" content=\"2023-03-24T13:24:58+00:00\" \/>\n<meta name=\"twitter:card\" content=\"summary_large_image\" \/>\n<meta name=\"twitter:label1\" content=\"Dur\u00e9e de lecture estim\u00e9e\" \/>\n\t<meta name=\"twitter:data1\" content=\"1 minute\" \/>\n<script type=\"application\/ld+json\" class=\"yoast-schema-graph\">{\"@context\":\"https:\/\/schema.org\",\"@graph\":[{\"@type\":\"WebPage\",\"@id\":\"https:\/\/en3s.fr\/secudoc\/produits-documentaires\/publications-en3s\/role-des-communautes-professionnelles-territoriales-de-sante-cpts-dans-un-lien-ville-hopital-durable-et-favorisant-les-parcours-patients\/\",\"url\":\"https:\/\/en3s.fr\/secudoc\/produits-documentaires\/publications-en3s\/role-des-communautes-professionnelles-territoriales-de-sante-cpts-dans-un-lien-ville-hopital-durable-et-favorisant-les-parcours-patients\/\",\"name\":\"R\u00d4LE DES COMMUNAUT\u00c9S PROFESSIONNELLES TERRITORIALES DE SANT\u00c9 (CPTS) DANS UN LIEN VILLE-HOPITAL DURABLE ET FAVORISANT LES PARCOURS PATIENTS - S\u00e9cu Doc\",\"isPartOf\":{\"@id\":\"https:\/\/en3s.fr\/secudoc\/#website\"},\"datePublished\":\"2023-02-21T15:10:16+00:00\",\"dateModified\":\"2023-03-24T13:24:58+00:00\",\"description\":\"Cette recherche-action se concentre \u00e0 la fois sur l\u2019aspect sp\u00e9cifique et transversal de leur action. Pour comprendre de quelles mani\u00e8res les CPTS tentent\",\"breadcrumb\":{\"@id\":\"https:\/\/en3s.fr\/secudoc\/produits-documentaires\/publications-en3s\/role-des-communautes-professionnelles-territoriales-de-sante-cpts-dans-un-lien-ville-hopital-durable-et-favorisant-les-parcours-patients\/#breadcrumb\"},\"inLanguage\":\"fr-FR\",\"potentialAction\":[{\"@type\":\"ReadAction\",\"target\":[\"https:\/\/en3s.fr\/secudoc\/produits-documentaires\/publications-en3s\/role-des-communautes-professionnelles-territoriales-de-sante-cpts-dans-un-lien-ville-hopital-durable-et-favorisant-les-parcours-patients\/\"]}]},{\"@type\":\"BreadcrumbList\",\"@id\":\"https:\/\/en3s.fr\/secudoc\/produits-documentaires\/publications-en3s\/role-des-communautes-professionnelles-territoriales-de-sante-cpts-dans-un-lien-ville-hopital-durable-et-favorisant-les-parcours-patients\/#breadcrumb\",\"itemListElement\":[{\"@type\":\"ListItem\",\"position\":1,\"name\":\"Accueil\",\"item\":\"https:\/\/en3s.fr\/secudoc\/\"},{\"@type\":\"ListItem\",\"position\":2,\"name\":\"Produits documentaires\",\"item\":\"https:\/\/en3s.fr\/secudoc\/produits-documentaires\/\"},{\"@type\":\"ListItem\",\"position\":3,\"name\":\"Publications EN3S\",\"item\":\"https:\/\/en3s.fr\/secudoc\/produits-documentaires\/publications-en3s\/\"},{\"@type\":\"ListItem\",\"position\":4,\"name\":\"R\u00d4LE DES COMMUNAUT\u00c9S PROFESSIONNELLES TERRITORIALES DE SANT\u00c9 (CPTS) DANS UN LIEN VILLE-HOPITAL DURABLE ET FAVORISANT LES PARCOURS PATIENTS\"}]},{\"@type\":\"WebSite\",\"@id\":\"https:\/\/en3s.fr\/secudoc\/#website\",\"url\":\"https:\/\/en3s.fr\/secudoc\/\",\"name\":\"S\u00e9cu Doc\",\"description\":\"Centre de ressources de la S\u00e9curit\u00e9 sociale\",\"potentialAction\":[{\"@type\":\"SearchAction\",\"target\":{\"@type\":\"EntryPoint\",\"urlTemplate\":\"https:\/\/en3s.fr\/secudoc\/?s={search_term_string}\"},\"query-input\":{\"@type\":\"PropertyValueSpecification\",\"valueRequired\":true,\"valueName\":\"search_term_string\"}}],\"inLanguage\":\"fr-FR\"}]}<\/script>\n<!-- \/ Yoast SEO plugin. -->","yoast_head_json":{"title":"R\u00d4LE DES COMMUNAUT\u00c9S PROFESSIONNELLES TERRITORIALES DE SANT\u00c9 (CPTS) DANS UN LIEN VILLE-HOPITAL DURABLE ET FAVORISANT LES PARCOURS PATIENTS - S\u00e9cu Doc","description":"Cette recherche-action se concentre \u00e0 la fois sur l\u2019aspect sp\u00e9cifique et transversal de leur action. Pour comprendre de quelles mani\u00e8res les CPTS tentent","robots":{"index":"index","follow":"follow","max-snippet":"max-snippet:-1","max-image-preview":"max-image-preview:large","max-video-preview":"max-video-preview:-1"},"canonical":"https:\/\/en3s.fr\/secudoc\/produits-documentaires\/publications-en3s\/role-des-communautes-professionnelles-territoriales-de-sante-cpts-dans-un-lien-ville-hopital-durable-et-favorisant-les-parcours-patients\/","og_locale":"fr_FR","og_type":"article","og_title":"R\u00d4LE DES COMMUNAUT\u00c9S PROFESSIONNELLES TERRITORIALES DE SANT\u00c9 (CPTS) DANS UN LIEN VILLE-HOPITAL DURABLE ET FAVORISANT LES PARCOURS PATIENTS - S\u00e9cu Doc","og_description":"Cette recherche-action se concentre \u00e0 la fois sur l\u2019aspect sp\u00e9cifique et transversal de leur action. Pour comprendre de quelles mani\u00e8res les CPTS tentent","og_url":"https:\/\/en3s.fr\/secudoc\/produits-documentaires\/publications-en3s\/role-des-communautes-professionnelles-territoriales-de-sante-cpts-dans-un-lien-ville-hopital-durable-et-favorisant-les-parcours-patients\/","og_site_name":"S\u00e9cu Doc","article_modified_time":"2023-03-24T13:24:58+00:00","twitter_card":"summary_large_image","twitter_misc":{"Dur\u00e9e de lecture estim\u00e9e":"1 minute"},"schema":{"@context":"https:\/\/schema.org","@graph":[{"@type":"WebPage","@id":"https:\/\/en3s.fr\/secudoc\/produits-documentaires\/publications-en3s\/role-des-communautes-professionnelles-territoriales-de-sante-cpts-dans-un-lien-ville-hopital-durable-et-favorisant-les-parcours-patients\/","url":"https:\/\/en3s.fr\/secudoc\/produits-documentaires\/publications-en3s\/role-des-communautes-professionnelles-territoriales-de-sante-cpts-dans-un-lien-ville-hopital-durable-et-favorisant-les-parcours-patients\/","name":"R\u00d4LE DES COMMUNAUT\u00c9S PROFESSIONNELLES TERRITORIALES DE SANT\u00c9 (CPTS) DANS UN LIEN VILLE-HOPITAL DURABLE ET FAVORISANT LES PARCOURS PATIENTS - S\u00e9cu Doc","isPartOf":{"@id":"https:\/\/en3s.fr\/secudoc\/#website"},"datePublished":"2023-02-21T15:10:16+00:00","dateModified":"2023-03-24T13:24:58+00:00","description":"Cette recherche-action se concentre \u00e0 la fois sur l\u2019aspect sp\u00e9cifique et transversal de leur action. Pour comprendre de quelles mani\u00e8res les CPTS tentent","breadcrumb":{"@id":"https:\/\/en3s.fr\/secudoc\/produits-documentaires\/publications-en3s\/role-des-communautes-professionnelles-territoriales-de-sante-cpts-dans-un-lien-ville-hopital-durable-et-favorisant-les-parcours-patients\/#breadcrumb"},"inLanguage":"fr-FR","potentialAction":[{"@type":"ReadAction","target":["https:\/\/en3s.fr\/secudoc\/produits-documentaires\/publications-en3s\/role-des-communautes-professionnelles-territoriales-de-sante-cpts-dans-un-lien-ville-hopital-durable-et-favorisant-les-parcours-patients\/"]}]},{"@type":"BreadcrumbList","@id":"https:\/\/en3s.fr\/secudoc\/produits-documentaires\/publications-en3s\/role-des-communautes-professionnelles-territoriales-de-sante-cpts-dans-un-lien-ville-hopital-durable-et-favorisant-les-parcours-patients\/#breadcrumb","itemListElement":[{"@type":"ListItem","position":1,"name":"Accueil","item":"https:\/\/en3s.fr\/secudoc\/"},{"@type":"ListItem","position":2,"name":"Produits documentaires","item":"https:\/\/en3s.fr\/secudoc\/produits-documentaires\/"},{"@type":"ListItem","position":3,"name":"Publications EN3S","item":"https:\/\/en3s.fr\/secudoc\/produits-documentaires\/publications-en3s\/"},{"@type":"ListItem","position":4,"name":"R\u00d4LE DES COMMUNAUT\u00c9S PROFESSIONNELLES TERRITORIALES DE SANT\u00c9 (CPTS) DANS UN LIEN VILLE-HOPITAL DURABLE ET FAVORISANT LES PARCOURS PATIENTS"}]},{"@type":"WebSite","@id":"https:\/\/en3s.fr\/secudoc\/#website","url":"https:\/\/en3s.fr\/secudoc\/","name":"S\u00e9cu Doc","description":"Centre de ressources de la S\u00e9curit\u00e9 sociale","potentialAction":[{"@type":"SearchAction","target":{"@type":"EntryPoint","urlTemplate":"https:\/\/en3s.fr\/secudoc\/?s={search_term_string}"},"query-input":{"@type":"PropertyValueSpecification","valueRequired":true,"valueName":"search_term_string"}}],"inLanguage":"fr-FR"}]}},"_links":{"self":[{"href":"https:\/\/en3s.fr\/secudoc\/wp-json\/wp\/v2\/pages\/4433","targetHints":{"allow":["GET"]}}],"collection":[{"href":"https:\/\/en3s.fr\/secudoc\/wp-json\/wp\/v2\/pages"}],"about":[{"href":"https:\/\/en3s.fr\/secudoc\/wp-json\/wp\/v2\/types\/page"}],"author":[{"embeddable":true,"href":"https:\/\/en3s.fr\/secudoc\/wp-json\/wp\/v2\/users\/42"}],"replies":[{"embeddable":true,"href":"https:\/\/en3s.fr\/secudoc\/wp-json\/wp\/v2\/comments?post=4433"}],"version-history":[{"count":0,"href":"https:\/\/en3s.fr\/secudoc\/wp-json\/wp\/v2\/pages\/4433\/revisions"}],"up":[{"embeddable":true,"href":"https:\/\/en3s.fr\/secudoc\/wp-json\/wp\/v2\/pages\/910"}],"wp:attachment":[{"href":"https:\/\/en3s.fr\/secudoc\/wp-json\/wp\/v2\/media?parent=4433"}],"curies":[{"name":"wp","href":"https:\/\/api.w.org\/{rel}","templated":true}]}}