{"id":4437,"date":"2023-02-21T16:33:11","date_gmt":"2023-02-21T15:33:11","guid":{"rendered":"https:\/\/en3s.fr\/secudoc\/?page_id=4437"},"modified":"2023-03-15T14:06:13","modified_gmt":"2023-03-15T13:06:13","slug":"conception-mise-en-oeuvre-et-evaluation-des-cpg-quelle-prise-en-compte-des-territoires","status":"publish","type":"page","link":"https:\/\/en3s.fr\/secudoc\/produits-documentaires\/publications-en3s\/conception-mise-en-oeuvre-et-evaluation-des-cpg-quelle-prise-en-compte-des-territoires\/","title":{"rendered":"CONCEPTION, MISE EN \u0152UVRE ET \u00c9VALUATION DES CPG : QUELLE PRISE EN COMPTE DES TERRITOIRES ?"},"content":{"rendered":"<blockquote><p><strong>A partir de cette probl\u00e9matique centrale, tous les param\u00e8tres du sujet seront examin\u00e9s \u00e0 l&rsquo;aune des questionnements suivants : Face \u00e0 l\u2019h\u00e9t\u00e9rog\u00e9n\u00e9it\u00e9 et des dynamiques \u00e9conomiques tr\u00e8s diff\u00e9rentes selon les territoires, quelle prise en compte plus fine des sp\u00e9cificit\u00e9s et r\u00e9alit\u00e9s des populations par les OSS du r\u00e9gime g\u00e9n\u00e9ral (\u00e0 travers les CPG) ? Comment la (n\u00e9cessaire) prise en compte des territoires dans le d\u00e9ploiement de l\u2019action des OSS doit-elle se traduire dans les CPG ? L\u2019action territorialis\u00e9e des OSS doit-elle rester un \u00e9l\u00e9ment d\u2019autonomie ou faire l\u2019objet d\u2019un encadrement voire d\u2019une contractualisation ? Dans quels domaines pourrait-on rapprocher l&rsquo;action des diff\u00e9rentes branches de la s\u00e9curit\u00e9 sociale, ainsi que les politiques de cette institution de son environnement local ?<\/strong><\/p><\/blockquote>\n<p><iframe loading=\"lazy\" title=\"RA 7 : CONCEPTION, MISE EN \u0152UVRE ET \u00c9VALUATION DES CPG : QUELLE PRISE EN COMPTE DES TERRITOIRES ?\" width=\"500\" height=\"375\" src=\"https:\/\/www.youtube.com\/embed\/MKEWsCgXOro?feature=oembed\" frameborder=\"0\" allow=\"accelerometer; autoplay; clipboard-write; encrypted-media; gyroscope; picture-in-picture; web-share\" referrerpolicy=\"strict-origin-when-cross-origin\" allowfullscreen><\/iframe><\/p>\n<p>&nbsp;<\/p>\n<p style=\"text-align: right\"><a class=\"button\" href=\"https:\/\/www.calameo.com\/read\/00431050454d03b499d65\" target=\"_blank\" rel=\"noopener\">Retrouvez l&rsquo;int\u00e9gralit\u00e9 du rapport<\/a><\/p>\n","protected":false},"excerpt":{"rendered":"<p>A partir de cette probl\u00e9matique centrale, tous les param\u00e8tres du sujet seront examin\u00e9s \u00e0 l&rsquo;aune des questionnements suivants : Face \u00e0 l\u2019h\u00e9t\u00e9rog\u00e9n\u00e9it\u00e9 et des dynamiques \u00e9conomiques tr\u00e8s diff\u00e9rentes selon les territoires, quelle prise en compte plus fine des sp\u00e9cificit\u00e9s et r\u00e9alit\u00e9s des populations par les OSS du r\u00e9gime g\u00e9n\u00e9ral (\u00e0 travers les CPG) ? Comment [&hellip;]<\/p>\n","protected":false},"author":42,"featured_media":0,"parent":910,"menu_order":0,"comment_status":"closed","ping_status":"closed","template":"","meta":{"ngg_post_thumbnail":0,"footnotes":""},"class_list":["post-4437","page","type-page","status-publish","hentry"],"yoast_head":"<!-- This site is optimized with the Yoast SEO plugin v24.9 - https:\/\/yoast.com\/wordpress\/plugins\/seo\/ -->\n<title>CONCEPTION, MISE EN \u0152UVRE ET \u00c9VALUATION DES CPG : QUELLE PRISE EN COMPTE DES TERRITOIRES ? - S\u00e9cu Doc<\/title>\n<meta name=\"description\" content=\"A partir de cette probl\u00e9matique centrale, tous les param\u00e8tres du sujet seront examin\u00e9s \u00e0 l&#039;aune des questionnements suivants : Face \u00e0 l\u2019h\u00e9t\u00e9rog\u00e9n\u00e9it\u00e9 et\" \/>\n<meta name=\"robots\" content=\"index, follow, max-snippet:-1, max-image-preview:large, max-video-preview:-1\" \/>\n<link rel=\"canonical\" href=\"https:\/\/en3s.fr\/secudoc\/produits-documentaires\/publications-en3s\/conception-mise-en-oeuvre-et-evaluation-des-cpg-quelle-prise-en-compte-des-territoires\/\" \/>\n<meta property=\"og:locale\" content=\"fr_FR\" \/>\n<meta property=\"og:type\" content=\"article\" \/>\n<meta property=\"og:title\" content=\"CONCEPTION, MISE EN \u0152UVRE ET \u00c9VALUATION DES CPG : QUELLE PRISE EN COMPTE DES TERRITOIRES ? - S\u00e9cu Doc\" \/>\n<meta property=\"og:description\" content=\"A partir de cette probl\u00e9matique centrale, tous les param\u00e8tres du sujet seront examin\u00e9s \u00e0 l&#039;aune des questionnements suivants : Face \u00e0 l\u2019h\u00e9t\u00e9rog\u00e9n\u00e9it\u00e9 et\" \/>\n<meta property=\"og:url\" content=\"https:\/\/en3s.fr\/secudoc\/produits-documentaires\/publications-en3s\/conception-mise-en-oeuvre-et-evaluation-des-cpg-quelle-prise-en-compte-des-territoires\/\" \/>\n<meta property=\"og:site_name\" content=\"S\u00e9cu Doc\" \/>\n<meta property=\"article:modified_time\" content=\"2023-03-15T13:06:13+00:00\" \/>\n<meta name=\"twitter:card\" content=\"summary_large_image\" \/>\n<meta name=\"twitter:label1\" content=\"Dur\u00e9e de lecture estim\u00e9e\" \/>\n\t<meta name=\"twitter:data1\" content=\"1 minute\" \/>\n<script type=\"application\/ld+json\" class=\"yoast-schema-graph\">{\"@context\":\"https:\/\/schema.org\",\"@graph\":[{\"@type\":\"WebPage\",\"@id\":\"https:\/\/en3s.fr\/secudoc\/produits-documentaires\/publications-en3s\/conception-mise-en-oeuvre-et-evaluation-des-cpg-quelle-prise-en-compte-des-territoires\/\",\"url\":\"https:\/\/en3s.fr\/secudoc\/produits-documentaires\/publications-en3s\/conception-mise-en-oeuvre-et-evaluation-des-cpg-quelle-prise-en-compte-des-territoires\/\",\"name\":\"CONCEPTION, MISE EN \u0152UVRE ET \u00c9VALUATION DES CPG : QUELLE PRISE EN COMPTE DES TERRITOIRES ? - S\u00e9cu Doc\",\"isPartOf\":{\"@id\":\"https:\/\/en3s.fr\/secudoc\/#website\"},\"datePublished\":\"2023-02-21T15:33:11+00:00\",\"dateModified\":\"2023-03-15T13:06:13+00:00\",\"description\":\"A partir de cette probl\u00e9matique centrale, tous les param\u00e8tres du sujet seront examin\u00e9s \u00e0 l'aune des questionnements suivants : Face \u00e0 l\u2019h\u00e9t\u00e9rog\u00e9n\u00e9it\u00e9 et\",\"breadcrumb\":{\"@id\":\"https:\/\/en3s.fr\/secudoc\/produits-documentaires\/publications-en3s\/conception-mise-en-oeuvre-et-evaluation-des-cpg-quelle-prise-en-compte-des-territoires\/#breadcrumb\"},\"inLanguage\":\"fr-FR\",\"potentialAction\":[{\"@type\":\"ReadAction\",\"target\":[\"https:\/\/en3s.fr\/secudoc\/produits-documentaires\/publications-en3s\/conception-mise-en-oeuvre-et-evaluation-des-cpg-quelle-prise-en-compte-des-territoires\/\"]}]},{\"@type\":\"BreadcrumbList\",\"@id\":\"https:\/\/en3s.fr\/secudoc\/produits-documentaires\/publications-en3s\/conception-mise-en-oeuvre-et-evaluation-des-cpg-quelle-prise-en-compte-des-territoires\/#breadcrumb\",\"itemListElement\":[{\"@type\":\"ListItem\",\"position\":1,\"name\":\"Accueil\",\"item\":\"https:\/\/en3s.fr\/secudoc\/\"},{\"@type\":\"ListItem\",\"position\":2,\"name\":\"Produits documentaires\",\"item\":\"https:\/\/en3s.fr\/secudoc\/produits-documentaires\/\"},{\"@type\":\"ListItem\",\"position\":3,\"name\":\"Publications EN3S\",\"item\":\"https:\/\/en3s.fr\/secudoc\/produits-documentaires\/publications-en3s\/\"},{\"@type\":\"ListItem\",\"position\":4,\"name\":\"CONCEPTION, MISE EN \u0152UVRE ET \u00c9VALUATION DES CPG : QUELLE PRISE EN COMPTE DES TERRITOIRES ?\"}]},{\"@type\":\"WebSite\",\"@id\":\"https:\/\/en3s.fr\/secudoc\/#website\",\"url\":\"https:\/\/en3s.fr\/secudoc\/\",\"name\":\"S\u00e9cu Doc\",\"description\":\"Centre de ressources de la S\u00e9curit\u00e9 sociale\",\"potentialAction\":[{\"@type\":\"SearchAction\",\"target\":{\"@type\":\"EntryPoint\",\"urlTemplate\":\"https:\/\/en3s.fr\/secudoc\/?s={search_term_string}\"},\"query-input\":{\"@type\":\"PropertyValueSpecification\",\"valueRequired\":true,\"valueName\":\"search_term_string\"}}],\"inLanguage\":\"fr-FR\"}]}<\/script>\n<!-- \/ Yoast SEO plugin. -->","yoast_head_json":{"title":"CONCEPTION, MISE EN \u0152UVRE ET \u00c9VALUATION DES CPG : QUELLE PRISE EN COMPTE DES TERRITOIRES ? - S\u00e9cu Doc","description":"A partir de cette probl\u00e9matique centrale, tous les param\u00e8tres du sujet seront examin\u00e9s \u00e0 l'aune des questionnements suivants : Face \u00e0 l\u2019h\u00e9t\u00e9rog\u00e9n\u00e9it\u00e9 et","robots":{"index":"index","follow":"follow","max-snippet":"max-snippet:-1","max-image-preview":"max-image-preview:large","max-video-preview":"max-video-preview:-1"},"canonical":"https:\/\/en3s.fr\/secudoc\/produits-documentaires\/publications-en3s\/conception-mise-en-oeuvre-et-evaluation-des-cpg-quelle-prise-en-compte-des-territoires\/","og_locale":"fr_FR","og_type":"article","og_title":"CONCEPTION, MISE EN \u0152UVRE ET \u00c9VALUATION DES CPG : QUELLE PRISE EN COMPTE DES TERRITOIRES ? - S\u00e9cu Doc","og_description":"A partir de cette probl\u00e9matique centrale, tous les param\u00e8tres du sujet seront examin\u00e9s \u00e0 l'aune des questionnements suivants : Face \u00e0 l\u2019h\u00e9t\u00e9rog\u00e9n\u00e9it\u00e9 et","og_url":"https:\/\/en3s.fr\/secudoc\/produits-documentaires\/publications-en3s\/conception-mise-en-oeuvre-et-evaluation-des-cpg-quelle-prise-en-compte-des-territoires\/","og_site_name":"S\u00e9cu Doc","article_modified_time":"2023-03-15T13:06:13+00:00","twitter_card":"summary_large_image","twitter_misc":{"Dur\u00e9e de lecture estim\u00e9e":"1 minute"},"schema":{"@context":"https:\/\/schema.org","@graph":[{"@type":"WebPage","@id":"https:\/\/en3s.fr\/secudoc\/produits-documentaires\/publications-en3s\/conception-mise-en-oeuvre-et-evaluation-des-cpg-quelle-prise-en-compte-des-territoires\/","url":"https:\/\/en3s.fr\/secudoc\/produits-documentaires\/publications-en3s\/conception-mise-en-oeuvre-et-evaluation-des-cpg-quelle-prise-en-compte-des-territoires\/","name":"CONCEPTION, MISE EN \u0152UVRE ET \u00c9VALUATION DES CPG : QUELLE PRISE EN COMPTE DES TERRITOIRES ? - S\u00e9cu Doc","isPartOf":{"@id":"https:\/\/en3s.fr\/secudoc\/#website"},"datePublished":"2023-02-21T15:33:11+00:00","dateModified":"2023-03-15T13:06:13+00:00","description":"A partir de cette probl\u00e9matique centrale, tous les param\u00e8tres du sujet seront examin\u00e9s \u00e0 l'aune des questionnements suivants : Face \u00e0 l\u2019h\u00e9t\u00e9rog\u00e9n\u00e9it\u00e9 et","breadcrumb":{"@id":"https:\/\/en3s.fr\/secudoc\/produits-documentaires\/publications-en3s\/conception-mise-en-oeuvre-et-evaluation-des-cpg-quelle-prise-en-compte-des-territoires\/#breadcrumb"},"inLanguage":"fr-FR","potentialAction":[{"@type":"ReadAction","target":["https:\/\/en3s.fr\/secudoc\/produits-documentaires\/publications-en3s\/conception-mise-en-oeuvre-et-evaluation-des-cpg-quelle-prise-en-compte-des-territoires\/"]}]},{"@type":"BreadcrumbList","@id":"https:\/\/en3s.fr\/secudoc\/produits-documentaires\/publications-en3s\/conception-mise-en-oeuvre-et-evaluation-des-cpg-quelle-prise-en-compte-des-territoires\/#breadcrumb","itemListElement":[{"@type":"ListItem","position":1,"name":"Accueil","item":"https:\/\/en3s.fr\/secudoc\/"},{"@type":"ListItem","position":2,"name":"Produits documentaires","item":"https:\/\/en3s.fr\/secudoc\/produits-documentaires\/"},{"@type":"ListItem","position":3,"name":"Publications EN3S","item":"https:\/\/en3s.fr\/secudoc\/produits-documentaires\/publications-en3s\/"},{"@type":"ListItem","position":4,"name":"CONCEPTION, MISE EN \u0152UVRE ET \u00c9VALUATION DES CPG : QUELLE PRISE EN COMPTE DES TERRITOIRES ?"}]},{"@type":"WebSite","@id":"https:\/\/en3s.fr\/secudoc\/#website","url":"https:\/\/en3s.fr\/secudoc\/","name":"S\u00e9cu Doc","description":"Centre de ressources de la S\u00e9curit\u00e9 sociale","potentialAction":[{"@type":"SearchAction","target":{"@type":"EntryPoint","urlTemplate":"https:\/\/en3s.fr\/secudoc\/?s={search_term_string}"},"query-input":{"@type":"PropertyValueSpecification","valueRequired":true,"valueName":"search_term_string"}}],"inLanguage":"fr-FR"}]}},"_links":{"self":[{"href":"https:\/\/en3s.fr\/secudoc\/wp-json\/wp\/v2\/pages\/4437","targetHints":{"allow":["GET"]}}],"collection":[{"href":"https:\/\/en3s.fr\/secudoc\/wp-json\/wp\/v2\/pages"}],"about":[{"href":"https:\/\/en3s.fr\/secudoc\/wp-json\/wp\/v2\/types\/page"}],"author":[{"embeddable":true,"href":"https:\/\/en3s.fr\/secudoc\/wp-json\/wp\/v2\/users\/42"}],"replies":[{"embeddable":true,"href":"https:\/\/en3s.fr\/secudoc\/wp-json\/wp\/v2\/comments?post=4437"}],"version-history":[{"count":0,"href":"https:\/\/en3s.fr\/secudoc\/wp-json\/wp\/v2\/pages\/4437\/revisions"}],"up":[{"embeddable":true,"href":"https:\/\/en3s.fr\/secudoc\/wp-json\/wp\/v2\/pages\/910"}],"wp:attachment":[{"href":"https:\/\/en3s.fr\/secudoc\/wp-json\/wp\/v2\/media?parent=4437"}],"curies":[{"name":"wp","href":"https:\/\/api.w.org\/{rel}","templated":true}]}}