{"id":4445,"date":"2023-02-21T16:41:46","date_gmt":"2023-02-21T15:41:46","guid":{"rendered":"https:\/\/en3s.fr\/secudoc\/?page_id=4445"},"modified":"2023-03-09T14:26:04","modified_gmt":"2023-03-09T13:26:04","slug":"partenaires-sociaux-quels-roles-au-travers-des-conseils-et-des-conseils-dadministration-des-organismes-de-securite-sociale","status":"publish","type":"page","link":"https:\/\/en3s.fr\/secudoc\/produits-documentaires\/publications-en3s\/partenaires-sociaux-quels-roles-au-travers-des-conseils-et-des-conseils-dadministration-des-organismes-de-securite-sociale\/","title":{"rendered":"PARTENAIRES SOCIAUX, QUELS R\u00d4LES AU TRAVERS DES CONSEILS ET DES CONSEILS D\u2019ADMINISTRATION DES ORGANISMES DE S\u00c9CURITE SOCIALE ?"},"content":{"rendered":"<blockquote><p><strong>Depuis le d\u00e9but de l\u2019ann\u00e9e 2022, le renouvellement des CA a lieu dans les organismes de s\u00e9curit\u00e9 sociale du r\u00e9gime g\u00e9n\u00e9ral. En parall\u00e8le, la n\u00e9gociation engag\u00e9e sur la modernisation du paritarisme s\u2019est conclue par la signature d\u2019un accord national interprofessionnel r\u00e9affirmant la volont\u00e9 d\u2019une d\u00e9mocratie sociale forte et ayant notamment pour objectif de faire progresser le paritarisme de gestion en am\u00e9liorant et compl\u00e9tant ses r\u00e8gles de fonctionnement, de transparence et de gestion. Dans ce cadre, il convient de s\u2019interroger sur la place des partenaires sociaux au travers des CA des organismes de s\u00e9curit\u00e9 sociale.<\/strong><\/p><\/blockquote>\n<p><iframe loading=\"lazy\" title=\"RA 5 : PARTENAIRES SOCIAUX, QUELS R\u00d4LES AU TRAVERS DES CONSEILS [...] ?\" width=\"500\" height=\"375\" src=\"https:\/\/www.youtube.com\/embed\/LUAAiwYMeJY?feature=oembed\" frameborder=\"0\" allow=\"accelerometer; autoplay; clipboard-write; encrypted-media; gyroscope; picture-in-picture; web-share\" referrerpolicy=\"strict-origin-when-cross-origin\" allowfullscreen><\/iframe><\/p>\n<p>&nbsp;<\/p>\n<p style=\"text-align: right\"><a class=\"button\" href=\"https:\/\/www.calameo.com\/read\/004310504bc5c545d872a\" target=\"_blank\" rel=\"noopener\">Retrouvez l&rsquo;int\u00e9gralit\u00e9 du rapport<\/a><\/p>\n","protected":false},"excerpt":{"rendered":"<p>Depuis le d\u00e9but de l\u2019ann\u00e9e 2022, le renouvellement des CA a lieu dans les organismes de s\u00e9curit\u00e9 sociale du r\u00e9gime g\u00e9n\u00e9ral. En parall\u00e8le, la n\u00e9gociation engag\u00e9e sur la modernisation du paritarisme s\u2019est conclue par la signature d\u2019un accord national interprofessionnel r\u00e9affirmant la volont\u00e9 d\u2019une d\u00e9mocratie sociale forte et ayant notamment pour objectif de faire progresser [&hellip;]<\/p>\n","protected":false},"author":42,"featured_media":0,"parent":910,"menu_order":0,"comment_status":"closed","ping_status":"closed","template":"","meta":{"ngg_post_thumbnail":0,"footnotes":""},"class_list":["post-4445","page","type-page","status-publish","hentry"],"yoast_head":"<!-- This site is optimized with the Yoast SEO plugin v24.9 - https:\/\/yoast.com\/wordpress\/plugins\/seo\/ -->\n<title>PARTENAIRES SOCIAUX, QUELS R\u00d4LES AU TRAVERS DES CONSEILS ET DES CONSEILS D\u2019ADMINISTRATION DES ORGANISMES DE S\u00c9CURITE SOCIALE ? - S\u00e9cu Doc<\/title>\n<meta name=\"description\" content=\"Depuis le d\u00e9but de l\u2019ann\u00e9e 2022, le renouvellement des CA a lieu dans les organismes de s\u00e9curit\u00e9 sociale du r\u00e9gime g\u00e9n\u00e9ral. En parall\u00e8le, la n\u00e9gociation\" \/>\n<meta name=\"robots\" content=\"index, follow, max-snippet:-1, max-image-preview:large, max-video-preview:-1\" \/>\n<link rel=\"canonical\" href=\"https:\/\/en3s.fr\/secudoc\/produits-documentaires\/publications-en3s\/partenaires-sociaux-quels-roles-au-travers-des-conseils-et-des-conseils-dadministration-des-organismes-de-securite-sociale\/\" \/>\n<meta property=\"og:locale\" content=\"fr_FR\" \/>\n<meta property=\"og:type\" content=\"article\" \/>\n<meta property=\"og:title\" content=\"PARTENAIRES SOCIAUX, QUELS R\u00d4LES AU TRAVERS DES CONSEILS ET DES CONSEILS D\u2019ADMINISTRATION DES ORGANISMES DE S\u00c9CURITE SOCIALE ? - S\u00e9cu Doc\" \/>\n<meta property=\"og:description\" content=\"Depuis le d\u00e9but de l\u2019ann\u00e9e 2022, le renouvellement des CA a lieu dans les organismes de s\u00e9curit\u00e9 sociale du r\u00e9gime g\u00e9n\u00e9ral. En parall\u00e8le, la n\u00e9gociation\" \/>\n<meta property=\"og:url\" content=\"https:\/\/en3s.fr\/secudoc\/produits-documentaires\/publications-en3s\/partenaires-sociaux-quels-roles-au-travers-des-conseils-et-des-conseils-dadministration-des-organismes-de-securite-sociale\/\" \/>\n<meta property=\"og:site_name\" content=\"S\u00e9cu Doc\" \/>\n<meta property=\"article:modified_time\" content=\"2023-03-09T13:26:04+00:00\" \/>\n<meta name=\"twitter:card\" content=\"summary_large_image\" \/>\n<meta name=\"twitter:label1\" content=\"Dur\u00e9e de lecture estim\u00e9e\" \/>\n\t<meta name=\"twitter:data1\" content=\"1 minute\" \/>\n<script type=\"application\/ld+json\" class=\"yoast-schema-graph\">{\"@context\":\"https:\/\/schema.org\",\"@graph\":[{\"@type\":\"WebPage\",\"@id\":\"https:\/\/en3s.fr\/secudoc\/produits-documentaires\/publications-en3s\/partenaires-sociaux-quels-roles-au-travers-des-conseils-et-des-conseils-dadministration-des-organismes-de-securite-sociale\/\",\"url\":\"https:\/\/en3s.fr\/secudoc\/produits-documentaires\/publications-en3s\/partenaires-sociaux-quels-roles-au-travers-des-conseils-et-des-conseils-dadministration-des-organismes-de-securite-sociale\/\",\"name\":\"PARTENAIRES SOCIAUX, QUELS R\u00d4LES AU TRAVERS DES CONSEILS ET DES CONSEILS D\u2019ADMINISTRATION DES ORGANISMES DE S\u00c9CURITE SOCIALE ? - S\u00e9cu Doc\",\"isPartOf\":{\"@id\":\"https:\/\/en3s.fr\/secudoc\/#website\"},\"datePublished\":\"2023-02-21T15:41:46+00:00\",\"dateModified\":\"2023-03-09T13:26:04+00:00\",\"description\":\"Depuis le d\u00e9but de l\u2019ann\u00e9e 2022, le renouvellement des CA a lieu dans les organismes de s\u00e9curit\u00e9 sociale du r\u00e9gime g\u00e9n\u00e9ral. En parall\u00e8le, la n\u00e9gociation\",\"breadcrumb\":{\"@id\":\"https:\/\/en3s.fr\/secudoc\/produits-documentaires\/publications-en3s\/partenaires-sociaux-quels-roles-au-travers-des-conseils-et-des-conseils-dadministration-des-organismes-de-securite-sociale\/#breadcrumb\"},\"inLanguage\":\"fr-FR\",\"potentialAction\":[{\"@type\":\"ReadAction\",\"target\":[\"https:\/\/en3s.fr\/secudoc\/produits-documentaires\/publications-en3s\/partenaires-sociaux-quels-roles-au-travers-des-conseils-et-des-conseils-dadministration-des-organismes-de-securite-sociale\/\"]}]},{\"@type\":\"BreadcrumbList\",\"@id\":\"https:\/\/en3s.fr\/secudoc\/produits-documentaires\/publications-en3s\/partenaires-sociaux-quels-roles-au-travers-des-conseils-et-des-conseils-dadministration-des-organismes-de-securite-sociale\/#breadcrumb\",\"itemListElement\":[{\"@type\":\"ListItem\",\"position\":1,\"name\":\"Accueil\",\"item\":\"https:\/\/en3s.fr\/secudoc\/\"},{\"@type\":\"ListItem\",\"position\":2,\"name\":\"Produits documentaires\",\"item\":\"https:\/\/en3s.fr\/secudoc\/produits-documentaires\/\"},{\"@type\":\"ListItem\",\"position\":3,\"name\":\"Publications EN3S\",\"item\":\"https:\/\/en3s.fr\/secudoc\/produits-documentaires\/publications-en3s\/\"},{\"@type\":\"ListItem\",\"position\":4,\"name\":\"PARTENAIRES SOCIAUX, QUELS R\u00d4LES AU TRAVERS DES CONSEILS ET DES CONSEILS D\u2019ADMINISTRATION DES ORGANISMES DE S\u00c9CURITE SOCIALE ?\"}]},{\"@type\":\"WebSite\",\"@id\":\"https:\/\/en3s.fr\/secudoc\/#website\",\"url\":\"https:\/\/en3s.fr\/secudoc\/\",\"name\":\"S\u00e9cu Doc\",\"description\":\"Centre de ressources de la S\u00e9curit\u00e9 sociale\",\"potentialAction\":[{\"@type\":\"SearchAction\",\"target\":{\"@type\":\"EntryPoint\",\"urlTemplate\":\"https:\/\/en3s.fr\/secudoc\/?s={search_term_string}\"},\"query-input\":{\"@type\":\"PropertyValueSpecification\",\"valueRequired\":true,\"valueName\":\"search_term_string\"}}],\"inLanguage\":\"fr-FR\"}]}<\/script>\n<!-- \/ Yoast SEO plugin. -->","yoast_head_json":{"title":"PARTENAIRES SOCIAUX, QUELS R\u00d4LES AU TRAVERS DES CONSEILS ET DES CONSEILS D\u2019ADMINISTRATION DES ORGANISMES DE S\u00c9CURITE SOCIALE ? - S\u00e9cu Doc","description":"Depuis le d\u00e9but de l\u2019ann\u00e9e 2022, le renouvellement des CA a lieu dans les organismes de s\u00e9curit\u00e9 sociale du r\u00e9gime g\u00e9n\u00e9ral. En parall\u00e8le, la n\u00e9gociation","robots":{"index":"index","follow":"follow","max-snippet":"max-snippet:-1","max-image-preview":"max-image-preview:large","max-video-preview":"max-video-preview:-1"},"canonical":"https:\/\/en3s.fr\/secudoc\/produits-documentaires\/publications-en3s\/partenaires-sociaux-quels-roles-au-travers-des-conseils-et-des-conseils-dadministration-des-organismes-de-securite-sociale\/","og_locale":"fr_FR","og_type":"article","og_title":"PARTENAIRES SOCIAUX, QUELS R\u00d4LES AU TRAVERS DES CONSEILS ET DES CONSEILS D\u2019ADMINISTRATION DES ORGANISMES DE S\u00c9CURITE SOCIALE ? - S\u00e9cu Doc","og_description":"Depuis le d\u00e9but de l\u2019ann\u00e9e 2022, le renouvellement des CA a lieu dans les organismes de s\u00e9curit\u00e9 sociale du r\u00e9gime g\u00e9n\u00e9ral. En parall\u00e8le, la n\u00e9gociation","og_url":"https:\/\/en3s.fr\/secudoc\/produits-documentaires\/publications-en3s\/partenaires-sociaux-quels-roles-au-travers-des-conseils-et-des-conseils-dadministration-des-organismes-de-securite-sociale\/","og_site_name":"S\u00e9cu Doc","article_modified_time":"2023-03-09T13:26:04+00:00","twitter_card":"summary_large_image","twitter_misc":{"Dur\u00e9e de lecture estim\u00e9e":"1 minute"},"schema":{"@context":"https:\/\/schema.org","@graph":[{"@type":"WebPage","@id":"https:\/\/en3s.fr\/secudoc\/produits-documentaires\/publications-en3s\/partenaires-sociaux-quels-roles-au-travers-des-conseils-et-des-conseils-dadministration-des-organismes-de-securite-sociale\/","url":"https:\/\/en3s.fr\/secudoc\/produits-documentaires\/publications-en3s\/partenaires-sociaux-quels-roles-au-travers-des-conseils-et-des-conseils-dadministration-des-organismes-de-securite-sociale\/","name":"PARTENAIRES SOCIAUX, QUELS R\u00d4LES AU TRAVERS DES CONSEILS ET DES CONSEILS D\u2019ADMINISTRATION DES ORGANISMES DE S\u00c9CURITE SOCIALE ? - S\u00e9cu Doc","isPartOf":{"@id":"https:\/\/en3s.fr\/secudoc\/#website"},"datePublished":"2023-02-21T15:41:46+00:00","dateModified":"2023-03-09T13:26:04+00:00","description":"Depuis le d\u00e9but de l\u2019ann\u00e9e 2022, le renouvellement des CA a lieu dans les organismes de s\u00e9curit\u00e9 sociale du r\u00e9gime g\u00e9n\u00e9ral. En parall\u00e8le, la n\u00e9gociation","breadcrumb":{"@id":"https:\/\/en3s.fr\/secudoc\/produits-documentaires\/publications-en3s\/partenaires-sociaux-quels-roles-au-travers-des-conseils-et-des-conseils-dadministration-des-organismes-de-securite-sociale\/#breadcrumb"},"inLanguage":"fr-FR","potentialAction":[{"@type":"ReadAction","target":["https:\/\/en3s.fr\/secudoc\/produits-documentaires\/publications-en3s\/partenaires-sociaux-quels-roles-au-travers-des-conseils-et-des-conseils-dadministration-des-organismes-de-securite-sociale\/"]}]},{"@type":"BreadcrumbList","@id":"https:\/\/en3s.fr\/secudoc\/produits-documentaires\/publications-en3s\/partenaires-sociaux-quels-roles-au-travers-des-conseils-et-des-conseils-dadministration-des-organismes-de-securite-sociale\/#breadcrumb","itemListElement":[{"@type":"ListItem","position":1,"name":"Accueil","item":"https:\/\/en3s.fr\/secudoc\/"},{"@type":"ListItem","position":2,"name":"Produits documentaires","item":"https:\/\/en3s.fr\/secudoc\/produits-documentaires\/"},{"@type":"ListItem","position":3,"name":"Publications EN3S","item":"https:\/\/en3s.fr\/secudoc\/produits-documentaires\/publications-en3s\/"},{"@type":"ListItem","position":4,"name":"PARTENAIRES SOCIAUX, QUELS R\u00d4LES AU TRAVERS DES CONSEILS ET DES CONSEILS D\u2019ADMINISTRATION DES ORGANISMES DE S\u00c9CURITE SOCIALE ?"}]},{"@type":"WebSite","@id":"https:\/\/en3s.fr\/secudoc\/#website","url":"https:\/\/en3s.fr\/secudoc\/","name":"S\u00e9cu Doc","description":"Centre de ressources de la S\u00e9curit\u00e9 sociale","potentialAction":[{"@type":"SearchAction","target":{"@type":"EntryPoint","urlTemplate":"https:\/\/en3s.fr\/secudoc\/?s={search_term_string}"},"query-input":{"@type":"PropertyValueSpecification","valueRequired":true,"valueName":"search_term_string"}}],"inLanguage":"fr-FR"}]}},"_links":{"self":[{"href":"https:\/\/en3s.fr\/secudoc\/wp-json\/wp\/v2\/pages\/4445","targetHints":{"allow":["GET"]}}],"collection":[{"href":"https:\/\/en3s.fr\/secudoc\/wp-json\/wp\/v2\/pages"}],"about":[{"href":"https:\/\/en3s.fr\/secudoc\/wp-json\/wp\/v2\/types\/page"}],"author":[{"embeddable":true,"href":"https:\/\/en3s.fr\/secudoc\/wp-json\/wp\/v2\/users\/42"}],"replies":[{"embeddable":true,"href":"https:\/\/en3s.fr\/secudoc\/wp-json\/wp\/v2\/comments?post=4445"}],"version-history":[{"count":0,"href":"https:\/\/en3s.fr\/secudoc\/wp-json\/wp\/v2\/pages\/4445\/revisions"}],"up":[{"embeddable":true,"href":"https:\/\/en3s.fr\/secudoc\/wp-json\/wp\/v2\/pages\/910"}],"wp:attachment":[{"href":"https:\/\/en3s.fr\/secudoc\/wp-json\/wp\/v2\/media?parent=4445"}],"curies":[{"name":"wp","href":"https:\/\/api.w.org\/{rel}","templated":true}]}}