{"id":4449,"date":"2023-02-21T16:48:03","date_gmt":"2023-02-21T15:48:03","guid":{"rendered":"https:\/\/en3s.fr\/secudoc\/?page_id=4449"},"modified":"2023-03-03T11:27:09","modified_gmt":"2023-03-03T10:27:09","slug":"baisse-de-la-natalite-constats-analyse-et-perspectives-quelles-incidences-pour-les-politiques-familiales","status":"publish","type":"page","link":"https:\/\/en3s.fr\/secudoc\/produits-documentaires\/publications-en3s\/baisse-de-la-natalite-constats-analyse-et-perspectives-quelles-incidences-pour-les-politiques-familiales\/","title":{"rendered":"BAISSE DE LA NATALIT\u00c9 : CONSTATS, ANALYSE ET PERSPECTIVES, QUELLES INCIDENCES POUR LES POLITIQUES FAMILIALES ?"},"content":{"rendered":"<blockquote><p><strong>\u00ab Le seul mal qui puisse menacer une soci\u00e9t\u00e9, c\u2019est la vieillesse ; il n\u2019y a qu\u2019une seule carte \u00e0 jouer : celle de la jeunesse \u00bb ; c\u2019est par ces mots qu\u2019Alfred Sauvy alertait dans les ann\u00e9es 1980 sur les effets \u00e0 venir d\u2019une dynamique incontr\u00f4l\u00e9e du vieillissement de la population. Le d\u00e9mographe et \u00e9conomiste fran\u00e7ais avait tr\u00e8s t\u00f4t per\u00e7u les effets dangereux d\u2019une baisse de la natalit\u00e9 : fragilisation du mod\u00e8le social, mise en danger de la libert\u00e9 de la France et atteinte au bonheur de ses habitants.<\/strong><\/p><\/blockquote>\n<p><iframe loading=\"lazy\" title=\"RA 4 : BAISSE DE LA NATALIT\u00c9 - CONSTATS, ANALYSE ET PERSPECTIVES [...]\" width=\"500\" height=\"375\" src=\"https:\/\/www.youtube.com\/embed\/OWVvCIBsw9o?feature=oembed\" frameborder=\"0\" allow=\"accelerometer; autoplay; clipboard-write; encrypted-media; gyroscope; picture-in-picture; web-share\" referrerpolicy=\"strict-origin-when-cross-origin\" allowfullscreen><\/iframe><\/p>\n<p style=\"text-align: right\"><a class=\"button\" href=\"https:\/\/www.calameo.com\/read\/004310504a9e275de51d1\" target=\"_blank\" rel=\"noopener\">Retrouvez l&rsquo;int\u00e9gralit\u00e9 du rapport<\/a><\/p>\n","protected":false},"excerpt":{"rendered":"<p>\u00ab Le seul mal qui puisse menacer une soci\u00e9t\u00e9, c\u2019est la vieillesse ; il n\u2019y a qu\u2019une seule carte \u00e0 jouer : celle de la jeunesse \u00bb ; c\u2019est par ces mots qu\u2019Alfred Sauvy alertait dans les ann\u00e9es 1980 sur les effets \u00e0 venir d\u2019une dynamique incontr\u00f4l\u00e9e du vieillissement de la population. Le d\u00e9mographe et [&hellip;]<\/p>\n","protected":false},"author":42,"featured_media":0,"parent":910,"menu_order":0,"comment_status":"closed","ping_status":"closed","template":"","meta":{"ngg_post_thumbnail":0,"footnotes":""},"class_list":["post-4449","page","type-page","status-publish","hentry"],"yoast_head":"<!-- This site is optimized with the Yoast SEO plugin v24.9 - https:\/\/yoast.com\/wordpress\/plugins\/seo\/ -->\n<title>BAISSE DE LA NATALIT\u00c9 : CONSTATS, ANALYSE ET PERSPECTIVES, QUELLES INCIDENCES POUR LES POLITIQUES FAMILIALES ? - S\u00e9cu Doc<\/title>\n<meta name=\"description\" content=\"\u00ab Le seul mal qui puisse menacer une soci\u00e9t\u00e9, c\u2019est la vieillesse ; il n\u2019y a qu\u2019une seule carte \u00e0 jouer : celle de la jeunesse \u00bb ; c\u2019est par ces mots\" \/>\n<meta name=\"robots\" content=\"index, follow, max-snippet:-1, max-image-preview:large, max-video-preview:-1\" \/>\n<link rel=\"canonical\" href=\"https:\/\/en3s.fr\/secudoc\/produits-documentaires\/publications-en3s\/baisse-de-la-natalite-constats-analyse-et-perspectives-quelles-incidences-pour-les-politiques-familiales\/\" \/>\n<meta property=\"og:locale\" content=\"fr_FR\" \/>\n<meta property=\"og:type\" content=\"article\" \/>\n<meta property=\"og:title\" content=\"BAISSE DE LA NATALIT\u00c9 : CONSTATS, ANALYSE ET PERSPECTIVES, QUELLES INCIDENCES POUR LES POLITIQUES FAMILIALES ? - S\u00e9cu Doc\" \/>\n<meta property=\"og:description\" content=\"\u00ab Le seul mal qui puisse menacer une soci\u00e9t\u00e9, c\u2019est la vieillesse ; il n\u2019y a qu\u2019une seule carte \u00e0 jouer : celle de la jeunesse \u00bb ; c\u2019est par ces mots\" \/>\n<meta property=\"og:url\" content=\"https:\/\/en3s.fr\/secudoc\/produits-documentaires\/publications-en3s\/baisse-de-la-natalite-constats-analyse-et-perspectives-quelles-incidences-pour-les-politiques-familiales\/\" \/>\n<meta property=\"og:site_name\" content=\"S\u00e9cu Doc\" \/>\n<meta property=\"article:modified_time\" content=\"2023-03-03T10:27:09+00:00\" \/>\n<meta name=\"twitter:card\" content=\"summary_large_image\" \/>\n<meta name=\"twitter:label1\" content=\"Dur\u00e9e de lecture estim\u00e9e\" \/>\n\t<meta name=\"twitter:data1\" content=\"1 minute\" \/>\n<script type=\"application\/ld+json\" class=\"yoast-schema-graph\">{\"@context\":\"https:\/\/schema.org\",\"@graph\":[{\"@type\":\"WebPage\",\"@id\":\"https:\/\/en3s.fr\/secudoc\/produits-documentaires\/publications-en3s\/baisse-de-la-natalite-constats-analyse-et-perspectives-quelles-incidences-pour-les-politiques-familiales\/\",\"url\":\"https:\/\/en3s.fr\/secudoc\/produits-documentaires\/publications-en3s\/baisse-de-la-natalite-constats-analyse-et-perspectives-quelles-incidences-pour-les-politiques-familiales\/\",\"name\":\"BAISSE DE LA NATALIT\u00c9 : CONSTATS, ANALYSE ET PERSPECTIVES, QUELLES INCIDENCES POUR LES POLITIQUES FAMILIALES ? - S\u00e9cu Doc\",\"isPartOf\":{\"@id\":\"https:\/\/en3s.fr\/secudoc\/#website\"},\"datePublished\":\"2023-02-21T15:48:03+00:00\",\"dateModified\":\"2023-03-03T10:27:09+00:00\",\"description\":\"\u00ab Le seul mal qui puisse menacer une soci\u00e9t\u00e9, c\u2019est la vieillesse ; il n\u2019y a qu\u2019une seule carte \u00e0 jouer : celle de la jeunesse \u00bb ; c\u2019est par ces mots\",\"breadcrumb\":{\"@id\":\"https:\/\/en3s.fr\/secudoc\/produits-documentaires\/publications-en3s\/baisse-de-la-natalite-constats-analyse-et-perspectives-quelles-incidences-pour-les-politiques-familiales\/#breadcrumb\"},\"inLanguage\":\"fr-FR\",\"potentialAction\":[{\"@type\":\"ReadAction\",\"target\":[\"https:\/\/en3s.fr\/secudoc\/produits-documentaires\/publications-en3s\/baisse-de-la-natalite-constats-analyse-et-perspectives-quelles-incidences-pour-les-politiques-familiales\/\"]}]},{\"@type\":\"BreadcrumbList\",\"@id\":\"https:\/\/en3s.fr\/secudoc\/produits-documentaires\/publications-en3s\/baisse-de-la-natalite-constats-analyse-et-perspectives-quelles-incidences-pour-les-politiques-familiales\/#breadcrumb\",\"itemListElement\":[{\"@type\":\"ListItem\",\"position\":1,\"name\":\"Accueil\",\"item\":\"https:\/\/en3s.fr\/secudoc\/\"},{\"@type\":\"ListItem\",\"position\":2,\"name\":\"Produits documentaires\",\"item\":\"https:\/\/en3s.fr\/secudoc\/produits-documentaires\/\"},{\"@type\":\"ListItem\",\"position\":3,\"name\":\"Publications EN3S\",\"item\":\"https:\/\/en3s.fr\/secudoc\/produits-documentaires\/publications-en3s\/\"},{\"@type\":\"ListItem\",\"position\":4,\"name\":\"BAISSE DE LA NATALIT\u00c9 : CONSTATS, ANALYSE ET PERSPECTIVES, QUELLES INCIDENCES POUR LES POLITIQUES FAMILIALES ?\"}]},{\"@type\":\"WebSite\",\"@id\":\"https:\/\/en3s.fr\/secudoc\/#website\",\"url\":\"https:\/\/en3s.fr\/secudoc\/\",\"name\":\"S\u00e9cu Doc\",\"description\":\"Centre de ressources de la S\u00e9curit\u00e9 sociale\",\"potentialAction\":[{\"@type\":\"SearchAction\",\"target\":{\"@type\":\"EntryPoint\",\"urlTemplate\":\"https:\/\/en3s.fr\/secudoc\/?s={search_term_string}\"},\"query-input\":{\"@type\":\"PropertyValueSpecification\",\"valueRequired\":true,\"valueName\":\"search_term_string\"}}],\"inLanguage\":\"fr-FR\"}]}<\/script>\n<!-- \/ Yoast SEO plugin. -->","yoast_head_json":{"title":"BAISSE DE LA NATALIT\u00c9 : CONSTATS, ANALYSE ET PERSPECTIVES, QUELLES INCIDENCES POUR LES POLITIQUES FAMILIALES ? - S\u00e9cu Doc","description":"\u00ab Le seul mal qui puisse menacer une soci\u00e9t\u00e9, c\u2019est la vieillesse ; il n\u2019y a qu\u2019une seule carte \u00e0 jouer : celle de la jeunesse \u00bb ; c\u2019est par ces mots","robots":{"index":"index","follow":"follow","max-snippet":"max-snippet:-1","max-image-preview":"max-image-preview:large","max-video-preview":"max-video-preview:-1"},"canonical":"https:\/\/en3s.fr\/secudoc\/produits-documentaires\/publications-en3s\/baisse-de-la-natalite-constats-analyse-et-perspectives-quelles-incidences-pour-les-politiques-familiales\/","og_locale":"fr_FR","og_type":"article","og_title":"BAISSE DE LA NATALIT\u00c9 : CONSTATS, ANALYSE ET PERSPECTIVES, QUELLES INCIDENCES POUR LES POLITIQUES FAMILIALES ? - S\u00e9cu Doc","og_description":"\u00ab Le seul mal qui puisse menacer une soci\u00e9t\u00e9, c\u2019est la vieillesse ; il n\u2019y a qu\u2019une seule carte \u00e0 jouer : celle de la jeunesse \u00bb ; c\u2019est par ces mots","og_url":"https:\/\/en3s.fr\/secudoc\/produits-documentaires\/publications-en3s\/baisse-de-la-natalite-constats-analyse-et-perspectives-quelles-incidences-pour-les-politiques-familiales\/","og_site_name":"S\u00e9cu Doc","article_modified_time":"2023-03-03T10:27:09+00:00","twitter_card":"summary_large_image","twitter_misc":{"Dur\u00e9e de lecture estim\u00e9e":"1 minute"},"schema":{"@context":"https:\/\/schema.org","@graph":[{"@type":"WebPage","@id":"https:\/\/en3s.fr\/secudoc\/produits-documentaires\/publications-en3s\/baisse-de-la-natalite-constats-analyse-et-perspectives-quelles-incidences-pour-les-politiques-familiales\/","url":"https:\/\/en3s.fr\/secudoc\/produits-documentaires\/publications-en3s\/baisse-de-la-natalite-constats-analyse-et-perspectives-quelles-incidences-pour-les-politiques-familiales\/","name":"BAISSE DE LA NATALIT\u00c9 : CONSTATS, ANALYSE ET PERSPECTIVES, QUELLES INCIDENCES POUR LES POLITIQUES FAMILIALES ? - S\u00e9cu Doc","isPartOf":{"@id":"https:\/\/en3s.fr\/secudoc\/#website"},"datePublished":"2023-02-21T15:48:03+00:00","dateModified":"2023-03-03T10:27:09+00:00","description":"\u00ab Le seul mal qui puisse menacer une soci\u00e9t\u00e9, c\u2019est la vieillesse ; il n\u2019y a qu\u2019une seule carte \u00e0 jouer : celle de la jeunesse \u00bb ; c\u2019est par ces mots","breadcrumb":{"@id":"https:\/\/en3s.fr\/secudoc\/produits-documentaires\/publications-en3s\/baisse-de-la-natalite-constats-analyse-et-perspectives-quelles-incidences-pour-les-politiques-familiales\/#breadcrumb"},"inLanguage":"fr-FR","potentialAction":[{"@type":"ReadAction","target":["https:\/\/en3s.fr\/secudoc\/produits-documentaires\/publications-en3s\/baisse-de-la-natalite-constats-analyse-et-perspectives-quelles-incidences-pour-les-politiques-familiales\/"]}]},{"@type":"BreadcrumbList","@id":"https:\/\/en3s.fr\/secudoc\/produits-documentaires\/publications-en3s\/baisse-de-la-natalite-constats-analyse-et-perspectives-quelles-incidences-pour-les-politiques-familiales\/#breadcrumb","itemListElement":[{"@type":"ListItem","position":1,"name":"Accueil","item":"https:\/\/en3s.fr\/secudoc\/"},{"@type":"ListItem","position":2,"name":"Produits documentaires","item":"https:\/\/en3s.fr\/secudoc\/produits-documentaires\/"},{"@type":"ListItem","position":3,"name":"Publications EN3S","item":"https:\/\/en3s.fr\/secudoc\/produits-documentaires\/publications-en3s\/"},{"@type":"ListItem","position":4,"name":"BAISSE DE LA NATALIT\u00c9 : CONSTATS, ANALYSE ET PERSPECTIVES, QUELLES INCIDENCES POUR LES POLITIQUES FAMILIALES ?"}]},{"@type":"WebSite","@id":"https:\/\/en3s.fr\/secudoc\/#website","url":"https:\/\/en3s.fr\/secudoc\/","name":"S\u00e9cu Doc","description":"Centre de ressources de la S\u00e9curit\u00e9 sociale","potentialAction":[{"@type":"SearchAction","target":{"@type":"EntryPoint","urlTemplate":"https:\/\/en3s.fr\/secudoc\/?s={search_term_string}"},"query-input":{"@type":"PropertyValueSpecification","valueRequired":true,"valueName":"search_term_string"}}],"inLanguage":"fr-FR"}]}},"_links":{"self":[{"href":"https:\/\/en3s.fr\/secudoc\/wp-json\/wp\/v2\/pages\/4449","targetHints":{"allow":["GET"]}}],"collection":[{"href":"https:\/\/en3s.fr\/secudoc\/wp-json\/wp\/v2\/pages"}],"about":[{"href":"https:\/\/en3s.fr\/secudoc\/wp-json\/wp\/v2\/types\/page"}],"author":[{"embeddable":true,"href":"https:\/\/en3s.fr\/secudoc\/wp-json\/wp\/v2\/users\/42"}],"replies":[{"embeddable":true,"href":"https:\/\/en3s.fr\/secudoc\/wp-json\/wp\/v2\/comments?post=4449"}],"version-history":[{"count":0,"href":"https:\/\/en3s.fr\/secudoc\/wp-json\/wp\/v2\/pages\/4449\/revisions"}],"up":[{"embeddable":true,"href":"https:\/\/en3s.fr\/secudoc\/wp-json\/wp\/v2\/pages\/910"}],"wp:attachment":[{"href":"https:\/\/en3s.fr\/secudoc\/wp-json\/wp\/v2\/media?parent=4449"}],"curies":[{"name":"wp","href":"https:\/\/api.w.org\/{rel}","templated":true}]}}