{"id":4574,"date":"2024-02-16T16:14:11","date_gmt":"2024-02-16T15:14:11","guid":{"rendered":"https:\/\/en3s.fr\/secudoc\/?page_id=4574"},"modified":"2024-02-16T16:18:35","modified_gmt":"2024-02-16T15:18:35","slug":"la-simplification-des-demarches-relatives-a-la-complementaire-sante-solidaire","status":"publish","type":"page","link":"https:\/\/en3s.fr\/secudoc\/produits-documentaires\/publications-en3s\/la-simplification-des-demarches-relatives-a-la-complementaire-sante-solidaire\/","title":{"rendered":"La simplification des d\u00e9marches relatives \u00e0 la compl\u00e9mentaire sant\u00e9 solidaires"},"content":{"rendered":"<blockquote><p><strong>Mise en oeuvre en 2019, la compl\u00e9mentaire sant\u00e9 solidaire (C2S) vise \u00e0 faciliter l\u2019acc\u00e8s des plus modestes \u00e0 une compl\u00e9mentaire sant\u00e9. Cet objectif n\u2019est pas pleinement atteint aujourd\u2019hui, puisque pr\u00e8s d\u2019une personne \u00e9ligible \u00e0 la C2S sur deux n&rsquo;a pas recours au dispositif.<\/strong><\/p><\/blockquote>\n<p><iframe loading=\"lazy\" title=\"LA SIMPLIFICATION DES D\u00c9MARCHES RELATIVES A LA COMPL\u00c9MENTAIRE SANT\u00c9 SOLIDAIRE [...]\" width=\"500\" height=\"375\" src=\"https:\/\/www.youtube.com\/embed\/NW7D0JW4QmI?feature=oembed\" frameborder=\"0\" allow=\"accelerometer; autoplay; clipboard-write; encrypted-media; gyroscope; picture-in-picture; web-share\" referrerpolicy=\"strict-origin-when-cross-origin\" allowfullscreen><\/iframe><\/p>\n<p>&nbsp;<\/p>\n<p style=\"text-align: right\"><a class=\"button\" href=\"https:\/\/www.calameo.com\/read\/004310504d06e1180e403\" target=\"_blank\" rel=\"noopener\">Retrouvez l&rsquo;int\u00e9gralit\u00e9 du rapport<\/a><\/p>\n","protected":false},"excerpt":{"rendered":"<p>Mise en oeuvre en 2019, la compl\u00e9mentaire sant\u00e9 solidaire (C2S) vise \u00e0 faciliter l\u2019acc\u00e8s des plus modestes \u00e0 une compl\u00e9mentaire sant\u00e9. Cet objectif n\u2019est pas pleinement atteint aujourd\u2019hui, puisque pr\u00e8s d\u2019une personne \u00e9ligible \u00e0 la C2S sur deux n&rsquo;a pas recours au dispositif. &nbsp; Retrouvez l&rsquo;int\u00e9gralit\u00e9 du rapport<\/p>\n","protected":false},"author":42,"featured_media":0,"parent":910,"menu_order":0,"comment_status":"closed","ping_status":"closed","template":"","meta":{"ngg_post_thumbnail":0,"footnotes":""},"class_list":["post-4574","page","type-page","status-publish","hentry"],"yoast_head":"<!-- This site is optimized with the Yoast SEO plugin v24.9 - https:\/\/yoast.com\/wordpress\/plugins\/seo\/ -->\n<title>La simplification des d\u00e9marches relatives \u00e0 la compl\u00e9mentaire sant\u00e9 solidaires - S\u00e9cu Doc<\/title>\n<meta name=\"description\" content=\"Mise en oeuvre en 2019, la compl\u00e9mentaire sant\u00e9 solidaire (C2S) vise \u00e0 faciliter l\u2019acc\u00e8s des plus modestes \u00e0 une compl\u00e9mentaire sant\u00e9. Cet objectif n\u2019est\" \/>\n<meta name=\"robots\" content=\"index, follow, max-snippet:-1, max-image-preview:large, max-video-preview:-1\" \/>\n<link rel=\"canonical\" href=\"https:\/\/en3s.fr\/secudoc\/produits-documentaires\/publications-en3s\/la-simplification-des-demarches-relatives-a-la-complementaire-sante-solidaire\/\" \/>\n<meta property=\"og:locale\" content=\"fr_FR\" \/>\n<meta property=\"og:type\" content=\"article\" \/>\n<meta property=\"og:title\" content=\"La simplification des d\u00e9marches relatives \u00e0 la compl\u00e9mentaire sant\u00e9 solidaires - S\u00e9cu Doc\" \/>\n<meta property=\"og:description\" content=\"Mise en oeuvre en 2019, la compl\u00e9mentaire sant\u00e9 solidaire (C2S) vise \u00e0 faciliter l\u2019acc\u00e8s des plus modestes \u00e0 une compl\u00e9mentaire sant\u00e9. Cet objectif n\u2019est\" \/>\n<meta property=\"og:url\" content=\"https:\/\/en3s.fr\/secudoc\/produits-documentaires\/publications-en3s\/la-simplification-des-demarches-relatives-a-la-complementaire-sante-solidaire\/\" \/>\n<meta property=\"og:site_name\" content=\"S\u00e9cu Doc\" \/>\n<meta property=\"article:modified_time\" content=\"2024-02-16T15:18:35+00:00\" \/>\n<meta name=\"twitter:card\" content=\"summary_large_image\" \/>\n<meta name=\"twitter:label1\" content=\"Dur\u00e9e de lecture estim\u00e9e\" \/>\n\t<meta name=\"twitter:data1\" content=\"1 minute\" \/>\n<script type=\"application\/ld+json\" class=\"yoast-schema-graph\">{\"@context\":\"https:\/\/schema.org\",\"@graph\":[{\"@type\":\"WebPage\",\"@id\":\"https:\/\/en3s.fr\/secudoc\/produits-documentaires\/publications-en3s\/la-simplification-des-demarches-relatives-a-la-complementaire-sante-solidaire\/\",\"url\":\"https:\/\/en3s.fr\/secudoc\/produits-documentaires\/publications-en3s\/la-simplification-des-demarches-relatives-a-la-complementaire-sante-solidaire\/\",\"name\":\"La simplification des d\u00e9marches relatives \u00e0 la compl\u00e9mentaire sant\u00e9 solidaires - S\u00e9cu Doc\",\"isPartOf\":{\"@id\":\"https:\/\/en3s.fr\/secudoc\/#website\"},\"datePublished\":\"2024-02-16T15:14:11+00:00\",\"dateModified\":\"2024-02-16T15:18:35+00:00\",\"description\":\"Mise en oeuvre en 2019, la compl\u00e9mentaire sant\u00e9 solidaire (C2S) vise \u00e0 faciliter l\u2019acc\u00e8s des plus modestes \u00e0 une compl\u00e9mentaire sant\u00e9. Cet objectif n\u2019est\",\"breadcrumb\":{\"@id\":\"https:\/\/en3s.fr\/secudoc\/produits-documentaires\/publications-en3s\/la-simplification-des-demarches-relatives-a-la-complementaire-sante-solidaire\/#breadcrumb\"},\"inLanguage\":\"fr-FR\",\"potentialAction\":[{\"@type\":\"ReadAction\",\"target\":[\"https:\/\/en3s.fr\/secudoc\/produits-documentaires\/publications-en3s\/la-simplification-des-demarches-relatives-a-la-complementaire-sante-solidaire\/\"]}]},{\"@type\":\"BreadcrumbList\",\"@id\":\"https:\/\/en3s.fr\/secudoc\/produits-documentaires\/publications-en3s\/la-simplification-des-demarches-relatives-a-la-complementaire-sante-solidaire\/#breadcrumb\",\"itemListElement\":[{\"@type\":\"ListItem\",\"position\":1,\"name\":\"Accueil\",\"item\":\"https:\/\/en3s.fr\/secudoc\/\"},{\"@type\":\"ListItem\",\"position\":2,\"name\":\"Produits documentaires\",\"item\":\"https:\/\/en3s.fr\/secudoc\/produits-documentaires\/\"},{\"@type\":\"ListItem\",\"position\":3,\"name\":\"Publications EN3S\",\"item\":\"https:\/\/en3s.fr\/secudoc\/produits-documentaires\/publications-en3s\/\"},{\"@type\":\"ListItem\",\"position\":4,\"name\":\"La simplification des d\u00e9marches relatives \u00e0 la compl\u00e9mentaire sant\u00e9 solidaires\"}]},{\"@type\":\"WebSite\",\"@id\":\"https:\/\/en3s.fr\/secudoc\/#website\",\"url\":\"https:\/\/en3s.fr\/secudoc\/\",\"name\":\"S\u00e9cu Doc\",\"description\":\"Centre de ressources de la S\u00e9curit\u00e9 sociale\",\"potentialAction\":[{\"@type\":\"SearchAction\",\"target\":{\"@type\":\"EntryPoint\",\"urlTemplate\":\"https:\/\/en3s.fr\/secudoc\/?s={search_term_string}\"},\"query-input\":{\"@type\":\"PropertyValueSpecification\",\"valueRequired\":true,\"valueName\":\"search_term_string\"}}],\"inLanguage\":\"fr-FR\"}]}<\/script>\n<!-- \/ Yoast SEO plugin. -->","yoast_head_json":{"title":"La simplification des d\u00e9marches relatives \u00e0 la compl\u00e9mentaire sant\u00e9 solidaires - S\u00e9cu Doc","description":"Mise en oeuvre en 2019, la compl\u00e9mentaire sant\u00e9 solidaire (C2S) vise \u00e0 faciliter l\u2019acc\u00e8s des plus modestes \u00e0 une compl\u00e9mentaire sant\u00e9. Cet objectif n\u2019est","robots":{"index":"index","follow":"follow","max-snippet":"max-snippet:-1","max-image-preview":"max-image-preview:large","max-video-preview":"max-video-preview:-1"},"canonical":"https:\/\/en3s.fr\/secudoc\/produits-documentaires\/publications-en3s\/la-simplification-des-demarches-relatives-a-la-complementaire-sante-solidaire\/","og_locale":"fr_FR","og_type":"article","og_title":"La simplification des d\u00e9marches relatives \u00e0 la compl\u00e9mentaire sant\u00e9 solidaires - S\u00e9cu Doc","og_description":"Mise en oeuvre en 2019, la compl\u00e9mentaire sant\u00e9 solidaire (C2S) vise \u00e0 faciliter l\u2019acc\u00e8s des plus modestes \u00e0 une compl\u00e9mentaire sant\u00e9. Cet objectif n\u2019est","og_url":"https:\/\/en3s.fr\/secudoc\/produits-documentaires\/publications-en3s\/la-simplification-des-demarches-relatives-a-la-complementaire-sante-solidaire\/","og_site_name":"S\u00e9cu Doc","article_modified_time":"2024-02-16T15:18:35+00:00","twitter_card":"summary_large_image","twitter_misc":{"Dur\u00e9e de lecture estim\u00e9e":"1 minute"},"schema":{"@context":"https:\/\/schema.org","@graph":[{"@type":"WebPage","@id":"https:\/\/en3s.fr\/secudoc\/produits-documentaires\/publications-en3s\/la-simplification-des-demarches-relatives-a-la-complementaire-sante-solidaire\/","url":"https:\/\/en3s.fr\/secudoc\/produits-documentaires\/publications-en3s\/la-simplification-des-demarches-relatives-a-la-complementaire-sante-solidaire\/","name":"La simplification des d\u00e9marches relatives \u00e0 la compl\u00e9mentaire sant\u00e9 solidaires - S\u00e9cu Doc","isPartOf":{"@id":"https:\/\/en3s.fr\/secudoc\/#website"},"datePublished":"2024-02-16T15:14:11+00:00","dateModified":"2024-02-16T15:18:35+00:00","description":"Mise en oeuvre en 2019, la compl\u00e9mentaire sant\u00e9 solidaire (C2S) vise \u00e0 faciliter l\u2019acc\u00e8s des plus modestes \u00e0 une compl\u00e9mentaire sant\u00e9. Cet objectif n\u2019est","breadcrumb":{"@id":"https:\/\/en3s.fr\/secudoc\/produits-documentaires\/publications-en3s\/la-simplification-des-demarches-relatives-a-la-complementaire-sante-solidaire\/#breadcrumb"},"inLanguage":"fr-FR","potentialAction":[{"@type":"ReadAction","target":["https:\/\/en3s.fr\/secudoc\/produits-documentaires\/publications-en3s\/la-simplification-des-demarches-relatives-a-la-complementaire-sante-solidaire\/"]}]},{"@type":"BreadcrumbList","@id":"https:\/\/en3s.fr\/secudoc\/produits-documentaires\/publications-en3s\/la-simplification-des-demarches-relatives-a-la-complementaire-sante-solidaire\/#breadcrumb","itemListElement":[{"@type":"ListItem","position":1,"name":"Accueil","item":"https:\/\/en3s.fr\/secudoc\/"},{"@type":"ListItem","position":2,"name":"Produits documentaires","item":"https:\/\/en3s.fr\/secudoc\/produits-documentaires\/"},{"@type":"ListItem","position":3,"name":"Publications EN3S","item":"https:\/\/en3s.fr\/secudoc\/produits-documentaires\/publications-en3s\/"},{"@type":"ListItem","position":4,"name":"La simplification des d\u00e9marches relatives \u00e0 la compl\u00e9mentaire sant\u00e9 solidaires"}]},{"@type":"WebSite","@id":"https:\/\/en3s.fr\/secudoc\/#website","url":"https:\/\/en3s.fr\/secudoc\/","name":"S\u00e9cu Doc","description":"Centre de ressources de la S\u00e9curit\u00e9 sociale","potentialAction":[{"@type":"SearchAction","target":{"@type":"EntryPoint","urlTemplate":"https:\/\/en3s.fr\/secudoc\/?s={search_term_string}"},"query-input":{"@type":"PropertyValueSpecification","valueRequired":true,"valueName":"search_term_string"}}],"inLanguage":"fr-FR"}]}},"_links":{"self":[{"href":"https:\/\/en3s.fr\/secudoc\/wp-json\/wp\/v2\/pages\/4574","targetHints":{"allow":["GET"]}}],"collection":[{"href":"https:\/\/en3s.fr\/secudoc\/wp-json\/wp\/v2\/pages"}],"about":[{"href":"https:\/\/en3s.fr\/secudoc\/wp-json\/wp\/v2\/types\/page"}],"author":[{"embeddable":true,"href":"https:\/\/en3s.fr\/secudoc\/wp-json\/wp\/v2\/users\/42"}],"replies":[{"embeddable":true,"href":"https:\/\/en3s.fr\/secudoc\/wp-json\/wp\/v2\/comments?post=4574"}],"version-history":[{"count":0,"href":"https:\/\/en3s.fr\/secudoc\/wp-json\/wp\/v2\/pages\/4574\/revisions"}],"up":[{"embeddable":true,"href":"https:\/\/en3s.fr\/secudoc\/wp-json\/wp\/v2\/pages\/910"}],"wp:attachment":[{"href":"https:\/\/en3s.fr\/secudoc\/wp-json\/wp\/v2\/media?parent=4574"}],"curies":[{"name":"wp","href":"https:\/\/api.w.org\/{rel}","templated":true}]}}