{"id":4599,"date":"2024-02-16T17:11:20","date_gmt":"2024-02-16T16:11:20","guid":{"rendered":"https:\/\/en3s.fr\/secudoc\/?page_id=4599"},"modified":"2024-02-16T17:11:30","modified_gmt":"2024-02-16T16:11:30","slug":"comprendre-les-incivilites-en-organisme-de-securite-sociale-pour-y-repondre-efficacement","status":"publish","type":"page","link":"https:\/\/en3s.fr\/secudoc\/produits-documentaires\/publications-en3s\/comprendre-les-incivilites-en-organisme-de-securite-sociale-pour-y-repondre-efficacement\/","title":{"rendered":"Comprendre les incivilit\u00e9s en Organisme de S\u00e9curit\u00e9 sociale pour y r\u00e9pondre efficacement"},"content":{"rendered":"<blockquote><p><strong>Tous les trois mois en moyenne, un agent du service public meurt dans l\u2019exercice de ses fonctions, <\/strong><strong>victime d\u2019un usager, tous services publics confondus (DGFiP, Education Nationale, P\u00f4le Emploi, S\u00e9curit\u00e9 <\/strong><strong>sociale&#8230;). D\u2019une fa\u00e7on plus g\u00e9n\u00e9rale, les acteurs s\u2019accordent \u00e0 dire que le nombre d\u2019incivilit\u00e9 est en augmentation<\/strong><strong> constante.<\/strong><\/p><\/blockquote>\n<p><iframe loading=\"lazy\" title=\"COMPRENDRE LES INCIVILIT\u00c9S EN OSS POUR Y R\u00c9PONDRE EFFICACEMENT\" width=\"500\" height=\"375\" src=\"https:\/\/www.youtube.com\/embed\/UXCN5Bo6NwU?feature=oembed\" frameborder=\"0\" allow=\"accelerometer; autoplay; clipboard-write; encrypted-media; gyroscope; picture-in-picture; web-share\" referrerpolicy=\"strict-origin-when-cross-origin\" allowfullscreen><\/iframe><\/p>\n<p style=\"text-align: right\"><a class=\"button\" href=\"https:\/\/www.calameo.com\/read\/0043105040660d9f17c25\" target=\"_blank\" rel=\"noopener\">Retrouvez l\u2019int\u00e9gralit\u00e9 du rapport<\/a><\/p>\n","protected":false},"excerpt":{"rendered":"<p>Tous les trois mois en moyenne, un agent du service public meurt dans l\u2019exercice de ses fonctions, victime d\u2019un usager, tous services publics confondus (DGFiP, Education Nationale, P\u00f4le Emploi, S\u00e9curit\u00e9 sociale&#8230;). D\u2019une fa\u00e7on plus g\u00e9n\u00e9rale, les acteurs s\u2019accordent \u00e0 dire que le nombre d\u2019incivilit\u00e9 est en augmentation constante. Retrouvez l\u2019int\u00e9gralit\u00e9 du rapport<\/p>\n","protected":false},"author":42,"featured_media":0,"parent":910,"menu_order":0,"comment_status":"closed","ping_status":"closed","template":"","meta":{"ngg_post_thumbnail":0,"footnotes":""},"class_list":["post-4599","page","type-page","status-publish","hentry"],"yoast_head":"<!-- This site is optimized with the Yoast SEO plugin v24.9 - https:\/\/yoast.com\/wordpress\/plugins\/seo\/ -->\n<title>Comprendre les incivilit\u00e9s en Organisme de S\u00e9curit\u00e9 sociale pour y r\u00e9pondre efficacement - S\u00e9cu Doc<\/title>\n<meta name=\"description\" content=\"Tous les trois mois en moyenne, un agent du service public meurt dans l\u2019exercice de ses fonctions, victime d\u2019un usager, tous services publics confondus\" \/>\n<meta name=\"robots\" content=\"index, follow, max-snippet:-1, max-image-preview:large, max-video-preview:-1\" \/>\n<link rel=\"canonical\" href=\"https:\/\/en3s.fr\/secudoc\/produits-documentaires\/publications-en3s\/comprendre-les-incivilites-en-organisme-de-securite-sociale-pour-y-repondre-efficacement\/\" \/>\n<meta property=\"og:locale\" content=\"fr_FR\" \/>\n<meta property=\"og:type\" content=\"article\" \/>\n<meta property=\"og:title\" content=\"Comprendre les incivilit\u00e9s en Organisme de S\u00e9curit\u00e9 sociale pour y r\u00e9pondre efficacement - S\u00e9cu Doc\" \/>\n<meta property=\"og:description\" content=\"Tous les trois mois en moyenne, un agent du service public meurt dans l\u2019exercice de ses fonctions, victime d\u2019un usager, tous services publics confondus\" \/>\n<meta property=\"og:url\" content=\"https:\/\/en3s.fr\/secudoc\/produits-documentaires\/publications-en3s\/comprendre-les-incivilites-en-organisme-de-securite-sociale-pour-y-repondre-efficacement\/\" \/>\n<meta property=\"og:site_name\" content=\"S\u00e9cu Doc\" \/>\n<meta property=\"article:modified_time\" content=\"2024-02-16T16:11:30+00:00\" \/>\n<meta name=\"twitter:card\" content=\"summary_large_image\" \/>\n<meta name=\"twitter:label1\" content=\"Dur\u00e9e de lecture estim\u00e9e\" \/>\n\t<meta name=\"twitter:data1\" content=\"1 minute\" \/>\n<script type=\"application\/ld+json\" class=\"yoast-schema-graph\">{\"@context\":\"https:\/\/schema.org\",\"@graph\":[{\"@type\":\"WebPage\",\"@id\":\"https:\/\/en3s.fr\/secudoc\/produits-documentaires\/publications-en3s\/comprendre-les-incivilites-en-organisme-de-securite-sociale-pour-y-repondre-efficacement\/\",\"url\":\"https:\/\/en3s.fr\/secudoc\/produits-documentaires\/publications-en3s\/comprendre-les-incivilites-en-organisme-de-securite-sociale-pour-y-repondre-efficacement\/\",\"name\":\"Comprendre les incivilit\u00e9s en Organisme de S\u00e9curit\u00e9 sociale pour y r\u00e9pondre efficacement - S\u00e9cu Doc\",\"isPartOf\":{\"@id\":\"https:\/\/en3s.fr\/secudoc\/#website\"},\"datePublished\":\"2024-02-16T16:11:20+00:00\",\"dateModified\":\"2024-02-16T16:11:30+00:00\",\"description\":\"Tous les trois mois en moyenne, un agent du service public meurt dans l\u2019exercice de ses fonctions, victime d\u2019un usager, tous services publics confondus\",\"breadcrumb\":{\"@id\":\"https:\/\/en3s.fr\/secudoc\/produits-documentaires\/publications-en3s\/comprendre-les-incivilites-en-organisme-de-securite-sociale-pour-y-repondre-efficacement\/#breadcrumb\"},\"inLanguage\":\"fr-FR\",\"potentialAction\":[{\"@type\":\"ReadAction\",\"target\":[\"https:\/\/en3s.fr\/secudoc\/produits-documentaires\/publications-en3s\/comprendre-les-incivilites-en-organisme-de-securite-sociale-pour-y-repondre-efficacement\/\"]}]},{\"@type\":\"BreadcrumbList\",\"@id\":\"https:\/\/en3s.fr\/secudoc\/produits-documentaires\/publications-en3s\/comprendre-les-incivilites-en-organisme-de-securite-sociale-pour-y-repondre-efficacement\/#breadcrumb\",\"itemListElement\":[{\"@type\":\"ListItem\",\"position\":1,\"name\":\"Accueil\",\"item\":\"https:\/\/en3s.fr\/secudoc\/\"},{\"@type\":\"ListItem\",\"position\":2,\"name\":\"Produits documentaires\",\"item\":\"https:\/\/en3s.fr\/secudoc\/produits-documentaires\/\"},{\"@type\":\"ListItem\",\"position\":3,\"name\":\"Publications EN3S\",\"item\":\"https:\/\/en3s.fr\/secudoc\/produits-documentaires\/publications-en3s\/\"},{\"@type\":\"ListItem\",\"position\":4,\"name\":\"Comprendre les incivilit\u00e9s en Organisme de S\u00e9curit\u00e9 sociale pour y r\u00e9pondre efficacement\"}]},{\"@type\":\"WebSite\",\"@id\":\"https:\/\/en3s.fr\/secudoc\/#website\",\"url\":\"https:\/\/en3s.fr\/secudoc\/\",\"name\":\"S\u00e9cu Doc\",\"description\":\"Centre de ressources de la S\u00e9curit\u00e9 sociale\",\"potentialAction\":[{\"@type\":\"SearchAction\",\"target\":{\"@type\":\"EntryPoint\",\"urlTemplate\":\"https:\/\/en3s.fr\/secudoc\/?s={search_term_string}\"},\"query-input\":{\"@type\":\"PropertyValueSpecification\",\"valueRequired\":true,\"valueName\":\"search_term_string\"}}],\"inLanguage\":\"fr-FR\"}]}<\/script>\n<!-- \/ Yoast SEO plugin. -->","yoast_head_json":{"title":"Comprendre les incivilit\u00e9s en Organisme de S\u00e9curit\u00e9 sociale pour y r\u00e9pondre efficacement - S\u00e9cu Doc","description":"Tous les trois mois en moyenne, un agent du service public meurt dans l\u2019exercice de ses fonctions, victime d\u2019un usager, tous services publics confondus","robots":{"index":"index","follow":"follow","max-snippet":"max-snippet:-1","max-image-preview":"max-image-preview:large","max-video-preview":"max-video-preview:-1"},"canonical":"https:\/\/en3s.fr\/secudoc\/produits-documentaires\/publications-en3s\/comprendre-les-incivilites-en-organisme-de-securite-sociale-pour-y-repondre-efficacement\/","og_locale":"fr_FR","og_type":"article","og_title":"Comprendre les incivilit\u00e9s en Organisme de S\u00e9curit\u00e9 sociale pour y r\u00e9pondre efficacement - S\u00e9cu Doc","og_description":"Tous les trois mois en moyenne, un agent du service public meurt dans l\u2019exercice de ses fonctions, victime d\u2019un usager, tous services publics confondus","og_url":"https:\/\/en3s.fr\/secudoc\/produits-documentaires\/publications-en3s\/comprendre-les-incivilites-en-organisme-de-securite-sociale-pour-y-repondre-efficacement\/","og_site_name":"S\u00e9cu Doc","article_modified_time":"2024-02-16T16:11:30+00:00","twitter_card":"summary_large_image","twitter_misc":{"Dur\u00e9e de lecture estim\u00e9e":"1 minute"},"schema":{"@context":"https:\/\/schema.org","@graph":[{"@type":"WebPage","@id":"https:\/\/en3s.fr\/secudoc\/produits-documentaires\/publications-en3s\/comprendre-les-incivilites-en-organisme-de-securite-sociale-pour-y-repondre-efficacement\/","url":"https:\/\/en3s.fr\/secudoc\/produits-documentaires\/publications-en3s\/comprendre-les-incivilites-en-organisme-de-securite-sociale-pour-y-repondre-efficacement\/","name":"Comprendre les incivilit\u00e9s en Organisme de S\u00e9curit\u00e9 sociale pour y r\u00e9pondre efficacement - S\u00e9cu Doc","isPartOf":{"@id":"https:\/\/en3s.fr\/secudoc\/#website"},"datePublished":"2024-02-16T16:11:20+00:00","dateModified":"2024-02-16T16:11:30+00:00","description":"Tous les trois mois en moyenne, un agent du service public meurt dans l\u2019exercice de ses fonctions, victime d\u2019un usager, tous services publics confondus","breadcrumb":{"@id":"https:\/\/en3s.fr\/secudoc\/produits-documentaires\/publications-en3s\/comprendre-les-incivilites-en-organisme-de-securite-sociale-pour-y-repondre-efficacement\/#breadcrumb"},"inLanguage":"fr-FR","potentialAction":[{"@type":"ReadAction","target":["https:\/\/en3s.fr\/secudoc\/produits-documentaires\/publications-en3s\/comprendre-les-incivilites-en-organisme-de-securite-sociale-pour-y-repondre-efficacement\/"]}]},{"@type":"BreadcrumbList","@id":"https:\/\/en3s.fr\/secudoc\/produits-documentaires\/publications-en3s\/comprendre-les-incivilites-en-organisme-de-securite-sociale-pour-y-repondre-efficacement\/#breadcrumb","itemListElement":[{"@type":"ListItem","position":1,"name":"Accueil","item":"https:\/\/en3s.fr\/secudoc\/"},{"@type":"ListItem","position":2,"name":"Produits documentaires","item":"https:\/\/en3s.fr\/secudoc\/produits-documentaires\/"},{"@type":"ListItem","position":3,"name":"Publications EN3S","item":"https:\/\/en3s.fr\/secudoc\/produits-documentaires\/publications-en3s\/"},{"@type":"ListItem","position":4,"name":"Comprendre les incivilit\u00e9s en Organisme de S\u00e9curit\u00e9 sociale pour y r\u00e9pondre efficacement"}]},{"@type":"WebSite","@id":"https:\/\/en3s.fr\/secudoc\/#website","url":"https:\/\/en3s.fr\/secudoc\/","name":"S\u00e9cu Doc","description":"Centre de ressources de la S\u00e9curit\u00e9 sociale","potentialAction":[{"@type":"SearchAction","target":{"@type":"EntryPoint","urlTemplate":"https:\/\/en3s.fr\/secudoc\/?s={search_term_string}"},"query-input":{"@type":"PropertyValueSpecification","valueRequired":true,"valueName":"search_term_string"}}],"inLanguage":"fr-FR"}]}},"_links":{"self":[{"href":"https:\/\/en3s.fr\/secudoc\/wp-json\/wp\/v2\/pages\/4599","targetHints":{"allow":["GET"]}}],"collection":[{"href":"https:\/\/en3s.fr\/secudoc\/wp-json\/wp\/v2\/pages"}],"about":[{"href":"https:\/\/en3s.fr\/secudoc\/wp-json\/wp\/v2\/types\/page"}],"author":[{"embeddable":true,"href":"https:\/\/en3s.fr\/secudoc\/wp-json\/wp\/v2\/users\/42"}],"replies":[{"embeddable":true,"href":"https:\/\/en3s.fr\/secudoc\/wp-json\/wp\/v2\/comments?post=4599"}],"version-history":[{"count":0,"href":"https:\/\/en3s.fr\/secudoc\/wp-json\/wp\/v2\/pages\/4599\/revisions"}],"up":[{"embeddable":true,"href":"https:\/\/en3s.fr\/secudoc\/wp-json\/wp\/v2\/pages\/910"}],"wp:attachment":[{"href":"https:\/\/en3s.fr\/secudoc\/wp-json\/wp\/v2\/media?parent=4599"}],"curies":[{"name":"wp","href":"https:\/\/api.w.org\/{rel}","templated":true}]}}