{"id":4604,"date":"2024-03-07T15:58:49","date_gmt":"2024-03-07T14:58:49","guid":{"rendered":"https:\/\/en3s.fr\/secudoc\/?page_id=4604"},"modified":"2024-03-07T16:07:45","modified_gmt":"2024-03-07T15:07:45","slug":"loffre-de-service-a-destination-des-travailleurs-independants-optimisations-possibles-dans-le-cadre-dune-approche-populationnelle","status":"publish","type":"page","link":"https:\/\/en3s.fr\/secudoc\/produits-documentaires\/publications-en3s\/loffre-de-service-a-destination-des-travailleurs-independants-optimisations-possibles-dans-le-cadre-dune-approche-populationnelle\/","title":{"rendered":"L\u2019offre de service \u00e0 destination des travailleurs ind\u00e9pendants : optimisations possibles dans le cadre d\u2019une approche populationnelle ?"},"content":{"rendered":"<blockquote><p><strong>En juin 2023, le Conseil europ\u00e9en a arr\u00eat\u00e9 sa position \u00e0 propos d\u2019une nouvelle directive autour du statut des travailleurs des plateformes num\u00e9riques afin d\u2019am\u00e9liorer leur acc\u00e8s aux droits sociaux. Ce positionnement de l\u2019Institution europ\u00e9enne fait suite \u00e0 des ann\u00e9es de d\u00e9bats juridiques entre <\/strong><strong>plusieurs cours d\u2019Europe autour du statut de ces travailleurs.<\/strong><\/p><\/blockquote>\n<p><iframe loading=\"lazy\" title=\"L\u2019OFFRE DE SERVICE A DESTINATION DES TRAVAILLEURS IND\u00c9PENDANTS [...] ?\" width=\"500\" height=\"375\" src=\"https:\/\/www.youtube.com\/embed\/PB054ppuQNs?feature=oembed\" frameborder=\"0\" allow=\"accelerometer; autoplay; clipboard-write; encrypted-media; gyroscope; picture-in-picture; web-share\" referrerpolicy=\"strict-origin-when-cross-origin\" allowfullscreen><\/iframe><\/p>\n<p style=\"text-align: right\"><a class=\"button\" href=\"https:\/\/www.calameo.com\/read\/0043105048d45177e829d\" target=\"_blank\" rel=\"noopener\">Retrouvez l&rsquo;int\u00e9gralit\u00e9 du rapport<\/a><\/p>\n","protected":false},"excerpt":{"rendered":"<p>En juin 2023, le Conseil europ\u00e9en a arr\u00eat\u00e9 sa position \u00e0 propos d\u2019une nouvelle directive autour du statut des travailleurs des plateformes num\u00e9riques afin d\u2019am\u00e9liorer leur acc\u00e8s aux droits sociaux. Ce positionnement de l\u2019Institution europ\u00e9enne fait suite \u00e0 des ann\u00e9es de d\u00e9bats juridiques entre plusieurs cours d\u2019Europe autour du statut de ces travailleurs. Retrouvez l&rsquo;int\u00e9gralit\u00e9 [&hellip;]<\/p>\n","protected":false},"author":42,"featured_media":0,"parent":910,"menu_order":0,"comment_status":"closed","ping_status":"closed","template":"","meta":{"ngg_post_thumbnail":0,"footnotes":""},"class_list":["post-4604","page","type-page","status-publish","hentry"],"yoast_head":"<!-- This site is optimized with the Yoast SEO plugin v24.9 - https:\/\/yoast.com\/wordpress\/plugins\/seo\/ -->\n<title>L\u2019offre de service \u00e0 destination des travailleurs ind\u00e9pendants : optimisations possibles dans le cadre d\u2019une approche populationnelle ? - S\u00e9cu Doc<\/title>\n<meta name=\"description\" content=\"En juin 2023, le Conseil europ\u00e9en a arr\u00eat\u00e9 sa position \u00e0 propos d\u2019une nouvelle directive autour du statut des travailleurs des plateformes num\u00e9riques afin\" \/>\n<meta name=\"robots\" content=\"index, follow, max-snippet:-1, max-image-preview:large, max-video-preview:-1\" \/>\n<link rel=\"canonical\" href=\"https:\/\/en3s.fr\/secudoc\/produits-documentaires\/publications-en3s\/loffre-de-service-a-destination-des-travailleurs-independants-optimisations-possibles-dans-le-cadre-dune-approche-populationnelle\/\" \/>\n<meta property=\"og:locale\" content=\"fr_FR\" \/>\n<meta property=\"og:type\" content=\"article\" \/>\n<meta property=\"og:title\" content=\"L\u2019offre de service \u00e0 destination des travailleurs ind\u00e9pendants : optimisations possibles dans le cadre d\u2019une approche populationnelle ? - S\u00e9cu Doc\" \/>\n<meta property=\"og:description\" content=\"En juin 2023, le Conseil europ\u00e9en a arr\u00eat\u00e9 sa position \u00e0 propos d\u2019une nouvelle directive autour du statut des travailleurs des plateformes num\u00e9riques afin\" \/>\n<meta property=\"og:url\" content=\"https:\/\/en3s.fr\/secudoc\/produits-documentaires\/publications-en3s\/loffre-de-service-a-destination-des-travailleurs-independants-optimisations-possibles-dans-le-cadre-dune-approche-populationnelle\/\" \/>\n<meta property=\"og:site_name\" content=\"S\u00e9cu Doc\" \/>\n<meta property=\"article:modified_time\" content=\"2024-03-07T15:07:45+00:00\" \/>\n<meta name=\"twitter:card\" content=\"summary_large_image\" \/>\n<meta name=\"twitter:label1\" content=\"Dur\u00e9e de lecture estim\u00e9e\" \/>\n\t<meta name=\"twitter:data1\" content=\"1 minute\" \/>\n<script type=\"application\/ld+json\" class=\"yoast-schema-graph\">{\"@context\":\"https:\/\/schema.org\",\"@graph\":[{\"@type\":\"WebPage\",\"@id\":\"https:\/\/en3s.fr\/secudoc\/produits-documentaires\/publications-en3s\/loffre-de-service-a-destination-des-travailleurs-independants-optimisations-possibles-dans-le-cadre-dune-approche-populationnelle\/\",\"url\":\"https:\/\/en3s.fr\/secudoc\/produits-documentaires\/publications-en3s\/loffre-de-service-a-destination-des-travailleurs-independants-optimisations-possibles-dans-le-cadre-dune-approche-populationnelle\/\",\"name\":\"L\u2019offre de service \u00e0 destination des travailleurs ind\u00e9pendants : optimisations possibles dans le cadre d\u2019une approche populationnelle ? - S\u00e9cu Doc\",\"isPartOf\":{\"@id\":\"https:\/\/en3s.fr\/secudoc\/#website\"},\"datePublished\":\"2024-03-07T14:58:49+00:00\",\"dateModified\":\"2024-03-07T15:07:45+00:00\",\"description\":\"En juin 2023, le Conseil europ\u00e9en a arr\u00eat\u00e9 sa position \u00e0 propos d\u2019une nouvelle directive autour du statut des travailleurs des plateformes num\u00e9riques afin\",\"breadcrumb\":{\"@id\":\"https:\/\/en3s.fr\/secudoc\/produits-documentaires\/publications-en3s\/loffre-de-service-a-destination-des-travailleurs-independants-optimisations-possibles-dans-le-cadre-dune-approche-populationnelle\/#breadcrumb\"},\"inLanguage\":\"fr-FR\",\"potentialAction\":[{\"@type\":\"ReadAction\",\"target\":[\"https:\/\/en3s.fr\/secudoc\/produits-documentaires\/publications-en3s\/loffre-de-service-a-destination-des-travailleurs-independants-optimisations-possibles-dans-le-cadre-dune-approche-populationnelle\/\"]}]},{\"@type\":\"BreadcrumbList\",\"@id\":\"https:\/\/en3s.fr\/secudoc\/produits-documentaires\/publications-en3s\/loffre-de-service-a-destination-des-travailleurs-independants-optimisations-possibles-dans-le-cadre-dune-approche-populationnelle\/#breadcrumb\",\"itemListElement\":[{\"@type\":\"ListItem\",\"position\":1,\"name\":\"Accueil\",\"item\":\"https:\/\/en3s.fr\/secudoc\/\"},{\"@type\":\"ListItem\",\"position\":2,\"name\":\"Produits documentaires\",\"item\":\"https:\/\/en3s.fr\/secudoc\/produits-documentaires\/\"},{\"@type\":\"ListItem\",\"position\":3,\"name\":\"Publications EN3S\",\"item\":\"https:\/\/en3s.fr\/secudoc\/produits-documentaires\/publications-en3s\/\"},{\"@type\":\"ListItem\",\"position\":4,\"name\":\"L\u2019offre de service \u00e0 destination des travailleurs ind\u00e9pendants : optimisations possibles dans le cadre d\u2019une approche populationnelle ?\"}]},{\"@type\":\"WebSite\",\"@id\":\"https:\/\/en3s.fr\/secudoc\/#website\",\"url\":\"https:\/\/en3s.fr\/secudoc\/\",\"name\":\"S\u00e9cu Doc\",\"description\":\"Centre de ressources de la S\u00e9curit\u00e9 sociale\",\"potentialAction\":[{\"@type\":\"SearchAction\",\"target\":{\"@type\":\"EntryPoint\",\"urlTemplate\":\"https:\/\/en3s.fr\/secudoc\/?s={search_term_string}\"},\"query-input\":{\"@type\":\"PropertyValueSpecification\",\"valueRequired\":true,\"valueName\":\"search_term_string\"}}],\"inLanguage\":\"fr-FR\"}]}<\/script>\n<!-- \/ Yoast SEO plugin. -->","yoast_head_json":{"title":"L\u2019offre de service \u00e0 destination des travailleurs ind\u00e9pendants : optimisations possibles dans le cadre d\u2019une approche populationnelle ? - S\u00e9cu Doc","description":"En juin 2023, le Conseil europ\u00e9en a arr\u00eat\u00e9 sa position \u00e0 propos d\u2019une nouvelle directive autour du statut des travailleurs des plateformes num\u00e9riques afin","robots":{"index":"index","follow":"follow","max-snippet":"max-snippet:-1","max-image-preview":"max-image-preview:large","max-video-preview":"max-video-preview:-1"},"canonical":"https:\/\/en3s.fr\/secudoc\/produits-documentaires\/publications-en3s\/loffre-de-service-a-destination-des-travailleurs-independants-optimisations-possibles-dans-le-cadre-dune-approche-populationnelle\/","og_locale":"fr_FR","og_type":"article","og_title":"L\u2019offre de service \u00e0 destination des travailleurs ind\u00e9pendants : optimisations possibles dans le cadre d\u2019une approche populationnelle ? - S\u00e9cu Doc","og_description":"En juin 2023, le Conseil europ\u00e9en a arr\u00eat\u00e9 sa position \u00e0 propos d\u2019une nouvelle directive autour du statut des travailleurs des plateformes num\u00e9riques afin","og_url":"https:\/\/en3s.fr\/secudoc\/produits-documentaires\/publications-en3s\/loffre-de-service-a-destination-des-travailleurs-independants-optimisations-possibles-dans-le-cadre-dune-approche-populationnelle\/","og_site_name":"S\u00e9cu Doc","article_modified_time":"2024-03-07T15:07:45+00:00","twitter_card":"summary_large_image","twitter_misc":{"Dur\u00e9e de lecture estim\u00e9e":"1 minute"},"schema":{"@context":"https:\/\/schema.org","@graph":[{"@type":"WebPage","@id":"https:\/\/en3s.fr\/secudoc\/produits-documentaires\/publications-en3s\/loffre-de-service-a-destination-des-travailleurs-independants-optimisations-possibles-dans-le-cadre-dune-approche-populationnelle\/","url":"https:\/\/en3s.fr\/secudoc\/produits-documentaires\/publications-en3s\/loffre-de-service-a-destination-des-travailleurs-independants-optimisations-possibles-dans-le-cadre-dune-approche-populationnelle\/","name":"L\u2019offre de service \u00e0 destination des travailleurs ind\u00e9pendants : optimisations possibles dans le cadre d\u2019une approche populationnelle ? - S\u00e9cu Doc","isPartOf":{"@id":"https:\/\/en3s.fr\/secudoc\/#website"},"datePublished":"2024-03-07T14:58:49+00:00","dateModified":"2024-03-07T15:07:45+00:00","description":"En juin 2023, le Conseil europ\u00e9en a arr\u00eat\u00e9 sa position \u00e0 propos d\u2019une nouvelle directive autour du statut des travailleurs des plateformes num\u00e9riques afin","breadcrumb":{"@id":"https:\/\/en3s.fr\/secudoc\/produits-documentaires\/publications-en3s\/loffre-de-service-a-destination-des-travailleurs-independants-optimisations-possibles-dans-le-cadre-dune-approche-populationnelle\/#breadcrumb"},"inLanguage":"fr-FR","potentialAction":[{"@type":"ReadAction","target":["https:\/\/en3s.fr\/secudoc\/produits-documentaires\/publications-en3s\/loffre-de-service-a-destination-des-travailleurs-independants-optimisations-possibles-dans-le-cadre-dune-approche-populationnelle\/"]}]},{"@type":"BreadcrumbList","@id":"https:\/\/en3s.fr\/secudoc\/produits-documentaires\/publications-en3s\/loffre-de-service-a-destination-des-travailleurs-independants-optimisations-possibles-dans-le-cadre-dune-approche-populationnelle\/#breadcrumb","itemListElement":[{"@type":"ListItem","position":1,"name":"Accueil","item":"https:\/\/en3s.fr\/secudoc\/"},{"@type":"ListItem","position":2,"name":"Produits documentaires","item":"https:\/\/en3s.fr\/secudoc\/produits-documentaires\/"},{"@type":"ListItem","position":3,"name":"Publications EN3S","item":"https:\/\/en3s.fr\/secudoc\/produits-documentaires\/publications-en3s\/"},{"@type":"ListItem","position":4,"name":"L\u2019offre de service \u00e0 destination des travailleurs ind\u00e9pendants : optimisations possibles dans le cadre d\u2019une approche populationnelle ?"}]},{"@type":"WebSite","@id":"https:\/\/en3s.fr\/secudoc\/#website","url":"https:\/\/en3s.fr\/secudoc\/","name":"S\u00e9cu Doc","description":"Centre de ressources de la S\u00e9curit\u00e9 sociale","potentialAction":[{"@type":"SearchAction","target":{"@type":"EntryPoint","urlTemplate":"https:\/\/en3s.fr\/secudoc\/?s={search_term_string}"},"query-input":{"@type":"PropertyValueSpecification","valueRequired":true,"valueName":"search_term_string"}}],"inLanguage":"fr-FR"}]}},"_links":{"self":[{"href":"https:\/\/en3s.fr\/secudoc\/wp-json\/wp\/v2\/pages\/4604","targetHints":{"allow":["GET"]}}],"collection":[{"href":"https:\/\/en3s.fr\/secudoc\/wp-json\/wp\/v2\/pages"}],"about":[{"href":"https:\/\/en3s.fr\/secudoc\/wp-json\/wp\/v2\/types\/page"}],"author":[{"embeddable":true,"href":"https:\/\/en3s.fr\/secudoc\/wp-json\/wp\/v2\/users\/42"}],"replies":[{"embeddable":true,"href":"https:\/\/en3s.fr\/secudoc\/wp-json\/wp\/v2\/comments?post=4604"}],"version-history":[{"count":0,"href":"https:\/\/en3s.fr\/secudoc\/wp-json\/wp\/v2\/pages\/4604\/revisions"}],"up":[{"embeddable":true,"href":"https:\/\/en3s.fr\/secudoc\/wp-json\/wp\/v2\/pages\/910"}],"wp:attachment":[{"href":"https:\/\/en3s.fr\/secudoc\/wp-json\/wp\/v2\/media?parent=4604"}],"curies":[{"name":"wp","href":"https:\/\/api.w.org\/{rel}","templated":true}]}}