{"id":4608,"date":"2024-03-07T16:07:56","date_gmt":"2024-03-07T15:07:56","guid":{"rendered":"https:\/\/en3s.fr\/secudoc\/?page_id=4608"},"modified":"2024-03-07T16:10:07","modified_gmt":"2024-03-07T15:10:07","slug":"le-role-emergent-des-caisses-de-protection-sociale-dans-les-strategies-territoriales-de-prevention-de-la-perte-dautonomie","status":"publish","type":"page","link":"https:\/\/en3s.fr\/secudoc\/produits-documentaires\/publications-en3s\/le-role-emergent-des-caisses-de-protection-sociale-dans-les-strategies-territoriales-de-prevention-de-la-perte-dautonomie\/","title":{"rendered":"Le r\u00f4le \u00e9mergent des caisses de protection sociale dans les strat\u00e9gies territoriales de pr\u00e9vention de la perte d\u2019autonomie"},"content":{"rendered":"<blockquote><p><strong>Les personnes \u00e2g\u00e9es de plus de 60 ans repr\u00e9sentent actuellement un quart de la population fran\u00e7aise et pourraient en repr\u00e9senter un tiers en 2050 selon l\u2019Institut national de la statistique et des \u00e9tudes \u00e9conomiques (INSEE).<\/strong><\/p><\/blockquote>\n<p><iframe loading=\"lazy\" title=\"LE R\u00d4LE \u00c9MERGENT DES CAISSES DE PROTECTION SOCIALE [...]\" width=\"500\" height=\"375\" src=\"https:\/\/www.youtube.com\/embed\/S2KjhHixnCU?feature=oembed\" frameborder=\"0\" allow=\"accelerometer; autoplay; clipboard-write; encrypted-media; gyroscope; picture-in-picture; web-share\" referrerpolicy=\"strict-origin-when-cross-origin\" allowfullscreen><\/iframe><\/p>\n<p style=\"text-align: right\"><a class=\"button\" href=\"https:\/\/www.calameo.com\/read\/004310504e642b0d96c42\" target=\"_blank\" rel=\"noopener\">Retrouvez l&rsquo;int\u00e9gralit\u00e9 du rapport<\/a><\/p>\n","protected":false},"excerpt":{"rendered":"<p>Les personnes \u00e2g\u00e9es de plus de 60 ans repr\u00e9sentent actuellement un quart de la population fran\u00e7aise et pourraient en repr\u00e9senter un tiers en 2050 selon l\u2019Institut national de la statistique et des \u00e9tudes \u00e9conomiques (INSEE). Retrouvez l&rsquo;int\u00e9gralit\u00e9 du rapport<\/p>\n","protected":false},"author":42,"featured_media":0,"parent":910,"menu_order":0,"comment_status":"closed","ping_status":"closed","template":"","meta":{"ngg_post_thumbnail":0,"footnotes":""},"class_list":["post-4608","page","type-page","status-publish","hentry"],"yoast_head":"<!-- This site is optimized with the Yoast SEO plugin v24.9 - https:\/\/yoast.com\/wordpress\/plugins\/seo\/ -->\n<title>Le r\u00f4le \u00e9mergent des caisses de protection sociale dans les strat\u00e9gies territoriales de pr\u00e9vention de la perte d\u2019autonomie - S\u00e9cu Doc<\/title>\n<meta name=\"description\" content=\"Les personnes \u00e2g\u00e9es de plus de 60 ans repr\u00e9sentent actuellement un quart de la population fran\u00e7aise et pourraient en repr\u00e9senter un tiers en 2050 selon\" \/>\n<meta name=\"robots\" content=\"index, follow, max-snippet:-1, max-image-preview:large, max-video-preview:-1\" \/>\n<link rel=\"canonical\" href=\"https:\/\/en3s.fr\/secudoc\/produits-documentaires\/publications-en3s\/le-role-emergent-des-caisses-de-protection-sociale-dans-les-strategies-territoriales-de-prevention-de-la-perte-dautonomie\/\" \/>\n<meta property=\"og:locale\" content=\"fr_FR\" \/>\n<meta property=\"og:type\" content=\"article\" \/>\n<meta property=\"og:title\" content=\"Le r\u00f4le \u00e9mergent des caisses de protection sociale dans les strat\u00e9gies territoriales de pr\u00e9vention de la perte d\u2019autonomie - S\u00e9cu Doc\" \/>\n<meta property=\"og:description\" content=\"Les personnes \u00e2g\u00e9es de plus de 60 ans repr\u00e9sentent actuellement un quart de la population fran\u00e7aise et pourraient en repr\u00e9senter un tiers en 2050 selon\" \/>\n<meta property=\"og:url\" content=\"https:\/\/en3s.fr\/secudoc\/produits-documentaires\/publications-en3s\/le-role-emergent-des-caisses-de-protection-sociale-dans-les-strategies-territoriales-de-prevention-de-la-perte-dautonomie\/\" \/>\n<meta property=\"og:site_name\" content=\"S\u00e9cu Doc\" \/>\n<meta property=\"article:modified_time\" content=\"2024-03-07T15:10:07+00:00\" \/>\n<meta name=\"twitter:card\" content=\"summary_large_image\" \/>\n<meta name=\"twitter:label1\" content=\"Dur\u00e9e de lecture estim\u00e9e\" \/>\n\t<meta name=\"twitter:data1\" content=\"1 minute\" \/>\n<script type=\"application\/ld+json\" class=\"yoast-schema-graph\">{\"@context\":\"https:\/\/schema.org\",\"@graph\":[{\"@type\":\"WebPage\",\"@id\":\"https:\/\/en3s.fr\/secudoc\/produits-documentaires\/publications-en3s\/le-role-emergent-des-caisses-de-protection-sociale-dans-les-strategies-territoriales-de-prevention-de-la-perte-dautonomie\/\",\"url\":\"https:\/\/en3s.fr\/secudoc\/produits-documentaires\/publications-en3s\/le-role-emergent-des-caisses-de-protection-sociale-dans-les-strategies-territoriales-de-prevention-de-la-perte-dautonomie\/\",\"name\":\"Le r\u00f4le \u00e9mergent des caisses de protection sociale dans les strat\u00e9gies territoriales de pr\u00e9vention de la perte d\u2019autonomie - S\u00e9cu Doc\",\"isPartOf\":{\"@id\":\"https:\/\/en3s.fr\/secudoc\/#website\"},\"datePublished\":\"2024-03-07T15:07:56+00:00\",\"dateModified\":\"2024-03-07T15:10:07+00:00\",\"description\":\"Les personnes \u00e2g\u00e9es de plus de 60 ans repr\u00e9sentent actuellement un quart de la population fran\u00e7aise et pourraient en repr\u00e9senter un tiers en 2050 selon\",\"breadcrumb\":{\"@id\":\"https:\/\/en3s.fr\/secudoc\/produits-documentaires\/publications-en3s\/le-role-emergent-des-caisses-de-protection-sociale-dans-les-strategies-territoriales-de-prevention-de-la-perte-dautonomie\/#breadcrumb\"},\"inLanguage\":\"fr-FR\",\"potentialAction\":[{\"@type\":\"ReadAction\",\"target\":[\"https:\/\/en3s.fr\/secudoc\/produits-documentaires\/publications-en3s\/le-role-emergent-des-caisses-de-protection-sociale-dans-les-strategies-territoriales-de-prevention-de-la-perte-dautonomie\/\"]}]},{\"@type\":\"BreadcrumbList\",\"@id\":\"https:\/\/en3s.fr\/secudoc\/produits-documentaires\/publications-en3s\/le-role-emergent-des-caisses-de-protection-sociale-dans-les-strategies-territoriales-de-prevention-de-la-perte-dautonomie\/#breadcrumb\",\"itemListElement\":[{\"@type\":\"ListItem\",\"position\":1,\"name\":\"Accueil\",\"item\":\"https:\/\/en3s.fr\/secudoc\/\"},{\"@type\":\"ListItem\",\"position\":2,\"name\":\"Produits documentaires\",\"item\":\"https:\/\/en3s.fr\/secudoc\/produits-documentaires\/\"},{\"@type\":\"ListItem\",\"position\":3,\"name\":\"Publications EN3S\",\"item\":\"https:\/\/en3s.fr\/secudoc\/produits-documentaires\/publications-en3s\/\"},{\"@type\":\"ListItem\",\"position\":4,\"name\":\"Le r\u00f4le \u00e9mergent des caisses de protection sociale dans les strat\u00e9gies territoriales de pr\u00e9vention de la perte d\u2019autonomie\"}]},{\"@type\":\"WebSite\",\"@id\":\"https:\/\/en3s.fr\/secudoc\/#website\",\"url\":\"https:\/\/en3s.fr\/secudoc\/\",\"name\":\"S\u00e9cu Doc\",\"description\":\"Centre de ressources de la S\u00e9curit\u00e9 sociale\",\"potentialAction\":[{\"@type\":\"SearchAction\",\"target\":{\"@type\":\"EntryPoint\",\"urlTemplate\":\"https:\/\/en3s.fr\/secudoc\/?s={search_term_string}\"},\"query-input\":{\"@type\":\"PropertyValueSpecification\",\"valueRequired\":true,\"valueName\":\"search_term_string\"}}],\"inLanguage\":\"fr-FR\"}]}<\/script>\n<!-- \/ Yoast SEO plugin. -->","yoast_head_json":{"title":"Le r\u00f4le \u00e9mergent des caisses de protection sociale dans les strat\u00e9gies territoriales de pr\u00e9vention de la perte d\u2019autonomie - S\u00e9cu Doc","description":"Les personnes \u00e2g\u00e9es de plus de 60 ans repr\u00e9sentent actuellement un quart de la population fran\u00e7aise et pourraient en repr\u00e9senter un tiers en 2050 selon","robots":{"index":"index","follow":"follow","max-snippet":"max-snippet:-1","max-image-preview":"max-image-preview:large","max-video-preview":"max-video-preview:-1"},"canonical":"https:\/\/en3s.fr\/secudoc\/produits-documentaires\/publications-en3s\/le-role-emergent-des-caisses-de-protection-sociale-dans-les-strategies-territoriales-de-prevention-de-la-perte-dautonomie\/","og_locale":"fr_FR","og_type":"article","og_title":"Le r\u00f4le \u00e9mergent des caisses de protection sociale dans les strat\u00e9gies territoriales de pr\u00e9vention de la perte d\u2019autonomie - S\u00e9cu Doc","og_description":"Les personnes \u00e2g\u00e9es de plus de 60 ans repr\u00e9sentent actuellement un quart de la population fran\u00e7aise et pourraient en repr\u00e9senter un tiers en 2050 selon","og_url":"https:\/\/en3s.fr\/secudoc\/produits-documentaires\/publications-en3s\/le-role-emergent-des-caisses-de-protection-sociale-dans-les-strategies-territoriales-de-prevention-de-la-perte-dautonomie\/","og_site_name":"S\u00e9cu Doc","article_modified_time":"2024-03-07T15:10:07+00:00","twitter_card":"summary_large_image","twitter_misc":{"Dur\u00e9e de lecture estim\u00e9e":"1 minute"},"schema":{"@context":"https:\/\/schema.org","@graph":[{"@type":"WebPage","@id":"https:\/\/en3s.fr\/secudoc\/produits-documentaires\/publications-en3s\/le-role-emergent-des-caisses-de-protection-sociale-dans-les-strategies-territoriales-de-prevention-de-la-perte-dautonomie\/","url":"https:\/\/en3s.fr\/secudoc\/produits-documentaires\/publications-en3s\/le-role-emergent-des-caisses-de-protection-sociale-dans-les-strategies-territoriales-de-prevention-de-la-perte-dautonomie\/","name":"Le r\u00f4le \u00e9mergent des caisses de protection sociale dans les strat\u00e9gies territoriales de pr\u00e9vention de la perte d\u2019autonomie - S\u00e9cu Doc","isPartOf":{"@id":"https:\/\/en3s.fr\/secudoc\/#website"},"datePublished":"2024-03-07T15:07:56+00:00","dateModified":"2024-03-07T15:10:07+00:00","description":"Les personnes \u00e2g\u00e9es de plus de 60 ans repr\u00e9sentent actuellement un quart de la population fran\u00e7aise et pourraient en repr\u00e9senter un tiers en 2050 selon","breadcrumb":{"@id":"https:\/\/en3s.fr\/secudoc\/produits-documentaires\/publications-en3s\/le-role-emergent-des-caisses-de-protection-sociale-dans-les-strategies-territoriales-de-prevention-de-la-perte-dautonomie\/#breadcrumb"},"inLanguage":"fr-FR","potentialAction":[{"@type":"ReadAction","target":["https:\/\/en3s.fr\/secudoc\/produits-documentaires\/publications-en3s\/le-role-emergent-des-caisses-de-protection-sociale-dans-les-strategies-territoriales-de-prevention-de-la-perte-dautonomie\/"]}]},{"@type":"BreadcrumbList","@id":"https:\/\/en3s.fr\/secudoc\/produits-documentaires\/publications-en3s\/le-role-emergent-des-caisses-de-protection-sociale-dans-les-strategies-territoriales-de-prevention-de-la-perte-dautonomie\/#breadcrumb","itemListElement":[{"@type":"ListItem","position":1,"name":"Accueil","item":"https:\/\/en3s.fr\/secudoc\/"},{"@type":"ListItem","position":2,"name":"Produits documentaires","item":"https:\/\/en3s.fr\/secudoc\/produits-documentaires\/"},{"@type":"ListItem","position":3,"name":"Publications EN3S","item":"https:\/\/en3s.fr\/secudoc\/produits-documentaires\/publications-en3s\/"},{"@type":"ListItem","position":4,"name":"Le r\u00f4le \u00e9mergent des caisses de protection sociale dans les strat\u00e9gies territoriales de pr\u00e9vention de la perte d\u2019autonomie"}]},{"@type":"WebSite","@id":"https:\/\/en3s.fr\/secudoc\/#website","url":"https:\/\/en3s.fr\/secudoc\/","name":"S\u00e9cu Doc","description":"Centre de ressources de la S\u00e9curit\u00e9 sociale","potentialAction":[{"@type":"SearchAction","target":{"@type":"EntryPoint","urlTemplate":"https:\/\/en3s.fr\/secudoc\/?s={search_term_string}"},"query-input":{"@type":"PropertyValueSpecification","valueRequired":true,"valueName":"search_term_string"}}],"inLanguage":"fr-FR"}]}},"_links":{"self":[{"href":"https:\/\/en3s.fr\/secudoc\/wp-json\/wp\/v2\/pages\/4608","targetHints":{"allow":["GET"]}}],"collection":[{"href":"https:\/\/en3s.fr\/secudoc\/wp-json\/wp\/v2\/pages"}],"about":[{"href":"https:\/\/en3s.fr\/secudoc\/wp-json\/wp\/v2\/types\/page"}],"author":[{"embeddable":true,"href":"https:\/\/en3s.fr\/secudoc\/wp-json\/wp\/v2\/users\/42"}],"replies":[{"embeddable":true,"href":"https:\/\/en3s.fr\/secudoc\/wp-json\/wp\/v2\/comments?post=4608"}],"version-history":[{"count":0,"href":"https:\/\/en3s.fr\/secudoc\/wp-json\/wp\/v2\/pages\/4608\/revisions"}],"up":[{"embeddable":true,"href":"https:\/\/en3s.fr\/secudoc\/wp-json\/wp\/v2\/pages\/910"}],"wp:attachment":[{"href":"https:\/\/en3s.fr\/secudoc\/wp-json\/wp\/v2\/media?parent=4608"}],"curies":[{"name":"wp","href":"https:\/\/api.w.org\/{rel}","templated":true}]}}