{"id":4617,"date":"2024-03-07T16:19:39","date_gmt":"2024-03-07T15:19:39","guid":{"rendered":"https:\/\/en3s.fr\/secudoc\/?page_id=4617"},"modified":"2024-03-07T16:19:39","modified_gmt":"2024-03-07T15:19:39","slug":"cybersecurite-quels-enjeux-pour-les-directions-des-organismes-de-securite-sociale","status":"publish","type":"page","link":"https:\/\/en3s.fr\/secudoc\/produits-documentaires\/publications-en3s\/cybersecurite-quels-enjeux-pour-les-directions-des-organismes-de-securite-sociale\/","title":{"rendered":"Cybers\u00e9curit\u00e9\u00a0: quels enjeux pour les directions des organismes de S\u00e9curit\u00e9 sociale\u00a0?"},"content":{"rendered":"<blockquote><p><strong>\u00ab Les acteurs malveillants poursuivent l\u2019am\u00e9lioration constante de leurs capacit\u00e9s \u00e0 des fins de gain financier, d\u2019espionnage et de d\u00e9stabilisation \u00bb. Voici une des phrases cl\u00e9s \u00e0 retenir du panorama de la cybermenace de 2022 \u00e9labor\u00e9 par l\u2019Agence Nationale de S\u00e9curit\u00e9 des Syst\u00e8mes d\u2019Information (ANSSI) et qui traduit l\u2019\u00e9volution permanente de l\u2019enjeu de la cybers\u00e9curit\u00e9.<\/strong><\/p><\/blockquote>\n<p><iframe loading=\"lazy\" title=\"CYBERS\u00c9CURIT\u00c9 : QUELS ENJEUX POUR LES DIRECTONS DESORGANISMES DE S\u00c9CURIT\u00c9 SOCIALE ?\" width=\"500\" height=\"375\" src=\"https:\/\/www.youtube.com\/embed\/RFqjuqAEtV0?feature=oembed\" frameborder=\"0\" allow=\"accelerometer; autoplay; clipboard-write; encrypted-media; gyroscope; picture-in-picture; web-share\" referrerpolicy=\"strict-origin-when-cross-origin\" allowfullscreen><\/iframe><\/p>\n<p style=\"text-align: right\"><a class=\"button\" href=\"https:\/\/www.calameo.com\/read\/004310504e92fd16d20fd\" target=\"_blank\" rel=\"noopener\">Retrouvez l&rsquo;int\u00e9gralit\u00e9 du rapport<\/a><\/p>\n","protected":false},"excerpt":{"rendered":"<p>\u00ab Les acteurs malveillants poursuivent l\u2019am\u00e9lioration constante de leurs capacit\u00e9s \u00e0 des fins de gain financier, d\u2019espionnage et de d\u00e9stabilisation \u00bb. Voici une des phrases cl\u00e9s \u00e0 retenir du panorama de la cybermenace de 2022 \u00e9labor\u00e9 par l\u2019Agence Nationale de S\u00e9curit\u00e9 des Syst\u00e8mes d\u2019Information (ANSSI) et qui traduit l\u2019\u00e9volution permanente de l\u2019enjeu de la cybers\u00e9curit\u00e9. [&hellip;]<\/p>\n","protected":false},"author":42,"featured_media":0,"parent":910,"menu_order":0,"comment_status":"closed","ping_status":"closed","template":"","meta":{"ngg_post_thumbnail":0,"footnotes":""},"class_list":["post-4617","page","type-page","status-publish","hentry"],"yoast_head":"<!-- This site is optimized with the Yoast SEO plugin v24.9 - https:\/\/yoast.com\/wordpress\/plugins\/seo\/ -->\n<title>Cybers\u00e9curit\u00e9\u00a0: quels enjeux pour les directions des organismes de S\u00e9curit\u00e9 sociale\u00a0? - S\u00e9cu Doc<\/title>\n<meta name=\"description\" content=\"\u00ab Les acteurs malveillants poursuivent l\u2019am\u00e9lioration constante de leurs capacit\u00e9s \u00e0 des fins de gain financier, d\u2019espionnage et de d\u00e9stabilisation \u00bb.\" \/>\n<meta name=\"robots\" content=\"index, follow, max-snippet:-1, max-image-preview:large, max-video-preview:-1\" \/>\n<link rel=\"canonical\" href=\"https:\/\/en3s.fr\/secudoc\/produits-documentaires\/publications-en3s\/cybersecurite-quels-enjeux-pour-les-directions-des-organismes-de-securite-sociale\/\" \/>\n<meta property=\"og:locale\" content=\"fr_FR\" \/>\n<meta property=\"og:type\" content=\"article\" \/>\n<meta property=\"og:title\" content=\"Cybers\u00e9curit\u00e9\u00a0: quels enjeux pour les directions des organismes de S\u00e9curit\u00e9 sociale\u00a0? - S\u00e9cu Doc\" \/>\n<meta property=\"og:description\" content=\"\u00ab Les acteurs malveillants poursuivent l\u2019am\u00e9lioration constante de leurs capacit\u00e9s \u00e0 des fins de gain financier, d\u2019espionnage et de d\u00e9stabilisation \u00bb.\" \/>\n<meta property=\"og:url\" content=\"https:\/\/en3s.fr\/secudoc\/produits-documentaires\/publications-en3s\/cybersecurite-quels-enjeux-pour-les-directions-des-organismes-de-securite-sociale\/\" \/>\n<meta property=\"og:site_name\" content=\"S\u00e9cu Doc\" \/>\n<meta name=\"twitter:card\" content=\"summary_large_image\" \/>\n<meta name=\"twitter:label1\" content=\"Dur\u00e9e de lecture estim\u00e9e\" \/>\n\t<meta name=\"twitter:data1\" content=\"1 minute\" \/>\n<script type=\"application\/ld+json\" class=\"yoast-schema-graph\">{\"@context\":\"https:\/\/schema.org\",\"@graph\":[{\"@type\":\"WebPage\",\"@id\":\"https:\/\/en3s.fr\/secudoc\/produits-documentaires\/publications-en3s\/cybersecurite-quels-enjeux-pour-les-directions-des-organismes-de-securite-sociale\/\",\"url\":\"https:\/\/en3s.fr\/secudoc\/produits-documentaires\/publications-en3s\/cybersecurite-quels-enjeux-pour-les-directions-des-organismes-de-securite-sociale\/\",\"name\":\"Cybers\u00e9curit\u00e9\u00a0: quels enjeux pour les directions des organismes de S\u00e9curit\u00e9 sociale\u00a0? - S\u00e9cu Doc\",\"isPartOf\":{\"@id\":\"https:\/\/en3s.fr\/secudoc\/#website\"},\"datePublished\":\"2024-03-07T15:19:39+00:00\",\"description\":\"\u00ab Les acteurs malveillants poursuivent l\u2019am\u00e9lioration constante de leurs capacit\u00e9s \u00e0 des fins de gain financier, d\u2019espionnage et de d\u00e9stabilisation \u00bb.\",\"breadcrumb\":{\"@id\":\"https:\/\/en3s.fr\/secudoc\/produits-documentaires\/publications-en3s\/cybersecurite-quels-enjeux-pour-les-directions-des-organismes-de-securite-sociale\/#breadcrumb\"},\"inLanguage\":\"fr-FR\",\"potentialAction\":[{\"@type\":\"ReadAction\",\"target\":[\"https:\/\/en3s.fr\/secudoc\/produits-documentaires\/publications-en3s\/cybersecurite-quels-enjeux-pour-les-directions-des-organismes-de-securite-sociale\/\"]}]},{\"@type\":\"BreadcrumbList\",\"@id\":\"https:\/\/en3s.fr\/secudoc\/produits-documentaires\/publications-en3s\/cybersecurite-quels-enjeux-pour-les-directions-des-organismes-de-securite-sociale\/#breadcrumb\",\"itemListElement\":[{\"@type\":\"ListItem\",\"position\":1,\"name\":\"Accueil\",\"item\":\"https:\/\/en3s.fr\/secudoc\/\"},{\"@type\":\"ListItem\",\"position\":2,\"name\":\"Produits documentaires\",\"item\":\"https:\/\/en3s.fr\/secudoc\/produits-documentaires\/\"},{\"@type\":\"ListItem\",\"position\":3,\"name\":\"Publications EN3S\",\"item\":\"https:\/\/en3s.fr\/secudoc\/produits-documentaires\/publications-en3s\/\"},{\"@type\":\"ListItem\",\"position\":4,\"name\":\"Cybers\u00e9curit\u00e9\u00a0: quels enjeux pour les directions des organismes de S\u00e9curit\u00e9 sociale\u00a0?\"}]},{\"@type\":\"WebSite\",\"@id\":\"https:\/\/en3s.fr\/secudoc\/#website\",\"url\":\"https:\/\/en3s.fr\/secudoc\/\",\"name\":\"S\u00e9cu Doc\",\"description\":\"Centre de ressources de la S\u00e9curit\u00e9 sociale\",\"potentialAction\":[{\"@type\":\"SearchAction\",\"target\":{\"@type\":\"EntryPoint\",\"urlTemplate\":\"https:\/\/en3s.fr\/secudoc\/?s={search_term_string}\"},\"query-input\":{\"@type\":\"PropertyValueSpecification\",\"valueRequired\":true,\"valueName\":\"search_term_string\"}}],\"inLanguage\":\"fr-FR\"}]}<\/script>\n<!-- \/ Yoast SEO plugin. -->","yoast_head_json":{"title":"Cybers\u00e9curit\u00e9\u00a0: quels enjeux pour les directions des organismes de S\u00e9curit\u00e9 sociale\u00a0? - S\u00e9cu Doc","description":"\u00ab Les acteurs malveillants poursuivent l\u2019am\u00e9lioration constante de leurs capacit\u00e9s \u00e0 des fins de gain financier, d\u2019espionnage et de d\u00e9stabilisation \u00bb.","robots":{"index":"index","follow":"follow","max-snippet":"max-snippet:-1","max-image-preview":"max-image-preview:large","max-video-preview":"max-video-preview:-1"},"canonical":"https:\/\/en3s.fr\/secudoc\/produits-documentaires\/publications-en3s\/cybersecurite-quels-enjeux-pour-les-directions-des-organismes-de-securite-sociale\/","og_locale":"fr_FR","og_type":"article","og_title":"Cybers\u00e9curit\u00e9\u00a0: quels enjeux pour les directions des organismes de S\u00e9curit\u00e9 sociale\u00a0? - S\u00e9cu Doc","og_description":"\u00ab Les acteurs malveillants poursuivent l\u2019am\u00e9lioration constante de leurs capacit\u00e9s \u00e0 des fins de gain financier, d\u2019espionnage et de d\u00e9stabilisation \u00bb.","og_url":"https:\/\/en3s.fr\/secudoc\/produits-documentaires\/publications-en3s\/cybersecurite-quels-enjeux-pour-les-directions-des-organismes-de-securite-sociale\/","og_site_name":"S\u00e9cu Doc","twitter_card":"summary_large_image","twitter_misc":{"Dur\u00e9e de lecture estim\u00e9e":"1 minute"},"schema":{"@context":"https:\/\/schema.org","@graph":[{"@type":"WebPage","@id":"https:\/\/en3s.fr\/secudoc\/produits-documentaires\/publications-en3s\/cybersecurite-quels-enjeux-pour-les-directions-des-organismes-de-securite-sociale\/","url":"https:\/\/en3s.fr\/secudoc\/produits-documentaires\/publications-en3s\/cybersecurite-quels-enjeux-pour-les-directions-des-organismes-de-securite-sociale\/","name":"Cybers\u00e9curit\u00e9\u00a0: quels enjeux pour les directions des organismes de S\u00e9curit\u00e9 sociale\u00a0? - S\u00e9cu Doc","isPartOf":{"@id":"https:\/\/en3s.fr\/secudoc\/#website"},"datePublished":"2024-03-07T15:19:39+00:00","description":"\u00ab Les acteurs malveillants poursuivent l\u2019am\u00e9lioration constante de leurs capacit\u00e9s \u00e0 des fins de gain financier, d\u2019espionnage et de d\u00e9stabilisation \u00bb.","breadcrumb":{"@id":"https:\/\/en3s.fr\/secudoc\/produits-documentaires\/publications-en3s\/cybersecurite-quels-enjeux-pour-les-directions-des-organismes-de-securite-sociale\/#breadcrumb"},"inLanguage":"fr-FR","potentialAction":[{"@type":"ReadAction","target":["https:\/\/en3s.fr\/secudoc\/produits-documentaires\/publications-en3s\/cybersecurite-quels-enjeux-pour-les-directions-des-organismes-de-securite-sociale\/"]}]},{"@type":"BreadcrumbList","@id":"https:\/\/en3s.fr\/secudoc\/produits-documentaires\/publications-en3s\/cybersecurite-quels-enjeux-pour-les-directions-des-organismes-de-securite-sociale\/#breadcrumb","itemListElement":[{"@type":"ListItem","position":1,"name":"Accueil","item":"https:\/\/en3s.fr\/secudoc\/"},{"@type":"ListItem","position":2,"name":"Produits documentaires","item":"https:\/\/en3s.fr\/secudoc\/produits-documentaires\/"},{"@type":"ListItem","position":3,"name":"Publications EN3S","item":"https:\/\/en3s.fr\/secudoc\/produits-documentaires\/publications-en3s\/"},{"@type":"ListItem","position":4,"name":"Cybers\u00e9curit\u00e9\u00a0: quels enjeux pour les directions des organismes de S\u00e9curit\u00e9 sociale\u00a0?"}]},{"@type":"WebSite","@id":"https:\/\/en3s.fr\/secudoc\/#website","url":"https:\/\/en3s.fr\/secudoc\/","name":"S\u00e9cu Doc","description":"Centre de ressources de la S\u00e9curit\u00e9 sociale","potentialAction":[{"@type":"SearchAction","target":{"@type":"EntryPoint","urlTemplate":"https:\/\/en3s.fr\/secudoc\/?s={search_term_string}"},"query-input":{"@type":"PropertyValueSpecification","valueRequired":true,"valueName":"search_term_string"}}],"inLanguage":"fr-FR"}]}},"_links":{"self":[{"href":"https:\/\/en3s.fr\/secudoc\/wp-json\/wp\/v2\/pages\/4617","targetHints":{"allow":["GET"]}}],"collection":[{"href":"https:\/\/en3s.fr\/secudoc\/wp-json\/wp\/v2\/pages"}],"about":[{"href":"https:\/\/en3s.fr\/secudoc\/wp-json\/wp\/v2\/types\/page"}],"author":[{"embeddable":true,"href":"https:\/\/en3s.fr\/secudoc\/wp-json\/wp\/v2\/users\/42"}],"replies":[{"embeddable":true,"href":"https:\/\/en3s.fr\/secudoc\/wp-json\/wp\/v2\/comments?post=4617"}],"version-history":[{"count":0,"href":"https:\/\/en3s.fr\/secudoc\/wp-json\/wp\/v2\/pages\/4617\/revisions"}],"up":[{"embeddable":true,"href":"https:\/\/en3s.fr\/secudoc\/wp-json\/wp\/v2\/pages\/910"}],"wp:attachment":[{"href":"https:\/\/en3s.fr\/secudoc\/wp-json\/wp\/v2\/media?parent=4617"}],"curies":[{"name":"wp","href":"https:\/\/api.w.org\/{rel}","templated":true}]}}