{"id":4629,"date":"2024-03-07T16:43:32","date_gmt":"2024-03-07T15:43:32","guid":{"rendered":"https:\/\/en3s.fr\/secudoc\/?page_id=4629"},"modified":"2024-03-07T16:43:32","modified_gmt":"2024-03-07T15:43:32","slug":"labsenteisme-dans-les-organismes-de-securite-sociale-strategie-et-outils","status":"publish","type":"page","link":"https:\/\/en3s.fr\/secudoc\/produits-documentaires\/publications-en3s\/labsenteisme-dans-les-organismes-de-securite-sociale-strategie-et-outils\/","title":{"rendered":"L&rsquo;absent\u00e9isme dans les organismes de S\u00e9curit\u00e9 sociale : strat\u00e9gie et outils"},"content":{"rendered":"<blockquote><p><strong>\u00ab L\u2019absent\u00e9isme est un sympt\u00f4me du d\u00e9faut d\u2019attractivit\u00e9 du travail li\u00e9 \u00e0 un mode de management qui est rest\u00e9 taylorien et tr\u00e8s centr\u00e9 sur les proc\u00e9dures \u00bb. Ces mots de Laurent Cappelletti, enseignant \u00e0 l\u2019Institut d\u2019\u00c9tudes Politiques de Paris, font \u00e9cho \u00e0 un contexte global de red\u00e9finition du rapport au travail et de d\u00e9sengagement des salari\u00e9s vis-\u00e0-vis du monde de l\u2019entreprise qui induit une hausse de l\u2019absent\u00e9isme g\u00e9n\u00e9ralis\u00e9e.<\/strong><\/p><\/blockquote>\n<p><iframe loading=\"lazy\" title=\"L\u2019ABSENT\u00c9ISME DANS LES ORGANISMES DE S\u00c9CURIT\u00c9 SOCIALE : STRAT\u00c9GIE ET OUTILS\" width=\"500\" height=\"375\" src=\"https:\/\/www.youtube.com\/embed\/B1dIw4iVGio?feature=oembed\" frameborder=\"0\" allow=\"accelerometer; autoplay; clipboard-write; encrypted-media; gyroscope; picture-in-picture; web-share\" referrerpolicy=\"strict-origin-when-cross-origin\" allowfullscreen><\/iframe><\/p>\n<p style=\"text-align: right\"><a class=\"button\" href=\"https:\/\/www.calameo.com\/read\/00431050471cf10b0e000\" target=\"_blank\" rel=\"noopener\">Retrouvez l&rsquo;int\u00e9gralit\u00e9 du rapport<\/a><\/p>\n","protected":false},"excerpt":{"rendered":"<p>\u00ab L\u2019absent\u00e9isme est un sympt\u00f4me du d\u00e9faut d\u2019attractivit\u00e9 du travail li\u00e9 \u00e0 un mode de management qui est rest\u00e9 taylorien et tr\u00e8s centr\u00e9 sur les proc\u00e9dures \u00bb. Ces mots de Laurent Cappelletti, enseignant \u00e0 l\u2019Institut d\u2019\u00c9tudes Politiques de Paris, font \u00e9cho \u00e0 un contexte global de red\u00e9finition du rapport au travail et de d\u00e9sengagement des [&hellip;]<\/p>\n","protected":false},"author":42,"featured_media":0,"parent":910,"menu_order":0,"comment_status":"closed","ping_status":"closed","template":"","meta":{"ngg_post_thumbnail":0,"footnotes":""},"class_list":["post-4629","page","type-page","status-publish","hentry"],"yoast_head":"<!-- This site is optimized with the Yoast SEO plugin v24.9 - https:\/\/yoast.com\/wordpress\/plugins\/seo\/ -->\n<title>L&#039;absent\u00e9isme dans les organismes de S\u00e9curit\u00e9 sociale : strat\u00e9gie et outils - S\u00e9cu Doc<\/title>\n<meta name=\"description\" content=\"\u00ab L\u2019absent\u00e9isme est un sympt\u00f4me du d\u00e9faut d\u2019attractivit\u00e9 du travail li\u00e9 \u00e0 un mode de management qui est rest\u00e9 taylorien et tr\u00e8s centr\u00e9 sur les proc\u00e9dures\" \/>\n<meta name=\"robots\" content=\"index, follow, max-snippet:-1, max-image-preview:large, max-video-preview:-1\" \/>\n<link rel=\"canonical\" href=\"https:\/\/en3s.fr\/secudoc\/produits-documentaires\/publications-en3s\/labsenteisme-dans-les-organismes-de-securite-sociale-strategie-et-outils\/\" \/>\n<meta property=\"og:locale\" content=\"fr_FR\" \/>\n<meta property=\"og:type\" content=\"article\" \/>\n<meta property=\"og:title\" content=\"L&#039;absent\u00e9isme dans les organismes de S\u00e9curit\u00e9 sociale : strat\u00e9gie et outils - S\u00e9cu Doc\" \/>\n<meta property=\"og:description\" content=\"\u00ab L\u2019absent\u00e9isme est un sympt\u00f4me du d\u00e9faut d\u2019attractivit\u00e9 du travail li\u00e9 \u00e0 un mode de management qui est rest\u00e9 taylorien et tr\u00e8s centr\u00e9 sur les proc\u00e9dures\" \/>\n<meta property=\"og:url\" content=\"https:\/\/en3s.fr\/secudoc\/produits-documentaires\/publications-en3s\/labsenteisme-dans-les-organismes-de-securite-sociale-strategie-et-outils\/\" \/>\n<meta property=\"og:site_name\" content=\"S\u00e9cu Doc\" \/>\n<meta name=\"twitter:card\" content=\"summary_large_image\" \/>\n<meta name=\"twitter:label1\" content=\"Dur\u00e9e de lecture estim\u00e9e\" \/>\n\t<meta name=\"twitter:data1\" content=\"1 minute\" \/>\n<script type=\"application\/ld+json\" class=\"yoast-schema-graph\">{\"@context\":\"https:\/\/schema.org\",\"@graph\":[{\"@type\":\"WebPage\",\"@id\":\"https:\/\/en3s.fr\/secudoc\/produits-documentaires\/publications-en3s\/labsenteisme-dans-les-organismes-de-securite-sociale-strategie-et-outils\/\",\"url\":\"https:\/\/en3s.fr\/secudoc\/produits-documentaires\/publications-en3s\/labsenteisme-dans-les-organismes-de-securite-sociale-strategie-et-outils\/\",\"name\":\"L'absent\u00e9isme dans les organismes de S\u00e9curit\u00e9 sociale : strat\u00e9gie et outils - S\u00e9cu Doc\",\"isPartOf\":{\"@id\":\"https:\/\/en3s.fr\/secudoc\/#website\"},\"datePublished\":\"2024-03-07T15:43:32+00:00\",\"description\":\"\u00ab L\u2019absent\u00e9isme est un sympt\u00f4me du d\u00e9faut d\u2019attractivit\u00e9 du travail li\u00e9 \u00e0 un mode de management qui est rest\u00e9 taylorien et tr\u00e8s centr\u00e9 sur les proc\u00e9dures\",\"breadcrumb\":{\"@id\":\"https:\/\/en3s.fr\/secudoc\/produits-documentaires\/publications-en3s\/labsenteisme-dans-les-organismes-de-securite-sociale-strategie-et-outils\/#breadcrumb\"},\"inLanguage\":\"fr-FR\",\"potentialAction\":[{\"@type\":\"ReadAction\",\"target\":[\"https:\/\/en3s.fr\/secudoc\/produits-documentaires\/publications-en3s\/labsenteisme-dans-les-organismes-de-securite-sociale-strategie-et-outils\/\"]}]},{\"@type\":\"BreadcrumbList\",\"@id\":\"https:\/\/en3s.fr\/secudoc\/produits-documentaires\/publications-en3s\/labsenteisme-dans-les-organismes-de-securite-sociale-strategie-et-outils\/#breadcrumb\",\"itemListElement\":[{\"@type\":\"ListItem\",\"position\":1,\"name\":\"Accueil\",\"item\":\"https:\/\/en3s.fr\/secudoc\/\"},{\"@type\":\"ListItem\",\"position\":2,\"name\":\"Produits documentaires\",\"item\":\"https:\/\/en3s.fr\/secudoc\/produits-documentaires\/\"},{\"@type\":\"ListItem\",\"position\":3,\"name\":\"Publications EN3S\",\"item\":\"https:\/\/en3s.fr\/secudoc\/produits-documentaires\/publications-en3s\/\"},{\"@type\":\"ListItem\",\"position\":4,\"name\":\"L&rsquo;absent\u00e9isme dans les organismes de S\u00e9curit\u00e9 sociale : strat\u00e9gie et outils\"}]},{\"@type\":\"WebSite\",\"@id\":\"https:\/\/en3s.fr\/secudoc\/#website\",\"url\":\"https:\/\/en3s.fr\/secudoc\/\",\"name\":\"S\u00e9cu Doc\",\"description\":\"Centre de ressources de la S\u00e9curit\u00e9 sociale\",\"potentialAction\":[{\"@type\":\"SearchAction\",\"target\":{\"@type\":\"EntryPoint\",\"urlTemplate\":\"https:\/\/en3s.fr\/secudoc\/?s={search_term_string}\"},\"query-input\":{\"@type\":\"PropertyValueSpecification\",\"valueRequired\":true,\"valueName\":\"search_term_string\"}}],\"inLanguage\":\"fr-FR\"}]}<\/script>\n<!-- \/ Yoast SEO plugin. -->","yoast_head_json":{"title":"L'absent\u00e9isme dans les organismes de S\u00e9curit\u00e9 sociale : strat\u00e9gie et outils - S\u00e9cu Doc","description":"\u00ab L\u2019absent\u00e9isme est un sympt\u00f4me du d\u00e9faut d\u2019attractivit\u00e9 du travail li\u00e9 \u00e0 un mode de management qui est rest\u00e9 taylorien et tr\u00e8s centr\u00e9 sur les proc\u00e9dures","robots":{"index":"index","follow":"follow","max-snippet":"max-snippet:-1","max-image-preview":"max-image-preview:large","max-video-preview":"max-video-preview:-1"},"canonical":"https:\/\/en3s.fr\/secudoc\/produits-documentaires\/publications-en3s\/labsenteisme-dans-les-organismes-de-securite-sociale-strategie-et-outils\/","og_locale":"fr_FR","og_type":"article","og_title":"L'absent\u00e9isme dans les organismes de S\u00e9curit\u00e9 sociale : strat\u00e9gie et outils - S\u00e9cu Doc","og_description":"\u00ab L\u2019absent\u00e9isme est un sympt\u00f4me du d\u00e9faut d\u2019attractivit\u00e9 du travail li\u00e9 \u00e0 un mode de management qui est rest\u00e9 taylorien et tr\u00e8s centr\u00e9 sur les proc\u00e9dures","og_url":"https:\/\/en3s.fr\/secudoc\/produits-documentaires\/publications-en3s\/labsenteisme-dans-les-organismes-de-securite-sociale-strategie-et-outils\/","og_site_name":"S\u00e9cu Doc","twitter_card":"summary_large_image","twitter_misc":{"Dur\u00e9e de lecture estim\u00e9e":"1 minute"},"schema":{"@context":"https:\/\/schema.org","@graph":[{"@type":"WebPage","@id":"https:\/\/en3s.fr\/secudoc\/produits-documentaires\/publications-en3s\/labsenteisme-dans-les-organismes-de-securite-sociale-strategie-et-outils\/","url":"https:\/\/en3s.fr\/secudoc\/produits-documentaires\/publications-en3s\/labsenteisme-dans-les-organismes-de-securite-sociale-strategie-et-outils\/","name":"L'absent\u00e9isme dans les organismes de S\u00e9curit\u00e9 sociale : strat\u00e9gie et outils - S\u00e9cu Doc","isPartOf":{"@id":"https:\/\/en3s.fr\/secudoc\/#website"},"datePublished":"2024-03-07T15:43:32+00:00","description":"\u00ab L\u2019absent\u00e9isme est un sympt\u00f4me du d\u00e9faut d\u2019attractivit\u00e9 du travail li\u00e9 \u00e0 un mode de management qui est rest\u00e9 taylorien et tr\u00e8s centr\u00e9 sur les proc\u00e9dures","breadcrumb":{"@id":"https:\/\/en3s.fr\/secudoc\/produits-documentaires\/publications-en3s\/labsenteisme-dans-les-organismes-de-securite-sociale-strategie-et-outils\/#breadcrumb"},"inLanguage":"fr-FR","potentialAction":[{"@type":"ReadAction","target":["https:\/\/en3s.fr\/secudoc\/produits-documentaires\/publications-en3s\/labsenteisme-dans-les-organismes-de-securite-sociale-strategie-et-outils\/"]}]},{"@type":"BreadcrumbList","@id":"https:\/\/en3s.fr\/secudoc\/produits-documentaires\/publications-en3s\/labsenteisme-dans-les-organismes-de-securite-sociale-strategie-et-outils\/#breadcrumb","itemListElement":[{"@type":"ListItem","position":1,"name":"Accueil","item":"https:\/\/en3s.fr\/secudoc\/"},{"@type":"ListItem","position":2,"name":"Produits documentaires","item":"https:\/\/en3s.fr\/secudoc\/produits-documentaires\/"},{"@type":"ListItem","position":3,"name":"Publications EN3S","item":"https:\/\/en3s.fr\/secudoc\/produits-documentaires\/publications-en3s\/"},{"@type":"ListItem","position":4,"name":"L&rsquo;absent\u00e9isme dans les organismes de S\u00e9curit\u00e9 sociale : strat\u00e9gie et outils"}]},{"@type":"WebSite","@id":"https:\/\/en3s.fr\/secudoc\/#website","url":"https:\/\/en3s.fr\/secudoc\/","name":"S\u00e9cu Doc","description":"Centre de ressources de la S\u00e9curit\u00e9 sociale","potentialAction":[{"@type":"SearchAction","target":{"@type":"EntryPoint","urlTemplate":"https:\/\/en3s.fr\/secudoc\/?s={search_term_string}"},"query-input":{"@type":"PropertyValueSpecification","valueRequired":true,"valueName":"search_term_string"}}],"inLanguage":"fr-FR"}]}},"_links":{"self":[{"href":"https:\/\/en3s.fr\/secudoc\/wp-json\/wp\/v2\/pages\/4629","targetHints":{"allow":["GET"]}}],"collection":[{"href":"https:\/\/en3s.fr\/secudoc\/wp-json\/wp\/v2\/pages"}],"about":[{"href":"https:\/\/en3s.fr\/secudoc\/wp-json\/wp\/v2\/types\/page"}],"author":[{"embeddable":true,"href":"https:\/\/en3s.fr\/secudoc\/wp-json\/wp\/v2\/users\/42"}],"replies":[{"embeddable":true,"href":"https:\/\/en3s.fr\/secudoc\/wp-json\/wp\/v2\/comments?post=4629"}],"version-history":[{"count":0,"href":"https:\/\/en3s.fr\/secudoc\/wp-json\/wp\/v2\/pages\/4629\/revisions"}],"up":[{"embeddable":true,"href":"https:\/\/en3s.fr\/secudoc\/wp-json\/wp\/v2\/pages\/910"}],"wp:attachment":[{"href":"https:\/\/en3s.fr\/secudoc\/wp-json\/wp\/v2\/media?parent=4629"}],"curies":[{"name":"wp","href":"https:\/\/api.w.org\/{rel}","templated":true}]}}