{"id":725,"date":"2018-08-22T11:55:58","date_gmt":"2018-08-22T09:55:58","guid":{"rendered":"https:\/\/en3s.fr\/secudoc\/?page_id=725"},"modified":"2018-08-22T12:31:23","modified_gmt":"2018-08-22T10:31:23","slug":"newsletter-actualites-de-len3s","status":"publish","type":"page","link":"https:\/\/en3s.fr\/secudoc\/newsletter-actualites-de-len3s\/","title":{"rendered":"Newsletter Actualit\u00e9s de l&rsquo;EN3S"},"content":{"rendered":"                    <script type=\"text\/javascript\">\n                        var onloadSibCallback = function () {\n                            jQuery('.g-recaptcha').each(function (index, el) {\n                                grecaptcha.render(el, {\n                                    'sitekey': jQuery(el).attr('data-sitekey')\n                                });\n                            });\n                        };\n                    <\/script>\n\t\t\t\t\t                <script src=\"https:\/\/www.google.com\/recaptcha\/api.js?onload=onloadSibCallback&render=explicit\" async defer><\/script>\n\t\t\t\t\n\t\t\t<form id=\"sib_signup_form_1\" method=\"post\" class=\"sib_signup_form\">\n\t\t\t\t<div class=\"sib_loader\" style=\"display:none;\"><img\n\t\t\t\t\t\t\tsrc=\"https:\/\/en3s.fr\/secudoc\/wp-includes\/images\/spinner.gif\" alt=\"loader\"><\/div>\n\t\t\t\t<input type=\"hidden\" name=\"sib_form_action\" value=\"subscribe_form_submit\">\n\t\t\t\t<input type=\"hidden\" name=\"sib_form_id\" value=\"1\">\n                <input type=\"hidden\" name=\"sib_form_alert_notice\" value=\"Ce champs est requis\">\n                <input type=\"hidden\" name=\"sib_form_invalid_email_notice\" value=\"Cette adresse email n&#039;est pas valide\">\n                <input type=\"hidden\" name=\"sib_security\" value=\"ba0b03e433\">\n\t\t\t\t<div class=\"sib_signup_box_inside_1\">\n\t\t\t\t\t<div style=\"\/*display:none*\/\" class=\"sib_msg_disp\">\n\t\t\t\t\t<\/div>\n                    \t\t\t\t\t<div class=\"form\">\r\n    <div class=\"formGroup\">\r\n        <input type=\"email\" class=\"sib-email-area\" name=\"email\" required=\"required\">\r\n        <label class=\"formGroupLabel\">E-mail*<\/label>\r\n    <\/div>\r\n    <div class=\"formGroup sib-NOM-area\">\r\n        <input type=\"text\" class=\"sib-NAME-area\" name=\"NOM\" required=\"required\">\r\n        <label class=\"formGroupLabel\">Nom*<\/label>\r\n    <\/div>\r\n    <div class=\"formGroup formGroup--textarea sib-PRENOM-area\">\r\n        <input type=\"text\" class=\"sib-NAME-area\" name=\"PRENOM\" required=\"required\">\r\n        <label class=\"formGroupLabel\">Pr\u00e9nom*<\/label>\r\n    <\/div>\r\n    <div class=\"formGroup formGroup--checkbox\">\r\n    <input type=\"checkbox\" id=\"terms\" name=\"terms\" required=\"required\"><label for=\"terms\">En cochant cette case, vous consentez \u00e0 recevoir notre newsletter et vous reconnaissez avoir pris connaissance de notre Politique de protection des donn\u00e9es personnelles accessibles <a href=\"https:\/\/en3s.fr\/secudoc\/politique-de-confidentialite\/\" target=\"_blank\">ici<\/a> <\/label>\r\n<\/div>\r\n    <div class=\"formGroup\" id=\"sib_captcha\" data-sitekey=\"6Leb0V4UAAAAAIHl_KZImgVCkh_lJsmcOZCSZ1LC\"><\/div>\r\n    <div class=\"formGroup\">\r\n        <button type=\"submit\" class=\"button\" name=\"submit\">S'inscrire<\/button>\r\n    <\/div>\r\n<\/div>\t\t\t\t<\/div>\n\t\t\t<\/form>\n\t\t\t<style>\n\t\t\t\tform#sib_signup_form_1 p.sib-alert-message {\n    padding: 6px 12px;\n    margin-bottom: 20px;\n    border: 1px solid transparent;\n    border-radius: 4px;\n    -webkit-box-sizing: border-box;\n    -moz-box-sizing: border-box;\n    box-sizing: border-box;\n}\nform#sib_signup_form_1 p.sib-alert-message-error {\n    background-color: #f2dede;\n    border-color: #ebccd1;\n    color: #a94442;\n}\nform#sib_signup_form_1 p.sib-alert-message-success {\n    background-color: #dff0d8;\n    border-color: #d6e9c6;\n    color: #3c763d;\n}\nform#sib_signup_form_1 p.sib-alert-message-warning {\n    background-color: #fcf8e3;\n    border-color: #faebcc;\n    color: #8a6d3b;\n}\n\t\t\t<\/style>\n\t\t\t\n","protected":false},"excerpt":{"rendered":"","protected":false},"author":1,"featured_media":0,"parent":0,"menu_order":100,"comment_status":"closed","ping_status":"closed","template":"","meta":{"ngg_post_thumbnail":0,"footnotes":""},"class_list":["post-725","page","type-page","status-publish","hentry"],"yoast_head":"<!-- This site is optimized with the Yoast SEO plugin v24.9 - https:\/\/yoast.com\/wordpress\/plugins\/seo\/ -->\n<title>Newsletter Actualit\u00e9s de l&#039;EN3S - S\u00e9cu Doc<\/title>\n<meta name=\"robots\" content=\"index, follow, max-snippet:-1, max-image-preview:large, max-video-preview:-1\" \/>\n<link rel=\"canonical\" href=\"https:\/\/en3s.fr\/secudoc\/newsletter-actualites-de-len3s\/\" \/>\n<meta property=\"og:locale\" content=\"fr_FR\" \/>\n<meta property=\"og:type\" content=\"article\" \/>\n<meta property=\"og:title\" content=\"Newsletter Actualit\u00e9s de l&#039;EN3S - S\u00e9cu Doc\" \/>\n<meta property=\"og:url\" content=\"https:\/\/en3s.fr\/secudoc\/newsletter-actualites-de-len3s\/\" \/>\n<meta property=\"og:site_name\" content=\"S\u00e9cu Doc\" \/>\n<meta property=\"article:modified_time\" content=\"2018-08-22T10:31:23+00:00\" \/>\n<meta name=\"twitter:card\" content=\"summary_large_image\" \/>\n<script type=\"application\/ld+json\" class=\"yoast-schema-graph\">{\"@context\":\"https:\/\/schema.org\",\"@graph\":[{\"@type\":\"WebPage\",\"@id\":\"https:\/\/en3s.fr\/secudoc\/newsletter-actualites-de-len3s\/\",\"url\":\"https:\/\/en3s.fr\/secudoc\/newsletter-actualites-de-len3s\/\",\"name\":\"Newsletter Actualit\u00e9s de l'EN3S - S\u00e9cu Doc\",\"isPartOf\":{\"@id\":\"https:\/\/en3s.fr\/secudoc\/#website\"},\"datePublished\":\"2018-08-22T09:55:58+00:00\",\"dateModified\":\"2018-08-22T10:31:23+00:00\",\"breadcrumb\":{\"@id\":\"https:\/\/en3s.fr\/secudoc\/newsletter-actualites-de-len3s\/#breadcrumb\"},\"inLanguage\":\"fr-FR\",\"potentialAction\":[{\"@type\":\"ReadAction\",\"target\":[\"https:\/\/en3s.fr\/secudoc\/newsletter-actualites-de-len3s\/\"]}]},{\"@type\":\"BreadcrumbList\",\"@id\":\"https:\/\/en3s.fr\/secudoc\/newsletter-actualites-de-len3s\/#breadcrumb\",\"itemListElement\":[{\"@type\":\"ListItem\",\"position\":1,\"name\":\"Accueil\",\"item\":\"https:\/\/en3s.fr\/secudoc\/\"},{\"@type\":\"ListItem\",\"position\":2,\"name\":\"Newsletter Actualit\u00e9s de l&rsquo;EN3S\"}]},{\"@type\":\"WebSite\",\"@id\":\"https:\/\/en3s.fr\/secudoc\/#website\",\"url\":\"https:\/\/en3s.fr\/secudoc\/\",\"name\":\"S\u00e9cu Doc\",\"description\":\"Centre de ressources de la S\u00e9curit\u00e9 sociale\",\"potentialAction\":[{\"@type\":\"SearchAction\",\"target\":{\"@type\":\"EntryPoint\",\"urlTemplate\":\"https:\/\/en3s.fr\/secudoc\/?s={search_term_string}\"},\"query-input\":{\"@type\":\"PropertyValueSpecification\",\"valueRequired\":true,\"valueName\":\"search_term_string\"}}],\"inLanguage\":\"fr-FR\"}]}<\/script>\n<!-- \/ Yoast SEO plugin. -->","yoast_head_json":{"title":"Newsletter Actualit\u00e9s de l'EN3S - S\u00e9cu Doc","robots":{"index":"index","follow":"follow","max-snippet":"max-snippet:-1","max-image-preview":"max-image-preview:large","max-video-preview":"max-video-preview:-1"},"canonical":"https:\/\/en3s.fr\/secudoc\/newsletter-actualites-de-len3s\/","og_locale":"fr_FR","og_type":"article","og_title":"Newsletter Actualit\u00e9s de l'EN3S - S\u00e9cu Doc","og_url":"https:\/\/en3s.fr\/secudoc\/newsletter-actualites-de-len3s\/","og_site_name":"S\u00e9cu Doc","article_modified_time":"2018-08-22T10:31:23+00:00","twitter_card":"summary_large_image","schema":{"@context":"https:\/\/schema.org","@graph":[{"@type":"WebPage","@id":"https:\/\/en3s.fr\/secudoc\/newsletter-actualites-de-len3s\/","url":"https:\/\/en3s.fr\/secudoc\/newsletter-actualites-de-len3s\/","name":"Newsletter Actualit\u00e9s de l'EN3S - S\u00e9cu Doc","isPartOf":{"@id":"https:\/\/en3s.fr\/secudoc\/#website"},"datePublished":"2018-08-22T09:55:58+00:00","dateModified":"2018-08-22T10:31:23+00:00","breadcrumb":{"@id":"https:\/\/en3s.fr\/secudoc\/newsletter-actualites-de-len3s\/#breadcrumb"},"inLanguage":"fr-FR","potentialAction":[{"@type":"ReadAction","target":["https:\/\/en3s.fr\/secudoc\/newsletter-actualites-de-len3s\/"]}]},{"@type":"BreadcrumbList","@id":"https:\/\/en3s.fr\/secudoc\/newsletter-actualites-de-len3s\/#breadcrumb","itemListElement":[{"@type":"ListItem","position":1,"name":"Accueil","item":"https:\/\/en3s.fr\/secudoc\/"},{"@type":"ListItem","position":2,"name":"Newsletter Actualit\u00e9s de l&rsquo;EN3S"}]},{"@type":"WebSite","@id":"https:\/\/en3s.fr\/secudoc\/#website","url":"https:\/\/en3s.fr\/secudoc\/","name":"S\u00e9cu Doc","description":"Centre de ressources de la S\u00e9curit\u00e9 sociale","potentialAction":[{"@type":"SearchAction","target":{"@type":"EntryPoint","urlTemplate":"https:\/\/en3s.fr\/secudoc\/?s={search_term_string}"},"query-input":{"@type":"PropertyValueSpecification","valueRequired":true,"valueName":"search_term_string"}}],"inLanguage":"fr-FR"}]}},"_links":{"self":[{"href":"https:\/\/en3s.fr\/secudoc\/wp-json\/wp\/v2\/pages\/725","targetHints":{"allow":["GET"]}}],"collection":[{"href":"https:\/\/en3s.fr\/secudoc\/wp-json\/wp\/v2\/pages"}],"about":[{"href":"https:\/\/en3s.fr\/secudoc\/wp-json\/wp\/v2\/types\/page"}],"author":[{"embeddable":true,"href":"https:\/\/en3s.fr\/secudoc\/wp-json\/wp\/v2\/users\/1"}],"replies":[{"embeddable":true,"href":"https:\/\/en3s.fr\/secudoc\/wp-json\/wp\/v2\/comments?post=725"}],"version-history":[{"count":0,"href":"https:\/\/en3s.fr\/secudoc\/wp-json\/wp\/v2\/pages\/725\/revisions"}],"wp:attachment":[{"href":"https:\/\/en3s.fr\/secudoc\/wp-json\/wp\/v2\/media?parent=725"}],"curies":[{"name":"wp","href":"https:\/\/api.w.org\/{rel}","templated":true}]}}