{"id":731,"date":"2018-08-22T12:01:17","date_gmt":"2018-08-22T10:01:17","guid":{"rendered":"https:\/\/en3s.fr\/secudoc\/?page_id=731"},"modified":"2018-11-15T17:44:16","modified_gmt":"2018-11-15T16:44:16","slug":"newsletter-veille-secudoc","status":"publish","type":"page","link":"https:\/\/en3s.fr\/secudoc\/newsletter-veille-secudoc\/","title":{"rendered":"Newsletter Veille S\u00e9cuDoc"},"content":{"rendered":"<p>La Veille S\u00e9cuDoc est r\u00e9serv\u00e9e aux publics en formation \u00e0 l\u2019EN3S et aux professionnels des organismes de S\u00e9curit\u00e9 sociale. Toute demande d&rsquo;inscription d\u00e9pos\u00e9e fera l&rsquo;objet d&rsquo;une validation pr\u00e9alable par le centre de documentation de l&rsquo;EN3S.<\/p>\n                    <script type=\"text\/javascript\">\n                        var onloadSibCallback = function () {\n                            jQuery('.g-recaptcha').each(function (index, el) {\n                                grecaptcha.render(el, {\n                                    'sitekey': jQuery(el).attr('data-sitekey')\n                                });\n                            });\n                        };\n                    <\/script>\n\t\t\t\t\t                <script src=\"https:\/\/www.google.com\/recaptcha\/api.js?onload=onloadSibCallback&render=explicit\" async defer><\/script>\n\t\t\t\t\n\t\t\t<form id=\"sib_signup_form_4\" method=\"post\" class=\"sib_signup_form\">\n\t\t\t\t<div class=\"sib_loader\" style=\"display:none;\"><img\n\t\t\t\t\t\t\tsrc=\"https:\/\/en3s.fr\/secudoc\/wp-includes\/images\/spinner.gif\" alt=\"loader\"><\/div>\n\t\t\t\t<input type=\"hidden\" name=\"sib_form_action\" value=\"subscribe_form_submit\">\n\t\t\t\t<input type=\"hidden\" name=\"sib_form_id\" value=\"4\">\n                <input type=\"hidden\" name=\"sib_form_alert_notice\" value=\"Ce champs est requis\">\n                <input type=\"hidden\" name=\"sib_form_invalid_email_notice\" value=\"Cette adresse email n&#039;est pas valide\">\n                <input type=\"hidden\" name=\"sib_security\" value=\"80f159b7fa\">\n\t\t\t\t<div class=\"sib_signup_box_inside_4\">\n\t\t\t\t\t<div style=\"\/*display:none*\/\" class=\"sib_msg_disp\">\n\t\t\t\t\t<\/div>\n                    \t\t\t\t\t<div class=\"form\">\r\n    <div class=\"formGroup\">\r\n        <input type=\"email\" class=\"sib-email-area\" name=\"email\" required=\"required\">\r\n        <label class=\"formGroupLabel\">E-mail*<\/label>\r\n    <\/div>\r\n    <div class=\"formGroup sib-NOM-area\">\r\n        <input type=\"text\" class=\"sib-NAME-area\" name=\"NOM\" required=\"required\">\r\n        <label class=\"formGroupLabel\">Nom*<\/label>\r\n    <\/div>\r\n    <div class=\"formGroup formGroup--textarea sib-PRENOM-area\">\r\n        <input type=\"text\" class=\"sib-NAME-area\" name=\"PRENOM\" required=\"required\">\r\n        <label class=\"formGroupLabel\">Pr\u00e9nom*<\/label>\r\n    <\/div>\r\n    <div class=\"formGroup formGroup--checkbox\">\r\n    <input type=\"checkbox\" id=\"terms\" name=\"terms\" required=\"required\"><label for=\"terms\">En cochant cette case, vous consentez \u00e0 recevoir notre newsletter et vous reconnaissez avoir pris connaissance de notre Politique de protection des donn\u00e9es personnelles accessibles <a href=\"https:\/\/en3s.fr\/secudoc\/politique-de-confidentialite\/\" target=\"_blank\">ici<\/a> <\/label>\r\n<\/div>\r\n    <div class=\"formGroup\" id=\"sib_captcha\" data-sitekey=\"6Leb0V4UAAAAAIHl_KZImgVCkh_lJsmcOZCSZ1LC\"><\/div>\r\n    <div class=\"formGroup\">\r\n        <button type=\"submit\" class=\"button\" name=\"submit\">S'inscrire<\/button>\r\n    <\/div>\r\n<\/div>\t\t\t\t<\/div>\n\t\t\t<\/form>\n\t\t\t<style>\n\t\t\t\tform#sib_signup_form_4 p.sib-alert-message {\n    padding: 6px 12px;\n    margin-bottom: 20px;\n    border: 1px solid transparent;\n    border-radius: 4px;\n    -webkit-box-sizing: border-box;\n    -moz-box-sizing: border-box;\n    box-sizing: border-box;\n}\nform#sib_signup_form_4 p.sib-alert-message-error {\n    background-color: #f2dede;\n    border-color: #ebccd1;\n    color: #a94442;\n}\nform#sib_signup_form_4 p.sib-alert-message-success {\n    background-color: #dff0d8;\n    border-color: #d6e9c6;\n    color: #3c763d;\n}\nform#sib_signup_form_4 p.sib-alert-message-warning {\n    background-color: #fcf8e3;\n    border-color: #faebcc;\n    color: #8a6d3b;\n}\n\t\t\t<\/style>\n\t\t\t\n","protected":false},"excerpt":{"rendered":"<p>La Veille S\u00e9cuDoc est r\u00e9serv\u00e9e aux publics en formation \u00e0 l\u2019EN3S et aux professionnels des organismes de S\u00e9curit\u00e9 sociale. Toute demande d&rsquo;inscription d\u00e9pos\u00e9e fera l&rsquo;objet d&rsquo;une validation pr\u00e9alable par le centre de documentation de l&rsquo;EN3S.<\/p>\n","protected":false},"author":1,"featured_media":0,"parent":0,"menu_order":130,"comment_status":"closed","ping_status":"closed","template":"","meta":{"ngg_post_thumbnail":0,"footnotes":""},"class_list":["post-731","page","type-page","status-publish","hentry"],"yoast_head":"<!-- This site is optimized with the Yoast SEO plugin v24.9 - https:\/\/yoast.com\/wordpress\/plugins\/seo\/ -->\n<title>Newsletter Veille S\u00e9cuDoc - S\u00e9cu Doc<\/title>\n<meta name=\"description\" content=\"La Veille S\u00e9cuDoc est r\u00e9serv\u00e9e aux publics en formation \u00e0 l\u2019EN3S et aux professionnels des organismes de S\u00e9curit\u00e9 sociale. Toute demande d&#039;inscription\" \/>\n<meta name=\"robots\" content=\"index, follow, max-snippet:-1, max-image-preview:large, max-video-preview:-1\" \/>\n<link rel=\"canonical\" href=\"https:\/\/en3s.fr\/secudoc\/newsletter-veille-secudoc\/\" \/>\n<meta property=\"og:locale\" content=\"fr_FR\" \/>\n<meta property=\"og:type\" content=\"article\" \/>\n<meta property=\"og:title\" content=\"Newsletter Veille S\u00e9cuDoc - S\u00e9cu Doc\" \/>\n<meta property=\"og:description\" content=\"La Veille S\u00e9cuDoc est r\u00e9serv\u00e9e aux publics en formation \u00e0 l\u2019EN3S et aux professionnels des organismes de S\u00e9curit\u00e9 sociale. Toute demande d&#039;inscription\" \/>\n<meta property=\"og:url\" content=\"https:\/\/en3s.fr\/secudoc\/newsletter-veille-secudoc\/\" \/>\n<meta property=\"og:site_name\" content=\"S\u00e9cu Doc\" \/>\n<meta property=\"article:modified_time\" content=\"2018-11-15T16:44:16+00:00\" \/>\n<meta name=\"twitter:card\" content=\"summary_large_image\" \/>\n<script type=\"application\/ld+json\" class=\"yoast-schema-graph\">{\"@context\":\"https:\/\/schema.org\",\"@graph\":[{\"@type\":\"WebPage\",\"@id\":\"https:\/\/en3s.fr\/secudoc\/newsletter-veille-secudoc\/\",\"url\":\"https:\/\/en3s.fr\/secudoc\/newsletter-veille-secudoc\/\",\"name\":\"Newsletter Veille S\u00e9cuDoc - S\u00e9cu Doc\",\"isPartOf\":{\"@id\":\"https:\/\/en3s.fr\/secudoc\/#website\"},\"datePublished\":\"2018-08-22T10:01:17+00:00\",\"dateModified\":\"2018-11-15T16:44:16+00:00\",\"description\":\"La Veille S\u00e9cuDoc est r\u00e9serv\u00e9e aux publics en formation \u00e0 l\u2019EN3S et aux professionnels des organismes de S\u00e9curit\u00e9 sociale. Toute demande d'inscription\",\"breadcrumb\":{\"@id\":\"https:\/\/en3s.fr\/secudoc\/newsletter-veille-secudoc\/#breadcrumb\"},\"inLanguage\":\"fr-FR\",\"potentialAction\":[{\"@type\":\"ReadAction\",\"target\":[\"https:\/\/en3s.fr\/secudoc\/newsletter-veille-secudoc\/\"]}]},{\"@type\":\"BreadcrumbList\",\"@id\":\"https:\/\/en3s.fr\/secudoc\/newsletter-veille-secudoc\/#breadcrumb\",\"itemListElement\":[{\"@type\":\"ListItem\",\"position\":1,\"name\":\"Accueil\",\"item\":\"https:\/\/en3s.fr\/secudoc\/\"},{\"@type\":\"ListItem\",\"position\":2,\"name\":\"Newsletter Veille S\u00e9cuDoc\"}]},{\"@type\":\"WebSite\",\"@id\":\"https:\/\/en3s.fr\/secudoc\/#website\",\"url\":\"https:\/\/en3s.fr\/secudoc\/\",\"name\":\"S\u00e9cu Doc\",\"description\":\"Centre de ressources de la S\u00e9curit\u00e9 sociale\",\"potentialAction\":[{\"@type\":\"SearchAction\",\"target\":{\"@type\":\"EntryPoint\",\"urlTemplate\":\"https:\/\/en3s.fr\/secudoc\/?s={search_term_string}\"},\"query-input\":{\"@type\":\"PropertyValueSpecification\",\"valueRequired\":true,\"valueName\":\"search_term_string\"}}],\"inLanguage\":\"fr-FR\"}]}<\/script>\n<!-- \/ Yoast SEO plugin. -->","yoast_head_json":{"title":"Newsletter Veille S\u00e9cuDoc - S\u00e9cu Doc","description":"La Veille S\u00e9cuDoc est r\u00e9serv\u00e9e aux publics en formation \u00e0 l\u2019EN3S et aux professionnels des organismes de S\u00e9curit\u00e9 sociale. Toute demande d'inscription","robots":{"index":"index","follow":"follow","max-snippet":"max-snippet:-1","max-image-preview":"max-image-preview:large","max-video-preview":"max-video-preview:-1"},"canonical":"https:\/\/en3s.fr\/secudoc\/newsletter-veille-secudoc\/","og_locale":"fr_FR","og_type":"article","og_title":"Newsletter Veille S\u00e9cuDoc - S\u00e9cu Doc","og_description":"La Veille S\u00e9cuDoc est r\u00e9serv\u00e9e aux publics en formation \u00e0 l\u2019EN3S et aux professionnels des organismes de S\u00e9curit\u00e9 sociale. Toute demande d'inscription","og_url":"https:\/\/en3s.fr\/secudoc\/newsletter-veille-secudoc\/","og_site_name":"S\u00e9cu Doc","article_modified_time":"2018-11-15T16:44:16+00:00","twitter_card":"summary_large_image","schema":{"@context":"https:\/\/schema.org","@graph":[{"@type":"WebPage","@id":"https:\/\/en3s.fr\/secudoc\/newsletter-veille-secudoc\/","url":"https:\/\/en3s.fr\/secudoc\/newsletter-veille-secudoc\/","name":"Newsletter Veille S\u00e9cuDoc - S\u00e9cu Doc","isPartOf":{"@id":"https:\/\/en3s.fr\/secudoc\/#website"},"datePublished":"2018-08-22T10:01:17+00:00","dateModified":"2018-11-15T16:44:16+00:00","description":"La Veille S\u00e9cuDoc est r\u00e9serv\u00e9e aux publics en formation \u00e0 l\u2019EN3S et aux professionnels des organismes de S\u00e9curit\u00e9 sociale. Toute demande d'inscription","breadcrumb":{"@id":"https:\/\/en3s.fr\/secudoc\/newsletter-veille-secudoc\/#breadcrumb"},"inLanguage":"fr-FR","potentialAction":[{"@type":"ReadAction","target":["https:\/\/en3s.fr\/secudoc\/newsletter-veille-secudoc\/"]}]},{"@type":"BreadcrumbList","@id":"https:\/\/en3s.fr\/secudoc\/newsletter-veille-secudoc\/#breadcrumb","itemListElement":[{"@type":"ListItem","position":1,"name":"Accueil","item":"https:\/\/en3s.fr\/secudoc\/"},{"@type":"ListItem","position":2,"name":"Newsletter Veille S\u00e9cuDoc"}]},{"@type":"WebSite","@id":"https:\/\/en3s.fr\/secudoc\/#website","url":"https:\/\/en3s.fr\/secudoc\/","name":"S\u00e9cu Doc","description":"Centre de ressources de la S\u00e9curit\u00e9 sociale","potentialAction":[{"@type":"SearchAction","target":{"@type":"EntryPoint","urlTemplate":"https:\/\/en3s.fr\/secudoc\/?s={search_term_string}"},"query-input":{"@type":"PropertyValueSpecification","valueRequired":true,"valueName":"search_term_string"}}],"inLanguage":"fr-FR"}]}},"_links":{"self":[{"href":"https:\/\/en3s.fr\/secudoc\/wp-json\/wp\/v2\/pages\/731","targetHints":{"allow":["GET"]}}],"collection":[{"href":"https:\/\/en3s.fr\/secudoc\/wp-json\/wp\/v2\/pages"}],"about":[{"href":"https:\/\/en3s.fr\/secudoc\/wp-json\/wp\/v2\/types\/page"}],"author":[{"embeddable":true,"href":"https:\/\/en3s.fr\/secudoc\/wp-json\/wp\/v2\/users\/1"}],"replies":[{"embeddable":true,"href":"https:\/\/en3s.fr\/secudoc\/wp-json\/wp\/v2\/comments?post=731"}],"version-history":[{"count":0,"href":"https:\/\/en3s.fr\/secudoc\/wp-json\/wp\/v2\/pages\/731\/revisions"}],"wp:attachment":[{"href":"https:\/\/en3s.fr\/secudoc\/wp-json\/wp\/v2\/media?parent=731"}],"curies":[{"name":"wp","href":"https:\/\/api.w.org\/{rel}","templated":true}]}}