{"id":904,"date":"2018-09-18T09:23:48","date_gmt":"2018-09-18T07:23:48","guid":{"rendered":"https:\/\/en3s.fr\/secudoc\/?page_id=904"},"modified":"2025-01-20T16:18:10","modified_gmt":"2025-01-20T15:18:10","slug":"bibliographies","status":"publish","type":"page","link":"https:\/\/en3s.fr\/secudoc\/produits-documentaires\/bibliographies\/","title":{"rendered":"Bibliographies"},"content":{"rendered":"<h4>Bibliographie concours EN3S<\/h4>\n<ul>\n<li><a href=\"https:\/\/www.calameo.com\/read\/0043105042bee1b628b18\" target=\"_blank\" rel=\"noopener\">Bibliographie des concours d&rsquo;entr\u00e9e \u00e0 l&rsquo;EN3S<\/a><\/li>\n<\/ul>\n<h4>Bibliographies r\u00e9alis\u00e9es pour le cycle de conf\u00e9rences Actualit\u00e9 de la protection sociale (APS) organis\u00e9 par l&rsquo;EN3S :<\/h4>\n<h4><em><strong>Cycle 2022-2023<\/strong><\/em><\/h4>\n<ul>\n<li><a href=\"https:\/\/www.calameo.com\/read\/0043105046e4199648d48?authid=4ndUhQESgEpb\" target=\"_blank\" rel=\"noopener\">L\u2019attractivit\u00e9 des m\u00e9tiers sanitaires et sociaux : quels leviers d\u2019action ?<\/a> (janvier 2023)<\/li>\n<li><a href=\"https:\/\/www.calameo.com\/read\/004310504453e109bbd8a?authid=pvISGBFp4Gtn\" target=\"_blank\" rel=\"noopener\">L\u2019accompagnement : nouveaux enjeux pour les organismes<\/a> (f\u00e9vrier 2023)<\/li>\n<li><a href=\"https:\/\/www.calameo.com\/read\/004310504dae8cbc74318?authid=dS1ZEXcR3TSo\">Long\u00e9vit\u00e9 au travail, pr\u00e9vention et prise en compte de l\u2019usure professionnelle<\/a> (mars 2023)<\/li>\n<li><a href=\"https:\/\/www.calameo.com\/read\/004310504c1e666ce92e7?authid=AxvAWYvSj5wP\" target=\"_blank\" rel=\"noopener\">Pr\u00e9vention et protection sociale : enjeux et perspectives<\/a> (avril 2023)<\/li>\n<li><a href=\"https:\/\/www.calameo.com\/read\/004310504df3a6c9fac57?authid=ve1I5onxzHW7\" target=\"_blank\" rel=\"noopener\">Vie priv\u00e9e et protection sociale \u00e0 l\u2019heure du RGPD<\/a> (mai 2023)<\/li>\n<li><a href=\"https:\/\/www.calameo.com\/read\/0043105041b741fa73d50?authid=YeKM1NHwutWg\" target=\"_blank\" rel=\"noopener\">L\u2019approche populationnelle : territoires, outils, publics<\/a> (juin 2023)<\/li>\n<\/ul>\n<h4><em><strong>Cycle 2023-2024<\/strong><\/em><\/h4>\n<ul>\n<li><a href=\"https:\/\/www.calameo.com\/read\/004310504512b60a8fe78?authid=APg8XNX6OuM9\" target=\"_blank\" rel=\"noopener\">Le sens au travail : enjeu de soci\u00e9t\u00e9, enjeu de management<\/a> (novembre 2023)<\/li>\n<li><a href=\"https:\/\/www.calameo.com\/read\/0043105042de9fb6ab7d1?authid=rYpO39EBrZnG\" target=\"_blank\" rel=\"noopener\">Transition \u00e9cologique et protection sociale : quelles perspectives ?<\/a> (d\u00e9cembre 2023)<\/li>\n<li><a href=\"https:\/\/www.calameo.com\/read\/0043105046224a9fed083?authid=QZKTAvfQQbTo\">Fracture num\u00e9rique et attentes de proximit\u00e9 : quelles r\u00e9ponses ?<\/a> (janvier 2024)<\/li>\n<li><a href=\"https:\/\/www.calameo.com\/read\/00431050409b644e5736d?authid=h4rIUDRzY9mf\">Soins de proximit\u00e9 : quelle(s) organisation(s) pour garantir leur accessibilit\u00e9 ?<\/a> (f\u00e9vrier 2024)<\/li>\n<li><a href=\"https:\/\/www.calameo.com\/read\/0043105040cad64e3c978?authid=8ALYrwkfEEK4\">Nouvelles COG : quelle(s) organisation(s) pour la S\u00e9curit\u00e9 sociale<\/a> (mars 2024)<\/li>\n<li><a href=\"https:\/\/www.calameo.com\/read\/0043105046f8434976abe\">D\u00e9mographie et protection sociale : quelles urgences ?<\/a> (avril 2024)<\/li>\n<li><a href=\"https:\/\/www.calameo.com\/read\/004310504e3262322eeec?authid=8uKvX1eX7Yxx\" target=\"_blank\" rel=\"noopener\">Lutte contre la pauvret\u00e9 des m\u00e9nages et des familles : quelles strat\u00e9gies, quels leviers ?<\/a> (mai 2024)<\/li>\n<li><a href=\"https:\/\/www.calameo.com\/read\/004310504b2aacd44224a?authid=L3B8GCBI4CRy\" target=\"_blank\" rel=\"noopener\">Les fraudes : quelles nouvelles formes ? quelles nouvelles r\u00e9ponses ?<\/a> (juin 2024)<\/li>\n<\/ul>\n<h4>S\u00e9lections th\u00e9matiques du centre de documentation de l&rsquo;EN3S :<\/h4>\n<ul>\n<li><a href=\"https:\/\/www.calameo.com\/read\/004310504565f4fcb6f55?authid=psrybHLYuB6D\" target=\"_blank\" rel=\"noopener\">Service public de la petite enfance<\/a> (mars 2024)<\/li>\n<li><a href=\"https:\/\/www.calameo.com\/read\/00431050495077abda46b?authid=9gJqzJDFMHj2\" target=\"_blank\" rel=\"noopener\">Faut-il faire \u00e9voluer les droits conjugaux et familiaux retraite ?<\/a> (Rendez-vous de l&rsquo;Actu de mars 2024)<\/li>\n<li><a href=\"https:\/\/www.calameo.com\/read\/004310504131084e16319?authid=1S8edTY6Echt\">Faut-il modifier le syst\u00e8me des ALD ?<\/a> (Rendez-vous de l&rsquo;Actu de avril 2024)<br \/>\n<h1 class=\"style-scope ytd-watch-metadata\">&nbsp;<\/h1>\n<\/li>\n<\/ul>\n","protected":false},"excerpt":{"rendered":"<p>Bibliographie concours EN3S Bibliographie des concours d&rsquo;entr\u00e9e \u00e0 l&rsquo;EN3S Bibliographies r\u00e9alis\u00e9es pour le cycle de conf\u00e9rences Actualit\u00e9 de la protection sociale (APS) organis\u00e9 par l&rsquo;EN3S : Cycle 2022-2023 L\u2019attractivit\u00e9 des m\u00e9tiers sanitaires et sociaux : quels leviers d\u2019action ? (janvier 2023) L\u2019accompagnement : nouveaux enjeux pour les organismes (f\u00e9vrier 2023) Long\u00e9vit\u00e9 au travail, pr\u00e9vention et [&hellip;]<\/p>\n","protected":false},"author":11,"featured_media":0,"parent":882,"menu_order":10,"comment_status":"closed","ping_status":"closed","template":"","meta":{"ngg_post_thumbnail":0,"footnotes":""},"class_list":["post-904","page","type-page","status-publish","hentry"],"yoast_head":"<!-- This site is optimized with the Yoast SEO plugin v24.9 - https:\/\/yoast.com\/wordpress\/plugins\/seo\/ -->\n<title>Bibliographies - S\u00e9cu Doc<\/title>\n<meta name=\"description\" content=\"Bibliographie concours EN3S Bibliographie des concours d&#039;entr\u00e9e \u00e0 l&#039;EN3S Bibliographies r\u00e9alis\u00e9es pour le cycle de conf\u00e9rences Actualit\u00e9 de la protection\" \/>\n<meta name=\"robots\" content=\"index, follow, max-snippet:-1, max-image-preview:large, max-video-preview:-1\" \/>\n<link rel=\"canonical\" href=\"https:\/\/en3s.fr\/secudoc\/produits-documentaires\/bibliographies\/\" \/>\n<meta property=\"og:locale\" content=\"fr_FR\" \/>\n<meta property=\"og:type\" content=\"article\" \/>\n<meta property=\"og:title\" content=\"Bibliographies - S\u00e9cu Doc\" \/>\n<meta property=\"og:description\" content=\"Bibliographie concours EN3S Bibliographie des concours d&#039;entr\u00e9e \u00e0 l&#039;EN3S Bibliographies r\u00e9alis\u00e9es pour le cycle de conf\u00e9rences Actualit\u00e9 de la protection\" \/>\n<meta property=\"og:url\" content=\"https:\/\/en3s.fr\/secudoc\/produits-documentaires\/bibliographies\/\" \/>\n<meta property=\"og:site_name\" content=\"S\u00e9cu Doc\" \/>\n<meta property=\"article:modified_time\" content=\"2025-01-20T15:18:10+00:00\" \/>\n<meta name=\"twitter:card\" content=\"summary_large_image\" \/>\n<meta name=\"twitter:label1\" content=\"Dur\u00e9e de lecture estim\u00e9e\" \/>\n\t<meta name=\"twitter:data1\" content=\"2 minutes\" \/>\n<script type=\"application\/ld+json\" class=\"yoast-schema-graph\">{\"@context\":\"https:\/\/schema.org\",\"@graph\":[{\"@type\":\"WebPage\",\"@id\":\"https:\/\/en3s.fr\/secudoc\/produits-documentaires\/bibliographies\/\",\"url\":\"https:\/\/en3s.fr\/secudoc\/produits-documentaires\/bibliographies\/\",\"name\":\"Bibliographies - S\u00e9cu Doc\",\"isPartOf\":{\"@id\":\"https:\/\/en3s.fr\/secudoc\/#website\"},\"datePublished\":\"2018-09-18T07:23:48+00:00\",\"dateModified\":\"2025-01-20T15:18:10+00:00\",\"description\":\"Bibliographie concours EN3S Bibliographie des concours d'entr\u00e9e \u00e0 l'EN3S Bibliographies r\u00e9alis\u00e9es pour le cycle de conf\u00e9rences Actualit\u00e9 de la protection\",\"breadcrumb\":{\"@id\":\"https:\/\/en3s.fr\/secudoc\/produits-documentaires\/bibliographies\/#breadcrumb\"},\"inLanguage\":\"fr-FR\",\"potentialAction\":[{\"@type\":\"ReadAction\",\"target\":[\"https:\/\/en3s.fr\/secudoc\/produits-documentaires\/bibliographies\/\"]}]},{\"@type\":\"BreadcrumbList\",\"@id\":\"https:\/\/en3s.fr\/secudoc\/produits-documentaires\/bibliographies\/#breadcrumb\",\"itemListElement\":[{\"@type\":\"ListItem\",\"position\":1,\"name\":\"Accueil\",\"item\":\"https:\/\/en3s.fr\/secudoc\/\"},{\"@type\":\"ListItem\",\"position\":2,\"name\":\"Produits documentaires\",\"item\":\"https:\/\/en3s.fr\/secudoc\/produits-documentaires\/\"},{\"@type\":\"ListItem\",\"position\":3,\"name\":\"Bibliographies\"}]},{\"@type\":\"WebSite\",\"@id\":\"https:\/\/en3s.fr\/secudoc\/#website\",\"url\":\"https:\/\/en3s.fr\/secudoc\/\",\"name\":\"S\u00e9cu Doc\",\"description\":\"Centre de ressources de la S\u00e9curit\u00e9 sociale\",\"potentialAction\":[{\"@type\":\"SearchAction\",\"target\":{\"@type\":\"EntryPoint\",\"urlTemplate\":\"https:\/\/en3s.fr\/secudoc\/?s={search_term_string}\"},\"query-input\":{\"@type\":\"PropertyValueSpecification\",\"valueRequired\":true,\"valueName\":\"search_term_string\"}}],\"inLanguage\":\"fr-FR\"}]}<\/script>\n<!-- \/ Yoast SEO plugin. -->","yoast_head_json":{"title":"Bibliographies - S\u00e9cu Doc","description":"Bibliographie concours EN3S Bibliographie des concours d'entr\u00e9e \u00e0 l'EN3S Bibliographies r\u00e9alis\u00e9es pour le cycle de conf\u00e9rences Actualit\u00e9 de la protection","robots":{"index":"index","follow":"follow","max-snippet":"max-snippet:-1","max-image-preview":"max-image-preview:large","max-video-preview":"max-video-preview:-1"},"canonical":"https:\/\/en3s.fr\/secudoc\/produits-documentaires\/bibliographies\/","og_locale":"fr_FR","og_type":"article","og_title":"Bibliographies - S\u00e9cu Doc","og_description":"Bibliographie concours EN3S Bibliographie des concours d'entr\u00e9e \u00e0 l'EN3S Bibliographies r\u00e9alis\u00e9es pour le cycle de conf\u00e9rences Actualit\u00e9 de la protection","og_url":"https:\/\/en3s.fr\/secudoc\/produits-documentaires\/bibliographies\/","og_site_name":"S\u00e9cu Doc","article_modified_time":"2025-01-20T15:18:10+00:00","twitter_card":"summary_large_image","twitter_misc":{"Dur\u00e9e de lecture estim\u00e9e":"2 minutes"},"schema":{"@context":"https:\/\/schema.org","@graph":[{"@type":"WebPage","@id":"https:\/\/en3s.fr\/secudoc\/produits-documentaires\/bibliographies\/","url":"https:\/\/en3s.fr\/secudoc\/produits-documentaires\/bibliographies\/","name":"Bibliographies - S\u00e9cu Doc","isPartOf":{"@id":"https:\/\/en3s.fr\/secudoc\/#website"},"datePublished":"2018-09-18T07:23:48+00:00","dateModified":"2025-01-20T15:18:10+00:00","description":"Bibliographie concours EN3S Bibliographie des concours d'entr\u00e9e \u00e0 l'EN3S Bibliographies r\u00e9alis\u00e9es pour le cycle de conf\u00e9rences Actualit\u00e9 de la protection","breadcrumb":{"@id":"https:\/\/en3s.fr\/secudoc\/produits-documentaires\/bibliographies\/#breadcrumb"},"inLanguage":"fr-FR","potentialAction":[{"@type":"ReadAction","target":["https:\/\/en3s.fr\/secudoc\/produits-documentaires\/bibliographies\/"]}]},{"@type":"BreadcrumbList","@id":"https:\/\/en3s.fr\/secudoc\/produits-documentaires\/bibliographies\/#breadcrumb","itemListElement":[{"@type":"ListItem","position":1,"name":"Accueil","item":"https:\/\/en3s.fr\/secudoc\/"},{"@type":"ListItem","position":2,"name":"Produits documentaires","item":"https:\/\/en3s.fr\/secudoc\/produits-documentaires\/"},{"@type":"ListItem","position":3,"name":"Bibliographies"}]},{"@type":"WebSite","@id":"https:\/\/en3s.fr\/secudoc\/#website","url":"https:\/\/en3s.fr\/secudoc\/","name":"S\u00e9cu Doc","description":"Centre de ressources de la S\u00e9curit\u00e9 sociale","potentialAction":[{"@type":"SearchAction","target":{"@type":"EntryPoint","urlTemplate":"https:\/\/en3s.fr\/secudoc\/?s={search_term_string}"},"query-input":{"@type":"PropertyValueSpecification","valueRequired":true,"valueName":"search_term_string"}}],"inLanguage":"fr-FR"}]}},"_links":{"self":[{"href":"https:\/\/en3s.fr\/secudoc\/wp-json\/wp\/v2\/pages\/904","targetHints":{"allow":["GET"]}}],"collection":[{"href":"https:\/\/en3s.fr\/secudoc\/wp-json\/wp\/v2\/pages"}],"about":[{"href":"https:\/\/en3s.fr\/secudoc\/wp-json\/wp\/v2\/types\/page"}],"author":[{"embeddable":true,"href":"https:\/\/en3s.fr\/secudoc\/wp-json\/wp\/v2\/users\/11"}],"replies":[{"embeddable":true,"href":"https:\/\/en3s.fr\/secudoc\/wp-json\/wp\/v2\/comments?post=904"}],"version-history":[{"count":0,"href":"https:\/\/en3s.fr\/secudoc\/wp-json\/wp\/v2\/pages\/904\/revisions"}],"up":[{"embeddable":true,"href":"https:\/\/en3s.fr\/secudoc\/wp-json\/wp\/v2\/pages\/882"}],"wp:attachment":[{"href":"https:\/\/en3s.fr\/secudoc\/wp-json\/wp\/v2\/media?parent=904"}],"curies":[{"name":"wp","href":"https:\/\/api.w.org\/{rel}","templated":true}]}}